{"id":2724,"date":"2022-04-27T19:53:58","date_gmt":"2022-04-27T19:53:58","guid":{"rendered":"https:\/\/mamaglobalhealing.com\/?post_type=product&#038;p=2724"},"modified":"2022-06-03T08:08:00","modified_gmt":"2022-06-03T08:08:00","slug":"odrodzenie-kobiecego-rytualu-wyklad","status":"publish","type":"product","link":"https:\/\/mamaglobalhealing.com\/en\/product\/odrodzenie-kobiecego-rytualu-wyklad\/","title":{"rendered":"Odrodzenie kobiecego rytua\u0142u &#8211; wyk\u0142ad | Ma\u0142gorzata Alicja Bia\u0142y"},"content":{"rendered":"","protected":false},"excerpt":{"rendered":"<p><span style=\"font-weight: 400;\"> Czym jest rytua\u0142? Jakie ma znaczenie we wsp\u00f3\u0142czesnym, zachodnim \u015bwiecie? Czy \u017cyj\u0105c w Polsce mamy rytua\u0142y, kt\u00f3re nas wzmacniaj\u0105, wspieraj\u0105 i buduj\u0105 poczucie wsp\u00f3lnoty? Na spotkaniu om\u00f3wi\u0119 funkcj\u0119 rytua\u0142\u00f3w i ich znaczenie zar\u00f3wno dla jednostki, jak i dla grup spo\u0142ecznych. Odwo\u0142am si\u0119 do warto\u015bci, jakie nios\u0105 rytua\u0142y zwi\u0105zane z cyklicznymi \u015bwi\u0119tami. Skupi\u0119 si\u0119 na potrzebie stworzenia kobiecych rytua\u0142\u00f3w, a tak\u017ce na niebagatelnym znaczeniu rytua\u0142\u00f3w przej\u015bcia. Podpowiem gdzie szuka\u0107 inspiracji do tworzenia w\u0142asnych rytua\u0142\u00f3w, jak zaanga\u017cowa\u0107 w nie rodzin\u0119 i bliskie osoby. Postaram si\u0119 tak\u017ce odpowiedzie\u0107 na pytanie dlaczego rytua\u0142y jako czynno\u015bci symboliczne s\u0105 tak wa\u017cne dla nas, jako spo\u0142ecze\u0144stwa i dlaczego pomagaj\u0105 budowa\u0107 relacje pomi\u0119dzy lud\u017ami, ale tak\u017ce dlaczego buduj\u0105 nas samych, jako jednostki. <\/span><\/p>\n<p><b>Prowadz\u0105cy:<\/b><span style=\"font-weight: 400;\"> Ma\u0142gorzata Alicja Bia\u0142y<\/span><\/p>\n<p><b>Czas trwania:<\/b> 1,5h<\/p>\n<p><b>Data i godzina:<\/b> niedziela 12:30 &#8211; 14:00<\/p>\n<p><b>Miejsce:<\/b> <a href=\"https:\/\/mamaglobalhealing.com\/en\/mama-line-up\/central-chakra\/\">Central Chakra<\/a><\/p>\n<p><b>Liczba os\u00f3b:<\/b> bo<\/p>\n<p><b>Dla Kogo: <\/b>Wszyscy<\/p>\n<p><b>Bobasy:<\/b><span style=\"font-weight: 400;\"> tak<\/span><\/p>\n<p><strong>J\u0119zyk:<\/strong> PL<\/p>","protected":false},"featured_media":3344,"template":"","meta":{"_et_pb_use_builder":"","_et_pb_old_content":"","_et_gb_content_width":""},"product_brand":[],"product_cat":[35,47],"product_tag":[],"class_list":{"0":"post-2724","1":"product","2":"type-product","3":"status-publish","4":"has-post-thumbnail","6":"product_cat-mama-open","7":"product_cat-niedziela-open","9":"first","10":"instock","11":"virtual","12":"taxable","13":"product-type-simple"},"yoast_head":"<!-- This site is optimized with the Yoast SEO plugin v25.1 - https:\/\/yoast.com\/wordpress\/plugins\/seo\/ -->\n<title>Odrodzenie kobiecego rytua\u0142u - wyk\u0142ad | Ma\u0142gorzata Alicja Bia\u0142y - Mama Global Healing<\/title>\n<meta name=\"robots\" content=\"index, follow, max-snippet:-1, max-image-preview:large, max-video-preview:-1\" \/>\n<link rel=\"canonical\" href=\"https:\/\/mamaglobalhealing.com\/en\/product\/odrodzenie-kobiecego-rytualu-wyklad\/\" \/>\n<meta property=\"og:locale\" content=\"en_GB\" \/>\n<meta property=\"og:type\" content=\"article\" \/>\n<meta property=\"og:title\" content=\"Odrodzenie kobiecego rytua\u0142u - wyk\u0142ad | Ma\u0142gorzata Alicja Bia\u0142y - Mama Global Healing\" \/>\n<meta property=\"og:description\" content=\"Czym jest rytua\u0142? Jakie ma znaczenie we wsp\u00f3\u0142czesnym, zachodnim \u015bwiecie? Czy \u017cyj\u0105c w Polsce mamy rytua\u0142y, kt\u00f3re nas wzmacniaj\u0105, wspieraj\u0105 i buduj\u0105 poczucie wsp\u00f3lnoty? Na spotkaniu om\u00f3wi\u0119 funkcj\u0119 rytua\u0142\u00f3w i ich znaczenie zar\u00f3wno dla jednostki, jak i dla grup spo\u0142ecznych. Odwo\u0142am si\u0119 do warto\u015bci, jakie nios\u0105 rytua\u0142y zwi\u0105zane z cyklicznymi \u015bwi\u0119tami. Skupi\u0119 si\u0119 na potrzebie stworzenia kobiecych rytua\u0142\u00f3w, a tak\u017ce na niebagatelnym znaczeniu rytua\u0142\u00f3w przej\u015bcia. Podpowiem gdzie szuka\u0107 inspiracji do tworzenia w\u0142asnych rytua\u0142\u00f3w, jak zaanga\u017cowa\u0107 w nie rodzin\u0119 i bliskie osoby. Postaram si\u0119 tak\u017ce odpowiedzie\u0107 na pytanie dlaczego rytua\u0142y jako czynno\u015bci symboliczne s\u0105 tak wa\u017cne dla nas, jako spo\u0142ecze\u0144stwa i dlaczego pomagaj\u0105 budowa\u0107 relacje pomi\u0119dzy lud\u017ami, ale tak\u017ce dlaczego buduj\u0105 nas samych, jako jednostki.   Prowadz\u0105cy: Ma\u0142gorzata Alicja Bia\u0142y  Czas trwania: 1,5h  Data i godzina: niedziela 12:30 - 14:00  Miejsce: Central Chakra  Liczba os\u00f3b: bo  Dla Kogo: Wszyscy  Bobasy: tak  J\u0119zyk: PL\" \/>\n<meta property=\"og:url\" content=\"https:\/\/mamaglobalhealing.com\/en\/product\/odrodzenie-kobiecego-rytualu-wyklad\/\" \/>\n<meta property=\"og:site_name\" content=\"Mama Global Healing\" \/>\n<meta property=\"article:modified_time\" content=\"2022-06-03T08:08:00+00:00\" \/>\n<meta property=\"og:image\" content=\"https:\/\/mamaglobalhealing.com\/wp-content\/uploads\/2022\/04\/Kopia-IMG_8992-scaled.jpg\" \/>\n\t<meta property=\"og:image:width\" content=\"1923\" \/>\n\t<meta property=\"og:image:height\" content=\"2560\" \/>\n\t<meta property=\"og:image:type\" content=\"image\/jpeg\" \/>\n<meta name=\"twitter:card\" content=\"summary_large_image\" \/>\n<script type=\"application\/ld+json\" class=\"yoast-schema-graph\">{\"@context\":\"https:\/\/schema.org\",\"@graph\":[{\"@type\":\"WebPage\",\"@id\":\"https:\/\/mamaglobalhealing.com\/produkt\/odrodzenie-kobiecego-rytualu-wyklad\/\",\"url\":\"https:\/\/mamaglobalhealing.com\/produkt\/odrodzenie-kobiecego-rytualu-wyklad\/\",\"name\":\"Odrodzenie kobiecego rytua\u0142u - wyk\u0142ad | Ma\u0142gorzata Alicja Bia\u0142y - Mama Global Healing\",\"isPartOf\":{\"@id\":\"https:\/\/mamaglobalhealing.com\/#website\"},\"primaryImageOfPage\":{\"@id\":\"https:\/\/mamaglobalhealing.com\/produkt\/odrodzenie-kobiecego-rytualu-wyklad\/#primaryimage\"},\"image\":{\"@id\":\"https:\/\/mamaglobalhealing.com\/produkt\/odrodzenie-kobiecego-rytualu-wyklad\/#primaryimage\"},\"thumbnailUrl\":\"https:\/\/mamaglobalhealing.com\/wp-content\/uploads\/2022\/04\/Kopia-IMG_8992-scaled.jpg\",\"datePublished\":\"2022-04-27T19:53:58+00:00\",\"dateModified\":\"2022-06-03T08:08:00+00:00\",\"breadcrumb\":{\"@id\":\"https:\/\/mamaglobalhealing.com\/produkt\/odrodzenie-kobiecego-rytualu-wyklad\/#breadcrumb\"},\"inLanguage\":\"en-GB\",\"potentialAction\":[{\"@type\":\"ReadAction\",\"target\":[\"https:\/\/mamaglobalhealing.com\/produkt\/odrodzenie-kobiecego-rytualu-wyklad\/\"]}]},{\"@type\":\"ImageObject\",\"inLanguage\":\"en-GB\",\"@id\":\"https:\/\/mamaglobalhealing.com\/produkt\/odrodzenie-kobiecego-rytualu-wyklad\/#primaryimage\",\"url\":\"https:\/\/mamaglobalhealing.com\/wp-content\/uploads\/2022\/04\/Kopia-IMG_8992-scaled.jpg\",\"contentUrl\":\"https:\/\/mamaglobalhealing.com\/wp-content\/uploads\/2022\/04\/Kopia-IMG_8992-scaled.jpg\",\"width\":1923,\"height\":2560},{\"@type\":\"BreadcrumbList\",\"@id\":\"https:\/\/mamaglobalhealing.com\/produkt\/odrodzenie-kobiecego-rytualu-wyklad\/#breadcrumb\",\"itemListElement\":[{\"@type\":\"ListItem\",\"position\":1,\"name\":\"Strona g\u0142\u00f3wna\",\"item\":\"https:\/\/mamaglobalhealing.com\/\"},{\"@type\":\"ListItem\",\"position\":2,\"name\":\"Sklep\",\"item\":\"https:\/\/mamaglobalhealing.com\/sklep\/\"},{\"@type\":\"ListItem\",\"position\":3,\"name\":\"Odrodzenie kobiecego rytua\u0142u &#8211; wyk\u0142ad | Ma\u0142gorzata Alicja Bia\u0142y\"}]},{\"@type\":\"WebSite\",\"@id\":\"https:\/\/mamaglobalhealing.com\/#website\",\"url\":\"https:\/\/mamaglobalhealing.com\/\",\"name\":\"Mama Global Healing\",\"description\":\"Kolejna witryna WordPress\",\"potentialAction\":[{\"@type\":\"SearchAction\",\"target\":{\"@type\":\"EntryPoint\",\"urlTemplate\":\"https:\/\/mamaglobalhealing.com\/?s={search_term_string}\"},\"query-input\":{\"@type\":\"PropertyValueSpecification\",\"valueRequired\":true,\"valueName\":\"search_term_string\"}}],\"inLanguage\":\"en-GB\"}]}<\/script>\n<!-- \/ Yoast SEO plugin. -->","yoast_head_json":{"title":"Odrodzenie kobiecego rytua\u0142u - wyk\u0142ad | Ma\u0142gorzata Alicja Bia\u0142y - Mama Global Healing","robots":{"index":"index","follow":"follow","max-snippet":"max-snippet:-1","max-image-preview":"max-image-preview:large","max-video-preview":"max-video-preview:-1"},"canonical":"https:\/\/mamaglobalhealing.com\/en\/product\/odrodzenie-kobiecego-rytualu-wyklad\/","og_locale":"en_GB","og_type":"article","og_title":"Odrodzenie kobiecego rytua\u0142u - wyk\u0142ad | Ma\u0142gorzata Alicja Bia\u0142y - Mama Global Healing","og_description":"Czym jest rytua\u0142? Jakie ma znaczenie we wsp\u00f3\u0142czesnym, zachodnim \u015bwiecie? Czy \u017cyj\u0105c w Polsce mamy rytua\u0142y, kt\u00f3re nas wzmacniaj\u0105, wspieraj\u0105 i buduj\u0105 poczucie wsp\u00f3lnoty? Na spotkaniu om\u00f3wi\u0119 funkcj\u0119 rytua\u0142\u00f3w i ich znaczenie zar\u00f3wno dla jednostki, jak i dla grup spo\u0142ecznych. Odwo\u0142am si\u0119 do warto\u015bci, jakie nios\u0105 rytua\u0142y zwi\u0105zane z cyklicznymi \u015bwi\u0119tami. Skupi\u0119 si\u0119 na potrzebie stworzenia kobiecych rytua\u0142\u00f3w, a tak\u017ce na niebagatelnym znaczeniu rytua\u0142\u00f3w przej\u015bcia. Podpowiem gdzie szuka\u0107 inspiracji do tworzenia w\u0142asnych rytua\u0142\u00f3w, jak zaanga\u017cowa\u0107 w nie rodzin\u0119 i bliskie osoby. Postaram si\u0119 tak\u017ce odpowiedzie\u0107 na pytanie dlaczego rytua\u0142y jako czynno\u015bci symboliczne s\u0105 tak wa\u017cne dla nas, jako spo\u0142ecze\u0144stwa i dlaczego pomagaj\u0105 budowa\u0107 relacje pomi\u0119dzy lud\u017ami, ale tak\u017ce dlaczego buduj\u0105 nas samych, jako jednostki.   Prowadz\u0105cy: Ma\u0142gorzata Alicja Bia\u0142y  Czas trwania: 1,5h  Data i godzina: niedziela 12:30 - 14:00  Miejsce: Central Chakra  Liczba os\u00f3b: bo  Dla Kogo: Wszyscy  Bobasy: tak  J\u0119zyk: PL","og_url":"https:\/\/mamaglobalhealing.com\/en\/product\/odrodzenie-kobiecego-rytualu-wyklad\/","og_site_name":"Mama Global Healing","article_modified_time":"2022-06-03T08:08:00+00:00","og_image":[{"width":1923,"height":2560,"url":"https:\/\/mamaglobalhealing.com\/wp-content\/uploads\/2022\/04\/Kopia-IMG_8992-scaled.jpg","type":"image\/jpeg"}],"twitter_card":"summary_large_image","schema":{"@context":"https:\/\/schema.org","@graph":[{"@type":"WebPage","@id":"https:\/\/mamaglobalhealing.com\/produkt\/odrodzenie-kobiecego-rytualu-wyklad\/","url":"https:\/\/mamaglobalhealing.com\/produkt\/odrodzenie-kobiecego-rytualu-wyklad\/","name":"Odrodzenie kobiecego rytua\u0142u - wyk\u0142ad | Ma\u0142gorzata Alicja Bia\u0142y - Mama Global Healing","isPartOf":{"@id":"https:\/\/mamaglobalhealing.com\/#website"},"primaryImageOfPage":{"@id":"https:\/\/mamaglobalhealing.com\/produkt\/odrodzenie-kobiecego-rytualu-wyklad\/#primaryimage"},"image":{"@id":"https:\/\/mamaglobalhealing.com\/produkt\/odrodzenie-kobiecego-rytualu-wyklad\/#primaryimage"},"thumbnailUrl":"https:\/\/mamaglobalhealing.com\/wp-content\/uploads\/2022\/04\/Kopia-IMG_8992-scaled.jpg","datePublished":"2022-04-27T19:53:58+00:00","dateModified":"2022-06-03T08:08:00+00:00","breadcrumb":{"@id":"https:\/\/mamaglobalhealing.com\/produkt\/odrodzenie-kobiecego-rytualu-wyklad\/#breadcrumb"},"inLanguage":"en-GB","potentialAction":[{"@type":"ReadAction","target":["https:\/\/mamaglobalhealing.com\/produkt\/odrodzenie-kobiecego-rytualu-wyklad\/"]}]},{"@type":"ImageObject","inLanguage":"en-GB","@id":"https:\/\/mamaglobalhealing.com\/produkt\/odrodzenie-kobiecego-rytualu-wyklad\/#primaryimage","url":"https:\/\/mamaglobalhealing.com\/wp-content\/uploads\/2022\/04\/Kopia-IMG_8992-scaled.jpg","contentUrl":"https:\/\/mamaglobalhealing.com\/wp-content\/uploads\/2022\/04\/Kopia-IMG_8992-scaled.jpg","width":1923,"height":2560},{"@type":"BreadcrumbList","@id":"https:\/\/mamaglobalhealing.com\/produkt\/odrodzenie-kobiecego-rytualu-wyklad\/#breadcrumb","itemListElement":[{"@type":"ListItem","position":1,"name":"Strona g\u0142\u00f3wna","item":"https:\/\/mamaglobalhealing.com\/"},{"@type":"ListItem","position":2,"name":"Sklep","item":"https:\/\/mamaglobalhealing.com\/sklep\/"},{"@type":"ListItem","position":3,"name":"Odrodzenie kobiecego rytua\u0142u &#8211; wyk\u0142ad | Ma\u0142gorzata Alicja Bia\u0142y"}]},{"@type":"WebSite","@id":"https:\/\/mamaglobalhealing.com\/#website","url":"https:\/\/mamaglobalhealing.com\/","name":"Mama Global Healing","description":"Kolejna witryna WordPress","potentialAction":[{"@type":"SearchAction","target":{"@type":"EntryPoint","urlTemplate":"https:\/\/mamaglobalhealing.com\/?s={search_term_string}"},"query-input":{"@type":"PropertyValueSpecification","valueRequired":true,"valueName":"search_term_string"}}],"inLanguage":"en-GB"}]}},"_links":{"self":[{"href":"https:\/\/mamaglobalhealing.com\/en\/wp-json\/wp\/v2\/product\/2724","targetHints":{"allow":["GET"]}}],"collection":[{"href":"https:\/\/mamaglobalhealing.com\/en\/wp-json\/wp\/v2\/product"}],"about":[{"href":"https:\/\/mamaglobalhealing.com\/en\/wp-json\/wp\/v2\/types\/product"}],"wp:featuredmedia":[{"embeddable":true,"href":"https:\/\/mamaglobalhealing.com\/en\/wp-json\/wp\/v2\/media\/3344"}],"wp:attachment":[{"href":"https:\/\/mamaglobalhealing.com\/en\/wp-json\/wp\/v2\/media?parent=2724"}],"wp:term":[{"taxonomy":"product_brand","embeddable":true,"href":"https:\/\/mamaglobalhealing.com\/en\/wp-json\/wp\/v2\/product_brand?post=2724"},{"taxonomy":"product_cat","embeddable":true,"href":"https:\/\/mamaglobalhealing.com\/en\/wp-json\/wp\/v2\/product_cat?post=2724"},{"taxonomy":"product_tag","embeddable":true,"href":"https:\/\/mamaglobalhealing.com\/en\/wp-json\/wp\/v2\/product_tag?post=2724"}],"curies":[{"name":"wp","href":"https:\/\/api.w.org\/{rel}","templated":true}]}}