{"id":2727,"date":"2022-04-27T19:57:29","date_gmt":"2022-04-27T19:57:29","guid":{"rendered":"https:\/\/mamaglobalhealing.com\/?post_type=product&#038;p=2727"},"modified":"2022-05-15T17:17:30","modified_gmt":"2022-05-15T17:17:30","slug":"ajurweda-jak-zyc-wyklad","status":"publish","type":"product","link":"https:\/\/mamaglobalhealing.com\/en\/product\/ajurweda-jak-zyc-wyklad\/","title":{"rendered":"Ajurweda &#8211;  jak \u017cy\u0107 | wyk\u0142ad | Bartosz Ayu Bobkowski"},"content":{"rendered":"","protected":false},"excerpt":{"rendered":"<p><span style=\"font-weight: 400;\">Wyk\u0142ad przedstawiaj\u0105cy ajurwedyjskie podej\u015bcia do zr\u00f3wnowa\u017conego \u017cycia i zdrowia. <\/span><span style=\"font-weight: 400;\">Ajurweda to nauka o \u017cyciu i uzdrawianiu. Ka\u017cda osoba my\u015bl\u0105ca o rozwoju i zmianie powinna zda\u0107 sobie spraw\u0119, \u017ce zanieczyszczenie cia\u0142a stanowi g\u0142\u00f3wn\u0105 przeszkod\u0119 w tym procesie. Wi\u0119kszo\u015b\u0107 z nas, nie ma co ukrywa\u0107, za\u015bmieca\u0142a organizm i umys\u0142 do\u015b\u0107 intensywnie przez wi\u0119kszo\u015b\u0107 swojego \u017cycia. Ajurweda w tym przypadku ofiarowuje do\u015b\u0107 szeroki zakres zabieg\u00f3w i recept na \u017cycie. G\u0142\u00f3wnym zadaniem jest oczy\u015bci\u0107 cia\u0142o i doprowadzi\u0107 do pe\u0142ni naszych mo\u017cliwo\u015bci, zdrowia i szcz\u0119\u015bcia. W tym wymiarze wspiera praktyk\u0119 jogi, cz\u0119sto b\u0119d\u0105c okre\u015blana jej siostrzann\u0105 nauk\u0105. <\/span><span style=\"font-weight: 400;\">Ajurweda jest bardzo wszechstronnym systemem leczenia, kt\u00f3ry si\u0119ga swymi korzeniami do staro\u017cytnych pism wedyjskich, najstarszych tekst\u00f3w Indii. Nawi\u0105zuj\u0105c do Ajurwedy \u2013 kosmiczna \u015bwiadomo\u015b\u0107 i pi\u0119\u0107 podstawowych element\u00f3w (panchamahabhutas) \u0142\u0105cz\u0105 si\u0119, formuj\u0105c budowle fizycznej egzystencji. Cielesne funkcje s\u0105 regulowane przez tr\u00f3j-dosze. Doskona\u0142e zdrowie jest efektem harmonijnego wsp\u00f3\u0142dzia\u0142ania mi\u0119dzy doszami. Celem Ajurwedy jest ochrona przed chorobami, oddzia\u0142owuj\u0105c poprzez zmiany w diecie, pracy, zabawie i odpoczynku. Podstaw\u0105 wszystkich ajurwedyjskich zabieg\u00f3w jest zr\u00f3wnowa\u017cenie energii wewn\u0105trz nas i przywr\u00f3cenie pe\u0142ni potencja\u0142u zdrowia i tw\u00f3rczo\u015bci. Wsp\u00f3\u0142cze\u015bnie badania udowadniaj\u0105, \u017ce ajurwedyjskie techniki z powodzeniem lecz\u0105 dolegliwo\u015bci, gdzie inne zabiegi zawodz\u0105. Unikalne podej\u015bcie ajurwedyjskie do zdrowia i \u017cycia \u2013 przybli\u017ca nas do przyrody i natury nas samych, co w rezultacie przynosi ulg\u0119, uzdrowienie i pe\u0142ni\u0119 naszego potencja\u0142u.<\/span><\/p>\n<p><b>Prowadz\u0105cy:<\/b><span style=\"font-weight: 400;\"> Bartosz Ayu Bobkowski<\/span><\/p>\n<p><b>Czas trwania:<\/b> 2h<\/p>\n<p><b>Data i godzina:<\/b> sobota 16:00 &#8211; 18:00<\/p>\n<p><b>Miejsce:<\/b> <a href=\"https:\/\/mamaglobalhealing.com\/en\/mama-line-up\/central-chakra\/\">Central Chakra<\/a><\/p>\n<p><b>Ilo\u015b\u0107 os\u00f3b:<\/b> bo<\/p>\n<p><b>Dla Kogo:\u00a0<\/b> Wszyscy<\/p>\n<p><b>Bobasy:<\/b><span style=\"font-weight: 400;\"> tak<\/span><\/p>","protected":false},"featured_media":2481,"template":"","meta":{"_et_pb_use_builder":"","_et_pb_old_content":"","_et_gb_content_width":""},"product_brand":[],"product_cat":[35],"product_tag":[],"class_list":{"0":"post-2727","1":"product","2":"type-product","3":"status-publish","4":"has-post-thumbnail","6":"product_cat-mama-open","8":"first","9":"instock","10":"virtual","11":"taxable","12":"product-type-simple"},"yoast_head":"<!-- This site is optimized with the Yoast SEO plugin v25.1 - https:\/\/yoast.com\/wordpress\/plugins\/seo\/ -->\n<title>Ajurweda - jak \u017cy\u0107 | wyk\u0142ad | Bartosz Ayu Bobkowski - Mama Global Healing<\/title>\n<meta name=\"robots\" content=\"index, follow, max-snippet:-1, max-image-preview:large, max-video-preview:-1\" \/>\n<link rel=\"canonical\" href=\"https:\/\/mamaglobalhealing.com\/en\/product\/ajurweda-jak-zyc-wyklad\/\" \/>\n<meta property=\"og:locale\" content=\"en_GB\" \/>\n<meta property=\"og:type\" content=\"article\" \/>\n<meta property=\"og:title\" content=\"Ajurweda - jak \u017cy\u0107 | wyk\u0142ad | Bartosz Ayu Bobkowski - Mama Global Healing\" \/>\n<meta property=\"og:description\" content=\"Wyk\u0142ad przedstawiaj\u0105cy ajurwedyjskie podej\u015bcia do zr\u00f3wnowa\u017conego \u017cycia i zdrowia. Ajurweda to nauka o \u017cyciu i uzdrawianiu. Ka\u017cda osoba my\u015bl\u0105ca o rozwoju i zmianie powinna zda\u0107 sobie spraw\u0119, \u017ce zanieczyszczenie cia\u0142a stanowi g\u0142\u00f3wn\u0105 przeszkod\u0119 w tym procesie. Wi\u0119kszo\u015b\u0107 z nas, nie ma co ukrywa\u0107, za\u015bmieca\u0142a organizm i umys\u0142 do\u015b\u0107 intensywnie przez wi\u0119kszo\u015b\u0107 swojego \u017cycia. Ajurweda w tym przypadku ofiarowuje do\u015b\u0107 szeroki zakres zabieg\u00f3w i recept na \u017cycie. G\u0142\u00f3wnym zadaniem jest oczy\u015bci\u0107 cia\u0142o i doprowadzi\u0107 do pe\u0142ni naszych mo\u017cliwo\u015bci, zdrowia i szcz\u0119\u015bcia. W tym wymiarze wspiera praktyk\u0119 jogi, cz\u0119sto b\u0119d\u0105c okre\u015blana jej siostrzann\u0105 nauk\u0105. Ajurweda jest bardzo wszechstronnym systemem leczenia, kt\u00f3ry si\u0119ga swymi korzeniami do staro\u017cytnych pism wedyjskich, najstarszych tekst\u00f3w Indii. Nawi\u0105zuj\u0105c do Ajurwedy \u2013 kosmiczna \u015bwiadomo\u015b\u0107 i pi\u0119\u0107 podstawowych element\u00f3w (panchamahabhutas) \u0142\u0105cz\u0105 si\u0119, formuj\u0105c budowle fizycznej egzystencji. Cielesne funkcje s\u0105 regulowane przez tr\u00f3j-dosze. Doskona\u0142e zdrowie jest efektem harmonijnego wsp\u00f3\u0142dzia\u0142ania mi\u0119dzy doszami. Celem Ajurwedy jest ochrona przed chorobami, oddzia\u0142owuj\u0105c poprzez zmiany w diecie, pracy, zabawie i odpoczynku. Podstaw\u0105 wszystkich ajurwedyjskich zabieg\u00f3w jest zr\u00f3wnowa\u017cenie energii wewn\u0105trz nas i przywr\u00f3cenie pe\u0142ni potencja\u0142u zdrowia i tw\u00f3rczo\u015bci. Wsp\u00f3\u0142cze\u015bnie badania udowadniaj\u0105, \u017ce ajurwedyjskie techniki z powodzeniem lecz\u0105 dolegliwo\u015bci, gdzie inne zabiegi zawodz\u0105. Unikalne podej\u015bcie ajurwedyjskie do zdrowia i \u017cycia \u2013 przybli\u017ca nas do przyrody i natury nas samych, co w rezultacie przynosi ulg\u0119, uzdrowienie i pe\u0142ni\u0119 naszego potencja\u0142u.  Prowadz\u0105cy: Bartosz Ayu Bobkowski  Czas trwania: 2h  Data i godzina: sobota 16:00 - 18:00  Miejsce: Central Chakra  Ilo\u015b\u0107 os\u00f3b: bo  Dla Kogo:\u00a0 Wszyscy  Bobasy: tak\" \/>\n<meta property=\"og:url\" content=\"https:\/\/mamaglobalhealing.com\/en\/product\/ajurweda-jak-zyc-wyklad\/\" \/>\n<meta property=\"og:site_name\" content=\"Mama Global Healing\" \/>\n<meta property=\"article:modified_time\" content=\"2022-05-15T17:17:30+00:00\" \/>\n<meta property=\"og:image\" content=\"https:\/\/mamaglobalhealing.com\/wp-content\/uploads\/2022\/04\/ajurvedic-man.jpg\" \/>\n\t<meta property=\"og:image:width\" content=\"800\" \/>\n\t<meta property=\"og:image:height\" content=\"800\" \/>\n\t<meta property=\"og:image:type\" content=\"image\/jpeg\" \/>\n<meta name=\"twitter:card\" content=\"summary_large_image\" \/>\n<script type=\"application\/ld+json\" class=\"yoast-schema-graph\">{\"@context\":\"https:\/\/schema.org\",\"@graph\":[{\"@type\":\"WebPage\",\"@id\":\"https:\/\/mamaglobalhealing.com\/produkt\/ajurweda-jak-zyc-wyklad\/\",\"url\":\"https:\/\/mamaglobalhealing.com\/produkt\/ajurweda-jak-zyc-wyklad\/\",\"name\":\"Ajurweda - jak \u017cy\u0107 | wyk\u0142ad | Bartosz Ayu Bobkowski - Mama Global Healing\",\"isPartOf\":{\"@id\":\"https:\/\/mamaglobalhealing.com\/#website\"},\"primaryImageOfPage\":{\"@id\":\"https:\/\/mamaglobalhealing.com\/produkt\/ajurweda-jak-zyc-wyklad\/#primaryimage\"},\"image\":{\"@id\":\"https:\/\/mamaglobalhealing.com\/produkt\/ajurweda-jak-zyc-wyklad\/#primaryimage\"},\"thumbnailUrl\":\"https:\/\/mamaglobalhealing.com\/wp-content\/uploads\/2022\/04\/ajurvedic-man.jpg\",\"datePublished\":\"2022-04-27T19:57:29+00:00\",\"dateModified\":\"2022-05-15T17:17:30+00:00\",\"breadcrumb\":{\"@id\":\"https:\/\/mamaglobalhealing.com\/produkt\/ajurweda-jak-zyc-wyklad\/#breadcrumb\"},\"inLanguage\":\"en-GB\",\"potentialAction\":[{\"@type\":\"ReadAction\",\"target\":[\"https:\/\/mamaglobalhealing.com\/produkt\/ajurweda-jak-zyc-wyklad\/\"]}]},{\"@type\":\"ImageObject\",\"inLanguage\":\"en-GB\",\"@id\":\"https:\/\/mamaglobalhealing.com\/produkt\/ajurweda-jak-zyc-wyklad\/#primaryimage\",\"url\":\"https:\/\/mamaglobalhealing.com\/wp-content\/uploads\/2022\/04\/ajurvedic-man.jpg\",\"contentUrl\":\"https:\/\/mamaglobalhealing.com\/wp-content\/uploads\/2022\/04\/ajurvedic-man.jpg\",\"width\":800,\"height\":800},{\"@type\":\"BreadcrumbList\",\"@id\":\"https:\/\/mamaglobalhealing.com\/produkt\/ajurweda-jak-zyc-wyklad\/#breadcrumb\",\"itemListElement\":[{\"@type\":\"ListItem\",\"position\":1,\"name\":\"Strona g\u0142\u00f3wna\",\"item\":\"https:\/\/mamaglobalhealing.com\/\"},{\"@type\":\"ListItem\",\"position\":2,\"name\":\"Sklep\",\"item\":\"https:\/\/mamaglobalhealing.com\/sklep\/\"},{\"@type\":\"ListItem\",\"position\":3,\"name\":\"Ajurweda &#8211; jak \u017cy\u0107 | wyk\u0142ad | Bartosz Ayu Bobkowski\"}]},{\"@type\":\"WebSite\",\"@id\":\"https:\/\/mamaglobalhealing.com\/#website\",\"url\":\"https:\/\/mamaglobalhealing.com\/\",\"name\":\"Mama Global Healing\",\"description\":\"Kolejna witryna WordPress\",\"potentialAction\":[{\"@type\":\"SearchAction\",\"target\":{\"@type\":\"EntryPoint\",\"urlTemplate\":\"https:\/\/mamaglobalhealing.com\/?s={search_term_string}\"},\"query-input\":{\"@type\":\"PropertyValueSpecification\",\"valueRequired\":true,\"valueName\":\"search_term_string\"}}],\"inLanguage\":\"en-GB\"}]}<\/script>\n<!-- \/ Yoast SEO plugin. -->","yoast_head_json":{"title":"Ajurweda - jak \u017cy\u0107 | wyk\u0142ad | Bartosz Ayu Bobkowski - Mama Global Healing","robots":{"index":"index","follow":"follow","max-snippet":"max-snippet:-1","max-image-preview":"max-image-preview:large","max-video-preview":"max-video-preview:-1"},"canonical":"https:\/\/mamaglobalhealing.com\/en\/product\/ajurweda-jak-zyc-wyklad\/","og_locale":"en_GB","og_type":"article","og_title":"Ajurweda - jak \u017cy\u0107 | wyk\u0142ad | Bartosz Ayu Bobkowski - Mama Global Healing","og_description":"Wyk\u0142ad przedstawiaj\u0105cy ajurwedyjskie podej\u015bcia do zr\u00f3wnowa\u017conego \u017cycia i zdrowia. Ajurweda to nauka o \u017cyciu i uzdrawianiu. Ka\u017cda osoba my\u015bl\u0105ca o rozwoju i zmianie powinna zda\u0107 sobie spraw\u0119, \u017ce zanieczyszczenie cia\u0142a stanowi g\u0142\u00f3wn\u0105 przeszkod\u0119 w tym procesie. Wi\u0119kszo\u015b\u0107 z nas, nie ma co ukrywa\u0107, za\u015bmieca\u0142a organizm i umys\u0142 do\u015b\u0107 intensywnie przez wi\u0119kszo\u015b\u0107 swojego \u017cycia. Ajurweda w tym przypadku ofiarowuje do\u015b\u0107 szeroki zakres zabieg\u00f3w i recept na \u017cycie. G\u0142\u00f3wnym zadaniem jest oczy\u015bci\u0107 cia\u0142o i doprowadzi\u0107 do pe\u0142ni naszych mo\u017cliwo\u015bci, zdrowia i szcz\u0119\u015bcia. W tym wymiarze wspiera praktyk\u0119 jogi, cz\u0119sto b\u0119d\u0105c okre\u015blana jej siostrzann\u0105 nauk\u0105. Ajurweda jest bardzo wszechstronnym systemem leczenia, kt\u00f3ry si\u0119ga swymi korzeniami do staro\u017cytnych pism wedyjskich, najstarszych tekst\u00f3w Indii. Nawi\u0105zuj\u0105c do Ajurwedy \u2013 kosmiczna \u015bwiadomo\u015b\u0107 i pi\u0119\u0107 podstawowych element\u00f3w (panchamahabhutas) \u0142\u0105cz\u0105 si\u0119, formuj\u0105c budowle fizycznej egzystencji. Cielesne funkcje s\u0105 regulowane przez tr\u00f3j-dosze. Doskona\u0142e zdrowie jest efektem harmonijnego wsp\u00f3\u0142dzia\u0142ania mi\u0119dzy doszami. Celem Ajurwedy jest ochrona przed chorobami, oddzia\u0142owuj\u0105c poprzez zmiany w diecie, pracy, zabawie i odpoczynku. Podstaw\u0105 wszystkich ajurwedyjskich zabieg\u00f3w jest zr\u00f3wnowa\u017cenie energii wewn\u0105trz nas i przywr\u00f3cenie pe\u0142ni potencja\u0142u zdrowia i tw\u00f3rczo\u015bci. Wsp\u00f3\u0142cze\u015bnie badania udowadniaj\u0105, \u017ce ajurwedyjskie techniki z powodzeniem lecz\u0105 dolegliwo\u015bci, gdzie inne zabiegi zawodz\u0105. Unikalne podej\u015bcie ajurwedyjskie do zdrowia i \u017cycia \u2013 przybli\u017ca nas do przyrody i natury nas samych, co w rezultacie przynosi ulg\u0119, uzdrowienie i pe\u0142ni\u0119 naszego potencja\u0142u.  Prowadz\u0105cy: Bartosz Ayu Bobkowski  Czas trwania: 2h  Data i godzina: sobota 16:00 - 18:00  Miejsce: Central Chakra  Ilo\u015b\u0107 os\u00f3b: bo  Dla Kogo:\u00a0 Wszyscy  Bobasy: tak","og_url":"https:\/\/mamaglobalhealing.com\/en\/product\/ajurweda-jak-zyc-wyklad\/","og_site_name":"Mama Global Healing","article_modified_time":"2022-05-15T17:17:30+00:00","og_image":[{"width":800,"height":800,"url":"https:\/\/mamaglobalhealing.com\/wp-content\/uploads\/2022\/04\/ajurvedic-man.jpg","type":"image\/jpeg"}],"twitter_card":"summary_large_image","schema":{"@context":"https:\/\/schema.org","@graph":[{"@type":"WebPage","@id":"https:\/\/mamaglobalhealing.com\/produkt\/ajurweda-jak-zyc-wyklad\/","url":"https:\/\/mamaglobalhealing.com\/produkt\/ajurweda-jak-zyc-wyklad\/","name":"Ajurweda - jak \u017cy\u0107 | wyk\u0142ad | Bartosz Ayu Bobkowski - Mama Global Healing","isPartOf":{"@id":"https:\/\/mamaglobalhealing.com\/#website"},"primaryImageOfPage":{"@id":"https:\/\/mamaglobalhealing.com\/produkt\/ajurweda-jak-zyc-wyklad\/#primaryimage"},"image":{"@id":"https:\/\/mamaglobalhealing.com\/produkt\/ajurweda-jak-zyc-wyklad\/#primaryimage"},"thumbnailUrl":"https:\/\/mamaglobalhealing.com\/wp-content\/uploads\/2022\/04\/ajurvedic-man.jpg","datePublished":"2022-04-27T19:57:29+00:00","dateModified":"2022-05-15T17:17:30+00:00","breadcrumb":{"@id":"https:\/\/mamaglobalhealing.com\/produkt\/ajurweda-jak-zyc-wyklad\/#breadcrumb"},"inLanguage":"en-GB","potentialAction":[{"@type":"ReadAction","target":["https:\/\/mamaglobalhealing.com\/produkt\/ajurweda-jak-zyc-wyklad\/"]}]},{"@type":"ImageObject","inLanguage":"en-GB","@id":"https:\/\/mamaglobalhealing.com\/produkt\/ajurweda-jak-zyc-wyklad\/#primaryimage","url":"https:\/\/mamaglobalhealing.com\/wp-content\/uploads\/2022\/04\/ajurvedic-man.jpg","contentUrl":"https:\/\/mamaglobalhealing.com\/wp-content\/uploads\/2022\/04\/ajurvedic-man.jpg","width":800,"height":800},{"@type":"BreadcrumbList","@id":"https:\/\/mamaglobalhealing.com\/produkt\/ajurweda-jak-zyc-wyklad\/#breadcrumb","itemListElement":[{"@type":"ListItem","position":1,"name":"Strona g\u0142\u00f3wna","item":"https:\/\/mamaglobalhealing.com\/"},{"@type":"ListItem","position":2,"name":"Sklep","item":"https:\/\/mamaglobalhealing.com\/sklep\/"},{"@type":"ListItem","position":3,"name":"Ajurweda &#8211; jak \u017cy\u0107 | wyk\u0142ad | Bartosz Ayu Bobkowski"}]},{"@type":"WebSite","@id":"https:\/\/mamaglobalhealing.com\/#website","url":"https:\/\/mamaglobalhealing.com\/","name":"Mama Global Healing","description":"Kolejna witryna WordPress","potentialAction":[{"@type":"SearchAction","target":{"@type":"EntryPoint","urlTemplate":"https:\/\/mamaglobalhealing.com\/?s={search_term_string}"},"query-input":{"@type":"PropertyValueSpecification","valueRequired":true,"valueName":"search_term_string"}}],"inLanguage":"en-GB"}]}},"_links":{"self":[{"href":"https:\/\/mamaglobalhealing.com\/en\/wp-json\/wp\/v2\/product\/2727","targetHints":{"allow":["GET"]}}],"collection":[{"href":"https:\/\/mamaglobalhealing.com\/en\/wp-json\/wp\/v2\/product"}],"about":[{"href":"https:\/\/mamaglobalhealing.com\/en\/wp-json\/wp\/v2\/types\/product"}],"wp:featuredmedia":[{"embeddable":true,"href":"https:\/\/mamaglobalhealing.com\/en\/wp-json\/wp\/v2\/media\/2481"}],"wp:attachment":[{"href":"https:\/\/mamaglobalhealing.com\/en\/wp-json\/wp\/v2\/media?parent=2727"}],"wp:term":[{"taxonomy":"product_brand","embeddable":true,"href":"https:\/\/mamaglobalhealing.com\/en\/wp-json\/wp\/v2\/product_brand?post=2727"},{"taxonomy":"product_cat","embeddable":true,"href":"https:\/\/mamaglobalhealing.com\/en\/wp-json\/wp\/v2\/product_cat?post=2727"},{"taxonomy":"product_tag","embeddable":true,"href":"https:\/\/mamaglobalhealing.com\/en\/wp-json\/wp\/v2\/product_tag?post=2727"}],"curies":[{"name":"wp","href":"https:\/\/api.w.org\/{rel}","templated":true}]}}