{"id":2728,"date":"2022-04-27T19:59:11","date_gmt":"2022-04-27T19:59:11","guid":{"rendered":"https:\/\/mamaglobalhealing.com\/?post_type=product&#038;p=2728"},"modified":"2022-06-01T09:49:42","modified_gmt":"2022-06-01T09:49:42","slug":"medytacja-5-zywiolow","status":"publish","type":"product","link":"https:\/\/mamaglobalhealing.com\/en\/product\/medytacja-5-zywiolow\/","title":{"rendered":"Medytacja 5 \u017cywio\u0142\u00f3w | Bartosz Ayu Bobkowski"},"content":{"rendered":"","protected":false},"excerpt":{"rendered":"<p>Medytacja pi\u0119ciu \u017cywio\u0142\u00f3w to kontemplacja \u0142\u0105czenia si\u0119 z esencj\u0105 \u017cywio\u0142\u00f3w za pomoc\u0105 wizualizacji, intonacji sylab nasiennych i gest\u00f3w r\u0105k, w oparciu o staro\u017cytn\u0105 praktyk\u0119 z buddyjskiej tradycji Yungdrung Bon. Wst\u0119p do tej praktyki om\u00f3wimy na wyk\u0142adzie po\u015bwi\u0119conym 5 \u017cywio\u0142om &#8211; 5 truj\u0105cym emocjom &#8211; 5 potencja\u0142om.<\/p>\n<p><b>Prowadz\u0105cy:<\/b><span style=\"font-weight: 400;\"> Bartosz Ayu Bobkowski<\/span><\/p>\n<p><b>Czas trwania:\u00a0<\/b>1h<\/p>\n<p><b>Data i godzina: <\/b>sobota 13:00 &#8211; 14:00<\/p>\n<p><b>Miejsce:<a href=\"https:\/\/mamaglobalhealing.com\/en\/mama-line-up\/tent-de-vito\/\">\u00a0<\/a><\/b><a href=\"https:\/\/mamaglobalhealing.com\/en\/mama-line-up\/open-air\/\">Open Air<\/a><\/p>\n<p><b>Ilo\u015b\u0107 os\u00f3b:\u00a0<\/b>bo<\/p>\n<p><b>Dla Kogo:\u00a0<\/b>Wszyscy<\/p>\n<p><b>Bobasy:<\/b><span style=\"font-weight: 400;\"> tak<\/span><\/p>","protected":false},"featured_media":2870,"template":"","meta":{"_et_pb_use_builder":"","_et_pb_old_content":"","_et_gb_content_width":""},"product_brand":[],"product_cat":[35,46],"product_tag":[],"class_list":{"0":"post-2728","1":"product","2":"type-product","3":"status-publish","4":"has-post-thumbnail","6":"product_cat-mama-open","7":"product_cat-sobota-open","9":"first","10":"instock","11":"virtual","12":"taxable","13":"product-type-simple"},"yoast_head":"<!-- This site is optimized with the Yoast SEO plugin v25.1 - https:\/\/yoast.com\/wordpress\/plugins\/seo\/ -->\n<title>Medytacja 5 \u017cywio\u0142\u00f3w | Bartosz Ayu Bobkowski - Mama Global Healing<\/title>\n<meta name=\"robots\" content=\"index, follow, max-snippet:-1, max-image-preview:large, max-video-preview:-1\" \/>\n<link rel=\"canonical\" href=\"https:\/\/mamaglobalhealing.com\/en\/product\/medytacja-5-zywiolow\/\" \/>\n<meta property=\"og:locale\" content=\"en_GB\" \/>\n<meta property=\"og:type\" content=\"article\" \/>\n<meta property=\"og:title\" content=\"Medytacja 5 \u017cywio\u0142\u00f3w | Bartosz Ayu Bobkowski - Mama Global Healing\" \/>\n<meta property=\"og:description\" content=\"Medytacja pi\u0119ciu \u017cywio\u0142\u00f3w to kontemplacja \u0142\u0105czenia si\u0119 z esencj\u0105 \u017cywio\u0142\u00f3w za pomoc\u0105 wizualizacji, intonacji sylab nasiennych i gest\u00f3w r\u0105k, w oparciu o staro\u017cytn\u0105 praktyk\u0119 z buddyjskiej tradycji Yungdrung Bon. Wst\u0119p do tej praktyki om\u00f3wimy na wyk\u0142adzie po\u015bwi\u0119conym 5 \u017cywio\u0142om - 5 truj\u0105cym emocjom - 5 potencja\u0142om.  Prowadz\u0105cy: Bartosz Ayu Bobkowski  Czas trwania:\u00a01h  Data i godzina: sobota 13:00 - 14:00  Miejsce:\u00a0Open Air  Ilo\u015b\u0107 os\u00f3b:\u00a0bo  Dla Kogo:\u00a0Wszyscy  Bobasy: tak\" \/>\n<meta property=\"og:url\" content=\"https:\/\/mamaglobalhealing.com\/en\/product\/medytacja-5-zywiolow\/\" \/>\n<meta property=\"og:site_name\" content=\"Mama Global Healing\" \/>\n<meta property=\"article:modified_time\" content=\"2022-06-01T09:49:42+00:00\" \/>\n<meta property=\"og:image\" content=\"https:\/\/mamaglobalhealing.com\/wp-content\/uploads\/2022\/04\/31.png\" \/>\n\t<meta property=\"og:image:width\" content=\"1080\" \/>\n\t<meta property=\"og:image:height\" content=\"1080\" \/>\n\t<meta property=\"og:image:type\" content=\"image\/png\" \/>\n<meta name=\"twitter:card\" content=\"summary_large_image\" \/>\n<script type=\"application\/ld+json\" class=\"yoast-schema-graph\">{\"@context\":\"https:\/\/schema.org\",\"@graph\":[{\"@type\":\"WebPage\",\"@id\":\"https:\/\/mamaglobalhealing.com\/produkt\/medytacja-5-zywiolow\/\",\"url\":\"https:\/\/mamaglobalhealing.com\/produkt\/medytacja-5-zywiolow\/\",\"name\":\"Medytacja 5 \u017cywio\u0142\u00f3w | Bartosz Ayu Bobkowski - Mama Global Healing\",\"isPartOf\":{\"@id\":\"https:\/\/mamaglobalhealing.com\/#website\"},\"primaryImageOfPage\":{\"@id\":\"https:\/\/mamaglobalhealing.com\/produkt\/medytacja-5-zywiolow\/#primaryimage\"},\"image\":{\"@id\":\"https:\/\/mamaglobalhealing.com\/produkt\/medytacja-5-zywiolow\/#primaryimage\"},\"thumbnailUrl\":\"https:\/\/mamaglobalhealing.com\/wp-content\/uploads\/2022\/04\/31.png\",\"datePublished\":\"2022-04-27T19:59:11+00:00\",\"dateModified\":\"2022-06-01T09:49:42+00:00\",\"breadcrumb\":{\"@id\":\"https:\/\/mamaglobalhealing.com\/produkt\/medytacja-5-zywiolow\/#breadcrumb\"},\"inLanguage\":\"en-GB\",\"potentialAction\":[{\"@type\":\"ReadAction\",\"target\":[\"https:\/\/mamaglobalhealing.com\/produkt\/medytacja-5-zywiolow\/\"]}]},{\"@type\":\"ImageObject\",\"inLanguage\":\"en-GB\",\"@id\":\"https:\/\/mamaglobalhealing.com\/produkt\/medytacja-5-zywiolow\/#primaryimage\",\"url\":\"https:\/\/mamaglobalhealing.com\/wp-content\/uploads\/2022\/04\/31.png\",\"contentUrl\":\"https:\/\/mamaglobalhealing.com\/wp-content\/uploads\/2022\/04\/31.png\",\"width\":1080,\"height\":1080},{\"@type\":\"BreadcrumbList\",\"@id\":\"https:\/\/mamaglobalhealing.com\/produkt\/medytacja-5-zywiolow\/#breadcrumb\",\"itemListElement\":[{\"@type\":\"ListItem\",\"position\":1,\"name\":\"Strona g\u0142\u00f3wna\",\"item\":\"https:\/\/mamaglobalhealing.com\/\"},{\"@type\":\"ListItem\",\"position\":2,\"name\":\"Sklep\",\"item\":\"https:\/\/mamaglobalhealing.com\/sklep\/\"},{\"@type\":\"ListItem\",\"position\":3,\"name\":\"Medytacja 5 \u017cywio\u0142\u00f3w | Bartosz Ayu Bobkowski\"}]},{\"@type\":\"WebSite\",\"@id\":\"https:\/\/mamaglobalhealing.com\/#website\",\"url\":\"https:\/\/mamaglobalhealing.com\/\",\"name\":\"Mama Global Healing\",\"description\":\"Kolejna witryna WordPress\",\"potentialAction\":[{\"@type\":\"SearchAction\",\"target\":{\"@type\":\"EntryPoint\",\"urlTemplate\":\"https:\/\/mamaglobalhealing.com\/?s={search_term_string}\"},\"query-input\":{\"@type\":\"PropertyValueSpecification\",\"valueRequired\":true,\"valueName\":\"search_term_string\"}}],\"inLanguage\":\"en-GB\"}]}<\/script>\n<!-- \/ Yoast SEO plugin. -->","yoast_head_json":{"title":"Medytacja 5 \u017cywio\u0142\u00f3w | Bartosz Ayu Bobkowski - Mama Global Healing","robots":{"index":"index","follow":"follow","max-snippet":"max-snippet:-1","max-image-preview":"max-image-preview:large","max-video-preview":"max-video-preview:-1"},"canonical":"https:\/\/mamaglobalhealing.com\/en\/product\/medytacja-5-zywiolow\/","og_locale":"en_GB","og_type":"article","og_title":"Medytacja 5 \u017cywio\u0142\u00f3w | Bartosz Ayu Bobkowski - Mama Global Healing","og_description":"Medytacja pi\u0119ciu \u017cywio\u0142\u00f3w to kontemplacja \u0142\u0105czenia si\u0119 z esencj\u0105 \u017cywio\u0142\u00f3w za pomoc\u0105 wizualizacji, intonacji sylab nasiennych i gest\u00f3w r\u0105k, w oparciu o staro\u017cytn\u0105 praktyk\u0119 z buddyjskiej tradycji Yungdrung Bon. Wst\u0119p do tej praktyki om\u00f3wimy na wyk\u0142adzie po\u015bwi\u0119conym 5 \u017cywio\u0142om - 5 truj\u0105cym emocjom - 5 potencja\u0142om.  Prowadz\u0105cy: Bartosz Ayu Bobkowski  Czas trwania:\u00a01h  Data i godzina: sobota 13:00 - 14:00  Miejsce:\u00a0Open Air  Ilo\u015b\u0107 os\u00f3b:\u00a0bo  Dla Kogo:\u00a0Wszyscy  Bobasy: tak","og_url":"https:\/\/mamaglobalhealing.com\/en\/product\/medytacja-5-zywiolow\/","og_site_name":"Mama Global Healing","article_modified_time":"2022-06-01T09:49:42+00:00","og_image":[{"width":1080,"height":1080,"url":"https:\/\/mamaglobalhealing.com\/wp-content\/uploads\/2022\/04\/31.png","type":"image\/png"}],"twitter_card":"summary_large_image","schema":{"@context":"https:\/\/schema.org","@graph":[{"@type":"WebPage","@id":"https:\/\/mamaglobalhealing.com\/produkt\/medytacja-5-zywiolow\/","url":"https:\/\/mamaglobalhealing.com\/produkt\/medytacja-5-zywiolow\/","name":"Medytacja 5 \u017cywio\u0142\u00f3w | Bartosz Ayu Bobkowski - Mama Global Healing","isPartOf":{"@id":"https:\/\/mamaglobalhealing.com\/#website"},"primaryImageOfPage":{"@id":"https:\/\/mamaglobalhealing.com\/produkt\/medytacja-5-zywiolow\/#primaryimage"},"image":{"@id":"https:\/\/mamaglobalhealing.com\/produkt\/medytacja-5-zywiolow\/#primaryimage"},"thumbnailUrl":"https:\/\/mamaglobalhealing.com\/wp-content\/uploads\/2022\/04\/31.png","datePublished":"2022-04-27T19:59:11+00:00","dateModified":"2022-06-01T09:49:42+00:00","breadcrumb":{"@id":"https:\/\/mamaglobalhealing.com\/produkt\/medytacja-5-zywiolow\/#breadcrumb"},"inLanguage":"en-GB","potentialAction":[{"@type":"ReadAction","target":["https:\/\/mamaglobalhealing.com\/produkt\/medytacja-5-zywiolow\/"]}]},{"@type":"ImageObject","inLanguage":"en-GB","@id":"https:\/\/mamaglobalhealing.com\/produkt\/medytacja-5-zywiolow\/#primaryimage","url":"https:\/\/mamaglobalhealing.com\/wp-content\/uploads\/2022\/04\/31.png","contentUrl":"https:\/\/mamaglobalhealing.com\/wp-content\/uploads\/2022\/04\/31.png","width":1080,"height":1080},{"@type":"BreadcrumbList","@id":"https:\/\/mamaglobalhealing.com\/produkt\/medytacja-5-zywiolow\/#breadcrumb","itemListElement":[{"@type":"ListItem","position":1,"name":"Strona g\u0142\u00f3wna","item":"https:\/\/mamaglobalhealing.com\/"},{"@type":"ListItem","position":2,"name":"Sklep","item":"https:\/\/mamaglobalhealing.com\/sklep\/"},{"@type":"ListItem","position":3,"name":"Medytacja 5 \u017cywio\u0142\u00f3w | Bartosz Ayu Bobkowski"}]},{"@type":"WebSite","@id":"https:\/\/mamaglobalhealing.com\/#website","url":"https:\/\/mamaglobalhealing.com\/","name":"Mama Global Healing","description":"Kolejna witryna WordPress","potentialAction":[{"@type":"SearchAction","target":{"@type":"EntryPoint","urlTemplate":"https:\/\/mamaglobalhealing.com\/?s={search_term_string}"},"query-input":{"@type":"PropertyValueSpecification","valueRequired":true,"valueName":"search_term_string"}}],"inLanguage":"en-GB"}]}},"_links":{"self":[{"href":"https:\/\/mamaglobalhealing.com\/en\/wp-json\/wp\/v2\/product\/2728","targetHints":{"allow":["GET"]}}],"collection":[{"href":"https:\/\/mamaglobalhealing.com\/en\/wp-json\/wp\/v2\/product"}],"about":[{"href":"https:\/\/mamaglobalhealing.com\/en\/wp-json\/wp\/v2\/types\/product"}],"wp:featuredmedia":[{"embeddable":true,"href":"https:\/\/mamaglobalhealing.com\/en\/wp-json\/wp\/v2\/media\/2870"}],"wp:attachment":[{"href":"https:\/\/mamaglobalhealing.com\/en\/wp-json\/wp\/v2\/media?parent=2728"}],"wp:term":[{"taxonomy":"product_brand","embeddable":true,"href":"https:\/\/mamaglobalhealing.com\/en\/wp-json\/wp\/v2\/product_brand?post=2728"},{"taxonomy":"product_cat","embeddable":true,"href":"https:\/\/mamaglobalhealing.com\/en\/wp-json\/wp\/v2\/product_cat?post=2728"},{"taxonomy":"product_tag","embeddable":true,"href":"https:\/\/mamaglobalhealing.com\/en\/wp-json\/wp\/v2\/product_tag?post=2728"}],"curies":[{"name":"wp","href":"https:\/\/api.w.org\/{rel}","templated":true}]}}