{"id":2729,"date":"2022-04-27T19:59:44","date_gmt":"2022-04-27T19:59:44","guid":{"rendered":"https:\/\/mamaglobalhealing.com\/?post_type=product&#038;p=2729"},"modified":"2022-06-01T09:51:30","modified_gmt":"2022-06-01T09:51:30","slug":"medytacja-tsalung","status":"publish","type":"product","link":"https:\/\/mamaglobalhealing.com\/en\/product\/medytacja-tsalung\/","title":{"rendered":"Medytacja TSALUNG | Bartosz Ayu Bobkowski"},"content":{"rendered":"","protected":false},"excerpt":{"rendered":"<p>\u0106wiczenia Tsa Lung odblokowuj\u0105 energetyczne kana\u0142y i energetyczne o\u015brodki (czakry) dzi\u0119ki czemu \u017cyciowa energia mo\u017ce si\u0119 swobodnie rozprzestrzenia\u0107 w ca\u0142ym naszym ciele, mo\u017ce nas od\u017cywia\u0107, oczyszcza\u0107 i uzdrawia\u0107. Wszystkie negatywne do\u015bwiadczenia, niedoskona\u0142o\u015bci naszego cia\u0142a i umys\u0142u, wszystkie choroby, zaburzenia oraz pozytywne do\u015bwiadczenia, wszystkie zdolno\u015bci cia\u0142a i umys\u0142u, zakorzenione s\u0105 w subtelnych energetycznych kana\u0142ach. To jak do\u015bwiadczamy samych siebie zale\u017cy od przep\u0142ywu \u017cyciowej energii. Poprzez integracj\u0119 \u0107wicze\u0144 fizycznych ze \u015bwiadomo\u015bci\u0105 oddechu, odblokowujemy i otwieramy przep\u0142yw \u017cyciowej energii w okre\u015blonych obszarach cia\u0142a. Ka\u017cdy z ruch\u00f3w rozlu\u017ania i usuwa fizyczne, energetyczne, emocjonalne i umys\u0142owe blokady. Ta staro\u017cytna technika wywodzi si\u0119 z Tantry Matki Yungdrun Bon.<\/p>\n<p><a href=\"https:\/\/l.facebook.com\/l.php?u=https%3A%2F%2Fyoutu.be%2FaBnI5S_4Xek%3Ffbclid%3DIwAR1Vll_1-K4j4-kCOZLRzm7i3heIGfHvpzKLfDCo4874Aq5FBy-aSJHLhXY&amp;h=AT2l6N3ekQ9KOD6i8P-4iDr4VWntW9OndMgFgu8gXI4m7GeOLiDTDGeQ7XgAsMg_jxJJVEiQNSNKvnSCV0yM9x0Z0x6pPAoEsnKpbZ7n40L2cg92EGwHrI9XJRw2uoxwMQ&amp;__tn__=q&amp;c[0]=AT1MOxGCXAg8PmZ5KXZJ7-vpBN9hK-MO5Bov1BjZBOG-F53-gQUdBEVUmnGRzJ7E_uoGJdE-XIa4zNpU56oQW3CRONCOgtcuqhrIhHTyR9oNTii57ZWuOfHx8BnDZ4kXOsuZYSb_2yWkThciasc7gVQrFEnZwCqJ0BHYeAHcOe-q5rfc4g\"><b>https:\/\/youtu.be\/aBnI5S_4Xek<\/b><\/a><\/p>\n<p><b>Prowadz\u0105cy:<\/b><span style=\"font-weight: 400;\"> Bartosz Ayu Bobkowski<\/span><\/p>\n<p><b>Czas trwania: <\/b>1h<\/p>\n<p><b>Data i godzina: <\/b>niedziela 11:00 &#8211; 12:00<\/p>\n<p><b>Miejsce: <\/b><a href=\"https:\/\/mamaglobalhealing.com\/en\/mama-line-up\/open-air\/\">Open Air<\/a><\/p>\n<p><b>Liczba os\u00f3b: <\/b>bo<\/p>\n<p><b>Dla Kogo: <\/b>Wszyscy<\/p>\n<p><b>Bobasy:<\/b><span style=\"font-weight: 400;\"> nie<\/span><\/p>\n<p><strong>J\u0119zyk:<\/strong> PL<\/p>","protected":false},"featured_media":2871,"template":"","meta":{"_et_pb_use_builder":"","_et_pb_old_content":"","_et_gb_content_width":""},"product_brand":[],"product_cat":[35,47],"product_tag":[],"class_list":{"0":"post-2729","1":"product","2":"type-product","3":"status-publish","4":"has-post-thumbnail","6":"product_cat-mama-open","7":"product_cat-niedziela-open","9":"first","10":"instock","11":"virtual","12":"taxable","13":"product-type-simple"},"yoast_head":"<!-- This site is optimized with the Yoast SEO plugin v25.1 - https:\/\/yoast.com\/wordpress\/plugins\/seo\/ -->\n<title>Medytacja TSALUNG | Bartosz Ayu Bobkowski - Mama Global Healing<\/title>\n<meta name=\"robots\" content=\"index, follow, max-snippet:-1, max-image-preview:large, max-video-preview:-1\" \/>\n<link rel=\"canonical\" href=\"https:\/\/mamaglobalhealing.com\/en\/product\/medytacja-tsalung\/\" \/>\n<meta property=\"og:locale\" content=\"en_GB\" \/>\n<meta property=\"og:type\" content=\"article\" \/>\n<meta property=\"og:title\" content=\"Medytacja TSALUNG | Bartosz Ayu Bobkowski - Mama Global Healing\" \/>\n<meta property=\"og:description\" content=\"\u0106wiczenia Tsa Lung odblokowuj\u0105 energetyczne kana\u0142y i energetyczne o\u015brodki (czakry) dzi\u0119ki czemu \u017cyciowa energia mo\u017ce si\u0119 swobodnie rozprzestrzenia\u0107 w ca\u0142ym naszym ciele, mo\u017ce nas od\u017cywia\u0107, oczyszcza\u0107 i uzdrawia\u0107. Wszystkie negatywne do\u015bwiadczenia, niedoskona\u0142o\u015bci naszego cia\u0142a i umys\u0142u, wszystkie choroby, zaburzenia oraz pozytywne do\u015bwiadczenia, wszystkie zdolno\u015bci cia\u0142a i umys\u0142u, zakorzenione s\u0105 w subtelnych energetycznych kana\u0142ach. To jak do\u015bwiadczamy samych siebie zale\u017cy od przep\u0142ywu \u017cyciowej energii. Poprzez integracj\u0119 \u0107wicze\u0144 fizycznych ze \u015bwiadomo\u015bci\u0105 oddechu, odblokowujemy i otwieramy przep\u0142yw \u017cyciowej energii w okre\u015blonych obszarach cia\u0142a. Ka\u017cdy z ruch\u00f3w rozlu\u017ania i usuwa fizyczne, energetyczne, emocjonalne i umys\u0142owe blokady. Ta staro\u017cytna technika wywodzi si\u0119 z Tantry Matki Yungdrun Bon.  https:\/\/youtu.be\/aBnI5S_4Xek  Prowadz\u0105cy: Bartosz Ayu Bobkowski  Czas trwania: 1h  Data i godzina: niedziela 11:00 - 12:00  Miejsce: Open Air  Liczba os\u00f3b: bo  Dla Kogo: Wszyscy  Bobasy: nie  J\u0119zyk: PL\" \/>\n<meta property=\"og:url\" content=\"https:\/\/mamaglobalhealing.com\/en\/product\/medytacja-tsalung\/\" \/>\n<meta property=\"og:site_name\" content=\"Mama Global Healing\" \/>\n<meta property=\"article:modified_time\" content=\"2022-06-01T09:51:30+00:00\" \/>\n<meta property=\"og:image\" content=\"https:\/\/mamaglobalhealing.com\/wp-content\/uploads\/2022\/04\/32.png\" \/>\n\t<meta property=\"og:image:width\" content=\"1080\" \/>\n\t<meta property=\"og:image:height\" content=\"1080\" \/>\n\t<meta property=\"og:image:type\" content=\"image\/png\" \/>\n<meta name=\"twitter:card\" content=\"summary_large_image\" \/>\n<script type=\"application\/ld+json\" class=\"yoast-schema-graph\">{\"@context\":\"https:\/\/schema.org\",\"@graph\":[{\"@type\":\"WebPage\",\"@id\":\"https:\/\/mamaglobalhealing.com\/produkt\/medytacja-tsalung\/\",\"url\":\"https:\/\/mamaglobalhealing.com\/produkt\/medytacja-tsalung\/\",\"name\":\"Medytacja TSALUNG | Bartosz Ayu Bobkowski - Mama Global Healing\",\"isPartOf\":{\"@id\":\"https:\/\/mamaglobalhealing.com\/#website\"},\"primaryImageOfPage\":{\"@id\":\"https:\/\/mamaglobalhealing.com\/produkt\/medytacja-tsalung\/#primaryimage\"},\"image\":{\"@id\":\"https:\/\/mamaglobalhealing.com\/produkt\/medytacja-tsalung\/#primaryimage\"},\"thumbnailUrl\":\"https:\/\/mamaglobalhealing.com\/wp-content\/uploads\/2022\/04\/32.png\",\"datePublished\":\"2022-04-27T19:59:44+00:00\",\"dateModified\":\"2022-06-01T09:51:30+00:00\",\"breadcrumb\":{\"@id\":\"https:\/\/mamaglobalhealing.com\/produkt\/medytacja-tsalung\/#breadcrumb\"},\"inLanguage\":\"en-GB\",\"potentialAction\":[{\"@type\":\"ReadAction\",\"target\":[\"https:\/\/mamaglobalhealing.com\/produkt\/medytacja-tsalung\/\"]}]},{\"@type\":\"ImageObject\",\"inLanguage\":\"en-GB\",\"@id\":\"https:\/\/mamaglobalhealing.com\/produkt\/medytacja-tsalung\/#primaryimage\",\"url\":\"https:\/\/mamaglobalhealing.com\/wp-content\/uploads\/2022\/04\/32.png\",\"contentUrl\":\"https:\/\/mamaglobalhealing.com\/wp-content\/uploads\/2022\/04\/32.png\",\"width\":1080,\"height\":1080},{\"@type\":\"BreadcrumbList\",\"@id\":\"https:\/\/mamaglobalhealing.com\/produkt\/medytacja-tsalung\/#breadcrumb\",\"itemListElement\":[{\"@type\":\"ListItem\",\"position\":1,\"name\":\"Strona g\u0142\u00f3wna\",\"item\":\"https:\/\/mamaglobalhealing.com\/\"},{\"@type\":\"ListItem\",\"position\":2,\"name\":\"Sklep\",\"item\":\"https:\/\/mamaglobalhealing.com\/sklep\/\"},{\"@type\":\"ListItem\",\"position\":3,\"name\":\"Medytacja TSALUNG | Bartosz Ayu Bobkowski\"}]},{\"@type\":\"WebSite\",\"@id\":\"https:\/\/mamaglobalhealing.com\/#website\",\"url\":\"https:\/\/mamaglobalhealing.com\/\",\"name\":\"Mama Global Healing\",\"description\":\"Kolejna witryna WordPress\",\"potentialAction\":[{\"@type\":\"SearchAction\",\"target\":{\"@type\":\"EntryPoint\",\"urlTemplate\":\"https:\/\/mamaglobalhealing.com\/?s={search_term_string}\"},\"query-input\":{\"@type\":\"PropertyValueSpecification\",\"valueRequired\":true,\"valueName\":\"search_term_string\"}}],\"inLanguage\":\"en-GB\"}]}<\/script>\n<!-- \/ Yoast SEO plugin. -->","yoast_head_json":{"title":"Medytacja TSALUNG | Bartosz Ayu Bobkowski - Mama Global Healing","robots":{"index":"index","follow":"follow","max-snippet":"max-snippet:-1","max-image-preview":"max-image-preview:large","max-video-preview":"max-video-preview:-1"},"canonical":"https:\/\/mamaglobalhealing.com\/en\/product\/medytacja-tsalung\/","og_locale":"en_GB","og_type":"article","og_title":"Medytacja TSALUNG | Bartosz Ayu Bobkowski - Mama Global Healing","og_description":"\u0106wiczenia Tsa Lung odblokowuj\u0105 energetyczne kana\u0142y i energetyczne o\u015brodki (czakry) dzi\u0119ki czemu \u017cyciowa energia mo\u017ce si\u0119 swobodnie rozprzestrzenia\u0107 w ca\u0142ym naszym ciele, mo\u017ce nas od\u017cywia\u0107, oczyszcza\u0107 i uzdrawia\u0107. Wszystkie negatywne do\u015bwiadczenia, niedoskona\u0142o\u015bci naszego cia\u0142a i umys\u0142u, wszystkie choroby, zaburzenia oraz pozytywne do\u015bwiadczenia, wszystkie zdolno\u015bci cia\u0142a i umys\u0142u, zakorzenione s\u0105 w subtelnych energetycznych kana\u0142ach. To jak do\u015bwiadczamy samych siebie zale\u017cy od przep\u0142ywu \u017cyciowej energii. Poprzez integracj\u0119 \u0107wicze\u0144 fizycznych ze \u015bwiadomo\u015bci\u0105 oddechu, odblokowujemy i otwieramy przep\u0142yw \u017cyciowej energii w okre\u015blonych obszarach cia\u0142a. Ka\u017cdy z ruch\u00f3w rozlu\u017ania i usuwa fizyczne, energetyczne, emocjonalne i umys\u0142owe blokady. Ta staro\u017cytna technika wywodzi si\u0119 z Tantry Matki Yungdrun Bon.  https:\/\/youtu.be\/aBnI5S_4Xek  Prowadz\u0105cy: Bartosz Ayu Bobkowski  Czas trwania: 1h  Data i godzina: niedziela 11:00 - 12:00  Miejsce: Open Air  Liczba os\u00f3b: bo  Dla Kogo: Wszyscy  Bobasy: nie  J\u0119zyk: PL","og_url":"https:\/\/mamaglobalhealing.com\/en\/product\/medytacja-tsalung\/","og_site_name":"Mama Global Healing","article_modified_time":"2022-06-01T09:51:30+00:00","og_image":[{"width":1080,"height":1080,"url":"https:\/\/mamaglobalhealing.com\/wp-content\/uploads\/2022\/04\/32.png","type":"image\/png"}],"twitter_card":"summary_large_image","schema":{"@context":"https:\/\/schema.org","@graph":[{"@type":"WebPage","@id":"https:\/\/mamaglobalhealing.com\/produkt\/medytacja-tsalung\/","url":"https:\/\/mamaglobalhealing.com\/produkt\/medytacja-tsalung\/","name":"Medytacja TSALUNG | Bartosz Ayu Bobkowski - Mama Global Healing","isPartOf":{"@id":"https:\/\/mamaglobalhealing.com\/#website"},"primaryImageOfPage":{"@id":"https:\/\/mamaglobalhealing.com\/produkt\/medytacja-tsalung\/#primaryimage"},"image":{"@id":"https:\/\/mamaglobalhealing.com\/produkt\/medytacja-tsalung\/#primaryimage"},"thumbnailUrl":"https:\/\/mamaglobalhealing.com\/wp-content\/uploads\/2022\/04\/32.png","datePublished":"2022-04-27T19:59:44+00:00","dateModified":"2022-06-01T09:51:30+00:00","breadcrumb":{"@id":"https:\/\/mamaglobalhealing.com\/produkt\/medytacja-tsalung\/#breadcrumb"},"inLanguage":"en-GB","potentialAction":[{"@type":"ReadAction","target":["https:\/\/mamaglobalhealing.com\/produkt\/medytacja-tsalung\/"]}]},{"@type":"ImageObject","inLanguage":"en-GB","@id":"https:\/\/mamaglobalhealing.com\/produkt\/medytacja-tsalung\/#primaryimage","url":"https:\/\/mamaglobalhealing.com\/wp-content\/uploads\/2022\/04\/32.png","contentUrl":"https:\/\/mamaglobalhealing.com\/wp-content\/uploads\/2022\/04\/32.png","width":1080,"height":1080},{"@type":"BreadcrumbList","@id":"https:\/\/mamaglobalhealing.com\/produkt\/medytacja-tsalung\/#breadcrumb","itemListElement":[{"@type":"ListItem","position":1,"name":"Strona g\u0142\u00f3wna","item":"https:\/\/mamaglobalhealing.com\/"},{"@type":"ListItem","position":2,"name":"Sklep","item":"https:\/\/mamaglobalhealing.com\/sklep\/"},{"@type":"ListItem","position":3,"name":"Medytacja TSALUNG | Bartosz Ayu Bobkowski"}]},{"@type":"WebSite","@id":"https:\/\/mamaglobalhealing.com\/#website","url":"https:\/\/mamaglobalhealing.com\/","name":"Mama Global Healing","description":"Kolejna witryna WordPress","potentialAction":[{"@type":"SearchAction","target":{"@type":"EntryPoint","urlTemplate":"https:\/\/mamaglobalhealing.com\/?s={search_term_string}"},"query-input":{"@type":"PropertyValueSpecification","valueRequired":true,"valueName":"search_term_string"}}],"inLanguage":"en-GB"}]}},"_links":{"self":[{"href":"https:\/\/mamaglobalhealing.com\/en\/wp-json\/wp\/v2\/product\/2729","targetHints":{"allow":["GET"]}}],"collection":[{"href":"https:\/\/mamaglobalhealing.com\/en\/wp-json\/wp\/v2\/product"}],"about":[{"href":"https:\/\/mamaglobalhealing.com\/en\/wp-json\/wp\/v2\/types\/product"}],"wp:featuredmedia":[{"embeddable":true,"href":"https:\/\/mamaglobalhealing.com\/en\/wp-json\/wp\/v2\/media\/2871"}],"wp:attachment":[{"href":"https:\/\/mamaglobalhealing.com\/en\/wp-json\/wp\/v2\/media?parent=2729"}],"wp:term":[{"taxonomy":"product_brand","embeddable":true,"href":"https:\/\/mamaglobalhealing.com\/en\/wp-json\/wp\/v2\/product_brand?post=2729"},{"taxonomy":"product_cat","embeddable":true,"href":"https:\/\/mamaglobalhealing.com\/en\/wp-json\/wp\/v2\/product_cat?post=2729"},{"taxonomy":"product_tag","embeddable":true,"href":"https:\/\/mamaglobalhealing.com\/en\/wp-json\/wp\/v2\/product_tag?post=2729"}],"curies":[{"name":"wp","href":"https:\/\/api.w.org\/{rel}","templated":true}]}}