{"id":2730,"date":"2022-04-27T20:00:55","date_gmt":"2022-04-27T20:00:55","guid":{"rendered":"https:\/\/mamaglobalhealing.com\/?post_type=product&#038;p=2730"},"modified":"2022-05-15T12:03:47","modified_gmt":"2022-05-15T12:03:47","slug":"wyklad-5-zywiolow-5-toksyn","status":"publish","type":"product","link":"https:\/\/mamaglobalhealing.com\/en\/product\/wyklad-5-zywiolow-5-toksyn\/","title":{"rendered":"5 \u017cywio\u0142\u00f3w \u2013 5 truj\u0105cych emocji \u2013 5 potencja\u0142\u00f3w | wyk\u0142ad | Bartosz Ayu Bobkowski"},"content":{"rendered":"","protected":false},"excerpt":{"rendered":"<p>Ca\u0142y otaczaj\u0105cy nas \u015bwiat\u00a0 i my sami stworzeni jeste\u015bmy z dynamicznej energii \u017cywio\u0142\u00f3w. \u017bywio\u0142y w nas nieustaj\u0105co przenikaj\u0105 si\u0119, kontroluj\u0105, wp\u0142ywaj\u0105 i od\u017cywiaj\u0105 si\u0119 w nieustaj\u0105cym ta\u0144cu \u017cycia. Rezultatem tych dynamicznych relacji jest stan naszego zdrowia i samopoczucia. W stanie nadmiaru czy niedoboru \u017cywio\u0142y mog\u0105 sta\u0107 si\u0119 dla nas pi\u0119t\u0105 Achillesow\u0105, gdy pogr\u0105\u017camy si\u0119 w niemocy emocji, s\u0142abo\u015bci czy poruszenia. W stanie r\u00f3wnowagi ods\u0142aniaj\u0105 nasze najlepsze strony, odkrywaj\u0105 nasz potencja\u0142, z\u00a0 kt\u00f3rym przyszli\u015bmy na ten \u015bwiat, aby si\u0119 z nim dzieli\u0107 swoj\u0105 rado\u015bci\u0105, opieku\u0144czo\u015bci\u0105, natchnieniem, kreatywno\u015bci\u0105, otwarto\u015bci\u0105&#8230; Jakiego \u017cywio\u0142u potrzebujesz aby poczu\u0107 si\u0119 lepiej, aby odkry\u0107 sw\u00f3j potencja\u0142? Po wyk\u0142adzie zapraszam na medytacj\u0119 5 \u017cywio\u0142\u00f3w, aby do\u015bwiadczy\u0107 jak mo\u017cemy wykorzysta\u0107 t\u0119 wiedz\u0119 do przywr\u00f3cenia r\u00f3wnowagi w praktyce duchowej.<\/p>\n<p><b>Prowadz\u0105cy:<\/b><span style=\"font-weight: 400;\"> Bartosz Ayu Bobkowski<\/span><\/p>\n<p><b>Czas trwania: <\/b>1.5h<\/p>\n<p><b>Data i godzina: <\/b>sobota 10:00 &#8211; 11:30<\/p>\n<p><b>Miejsce: <\/b><a href=\"https:\/\/mamaglobalhealing.com\/en\/mama-line-up\/central-chakra\/\">Central Chakra<\/a><\/p>\n<p><b>Ilo\u015b\u0107 os\u00f3b: <\/b>bo<\/p>\n<p><b>Dla Kogo:\u00a0 <\/b>Wszyscy<\/p>\n<p><b>Bobasy:<\/b><span style=\"font-weight: 400;\"> tak<\/span><\/p>","protected":false},"featured_media":2921,"template":"","meta":{"_et_pb_use_builder":"","_et_pb_old_content":"","_et_gb_content_width":""},"product_brand":[],"product_cat":[35],"product_tag":[],"class_list":{"0":"post-2730","1":"product","2":"type-product","3":"status-publish","4":"has-post-thumbnail","6":"product_cat-mama-open","8":"first","9":"instock","10":"virtual","11":"taxable","12":"product-type-simple"},"yoast_head":"<!-- This site is optimized with the Yoast SEO plugin v25.1 - https:\/\/yoast.com\/wordpress\/plugins\/seo\/ -->\n<title>5 \u017cywio\u0142\u00f3w \u2013 5 truj\u0105cych emocji \u2013 5 potencja\u0142\u00f3w | wyk\u0142ad | Bartosz Ayu Bobkowski - Mama Global Healing<\/title>\n<meta name=\"robots\" content=\"index, follow, max-snippet:-1, max-image-preview:large, max-video-preview:-1\" \/>\n<link rel=\"canonical\" href=\"https:\/\/mamaglobalhealing.com\/en\/product\/wyklad-5-zywiolow-5-toksyn\/\" \/>\n<meta property=\"og:locale\" content=\"en_GB\" \/>\n<meta property=\"og:type\" content=\"article\" \/>\n<meta property=\"og:title\" content=\"5 \u017cywio\u0142\u00f3w \u2013 5 truj\u0105cych emocji \u2013 5 potencja\u0142\u00f3w | wyk\u0142ad | Bartosz Ayu Bobkowski - Mama Global Healing\" \/>\n<meta property=\"og:description\" content=\"Ca\u0142y otaczaj\u0105cy nas \u015bwiat\u00a0 i my sami stworzeni jeste\u015bmy z dynamicznej energii \u017cywio\u0142\u00f3w. \u017bywio\u0142y w nas nieustaj\u0105co przenikaj\u0105 si\u0119, kontroluj\u0105, wp\u0142ywaj\u0105 i od\u017cywiaj\u0105 si\u0119 w nieustaj\u0105cym ta\u0144cu \u017cycia. Rezultatem tych dynamicznych relacji jest stan naszego zdrowia i samopoczucia. W stanie nadmiaru czy niedoboru \u017cywio\u0142y mog\u0105 sta\u0107 si\u0119 dla nas pi\u0119t\u0105 Achillesow\u0105, gdy pogr\u0105\u017camy si\u0119 w niemocy emocji, s\u0142abo\u015bci czy poruszenia. W stanie r\u00f3wnowagi ods\u0142aniaj\u0105 nasze najlepsze strony, odkrywaj\u0105 nasz potencja\u0142, z\u00a0 kt\u00f3rym przyszli\u015bmy na ten \u015bwiat, aby si\u0119 z nim dzieli\u0107 swoj\u0105 rado\u015bci\u0105, opieku\u0144czo\u015bci\u0105, natchnieniem, kreatywno\u015bci\u0105, otwarto\u015bci\u0105... Jakiego \u017cywio\u0142u potrzebujesz aby poczu\u0107 si\u0119 lepiej, aby odkry\u0107 sw\u00f3j potencja\u0142? Po wyk\u0142adzie zapraszam na medytacj\u0119 5 \u017cywio\u0142\u00f3w, aby do\u015bwiadczy\u0107 jak mo\u017cemy wykorzysta\u0107 t\u0119 wiedz\u0119 do przywr\u00f3cenia r\u00f3wnowagi w praktyce duchowej.  Prowadz\u0105cy: Bartosz Ayu Bobkowski  Czas trwania: 1.5h  Data i godzina: sobota 10:00 - 11:30  Miejsce: Central Chakra  Ilo\u015b\u0107 os\u00f3b: bo  Dla Kogo:\u00a0 Wszyscy  Bobasy: tak\" \/>\n<meta property=\"og:url\" content=\"https:\/\/mamaglobalhealing.com\/en\/product\/wyklad-5-zywiolow-5-toksyn\/\" \/>\n<meta property=\"og:site_name\" content=\"Mama Global Healing\" \/>\n<meta property=\"article:modified_time\" content=\"2022-05-15T12:03:47+00:00\" \/>\n<meta property=\"og:image\" content=\"https:\/\/mamaglobalhealing.com\/wp-content\/uploads\/2022\/04\/9-1.png\" \/>\n\t<meta property=\"og:image:width\" content=\"1080\" \/>\n\t<meta property=\"og:image:height\" content=\"1080\" \/>\n\t<meta property=\"og:image:type\" content=\"image\/png\" \/>\n<meta name=\"twitter:card\" content=\"summary_large_image\" \/>\n<script type=\"application\/ld+json\" class=\"yoast-schema-graph\">{\"@context\":\"https:\/\/schema.org\",\"@graph\":[{\"@type\":\"WebPage\",\"@id\":\"https:\/\/mamaglobalhealing.com\/produkt\/wyklad-5-zywiolow-5-toksyn\/\",\"url\":\"https:\/\/mamaglobalhealing.com\/produkt\/wyklad-5-zywiolow-5-toksyn\/\",\"name\":\"5 \u017cywio\u0142\u00f3w \u2013 5 truj\u0105cych emocji \u2013 5 potencja\u0142\u00f3w | wyk\u0142ad | Bartosz Ayu Bobkowski - Mama Global Healing\",\"isPartOf\":{\"@id\":\"https:\/\/mamaglobalhealing.com\/#website\"},\"primaryImageOfPage\":{\"@id\":\"https:\/\/mamaglobalhealing.com\/produkt\/wyklad-5-zywiolow-5-toksyn\/#primaryimage\"},\"image\":{\"@id\":\"https:\/\/mamaglobalhealing.com\/produkt\/wyklad-5-zywiolow-5-toksyn\/#primaryimage\"},\"thumbnailUrl\":\"https:\/\/mamaglobalhealing.com\/wp-content\/uploads\/2022\/04\/9-1.png\",\"datePublished\":\"2022-04-27T20:00:55+00:00\",\"dateModified\":\"2022-05-15T12:03:47+00:00\",\"breadcrumb\":{\"@id\":\"https:\/\/mamaglobalhealing.com\/produkt\/wyklad-5-zywiolow-5-toksyn\/#breadcrumb\"},\"inLanguage\":\"en-GB\",\"potentialAction\":[{\"@type\":\"ReadAction\",\"target\":[\"https:\/\/mamaglobalhealing.com\/produkt\/wyklad-5-zywiolow-5-toksyn\/\"]}]},{\"@type\":\"ImageObject\",\"inLanguage\":\"en-GB\",\"@id\":\"https:\/\/mamaglobalhealing.com\/produkt\/wyklad-5-zywiolow-5-toksyn\/#primaryimage\",\"url\":\"https:\/\/mamaglobalhealing.com\/wp-content\/uploads\/2022\/04\/9-1.png\",\"contentUrl\":\"https:\/\/mamaglobalhealing.com\/wp-content\/uploads\/2022\/04\/9-1.png\",\"width\":1080,\"height\":1080},{\"@type\":\"BreadcrumbList\",\"@id\":\"https:\/\/mamaglobalhealing.com\/produkt\/wyklad-5-zywiolow-5-toksyn\/#breadcrumb\",\"itemListElement\":[{\"@type\":\"ListItem\",\"position\":1,\"name\":\"Strona g\u0142\u00f3wna\",\"item\":\"https:\/\/mamaglobalhealing.com\/\"},{\"@type\":\"ListItem\",\"position\":2,\"name\":\"Sklep\",\"item\":\"https:\/\/mamaglobalhealing.com\/sklep\/\"},{\"@type\":\"ListItem\",\"position\":3,\"name\":\"5 \u017cywio\u0142\u00f3w \u2013 5 truj\u0105cych emocji \u2013 5 potencja\u0142\u00f3w | wyk\u0142ad | Bartosz Ayu Bobkowski\"}]},{\"@type\":\"WebSite\",\"@id\":\"https:\/\/mamaglobalhealing.com\/#website\",\"url\":\"https:\/\/mamaglobalhealing.com\/\",\"name\":\"Mama Global Healing\",\"description\":\"Kolejna witryna WordPress\",\"potentialAction\":[{\"@type\":\"SearchAction\",\"target\":{\"@type\":\"EntryPoint\",\"urlTemplate\":\"https:\/\/mamaglobalhealing.com\/?s={search_term_string}\"},\"query-input\":{\"@type\":\"PropertyValueSpecification\",\"valueRequired\":true,\"valueName\":\"search_term_string\"}}],\"inLanguage\":\"en-GB\"}]}<\/script>\n<!-- \/ Yoast SEO plugin. -->","yoast_head_json":{"title":"5 \u017cywio\u0142\u00f3w \u2013 5 truj\u0105cych emocji \u2013 5 potencja\u0142\u00f3w | wyk\u0142ad | Bartosz Ayu Bobkowski - Mama Global Healing","robots":{"index":"index","follow":"follow","max-snippet":"max-snippet:-1","max-image-preview":"max-image-preview:large","max-video-preview":"max-video-preview:-1"},"canonical":"https:\/\/mamaglobalhealing.com\/en\/product\/wyklad-5-zywiolow-5-toksyn\/","og_locale":"en_GB","og_type":"article","og_title":"5 \u017cywio\u0142\u00f3w \u2013 5 truj\u0105cych emocji \u2013 5 potencja\u0142\u00f3w | wyk\u0142ad | Bartosz Ayu Bobkowski - Mama Global Healing","og_description":"Ca\u0142y otaczaj\u0105cy nas \u015bwiat\u00a0 i my sami stworzeni jeste\u015bmy z dynamicznej energii \u017cywio\u0142\u00f3w. \u017bywio\u0142y w nas nieustaj\u0105co przenikaj\u0105 si\u0119, kontroluj\u0105, wp\u0142ywaj\u0105 i od\u017cywiaj\u0105 si\u0119 w nieustaj\u0105cym ta\u0144cu \u017cycia. Rezultatem tych dynamicznych relacji jest stan naszego zdrowia i samopoczucia. W stanie nadmiaru czy niedoboru \u017cywio\u0142y mog\u0105 sta\u0107 si\u0119 dla nas pi\u0119t\u0105 Achillesow\u0105, gdy pogr\u0105\u017camy si\u0119 w niemocy emocji, s\u0142abo\u015bci czy poruszenia. W stanie r\u00f3wnowagi ods\u0142aniaj\u0105 nasze najlepsze strony, odkrywaj\u0105 nasz potencja\u0142, z\u00a0 kt\u00f3rym przyszli\u015bmy na ten \u015bwiat, aby si\u0119 z nim dzieli\u0107 swoj\u0105 rado\u015bci\u0105, opieku\u0144czo\u015bci\u0105, natchnieniem, kreatywno\u015bci\u0105, otwarto\u015bci\u0105... Jakiego \u017cywio\u0142u potrzebujesz aby poczu\u0107 si\u0119 lepiej, aby odkry\u0107 sw\u00f3j potencja\u0142? Po wyk\u0142adzie zapraszam na medytacj\u0119 5 \u017cywio\u0142\u00f3w, aby do\u015bwiadczy\u0107 jak mo\u017cemy wykorzysta\u0107 t\u0119 wiedz\u0119 do przywr\u00f3cenia r\u00f3wnowagi w praktyce duchowej.  Prowadz\u0105cy: Bartosz Ayu Bobkowski  Czas trwania: 1.5h  Data i godzina: sobota 10:00 - 11:30  Miejsce: Central Chakra  Ilo\u015b\u0107 os\u00f3b: bo  Dla Kogo:\u00a0 Wszyscy  Bobasy: tak","og_url":"https:\/\/mamaglobalhealing.com\/en\/product\/wyklad-5-zywiolow-5-toksyn\/","og_site_name":"Mama Global Healing","article_modified_time":"2022-05-15T12:03:47+00:00","og_image":[{"width":1080,"height":1080,"url":"https:\/\/mamaglobalhealing.com\/wp-content\/uploads\/2022\/04\/9-1.png","type":"image\/png"}],"twitter_card":"summary_large_image","schema":{"@context":"https:\/\/schema.org","@graph":[{"@type":"WebPage","@id":"https:\/\/mamaglobalhealing.com\/produkt\/wyklad-5-zywiolow-5-toksyn\/","url":"https:\/\/mamaglobalhealing.com\/produkt\/wyklad-5-zywiolow-5-toksyn\/","name":"5 \u017cywio\u0142\u00f3w \u2013 5 truj\u0105cych emocji \u2013 5 potencja\u0142\u00f3w | wyk\u0142ad | Bartosz Ayu Bobkowski - Mama Global Healing","isPartOf":{"@id":"https:\/\/mamaglobalhealing.com\/#website"},"primaryImageOfPage":{"@id":"https:\/\/mamaglobalhealing.com\/produkt\/wyklad-5-zywiolow-5-toksyn\/#primaryimage"},"image":{"@id":"https:\/\/mamaglobalhealing.com\/produkt\/wyklad-5-zywiolow-5-toksyn\/#primaryimage"},"thumbnailUrl":"https:\/\/mamaglobalhealing.com\/wp-content\/uploads\/2022\/04\/9-1.png","datePublished":"2022-04-27T20:00:55+00:00","dateModified":"2022-05-15T12:03:47+00:00","breadcrumb":{"@id":"https:\/\/mamaglobalhealing.com\/produkt\/wyklad-5-zywiolow-5-toksyn\/#breadcrumb"},"inLanguage":"en-GB","potentialAction":[{"@type":"ReadAction","target":["https:\/\/mamaglobalhealing.com\/produkt\/wyklad-5-zywiolow-5-toksyn\/"]}]},{"@type":"ImageObject","inLanguage":"en-GB","@id":"https:\/\/mamaglobalhealing.com\/produkt\/wyklad-5-zywiolow-5-toksyn\/#primaryimage","url":"https:\/\/mamaglobalhealing.com\/wp-content\/uploads\/2022\/04\/9-1.png","contentUrl":"https:\/\/mamaglobalhealing.com\/wp-content\/uploads\/2022\/04\/9-1.png","width":1080,"height":1080},{"@type":"BreadcrumbList","@id":"https:\/\/mamaglobalhealing.com\/produkt\/wyklad-5-zywiolow-5-toksyn\/#breadcrumb","itemListElement":[{"@type":"ListItem","position":1,"name":"Strona g\u0142\u00f3wna","item":"https:\/\/mamaglobalhealing.com\/"},{"@type":"ListItem","position":2,"name":"Sklep","item":"https:\/\/mamaglobalhealing.com\/sklep\/"},{"@type":"ListItem","position":3,"name":"5 \u017cywio\u0142\u00f3w \u2013 5 truj\u0105cych emocji \u2013 5 potencja\u0142\u00f3w | wyk\u0142ad | Bartosz Ayu Bobkowski"}]},{"@type":"WebSite","@id":"https:\/\/mamaglobalhealing.com\/#website","url":"https:\/\/mamaglobalhealing.com\/","name":"Mama Global Healing","description":"Kolejna witryna WordPress","potentialAction":[{"@type":"SearchAction","target":{"@type":"EntryPoint","urlTemplate":"https:\/\/mamaglobalhealing.com\/?s={search_term_string}"},"query-input":{"@type":"PropertyValueSpecification","valueRequired":true,"valueName":"search_term_string"}}],"inLanguage":"en-GB"}]}},"_links":{"self":[{"href":"https:\/\/mamaglobalhealing.com\/en\/wp-json\/wp\/v2\/product\/2730","targetHints":{"allow":["GET"]}}],"collection":[{"href":"https:\/\/mamaglobalhealing.com\/en\/wp-json\/wp\/v2\/product"}],"about":[{"href":"https:\/\/mamaglobalhealing.com\/en\/wp-json\/wp\/v2\/types\/product"}],"wp:featuredmedia":[{"embeddable":true,"href":"https:\/\/mamaglobalhealing.com\/en\/wp-json\/wp\/v2\/media\/2921"}],"wp:attachment":[{"href":"https:\/\/mamaglobalhealing.com\/en\/wp-json\/wp\/v2\/media?parent=2730"}],"wp:term":[{"taxonomy":"product_brand","embeddable":true,"href":"https:\/\/mamaglobalhealing.com\/en\/wp-json\/wp\/v2\/product_brand?post=2730"},{"taxonomy":"product_cat","embeddable":true,"href":"https:\/\/mamaglobalhealing.com\/en\/wp-json\/wp\/v2\/product_cat?post=2730"},{"taxonomy":"product_tag","embeddable":true,"href":"https:\/\/mamaglobalhealing.com\/en\/wp-json\/wp\/v2\/product_tag?post=2730"}],"curies":[{"name":"wp","href":"https:\/\/api.w.org\/{rel}","templated":true}]}}