{"id":2731,"date":"2022-04-27T20:01:47","date_gmt":"2022-04-27T20:01:47","guid":{"rendered":"https:\/\/mamaglobalhealing.com\/?post_type=product&#038;p=2731"},"modified":"2022-06-01T07:46:00","modified_gmt":"2022-06-01T07:46:00","slug":"wyklad-o-kambo","status":"publish","type":"product","link":"https:\/\/mamaglobalhealing.com\/en\/product\/wyklad-o-kambo\/","title":{"rendered":"KAMBO MEDICINE &#8211; wyk\u0142ad | Bartosz Ayu Bobkowski"},"content":{"rendered":"","protected":false},"excerpt":{"rendered":"<p><span style=\"font-weight: 400;\">K<\/span><span style=\"font-weight: 400;\">ambo to najmocniejsza znana naturalna kuracja. Szybko i intensywnie oczyszcza i wzmacnia organizm i umys\u0142, przywraca homeostaz\u0119. Polepsza og\u00f3lny stan zdrowia i samopoczucie. Umo\u017cliwia nowy start. Przebudza duchowo, prze\u0142amuj\u0105c negatywne nawyki i uzale\u017cnienia. Poszerza nasz\u0105 percepcj\u0119 i \u0142\u0105czy nas z nasz\u0105 najg\u0142\u0119bsz\u0105 esencj\u0105. Usuwa toksyny fizyczne, blokady energetyczne i napi\u0119cia emocjonalne, otwieraj\u0105c cia\u0142o, umys\u0142 i ducha na zdrowie.<\/span><\/p>\n<p><b>Prowadz\u0105cy:<\/b><span style=\"font-weight: 400;\"> Bartosz Ayu Bobkowski<\/span><\/p>\n<p><b>Czas trwania: <\/b>1h<\/p>\n<p><b>Data i godzina: <\/b>pi\u0105tek 18:00 &#8211; 19:00<\/p>\n<p><b>Miejsce: <\/b><a href=\"https:\/\/mamaglobalhealing.com\/en\/mama-line-up\/dharma-tipi\/\">Dharma Tipi<\/a><\/p>\n<p><b>Ilo\u015b\u0107 os\u00f3b: <\/b>bo<\/p>\n<p><b>Dla Kogo: <\/b>Wszyscy<\/p>\n<p><b>Bobasy:<\/b><span style=\"font-weight: 400;\"> nie<\/span><\/p>","protected":false},"featured_media":3338,"template":"","meta":{"_et_pb_use_builder":"","_et_pb_old_content":"","_et_gb_content_width":""},"product_brand":[],"product_cat":[35,45],"product_tag":[],"class_list":{"0":"post-2731","1":"product","2":"type-product","3":"status-publish","4":"has-post-thumbnail","6":"product_cat-mama-open","7":"product_cat-piatek-open","9":"first","10":"instock","11":"virtual","12":"taxable","13":"product-type-simple"},"yoast_head":"<!-- This site is optimized with the Yoast SEO plugin v25.1 - https:\/\/yoast.com\/wordpress\/plugins\/seo\/ -->\n<title>KAMBO MEDICINE - wyk\u0142ad | Bartosz Ayu Bobkowski - Mama Global Healing<\/title>\n<meta name=\"robots\" content=\"index, follow, max-snippet:-1, max-image-preview:large, max-video-preview:-1\" \/>\n<link rel=\"canonical\" href=\"https:\/\/mamaglobalhealing.com\/en\/product\/wyklad-o-kambo\/\" \/>\n<meta property=\"og:locale\" content=\"en_GB\" \/>\n<meta property=\"og:type\" content=\"article\" \/>\n<meta property=\"og:title\" content=\"KAMBO MEDICINE - wyk\u0142ad | Bartosz Ayu Bobkowski - Mama Global Healing\" \/>\n<meta property=\"og:description\" content=\"Kambo to najmocniejsza znana naturalna kuracja. Szybko i intensywnie oczyszcza i wzmacnia organizm i umys\u0142, przywraca homeostaz\u0119. Polepsza og\u00f3lny stan zdrowia i samopoczucie. Umo\u017cliwia nowy start. Przebudza duchowo, prze\u0142amuj\u0105c negatywne nawyki i uzale\u017cnienia. Poszerza nasz\u0105 percepcj\u0119 i \u0142\u0105czy nas z nasz\u0105 najg\u0142\u0119bsz\u0105 esencj\u0105. Usuwa toksyny fizyczne, blokady energetyczne i napi\u0119cia emocjonalne, otwieraj\u0105c cia\u0142o, umys\u0142 i ducha na zdrowie.  Prowadz\u0105cy: Bartosz Ayu Bobkowski  Czas trwania: 1h  Data i godzina: pi\u0105tek 18:00 - 19:00  Miejsce: Dharma Tipi  Ilo\u015b\u0107 os\u00f3b: bo  Dla Kogo: Wszyscy  Bobasy: nie\" \/>\n<meta property=\"og:url\" content=\"https:\/\/mamaglobalhealing.com\/en\/product\/wyklad-o-kambo\/\" \/>\n<meta property=\"og:site_name\" content=\"Mama Global Healing\" \/>\n<meta property=\"article:modified_time\" content=\"2022-06-01T07:46:00+00:00\" \/>\n<meta property=\"og:image\" content=\"https:\/\/mamaglobalhealing.com\/wp-content\/uploads\/2022\/04\/Kopia-OPISY-WYDARZEN-part-1-10.jpg\" \/>\n\t<meta property=\"og:image:width\" content=\"1080\" \/>\n\t<meta property=\"og:image:height\" content=\"1080\" \/>\n\t<meta property=\"og:image:type\" content=\"image\/jpeg\" \/>\n<meta name=\"twitter:card\" content=\"summary_large_image\" \/>\n<script type=\"application\/ld+json\" class=\"yoast-schema-graph\">{\"@context\":\"https:\/\/schema.org\",\"@graph\":[{\"@type\":\"WebPage\",\"@id\":\"https:\/\/mamaglobalhealing.com\/produkt\/wyklad-o-kambo\/\",\"url\":\"https:\/\/mamaglobalhealing.com\/produkt\/wyklad-o-kambo\/\",\"name\":\"KAMBO MEDICINE - wyk\u0142ad | Bartosz Ayu Bobkowski - Mama Global Healing\",\"isPartOf\":{\"@id\":\"https:\/\/mamaglobalhealing.com\/#website\"},\"primaryImageOfPage\":{\"@id\":\"https:\/\/mamaglobalhealing.com\/produkt\/wyklad-o-kambo\/#primaryimage\"},\"image\":{\"@id\":\"https:\/\/mamaglobalhealing.com\/produkt\/wyklad-o-kambo\/#primaryimage\"},\"thumbnailUrl\":\"https:\/\/mamaglobalhealing.com\/wp-content\/uploads\/2022\/04\/Kopia-OPISY-WYDARZEN-part-1-10.jpg\",\"datePublished\":\"2022-04-27T20:01:47+00:00\",\"dateModified\":\"2022-06-01T07:46:00+00:00\",\"breadcrumb\":{\"@id\":\"https:\/\/mamaglobalhealing.com\/produkt\/wyklad-o-kambo\/#breadcrumb\"},\"inLanguage\":\"en-GB\",\"potentialAction\":[{\"@type\":\"ReadAction\",\"target\":[\"https:\/\/mamaglobalhealing.com\/produkt\/wyklad-o-kambo\/\"]}]},{\"@type\":\"ImageObject\",\"inLanguage\":\"en-GB\",\"@id\":\"https:\/\/mamaglobalhealing.com\/produkt\/wyklad-o-kambo\/#primaryimage\",\"url\":\"https:\/\/mamaglobalhealing.com\/wp-content\/uploads\/2022\/04\/Kopia-OPISY-WYDARZEN-part-1-10.jpg\",\"contentUrl\":\"https:\/\/mamaglobalhealing.com\/wp-content\/uploads\/2022\/04\/Kopia-OPISY-WYDARZEN-part-1-10.jpg\",\"width\":1080,\"height\":1080},{\"@type\":\"BreadcrumbList\",\"@id\":\"https:\/\/mamaglobalhealing.com\/produkt\/wyklad-o-kambo\/#breadcrumb\",\"itemListElement\":[{\"@type\":\"ListItem\",\"position\":1,\"name\":\"Strona g\u0142\u00f3wna\",\"item\":\"https:\/\/mamaglobalhealing.com\/\"},{\"@type\":\"ListItem\",\"position\":2,\"name\":\"Sklep\",\"item\":\"https:\/\/mamaglobalhealing.com\/sklep\/\"},{\"@type\":\"ListItem\",\"position\":3,\"name\":\"KAMBO MEDICINE &#8211; wyk\u0142ad | Bartosz Ayu Bobkowski\"}]},{\"@type\":\"WebSite\",\"@id\":\"https:\/\/mamaglobalhealing.com\/#website\",\"url\":\"https:\/\/mamaglobalhealing.com\/\",\"name\":\"Mama Global Healing\",\"description\":\"Kolejna witryna WordPress\",\"potentialAction\":[{\"@type\":\"SearchAction\",\"target\":{\"@type\":\"EntryPoint\",\"urlTemplate\":\"https:\/\/mamaglobalhealing.com\/?s={search_term_string}\"},\"query-input\":{\"@type\":\"PropertyValueSpecification\",\"valueRequired\":true,\"valueName\":\"search_term_string\"}}],\"inLanguage\":\"en-GB\"}]}<\/script>\n<!-- \/ Yoast SEO plugin. -->","yoast_head_json":{"title":"KAMBO MEDICINE - wyk\u0142ad | Bartosz Ayu Bobkowski - Mama Global Healing","robots":{"index":"index","follow":"follow","max-snippet":"max-snippet:-1","max-image-preview":"max-image-preview:large","max-video-preview":"max-video-preview:-1"},"canonical":"https:\/\/mamaglobalhealing.com\/en\/product\/wyklad-o-kambo\/","og_locale":"en_GB","og_type":"article","og_title":"KAMBO MEDICINE - wyk\u0142ad | Bartosz Ayu Bobkowski - Mama Global Healing","og_description":"Kambo to najmocniejsza znana naturalna kuracja. Szybko i intensywnie oczyszcza i wzmacnia organizm i umys\u0142, przywraca homeostaz\u0119. Polepsza og\u00f3lny stan zdrowia i samopoczucie. Umo\u017cliwia nowy start. Przebudza duchowo, prze\u0142amuj\u0105c negatywne nawyki i uzale\u017cnienia. Poszerza nasz\u0105 percepcj\u0119 i \u0142\u0105czy nas z nasz\u0105 najg\u0142\u0119bsz\u0105 esencj\u0105. Usuwa toksyny fizyczne, blokady energetyczne i napi\u0119cia emocjonalne, otwieraj\u0105c cia\u0142o, umys\u0142 i ducha na zdrowie.  Prowadz\u0105cy: Bartosz Ayu Bobkowski  Czas trwania: 1h  Data i godzina: pi\u0105tek 18:00 - 19:00  Miejsce: Dharma Tipi  Ilo\u015b\u0107 os\u00f3b: bo  Dla Kogo: Wszyscy  Bobasy: nie","og_url":"https:\/\/mamaglobalhealing.com\/en\/product\/wyklad-o-kambo\/","og_site_name":"Mama Global Healing","article_modified_time":"2022-06-01T07:46:00+00:00","og_image":[{"width":1080,"height":1080,"url":"https:\/\/mamaglobalhealing.com\/wp-content\/uploads\/2022\/04\/Kopia-OPISY-WYDARZEN-part-1-10.jpg","type":"image\/jpeg"}],"twitter_card":"summary_large_image","schema":{"@context":"https:\/\/schema.org","@graph":[{"@type":"WebPage","@id":"https:\/\/mamaglobalhealing.com\/produkt\/wyklad-o-kambo\/","url":"https:\/\/mamaglobalhealing.com\/produkt\/wyklad-o-kambo\/","name":"KAMBO MEDICINE - wyk\u0142ad | Bartosz Ayu Bobkowski - Mama Global Healing","isPartOf":{"@id":"https:\/\/mamaglobalhealing.com\/#website"},"primaryImageOfPage":{"@id":"https:\/\/mamaglobalhealing.com\/produkt\/wyklad-o-kambo\/#primaryimage"},"image":{"@id":"https:\/\/mamaglobalhealing.com\/produkt\/wyklad-o-kambo\/#primaryimage"},"thumbnailUrl":"https:\/\/mamaglobalhealing.com\/wp-content\/uploads\/2022\/04\/Kopia-OPISY-WYDARZEN-part-1-10.jpg","datePublished":"2022-04-27T20:01:47+00:00","dateModified":"2022-06-01T07:46:00+00:00","breadcrumb":{"@id":"https:\/\/mamaglobalhealing.com\/produkt\/wyklad-o-kambo\/#breadcrumb"},"inLanguage":"en-GB","potentialAction":[{"@type":"ReadAction","target":["https:\/\/mamaglobalhealing.com\/produkt\/wyklad-o-kambo\/"]}]},{"@type":"ImageObject","inLanguage":"en-GB","@id":"https:\/\/mamaglobalhealing.com\/produkt\/wyklad-o-kambo\/#primaryimage","url":"https:\/\/mamaglobalhealing.com\/wp-content\/uploads\/2022\/04\/Kopia-OPISY-WYDARZEN-part-1-10.jpg","contentUrl":"https:\/\/mamaglobalhealing.com\/wp-content\/uploads\/2022\/04\/Kopia-OPISY-WYDARZEN-part-1-10.jpg","width":1080,"height":1080},{"@type":"BreadcrumbList","@id":"https:\/\/mamaglobalhealing.com\/produkt\/wyklad-o-kambo\/#breadcrumb","itemListElement":[{"@type":"ListItem","position":1,"name":"Strona g\u0142\u00f3wna","item":"https:\/\/mamaglobalhealing.com\/"},{"@type":"ListItem","position":2,"name":"Sklep","item":"https:\/\/mamaglobalhealing.com\/sklep\/"},{"@type":"ListItem","position":3,"name":"KAMBO MEDICINE &#8211; wyk\u0142ad | Bartosz Ayu Bobkowski"}]},{"@type":"WebSite","@id":"https:\/\/mamaglobalhealing.com\/#website","url":"https:\/\/mamaglobalhealing.com\/","name":"Mama Global Healing","description":"Kolejna witryna WordPress","potentialAction":[{"@type":"SearchAction","target":{"@type":"EntryPoint","urlTemplate":"https:\/\/mamaglobalhealing.com\/?s={search_term_string}"},"query-input":{"@type":"PropertyValueSpecification","valueRequired":true,"valueName":"search_term_string"}}],"inLanguage":"en-GB"}]}},"_links":{"self":[{"href":"https:\/\/mamaglobalhealing.com\/en\/wp-json\/wp\/v2\/product\/2731","targetHints":{"allow":["GET"]}}],"collection":[{"href":"https:\/\/mamaglobalhealing.com\/en\/wp-json\/wp\/v2\/product"}],"about":[{"href":"https:\/\/mamaglobalhealing.com\/en\/wp-json\/wp\/v2\/types\/product"}],"wp:featuredmedia":[{"embeddable":true,"href":"https:\/\/mamaglobalhealing.com\/en\/wp-json\/wp\/v2\/media\/3338"}],"wp:attachment":[{"href":"https:\/\/mamaglobalhealing.com\/en\/wp-json\/wp\/v2\/media?parent=2731"}],"wp:term":[{"taxonomy":"product_brand","embeddable":true,"href":"https:\/\/mamaglobalhealing.com\/en\/wp-json\/wp\/v2\/product_brand?post=2731"},{"taxonomy":"product_cat","embeddable":true,"href":"https:\/\/mamaglobalhealing.com\/en\/wp-json\/wp\/v2\/product_cat?post=2731"},{"taxonomy":"product_tag","embeddable":true,"href":"https:\/\/mamaglobalhealing.com\/en\/wp-json\/wp\/v2\/product_tag?post=2731"}],"curies":[{"name":"wp","href":"https:\/\/api.w.org\/{rel}","templated":true}]}}