{"id":2732,"date":"2022-04-27T20:02:25","date_gmt":"2022-04-27T20:02:25","guid":{"rendered":"https:\/\/mamaglobalhealing.com\/?post_type=product&#038;p=2732"},"modified":"2022-06-01T09:51:01","modified_gmt":"2022-06-01T09:51:01","slug":"misy-tybetanskie-dla-dzieci-i-doroslych","status":"publish","type":"product","link":"https:\/\/mamaglobalhealing.com\/en\/product\/misy-tybetanskie-dla-dzieci-i-doroslych\/","title":{"rendered":"MISY TYBETA\u0143SKIE dla dzieci &#8211; TIBETAN BOWLS for kids | Asia Nowicka"},"content":{"rendered":"","protected":false},"excerpt":{"rendered":"<p><span style=\"font-weight: 400;\">Na zaj\u0119ciach b\u0119dziemy uczy\u0107 si\u0119 jak \u0107wiczy\u0107 uwa\u017cno\u015b\u0107, poprzez obserwowanie oddechu, b\u0119dziemy wycisza\u0107 si\u0119 oddechem, b\u0119dziemy rozpoznawa\u0107 emocje, nazywa\u0107 je, rozpoznawa\u0107 ich obecno\u015b\u0107 w ciele i uwalnia\u0107. B\u0119d\u0105 Nam w tym pomaga\u0107 instrumenty takie jak misy tybeta\u0144skie, gong, dzwonki, grzechotki, hang drumy.<\/span><\/p>\n<p><span style=\"font-weight: 400;\">Zaj\u0119cia oparte s\u0105 tym razem g\u0142\u00f3wnie na zabawie, poprzez czynne muzykowanie przy interaktywnym udziale dzieci. Misy anga\u017cuj\u0105 wszystkie zmys\u0142y dlatego zabawa z nimi jest aktywna forma rozwoju i edukacji. Jest to tak\u017ce nauka skupienia, koncentracji, wsp\u00f3\u0142pracy w grupie, wra\u017cliwo\u015bci na d\u017awi\u0119k i muzyk\u0119 przy czym jest du\u017co rado\u015bci.<\/span><\/p>\n<p><span style=\"font-weight: 400;\">In class we will learn how to practice mindfulness by observing the breath, quieting the breath, recognizing emotions, naming them, recognizing their presence in the body and letting go. Instruments like Tibetan bowls, gongs, bells, rattles and hang drums will help us.<\/span><\/p>\n<p><span style=\"font-weight: 400;\">The lessons this time are mainly based on play, through active music making with the interactive participation of the children. Bowls engage all the senses, so playing with them is an active form of development and education. It is also learning concentration, concentration, collaboration in the group, sensitivity to sound and music, and it is a lot of fun.<\/span><\/p>\n<p><b>Prowadz\u0105cy:<\/b><span style=\"font-weight: 400;\"> Asia Nowicka<\/span><\/p>\n<p><b>Czas trwania:<\/b> 1h<\/p>\n<p><b>Data i godzina:<\/b> sobota | saturday 17:30 &#8211; 18:30<\/p>\n<p><b>Miejsce:<\/b> <a href=\"https:\/\/mamaglobalhealing.com\/en\/mama-line-up\/dharma-tipi\/\">Dharma Tipi\u00a0<\/a><\/p>\n<p><b>Liczba os\u00f3b: <\/b>20<\/p>\n<p><b>Dla Kogo: <\/b>Dzieci i m\u0142odzie\u017c | Kids and Youth<\/p>\n<p><b>Bobasy:<\/b><span style=\"font-weight: 400;\"> Tak | kids friendly<\/span><\/p>\n<p><strong>J\u0119zyk:<\/strong> PL \/ ENG<\/p>","protected":false},"featured_media":3336,"template":"","meta":{"_et_pb_use_builder":"","_et_pb_old_content":"","_et_gb_content_width":""},"product_brand":[],"product_cat":[35,46],"product_tag":[],"class_list":{"0":"post-2732","1":"product","2":"type-product","3":"status-publish","4":"has-post-thumbnail","6":"product_cat-mama-open","7":"product_cat-sobota-open","9":"first","10":"instock","11":"virtual","12":"taxable","13":"product-type-simple"},"yoast_head":"<!-- This site is optimized with the Yoast SEO plugin v25.1 - https:\/\/yoast.com\/wordpress\/plugins\/seo\/ -->\n<title>MISY TYBETA\u0143SKIE dla dzieci - TIBETAN BOWLS for kids | Asia Nowicka - Mama Global Healing<\/title>\n<meta name=\"description\" content=\"Relaksacyjna sesja przy d\u017awi\u0119kach mis tybeta\u0144skich. | Deep relax with tibetan bowls.\" \/>\n<meta name=\"robots\" content=\"index, follow, max-snippet:-1, max-image-preview:large, max-video-preview:-1\" \/>\n<link rel=\"canonical\" href=\"https:\/\/mamaglobalhealing.com\/en\/product\/misy-tybetanskie-dla-dzieci-i-doroslych\/\" \/>\n<meta property=\"og:locale\" content=\"en_GB\" \/>\n<meta property=\"og:type\" content=\"article\" \/>\n<meta property=\"og:title\" content=\"MISY TYBETA\u0143SKIE dla dzieci - TIBETAN BOWLS for kids | Asia Nowicka - Mama Global Healing\" \/>\n<meta property=\"og:description\" content=\"Relaksacyjna sesja przy d\u017awi\u0119kach mis tybeta\u0144skich. | Deep relax with tibetan bowls.\" \/>\n<meta property=\"og:url\" content=\"https:\/\/mamaglobalhealing.com\/en\/product\/misy-tybetanskie-dla-dzieci-i-doroslych\/\" \/>\n<meta property=\"og:site_name\" content=\"Mama Global Healing\" \/>\n<meta property=\"article:modified_time\" content=\"2022-06-01T09:51:01+00:00\" \/>\n<meta property=\"og:image\" content=\"https:\/\/mamaglobalhealing.com\/wp-content\/uploads\/2022\/04\/Kopia-OPISY-WYDARZEN-part-1-9.jpg\" \/>\n\t<meta property=\"og:image:width\" content=\"1080\" \/>\n\t<meta property=\"og:image:height\" content=\"1080\" \/>\n\t<meta property=\"og:image:type\" content=\"image\/jpeg\" \/>\n<meta name=\"twitter:card\" content=\"summary_large_image\" \/>\n<script type=\"application\/ld+json\" class=\"yoast-schema-graph\">{\"@context\":\"https:\/\/schema.org\",\"@graph\":[{\"@type\":\"WebPage\",\"@id\":\"https:\/\/mamaglobalhealing.com\/produkt\/misy-tybetanskie-dla-dzieci-i-doroslych\/\",\"url\":\"https:\/\/mamaglobalhealing.com\/produkt\/misy-tybetanskie-dla-dzieci-i-doroslych\/\",\"name\":\"MISY TYBETA\u0143SKIE dla dzieci - TIBETAN BOWLS for kids | Asia Nowicka - Mama Global Healing\",\"isPartOf\":{\"@id\":\"https:\/\/mamaglobalhealing.com\/#website\"},\"primaryImageOfPage\":{\"@id\":\"https:\/\/mamaglobalhealing.com\/produkt\/misy-tybetanskie-dla-dzieci-i-doroslych\/#primaryimage\"},\"image\":{\"@id\":\"https:\/\/mamaglobalhealing.com\/produkt\/misy-tybetanskie-dla-dzieci-i-doroslych\/#primaryimage\"},\"thumbnailUrl\":\"https:\/\/mamaglobalhealing.com\/wp-content\/uploads\/2022\/04\/Kopia-OPISY-WYDARZEN-part-1-9.jpg\",\"datePublished\":\"2022-04-27T20:02:25+00:00\",\"dateModified\":\"2022-06-01T09:51:01+00:00\",\"description\":\"Relaksacyjna sesja przy d\u017awi\u0119kach mis tybeta\u0144skich. | Deep relax with tibetan bowls.\",\"breadcrumb\":{\"@id\":\"https:\/\/mamaglobalhealing.com\/produkt\/misy-tybetanskie-dla-dzieci-i-doroslych\/#breadcrumb\"},\"inLanguage\":\"en-GB\",\"potentialAction\":[{\"@type\":\"ReadAction\",\"target\":[\"https:\/\/mamaglobalhealing.com\/produkt\/misy-tybetanskie-dla-dzieci-i-doroslych\/\"]}]},{\"@type\":\"ImageObject\",\"inLanguage\":\"en-GB\",\"@id\":\"https:\/\/mamaglobalhealing.com\/produkt\/misy-tybetanskie-dla-dzieci-i-doroslych\/#primaryimage\",\"url\":\"https:\/\/mamaglobalhealing.com\/wp-content\/uploads\/2022\/04\/Kopia-OPISY-WYDARZEN-part-1-9.jpg\",\"contentUrl\":\"https:\/\/mamaglobalhealing.com\/wp-content\/uploads\/2022\/04\/Kopia-OPISY-WYDARZEN-part-1-9.jpg\",\"width\":1080,\"height\":1080},{\"@type\":\"BreadcrumbList\",\"@id\":\"https:\/\/mamaglobalhealing.com\/produkt\/misy-tybetanskie-dla-dzieci-i-doroslych\/#breadcrumb\",\"itemListElement\":[{\"@type\":\"ListItem\",\"position\":1,\"name\":\"Strona g\u0142\u00f3wna\",\"item\":\"https:\/\/mamaglobalhealing.com\/\"},{\"@type\":\"ListItem\",\"position\":2,\"name\":\"Sklep\",\"item\":\"https:\/\/mamaglobalhealing.com\/sklep\/\"},{\"@type\":\"ListItem\",\"position\":3,\"name\":\"MISY TYBETA\u0143SKIE dla dzieci &#8211; TIBETAN BOWLS for kids | Asia Nowicka\"}]},{\"@type\":\"WebSite\",\"@id\":\"https:\/\/mamaglobalhealing.com\/#website\",\"url\":\"https:\/\/mamaglobalhealing.com\/\",\"name\":\"Mama Global Healing\",\"description\":\"Kolejna witryna WordPress\",\"potentialAction\":[{\"@type\":\"SearchAction\",\"target\":{\"@type\":\"EntryPoint\",\"urlTemplate\":\"https:\/\/mamaglobalhealing.com\/?s={search_term_string}\"},\"query-input\":{\"@type\":\"PropertyValueSpecification\",\"valueRequired\":true,\"valueName\":\"search_term_string\"}}],\"inLanguage\":\"en-GB\"}]}<\/script>\n<!-- \/ Yoast SEO plugin. -->","yoast_head_json":{"title":"MISY TYBETA\u0143SKIE dla dzieci - TIBETAN BOWLS for kids | Asia Nowicka - Mama Global Healing","description":"Relaksacyjna sesja przy d\u017awi\u0119kach mis tybeta\u0144skich. | Deep relax with tibetan bowls.","robots":{"index":"index","follow":"follow","max-snippet":"max-snippet:-1","max-image-preview":"max-image-preview:large","max-video-preview":"max-video-preview:-1"},"canonical":"https:\/\/mamaglobalhealing.com\/en\/product\/misy-tybetanskie-dla-dzieci-i-doroslych\/","og_locale":"en_GB","og_type":"article","og_title":"MISY TYBETA\u0143SKIE dla dzieci - TIBETAN BOWLS for kids | Asia Nowicka - Mama Global Healing","og_description":"Relaksacyjna sesja przy d\u017awi\u0119kach mis tybeta\u0144skich. | Deep relax with tibetan bowls.","og_url":"https:\/\/mamaglobalhealing.com\/en\/product\/misy-tybetanskie-dla-dzieci-i-doroslych\/","og_site_name":"Mama Global Healing","article_modified_time":"2022-06-01T09:51:01+00:00","og_image":[{"width":1080,"height":1080,"url":"https:\/\/mamaglobalhealing.com\/wp-content\/uploads\/2022\/04\/Kopia-OPISY-WYDARZEN-part-1-9.jpg","type":"image\/jpeg"}],"twitter_card":"summary_large_image","schema":{"@context":"https:\/\/schema.org","@graph":[{"@type":"WebPage","@id":"https:\/\/mamaglobalhealing.com\/produkt\/misy-tybetanskie-dla-dzieci-i-doroslych\/","url":"https:\/\/mamaglobalhealing.com\/produkt\/misy-tybetanskie-dla-dzieci-i-doroslych\/","name":"MISY TYBETA\u0143SKIE dla dzieci - TIBETAN BOWLS for kids | Asia Nowicka - Mama Global Healing","isPartOf":{"@id":"https:\/\/mamaglobalhealing.com\/#website"},"primaryImageOfPage":{"@id":"https:\/\/mamaglobalhealing.com\/produkt\/misy-tybetanskie-dla-dzieci-i-doroslych\/#primaryimage"},"image":{"@id":"https:\/\/mamaglobalhealing.com\/produkt\/misy-tybetanskie-dla-dzieci-i-doroslych\/#primaryimage"},"thumbnailUrl":"https:\/\/mamaglobalhealing.com\/wp-content\/uploads\/2022\/04\/Kopia-OPISY-WYDARZEN-part-1-9.jpg","datePublished":"2022-04-27T20:02:25+00:00","dateModified":"2022-06-01T09:51:01+00:00","description":"Relaksacyjna sesja przy d\u017awi\u0119kach mis tybeta\u0144skich. | Deep relax with tibetan bowls.","breadcrumb":{"@id":"https:\/\/mamaglobalhealing.com\/produkt\/misy-tybetanskie-dla-dzieci-i-doroslych\/#breadcrumb"},"inLanguage":"en-GB","potentialAction":[{"@type":"ReadAction","target":["https:\/\/mamaglobalhealing.com\/produkt\/misy-tybetanskie-dla-dzieci-i-doroslych\/"]}]},{"@type":"ImageObject","inLanguage":"en-GB","@id":"https:\/\/mamaglobalhealing.com\/produkt\/misy-tybetanskie-dla-dzieci-i-doroslych\/#primaryimage","url":"https:\/\/mamaglobalhealing.com\/wp-content\/uploads\/2022\/04\/Kopia-OPISY-WYDARZEN-part-1-9.jpg","contentUrl":"https:\/\/mamaglobalhealing.com\/wp-content\/uploads\/2022\/04\/Kopia-OPISY-WYDARZEN-part-1-9.jpg","width":1080,"height":1080},{"@type":"BreadcrumbList","@id":"https:\/\/mamaglobalhealing.com\/produkt\/misy-tybetanskie-dla-dzieci-i-doroslych\/#breadcrumb","itemListElement":[{"@type":"ListItem","position":1,"name":"Strona g\u0142\u00f3wna","item":"https:\/\/mamaglobalhealing.com\/"},{"@type":"ListItem","position":2,"name":"Sklep","item":"https:\/\/mamaglobalhealing.com\/sklep\/"},{"@type":"ListItem","position":3,"name":"MISY TYBETA\u0143SKIE dla dzieci &#8211; TIBETAN BOWLS for kids | Asia Nowicka"}]},{"@type":"WebSite","@id":"https:\/\/mamaglobalhealing.com\/#website","url":"https:\/\/mamaglobalhealing.com\/","name":"Mama Global Healing","description":"Kolejna witryna WordPress","potentialAction":[{"@type":"SearchAction","target":{"@type":"EntryPoint","urlTemplate":"https:\/\/mamaglobalhealing.com\/?s={search_term_string}"},"query-input":{"@type":"PropertyValueSpecification","valueRequired":true,"valueName":"search_term_string"}}],"inLanguage":"en-GB"}]}},"_links":{"self":[{"href":"https:\/\/mamaglobalhealing.com\/en\/wp-json\/wp\/v2\/product\/2732","targetHints":{"allow":["GET"]}}],"collection":[{"href":"https:\/\/mamaglobalhealing.com\/en\/wp-json\/wp\/v2\/product"}],"about":[{"href":"https:\/\/mamaglobalhealing.com\/en\/wp-json\/wp\/v2\/types\/product"}],"wp:featuredmedia":[{"embeddable":true,"href":"https:\/\/mamaglobalhealing.com\/en\/wp-json\/wp\/v2\/media\/3336"}],"wp:attachment":[{"href":"https:\/\/mamaglobalhealing.com\/en\/wp-json\/wp\/v2\/media?parent=2732"}],"wp:term":[{"taxonomy":"product_brand","embeddable":true,"href":"https:\/\/mamaglobalhealing.com\/en\/wp-json\/wp\/v2\/product_brand?post=2732"},{"taxonomy":"product_cat","embeddable":true,"href":"https:\/\/mamaglobalhealing.com\/en\/wp-json\/wp\/v2\/product_cat?post=2732"},{"taxonomy":"product_tag","embeddable":true,"href":"https:\/\/mamaglobalhealing.com\/en\/wp-json\/wp\/v2\/product_tag?post=2732"}],"curies":[{"name":"wp","href":"https:\/\/api.w.org\/{rel}","templated":true}]}}