{"id":2734,"date":"2022-04-27T20:04:02","date_gmt":"2022-04-27T20:04:02","guid":{"rendered":"https:\/\/mamaglobalhealing.com\/?post_type=product&#038;p=2734"},"modified":"2022-06-12T12:04:23","modified_gmt":"2022-06-12T12:04:23","slug":"przystanek-aloha-warsztat","status":"publish","type":"product","link":"https:\/\/mamaglobalhealing.com\/en\/product\/przystanek-aloha-warsztat\/","title":{"rendered":"Przystanek Aloha &#8211; warsztat | Aga Rybak"},"content":{"rendered":"","protected":false},"excerpt":{"rendered":"<p><strong>WE\u0179 MAT\u0118 (do jogi\/ karimat\u0119) ze sob\u0105<\/strong><\/p>\n<p><span style=\"font-weight: 400;\">Przystanek Aloha to warsztat inspirowany hawajskim masa\u017cem Lomi Lomi Nui na kt\u00f3rym poznasz podstawowe pryncypia holistycznej pracy z cia\u0142em opartej o hawajski system KINO MANA. Do\u015bwiadczysz ruchu, by przypomnie\u0107 sobie o tw\u00f3rczym potencjale drzemi\u0105cym w ka\u017cdym z nas oraz jak czerpa\u0107 wsparcie z oddechu, rytmu i muzyki. Poznasz podstawowe jako\u015bci przep\u0142ywu dotyku i zobaczysz jak w prosty spos\u00f3b mo\u017cesz go przenie\u015b\u0107 na spotkanie z drug\u0105 osob\u0105.<\/span><\/p>\n<p>&nbsp;<\/p>\n<p><b>Prowadz\u0105cy:<\/b><span style=\"font-weight: 400;\"> Aga Rybak<\/span><\/p>\n<p><b>Czas trwania:<\/b> 3h<\/p>\n<p><b>Data i godzina:<\/b> pi\u0105tek 13:00 &#8211; 16:00<\/p>\n<p><b>Miejsce:<\/b> <a href=\"https:\/\/mamaglobalhealing.com\/en\/mama-line-up\/white-tent\/\">White Tent<\/a><\/p>\n<p><b>Liczba os\u00f3b:<\/b> bo<\/p>\n<p><b>Dla Kogo: <\/b>Wszyscy<\/p>\n<p><b>Bobasy:<\/b><span style=\"font-weight: 400;\"> nie<\/span><\/p>\n<p><strong>J\u0119zyk:<\/strong> PL<\/p>","protected":false},"featured_media":2830,"template":"","meta":{"_et_pb_use_builder":"","_et_pb_old_content":"","_et_gb_content_width":""},"product_brand":[],"product_cat":[35,45],"product_tag":[],"class_list":{"0":"post-2734","1":"product","2":"type-product","3":"status-publish","4":"has-post-thumbnail","6":"product_cat-mama-open","7":"product_cat-piatek-open","9":"first","10":"instock","11":"virtual","12":"taxable","13":"product-type-simple"},"yoast_head":"<!-- This site is optimized with the Yoast SEO plugin v25.1 - https:\/\/yoast.com\/wordpress\/plugins\/seo\/ -->\n<title>Przystanek Aloha - warsztat | Aga Rybak - Mama Global Healing<\/title>\n<meta name=\"robots\" content=\"index, follow, max-snippet:-1, max-image-preview:large, max-video-preview:-1\" \/>\n<link rel=\"canonical\" href=\"https:\/\/mamaglobalhealing.com\/en\/product\/przystanek-aloha-warsztat\/\" \/>\n<meta property=\"og:locale\" content=\"en_GB\" \/>\n<meta property=\"og:type\" content=\"article\" \/>\n<meta property=\"og:title\" content=\"Przystanek Aloha - warsztat | Aga Rybak - Mama Global Healing\" \/>\n<meta property=\"og:description\" content=\"WE\u0179 MAT\u0118 (do jogi\/ karimat\u0119) ze sob\u0105  Przystanek Aloha to warsztat inspirowany hawajskim masa\u017cem Lomi Lomi Nui na kt\u00f3rym poznasz podstawowe pryncypia holistycznej pracy z cia\u0142em opartej o hawajski system KINO MANA. Do\u015bwiadczysz ruchu, by przypomnie\u0107 sobie o tw\u00f3rczym potencjale drzemi\u0105cym w ka\u017cdym z nas oraz jak czerpa\u0107 wsparcie z oddechu, rytmu i muzyki. Poznasz podstawowe jako\u015bci przep\u0142ywu dotyku i zobaczysz jak w prosty spos\u00f3b mo\u017cesz go przenie\u015b\u0107 na spotkanie z drug\u0105 osob\u0105.  &nbsp;  Prowadz\u0105cy: Aga Rybak  Czas trwania: 3h  Data i godzina: pi\u0105tek 13:00 - 16:00  Miejsce: White Tent  Liczba os\u00f3b: bo  Dla Kogo: Wszyscy  Bobasy: nie  J\u0119zyk: PL\" \/>\n<meta property=\"og:url\" content=\"https:\/\/mamaglobalhealing.com\/en\/product\/przystanek-aloha-warsztat\/\" \/>\n<meta property=\"og:site_name\" content=\"Mama Global Healing\" \/>\n<meta property=\"article:modified_time\" content=\"2022-06-12T12:04:23+00:00\" \/>\n<meta property=\"og:image\" content=\"https:\/\/mamaglobalhealing.com\/wp-content\/uploads\/2022\/04\/IMG_0162-Aga-Rybak.jpg\" \/>\n\t<meta property=\"og:image:width\" content=\"2048\" \/>\n\t<meta property=\"og:image:height\" content=\"2048\" \/>\n\t<meta property=\"og:image:type\" content=\"image\/jpeg\" \/>\n<meta name=\"twitter:card\" content=\"summary_large_image\" \/>\n<script type=\"application\/ld+json\" class=\"yoast-schema-graph\">{\"@context\":\"https:\/\/schema.org\",\"@graph\":[{\"@type\":\"WebPage\",\"@id\":\"https:\/\/mamaglobalhealing.com\/produkt\/przystanek-aloha-warsztat\/\",\"url\":\"https:\/\/mamaglobalhealing.com\/produkt\/przystanek-aloha-warsztat\/\",\"name\":\"Przystanek Aloha - warsztat | Aga Rybak - Mama Global Healing\",\"isPartOf\":{\"@id\":\"https:\/\/mamaglobalhealing.com\/#website\"},\"primaryImageOfPage\":{\"@id\":\"https:\/\/mamaglobalhealing.com\/produkt\/przystanek-aloha-warsztat\/#primaryimage\"},\"image\":{\"@id\":\"https:\/\/mamaglobalhealing.com\/produkt\/przystanek-aloha-warsztat\/#primaryimage\"},\"thumbnailUrl\":\"https:\/\/mamaglobalhealing.com\/wp-content\/uploads\/2022\/04\/IMG_0162-Aga-Rybak.jpg\",\"datePublished\":\"2022-04-27T20:04:02+00:00\",\"dateModified\":\"2022-06-12T12:04:23+00:00\",\"breadcrumb\":{\"@id\":\"https:\/\/mamaglobalhealing.com\/produkt\/przystanek-aloha-warsztat\/#breadcrumb\"},\"inLanguage\":\"en-GB\",\"potentialAction\":[{\"@type\":\"ReadAction\",\"target\":[\"https:\/\/mamaglobalhealing.com\/produkt\/przystanek-aloha-warsztat\/\"]}]},{\"@type\":\"ImageObject\",\"inLanguage\":\"en-GB\",\"@id\":\"https:\/\/mamaglobalhealing.com\/produkt\/przystanek-aloha-warsztat\/#primaryimage\",\"url\":\"https:\/\/mamaglobalhealing.com\/wp-content\/uploads\/2022\/04\/IMG_0162-Aga-Rybak.jpg\",\"contentUrl\":\"https:\/\/mamaglobalhealing.com\/wp-content\/uploads\/2022\/04\/IMG_0162-Aga-Rybak.jpg\",\"width\":2048,\"height\":2048},{\"@type\":\"BreadcrumbList\",\"@id\":\"https:\/\/mamaglobalhealing.com\/produkt\/przystanek-aloha-warsztat\/#breadcrumb\",\"itemListElement\":[{\"@type\":\"ListItem\",\"position\":1,\"name\":\"Strona g\u0142\u00f3wna\",\"item\":\"https:\/\/mamaglobalhealing.com\/\"},{\"@type\":\"ListItem\",\"position\":2,\"name\":\"Sklep\",\"item\":\"https:\/\/mamaglobalhealing.com\/sklep\/\"},{\"@type\":\"ListItem\",\"position\":3,\"name\":\"Przystanek Aloha &#8211; warsztat | Aga Rybak\"}]},{\"@type\":\"WebSite\",\"@id\":\"https:\/\/mamaglobalhealing.com\/#website\",\"url\":\"https:\/\/mamaglobalhealing.com\/\",\"name\":\"Mama Global Healing\",\"description\":\"Kolejna witryna WordPress\",\"potentialAction\":[{\"@type\":\"SearchAction\",\"target\":{\"@type\":\"EntryPoint\",\"urlTemplate\":\"https:\/\/mamaglobalhealing.com\/?s={search_term_string}\"},\"query-input\":{\"@type\":\"PropertyValueSpecification\",\"valueRequired\":true,\"valueName\":\"search_term_string\"}}],\"inLanguage\":\"en-GB\"}]}<\/script>\n<!-- \/ Yoast SEO plugin. -->","yoast_head_json":{"title":"Przystanek Aloha - warsztat | Aga Rybak - Mama Global Healing","robots":{"index":"index","follow":"follow","max-snippet":"max-snippet:-1","max-image-preview":"max-image-preview:large","max-video-preview":"max-video-preview:-1"},"canonical":"https:\/\/mamaglobalhealing.com\/en\/product\/przystanek-aloha-warsztat\/","og_locale":"en_GB","og_type":"article","og_title":"Przystanek Aloha - warsztat | Aga Rybak - Mama Global Healing","og_description":"WE\u0179 MAT\u0118 (do jogi\/ karimat\u0119) ze sob\u0105  Przystanek Aloha to warsztat inspirowany hawajskim masa\u017cem Lomi Lomi Nui na kt\u00f3rym poznasz podstawowe pryncypia holistycznej pracy z cia\u0142em opartej o hawajski system KINO MANA. Do\u015bwiadczysz ruchu, by przypomnie\u0107 sobie o tw\u00f3rczym potencjale drzemi\u0105cym w ka\u017cdym z nas oraz jak czerpa\u0107 wsparcie z oddechu, rytmu i muzyki. Poznasz podstawowe jako\u015bci przep\u0142ywu dotyku i zobaczysz jak w prosty spos\u00f3b mo\u017cesz go przenie\u015b\u0107 na spotkanie z drug\u0105 osob\u0105.  &nbsp;  Prowadz\u0105cy: Aga Rybak  Czas trwania: 3h  Data i godzina: pi\u0105tek 13:00 - 16:00  Miejsce: White Tent  Liczba os\u00f3b: bo  Dla Kogo: Wszyscy  Bobasy: nie  J\u0119zyk: PL","og_url":"https:\/\/mamaglobalhealing.com\/en\/product\/przystanek-aloha-warsztat\/","og_site_name":"Mama Global Healing","article_modified_time":"2022-06-12T12:04:23+00:00","og_image":[{"width":2048,"height":2048,"url":"https:\/\/mamaglobalhealing.com\/wp-content\/uploads\/2022\/04\/IMG_0162-Aga-Rybak.jpg","type":"image\/jpeg"}],"twitter_card":"summary_large_image","schema":{"@context":"https:\/\/schema.org","@graph":[{"@type":"WebPage","@id":"https:\/\/mamaglobalhealing.com\/produkt\/przystanek-aloha-warsztat\/","url":"https:\/\/mamaglobalhealing.com\/produkt\/przystanek-aloha-warsztat\/","name":"Przystanek Aloha - warsztat | Aga Rybak - Mama Global Healing","isPartOf":{"@id":"https:\/\/mamaglobalhealing.com\/#website"},"primaryImageOfPage":{"@id":"https:\/\/mamaglobalhealing.com\/produkt\/przystanek-aloha-warsztat\/#primaryimage"},"image":{"@id":"https:\/\/mamaglobalhealing.com\/produkt\/przystanek-aloha-warsztat\/#primaryimage"},"thumbnailUrl":"https:\/\/mamaglobalhealing.com\/wp-content\/uploads\/2022\/04\/IMG_0162-Aga-Rybak.jpg","datePublished":"2022-04-27T20:04:02+00:00","dateModified":"2022-06-12T12:04:23+00:00","breadcrumb":{"@id":"https:\/\/mamaglobalhealing.com\/produkt\/przystanek-aloha-warsztat\/#breadcrumb"},"inLanguage":"en-GB","potentialAction":[{"@type":"ReadAction","target":["https:\/\/mamaglobalhealing.com\/produkt\/przystanek-aloha-warsztat\/"]}]},{"@type":"ImageObject","inLanguage":"en-GB","@id":"https:\/\/mamaglobalhealing.com\/produkt\/przystanek-aloha-warsztat\/#primaryimage","url":"https:\/\/mamaglobalhealing.com\/wp-content\/uploads\/2022\/04\/IMG_0162-Aga-Rybak.jpg","contentUrl":"https:\/\/mamaglobalhealing.com\/wp-content\/uploads\/2022\/04\/IMG_0162-Aga-Rybak.jpg","width":2048,"height":2048},{"@type":"BreadcrumbList","@id":"https:\/\/mamaglobalhealing.com\/produkt\/przystanek-aloha-warsztat\/#breadcrumb","itemListElement":[{"@type":"ListItem","position":1,"name":"Strona g\u0142\u00f3wna","item":"https:\/\/mamaglobalhealing.com\/"},{"@type":"ListItem","position":2,"name":"Sklep","item":"https:\/\/mamaglobalhealing.com\/sklep\/"},{"@type":"ListItem","position":3,"name":"Przystanek Aloha &#8211; warsztat | Aga Rybak"}]},{"@type":"WebSite","@id":"https:\/\/mamaglobalhealing.com\/#website","url":"https:\/\/mamaglobalhealing.com\/","name":"Mama Global Healing","description":"Kolejna witryna WordPress","potentialAction":[{"@type":"SearchAction","target":{"@type":"EntryPoint","urlTemplate":"https:\/\/mamaglobalhealing.com\/?s={search_term_string}"},"query-input":{"@type":"PropertyValueSpecification","valueRequired":true,"valueName":"search_term_string"}}],"inLanguage":"en-GB"}]}},"_links":{"self":[{"href":"https:\/\/mamaglobalhealing.com\/en\/wp-json\/wp\/v2\/product\/2734","targetHints":{"allow":["GET"]}}],"collection":[{"href":"https:\/\/mamaglobalhealing.com\/en\/wp-json\/wp\/v2\/product"}],"about":[{"href":"https:\/\/mamaglobalhealing.com\/en\/wp-json\/wp\/v2\/types\/product"}],"wp:featuredmedia":[{"embeddable":true,"href":"https:\/\/mamaglobalhealing.com\/en\/wp-json\/wp\/v2\/media\/2830"}],"wp:attachment":[{"href":"https:\/\/mamaglobalhealing.com\/en\/wp-json\/wp\/v2\/media?parent=2734"}],"wp:term":[{"taxonomy":"product_brand","embeddable":true,"href":"https:\/\/mamaglobalhealing.com\/en\/wp-json\/wp\/v2\/product_brand?post=2734"},{"taxonomy":"product_cat","embeddable":true,"href":"https:\/\/mamaglobalhealing.com\/en\/wp-json\/wp\/v2\/product_cat?post=2734"},{"taxonomy":"product_tag","embeddable":true,"href":"https:\/\/mamaglobalhealing.com\/en\/wp-json\/wp\/v2\/product_tag?post=2734"}],"curies":[{"name":"wp","href":"https:\/\/api.w.org\/{rel}","templated":true}]}}