{"id":2735,"date":"2022-04-27T20:04:48","date_gmt":"2022-04-27T20:04:48","guid":{"rendered":"https:\/\/mamaglobalhealing.com\/?post_type=product&#038;p=2735"},"modified":"2022-06-03T11:28:38","modified_gmt":"2022-06-03T11:28:38","slug":"vinyasa-flow-joga","status":"publish","type":"product","link":"https:\/\/mamaglobalhealing.com\/en\/product\/vinyasa-flow-joga\/","title":{"rendered":"Vinyasa Flow Yoga PL\/ENG | Natalia Faron Pe\u0142nia S\u0142o\u0144ca"},"content":{"rendered":"","protected":false},"excerpt":{"rendered":"<p><span style=\"font-weight: 400;\"> Vinasya yoga jest uwa\u017cana za &#8222;medytacje w ruchu&#8221;, \u0142\u0105czy harmonie, r\u00f3wnowag\u0119, uwa\u017cno\u015b\u0107 oraz p\u0142ynno\u015b\u0107. Oddech inicjuje ruch, kt\u00f3ry \u0142\u0105czy jedn\u0105 asan\u0119 z drug\u0105. Poruszamy si\u0119, zauwa\u017camy jak si\u0119 poruszamy i co nas porusza. \u0106wiczymy razem, aby wspiera\u0107 si\u0119 wzajemnie. Uspokajamy nasz pobudzony umys\u0142 ruchem. Sesja jogi stopniowo otwiera cia\u0142o, ka\u017cda sekwencja opiera si\u0119 na poprzedniej, ewoluuj\u0105c w g\u0142\u0119bsze, bardziej zaawansowane asany. Ca\u0142a praktyka ko\u0144czy si\u0119 g\u0142\u0119bokim poczuciem uwa\u017cno\u015bci i popraw\u0105 samopoczucia. Zaj\u0119cia obejmuj\u0105 szereg pozycji stoj\u0105cych, siedz\u0105cych i le\u017c\u0105cych na plecach, skr\u0119ty, pozycje r\u00f3wnowa\u017c\u0105ce, sk\u0142ony do przodu, zgi\u0119cia plec\u00f3w, wzmocnienie tu\u0142owia. Ko\u0144cz\u0105 si\u0119 stanem ca\u0142kowitego relaksu w pozycji Savasany.<\/span><\/p>\n<p><span id=\"[0,7]\" class=\"word\">Vinasya<\/span> <span id=\"[8,12]\" class=\"word\">Yoga<\/span> <span id=\"[13,15]\" class=\"word\">is<\/span> <span id=\"[16,26]\" class=\"word\">considered<\/span> <span id=\"[27,29]\" class=\"word\">to<\/span> <span id=\"[30,32]\" class=\"word\">be<\/span> <span id=\"[33,45]\" class=\"word\">\u201cmeditations<\/span> <span id=\"[46,48]\" class=\"word\">in<\/span> <span id=\"[49,56]\" class=\"word\">motion\u201d<\/span> <span id=\"[57,60]\" class=\"word\">and<\/span> <span id=\"[61,69]\" class=\"word\">combines<\/span> <span id=\"[70,77]\" class=\"word\">harmony<\/span>, b<span id=\"[80,86]\" class=\"word\">alance<\/span>, <span id=\"[88,99]\" class=\"word\">mindfulness<\/span> <span id=\"[100,103]\" class=\"word\">and<\/span> <span id=\"[104,112]\" class=\"word\">fluidity<\/span>. <span id=\"[114,117]\" class=\"word\">The<\/span> b<span id=\"[119,124]\" class=\"word\">reath<\/span> <span id=\"[125,134]\" class=\"word\">initiates<\/span> <span id=\"[135,136]\" class=\"word\">a<\/span> <span id=\"[137,145]\" class=\"word\">movement<\/span> <span id=\"[146,150]\" class=\"word\">that<\/span> <span id=\"[151,159]\" class=\"word\">connects<\/span> <span id=\"[160,163]\" class=\"word\">one<\/span> <span id=\"[164,169]\" class=\"word\">asana<\/span> <span id=\"[170,174]\" class=\"word\">with<\/span> <span id=\"[175,182]\" class=\"word\">another<\/span>. <span id=\"[184,186]\" class=\"word\">We<\/span> <span id=\"[187,191]\" class=\"word\">move<\/span>, <span id=\"[193,195]\" class=\"word\">we<\/span> <span id=\"[196,202]\" class=\"word\">notice<\/span> <span id=\"[203,206]\" class=\"word\">how<\/span> <span id=\"[207,209]\" class=\"word\">we<\/span> <span id=\"[210,214]\" class=\"word\">move<\/span> <span id=\"[215,218]\" class=\"word\">and<\/span> <span id=\"[219,223]\" class=\"word\">what<\/span> <span id=\"[224,229]\" class=\"word\">moves<\/span> u<span id=\"[231,233]\" class=\"word\">s.<\/span> <span id=\"[234,236]\" class=\"word\">We<\/span> <span id=\"[237,245]\" class=\"word\">practice<\/span> <span id=\"[246,254]\" class=\"word\">together<\/span> <span id=\"[255,257]\" class=\"word\">to<\/span> <span id=\"[258,265]\" class=\"word\">support<\/span> <span id=\"[266,270]\" class=\"word\">each<\/span> <span id=\"[271,276]\" class=\"word\">other<\/span>. <span id=\"[278,280]\" class=\"word\">We<\/span> <span id=\"[281,285]\" class=\"word\">calm<\/span> <span id=\"[286,289]\" class=\"word\">our<\/span> <span id=\"[290,297]\" class=\"word\">spurred<\/span> <span id=\"[298,302]\" class=\"word\">mind<\/span> <span id=\"[303,305]\" class=\"word\">by<\/span> <span id=\"[306,312]\" class=\"word\">moving<\/span>. <span id=\"[314,317]\" class=\"word\">The<\/span> <span id=\"[318,322]\" class=\"word\">yoga<\/span> <span id=\"[323,330]\" class=\"word\">session<\/span> <span id=\"[331,340]\" class=\"word\">gradually<\/span> <span id=\"[341,346]\" class=\"word\">opens<\/span> <span id=\"[347,349]\" class=\"word\">up<\/span> <span id=\"[350,353]\" class=\"word\">the<\/span> b<span id=\"[355,358]\" class=\"word\">ody<\/span>, <span id=\"[360,364]\" class=\"word\">each<\/span> <span id=\"[365,373]\" class=\"word\">sequence<\/span> bu<span id=\"[376,380]\" class=\"word\">ilds<\/span> <span id=\"[381,383]\" class=\"word\">on<\/span> <span id=\"[384,387]\" class=\"word\">the<\/span> <span id=\"[388,396]\" class=\"word\">previous<\/span> <span id=\"[397,400]\" class=\"word\">one<\/span> <span id=\"[401,404]\" class=\"word\">and<\/span> <span id=\"[405,413]\" class=\"word\">develops<\/span> <span id=\"[414,418]\" class=\"word\">into<\/span> <span id=\"[419,425]\" class=\"word\">deeper<\/span>, <span id=\"[427,431]\" class=\"word\">more<\/span> <span id=\"[432,440]\" class=\"word\">advanced<\/span> <span id=\"[441,447]\" class=\"word\">asanas<\/span>. <span id=\"[449,452]\" class=\"word\">The<\/span> <span id=\"[453,458]\" class=\"word\">whole<\/span> <span id=\"[459,467]\" class=\"word\">practice<\/span> <span id=\"[468,472]\" class=\"word\">ends<\/span> <span id=\"[473,477]\" class=\"word\">with<\/span> <span id=\"[478,479]\" class=\"word\">a<\/span> <span id=\"[480,484]\" class=\"word\">deep<\/span> <span id=\"[485,490]\" class=\"word\">sense<\/span> <span id=\"[491,493]\" class=\"word\">of<\/span> <span id=\"[494,505]\" class=\"word\">mindfulness<\/span> <span id=\"[506,509]\" class=\"word\">and<\/span> <span id=\"[510,518]\" class=\"word\">improved<\/span> <span id=\"[519,529]\" class=\"word\">well-being<\/span>. <span id=\"[531,538]\" class=\"word\">Classes<\/span> <span id=\"[539,546]\" class=\"word\">include<\/span> <span id=\"[547,548]\" class=\"word\">a<\/span> <span id=\"[549,554]\" class=\"word\">range<\/span> <span id=\"[555,557]\" class=\"word\">of<\/span> <span id=\"[558,566]\" class=\"word\">standing<\/span>, <span id=\"[568,575]\" class=\"word\">sitting<\/span> <span id=\"[576,579]\" class=\"word\">and<\/span> b<span id=\"[581,584]\" class=\"word\">ack<\/span> <span id=\"[585,594]\" class=\"word\">positions<\/span>, <span id=\"[596,605]\" class=\"word\">rotations<\/span>, b<span id=\"[608,616]\" class=\"word\">alancing<\/span> <span id=\"[617,626]\" class=\"word\">positions<\/span>, <span id=\"[628,635]\" class=\"word\">forward<\/span> <span id=\"[636,647]\" class=\"word\">inclination<\/span>, b<span id=\"[650,653]\" class=\"word\">ack<\/span> <span id=\"[654,661]\" class=\"word\">flexion<\/span>, <span id=\"[663,668]\" class=\"word\">torso<\/span> <span id=\"[669,682]\" class=\"word\">reinforcement<\/span>. <span id=\"[684,688]\" class=\"word\">They<\/span> <span id=\"[689,692]\" class=\"word\">end<\/span> <span id=\"[693,695]\" class=\"word\">in<\/span> <span id=\"[696,697]\" class=\"word\">a<\/span> <span id=\"[698,703]\" class=\"word\">state<\/span> <span id=\"[704,706]\" class=\"word\">of<\/span> <span id=\"[707,715]\" class=\"word\">complete<\/span> <span id=\"[716,726]\" class=\"word\">relaxation<\/span> <span id=\"[727,729]\" class=\"word\">in<\/span> <span id=\"[730,733]\" class=\"word\">the<\/span> <span id=\"[734,742]\" class=\"word\">Savasana<\/span> <span id=\"[743,751]\" class=\"word\">position<\/span>.<\/p>\n<p><b>Prowadz\u0105ca:<\/b><span style=\"font-weight: 400;\"> Natalia Faron | Pe\u0142nia S\u0142o\u0144ca<\/span><\/p>\n<p><b>Czas trwania:<\/b> 1h<\/p>\n<p><b>Data i godzina:<\/b> pi\u0105tek i niedziela | friday &amp; sunday 10:00 &#8211; 11:00<\/p>\n<p><b>Miejsce:<\/b> <a href=\"https:\/\/mamaglobalhealing.com\/en\/mama-line-up\/open-air\/\">Open Air<\/a><\/p>\n<p><b>Ilo\u015b\u0107 os\u00f3b:<\/b> bo | no limits<\/p>\n<p><b>Dla Kogo: <\/b>Wszyscy | Everyone<\/p>\n<p><b>Bobasy:<\/b><span style=\"font-weight: 400;\"> tak | kids friendly<\/span><\/p>\n<p><strong>J\u0119zyk:<\/strong> PL\/ENG<\/p>","protected":false},"featured_media":2955,"template":"","meta":{"_et_pb_use_builder":"","_et_pb_old_content":"","_et_gb_content_width":""},"product_brand":[],"product_cat":[35,47,45],"product_tag":[],"class_list":{"0":"post-2735","1":"product","2":"type-product","3":"status-publish","4":"has-post-thumbnail","6":"product_cat-mama-open","7":"product_cat-niedziela-open","8":"product_cat-piatek-open","10":"first","11":"instock","12":"virtual","13":"taxable","14":"product-type-simple"},"yoast_head":"<!-- This site is optimized with the Yoast SEO plugin v25.1 - https:\/\/yoast.com\/wordpress\/plugins\/seo\/ -->\n<title>Vinyasa Flow Yoga PL\/ENG | Natalia Faron Pe\u0142nia S\u0142o\u0144ca - Mama Global Healing<\/title>\n<meta name=\"robots\" content=\"index, follow, max-snippet:-1, max-image-preview:large, max-video-preview:-1\" \/>\n<link rel=\"canonical\" href=\"https:\/\/mamaglobalhealing.com\/en\/product\/vinyasa-flow-joga\/\" \/>\n<meta property=\"og:locale\" content=\"en_GB\" \/>\n<meta property=\"og:type\" content=\"article\" \/>\n<meta property=\"og:title\" content=\"Vinyasa Flow Yoga PL\/ENG | Natalia Faron Pe\u0142nia S\u0142o\u0144ca - Mama Global Healing\" \/>\n<meta property=\"og:description\" content=\"Vinasya yoga jest uwa\u017cana za &quot;medytacje w ruchu&quot;, \u0142\u0105czy harmonie, r\u00f3wnowag\u0119, uwa\u017cno\u015b\u0107 oraz p\u0142ynno\u015b\u0107. Oddech inicjuje ruch, kt\u00f3ry \u0142\u0105czy jedn\u0105 asan\u0119 z drug\u0105. Poruszamy si\u0119, zauwa\u017camy jak si\u0119 poruszamy i co nas porusza. \u0106wiczymy razem, aby wspiera\u0107 si\u0119 wzajemnie. Uspokajamy nasz pobudzony umys\u0142 ruchem. Sesja jogi stopniowo otwiera cia\u0142o, ka\u017cda sekwencja opiera si\u0119 na poprzedniej, ewoluuj\u0105c w g\u0142\u0119bsze, bardziej zaawansowane asany. Ca\u0142a praktyka ko\u0144czy si\u0119 g\u0142\u0119bokim poczuciem uwa\u017cno\u015bci i popraw\u0105 samopoczucia. Zaj\u0119cia obejmuj\u0105 szereg pozycji stoj\u0105cych, siedz\u0105cych i le\u017c\u0105cych na plecach, skr\u0119ty, pozycje r\u00f3wnowa\u017c\u0105ce, sk\u0142ony do przodu, zgi\u0119cia plec\u00f3w, wzmocnienie tu\u0142owia. Ko\u0144cz\u0105 si\u0119 stanem ca\u0142kowitego relaksu w pozycji Savasany.  Vinasya Yoga is considered to be \u201cmeditations in motion\u201d and combines harmony, balance, mindfulness and fluidity. The breath initiates a movement that connects one asana with another. We move, we notice how we move and what moves us. We practice together to support each other. We calm our spurred mind by moving. The yoga session gradually opens up the body, each sequence builds on the previous one and develops into deeper, more advanced asanas. The whole practice ends with a deep sense of mindfulness and improved well-being. Classes include a range of standing, sitting and back positions, rotations, balancing positions, forward inclination, back flexion, torso reinforcement. They end in a state of complete relaxation in the Savasana position.  Prowadz\u0105ca: Natalia Faron | Pe\u0142nia S\u0142o\u0144ca  Czas trwania: 1h  Data i godzina: pi\u0105tek i niedziela | friday &amp; sunday 10:00 - 11:00  Miejsce: Open Air  Ilo\u015b\u0107 os\u00f3b: bo | no limits  Dla Kogo: Wszyscy | Everyone  Bobasy: tak | kids friendly  J\u0119zyk: PL\/ENG\" \/>\n<meta property=\"og:url\" content=\"https:\/\/mamaglobalhealing.com\/en\/product\/vinyasa-flow-joga\/\" \/>\n<meta property=\"og:site_name\" content=\"Mama Global Healing\" \/>\n<meta property=\"article:modified_time\" content=\"2022-06-03T11:28:38+00:00\" \/>\n<meta property=\"og:image\" content=\"https:\/\/mamaglobalhealing.com\/wp-content\/uploads\/2022\/04\/99.png\" \/>\n\t<meta property=\"og:image:width\" content=\"1080\" \/>\n\t<meta property=\"og:image:height\" content=\"1080\" \/>\n\t<meta property=\"og:image:type\" content=\"image\/png\" \/>\n<meta name=\"twitter:card\" content=\"summary_large_image\" \/>\n<script type=\"application\/ld+json\" class=\"yoast-schema-graph\">{\"@context\":\"https:\/\/schema.org\",\"@graph\":[{\"@type\":\"WebPage\",\"@id\":\"https:\/\/mamaglobalhealing.com\/produkt\/vinyasa-flow-joga\/\",\"url\":\"https:\/\/mamaglobalhealing.com\/produkt\/vinyasa-flow-joga\/\",\"name\":\"Vinyasa Flow Yoga PL\/ENG | Natalia Faron Pe\u0142nia S\u0142o\u0144ca - Mama Global Healing\",\"isPartOf\":{\"@id\":\"https:\/\/mamaglobalhealing.com\/#website\"},\"primaryImageOfPage\":{\"@id\":\"https:\/\/mamaglobalhealing.com\/produkt\/vinyasa-flow-joga\/#primaryimage\"},\"image\":{\"@id\":\"https:\/\/mamaglobalhealing.com\/produkt\/vinyasa-flow-joga\/#primaryimage\"},\"thumbnailUrl\":\"https:\/\/mamaglobalhealing.com\/wp-content\/uploads\/2022\/04\/99.png\",\"datePublished\":\"2022-04-27T20:04:48+00:00\",\"dateModified\":\"2022-06-03T11:28:38+00:00\",\"breadcrumb\":{\"@id\":\"https:\/\/mamaglobalhealing.com\/produkt\/vinyasa-flow-joga\/#breadcrumb\"},\"inLanguage\":\"en-GB\",\"potentialAction\":[{\"@type\":\"ReadAction\",\"target\":[\"https:\/\/mamaglobalhealing.com\/produkt\/vinyasa-flow-joga\/\"]}]},{\"@type\":\"ImageObject\",\"inLanguage\":\"en-GB\",\"@id\":\"https:\/\/mamaglobalhealing.com\/produkt\/vinyasa-flow-joga\/#primaryimage\",\"url\":\"https:\/\/mamaglobalhealing.com\/wp-content\/uploads\/2022\/04\/99.png\",\"contentUrl\":\"https:\/\/mamaglobalhealing.com\/wp-content\/uploads\/2022\/04\/99.png\",\"width\":1080,\"height\":1080},{\"@type\":\"BreadcrumbList\",\"@id\":\"https:\/\/mamaglobalhealing.com\/produkt\/vinyasa-flow-joga\/#breadcrumb\",\"itemListElement\":[{\"@type\":\"ListItem\",\"position\":1,\"name\":\"Strona g\u0142\u00f3wna\",\"item\":\"https:\/\/mamaglobalhealing.com\/\"},{\"@type\":\"ListItem\",\"position\":2,\"name\":\"Sklep\",\"item\":\"https:\/\/mamaglobalhealing.com\/sklep\/\"},{\"@type\":\"ListItem\",\"position\":3,\"name\":\"Vinyasa Flow Yoga PL\/ENG | Natalia Faron Pe\u0142nia S\u0142o\u0144ca\"}]},{\"@type\":\"WebSite\",\"@id\":\"https:\/\/mamaglobalhealing.com\/#website\",\"url\":\"https:\/\/mamaglobalhealing.com\/\",\"name\":\"Mama Global Healing\",\"description\":\"Kolejna witryna WordPress\",\"potentialAction\":[{\"@type\":\"SearchAction\",\"target\":{\"@type\":\"EntryPoint\",\"urlTemplate\":\"https:\/\/mamaglobalhealing.com\/?s={search_term_string}\"},\"query-input\":{\"@type\":\"PropertyValueSpecification\",\"valueRequired\":true,\"valueName\":\"search_term_string\"}}],\"inLanguage\":\"en-GB\"}]}<\/script>\n<!-- \/ Yoast SEO plugin. -->","yoast_head_json":{"title":"Vinyasa Flow Yoga PL\/ENG | Natalia Faron Pe\u0142nia S\u0142o\u0144ca - Mama Global Healing","robots":{"index":"index","follow":"follow","max-snippet":"max-snippet:-1","max-image-preview":"max-image-preview:large","max-video-preview":"max-video-preview:-1"},"canonical":"https:\/\/mamaglobalhealing.com\/en\/product\/vinyasa-flow-joga\/","og_locale":"en_GB","og_type":"article","og_title":"Vinyasa Flow Yoga PL\/ENG | Natalia Faron Pe\u0142nia S\u0142o\u0144ca - Mama Global Healing","og_description":"Vinasya yoga jest uwa\u017cana za \"medytacje w ruchu\", \u0142\u0105czy harmonie, r\u00f3wnowag\u0119, uwa\u017cno\u015b\u0107 oraz p\u0142ynno\u015b\u0107. Oddech inicjuje ruch, kt\u00f3ry \u0142\u0105czy jedn\u0105 asan\u0119 z drug\u0105. Poruszamy si\u0119, zauwa\u017camy jak si\u0119 poruszamy i co nas porusza. \u0106wiczymy razem, aby wspiera\u0107 si\u0119 wzajemnie. Uspokajamy nasz pobudzony umys\u0142 ruchem. Sesja jogi stopniowo otwiera cia\u0142o, ka\u017cda sekwencja opiera si\u0119 na poprzedniej, ewoluuj\u0105c w g\u0142\u0119bsze, bardziej zaawansowane asany. Ca\u0142a praktyka ko\u0144czy si\u0119 g\u0142\u0119bokim poczuciem uwa\u017cno\u015bci i popraw\u0105 samopoczucia. Zaj\u0119cia obejmuj\u0105 szereg pozycji stoj\u0105cych, siedz\u0105cych i le\u017c\u0105cych na plecach, skr\u0119ty, pozycje r\u00f3wnowa\u017c\u0105ce, sk\u0142ony do przodu, zgi\u0119cia plec\u00f3w, wzmocnienie tu\u0142owia. Ko\u0144cz\u0105 si\u0119 stanem ca\u0142kowitego relaksu w pozycji Savasany.  Vinasya Yoga is considered to be \u201cmeditations in motion\u201d and combines harmony, balance, mindfulness and fluidity. The breath initiates a movement that connects one asana with another. We move, we notice how we move and what moves us. We practice together to support each other. We calm our spurred mind by moving. The yoga session gradually opens up the body, each sequence builds on the previous one and develops into deeper, more advanced asanas. The whole practice ends with a deep sense of mindfulness and improved well-being. Classes include a range of standing, sitting and back positions, rotations, balancing positions, forward inclination, back flexion, torso reinforcement. They end in a state of complete relaxation in the Savasana position.  Prowadz\u0105ca: Natalia Faron | Pe\u0142nia S\u0142o\u0144ca  Czas trwania: 1h  Data i godzina: pi\u0105tek i niedziela | friday &amp; sunday 10:00 - 11:00  Miejsce: Open Air  Ilo\u015b\u0107 os\u00f3b: bo | no limits  Dla Kogo: Wszyscy | Everyone  Bobasy: tak | kids friendly  J\u0119zyk: PL\/ENG","og_url":"https:\/\/mamaglobalhealing.com\/en\/product\/vinyasa-flow-joga\/","og_site_name":"Mama Global Healing","article_modified_time":"2022-06-03T11:28:38+00:00","og_image":[{"width":1080,"height":1080,"url":"https:\/\/mamaglobalhealing.com\/wp-content\/uploads\/2022\/04\/99.png","type":"image\/png"}],"twitter_card":"summary_large_image","schema":{"@context":"https:\/\/schema.org","@graph":[{"@type":"WebPage","@id":"https:\/\/mamaglobalhealing.com\/produkt\/vinyasa-flow-joga\/","url":"https:\/\/mamaglobalhealing.com\/produkt\/vinyasa-flow-joga\/","name":"Vinyasa Flow Yoga PL\/ENG | Natalia Faron Pe\u0142nia S\u0142o\u0144ca - Mama Global Healing","isPartOf":{"@id":"https:\/\/mamaglobalhealing.com\/#website"},"primaryImageOfPage":{"@id":"https:\/\/mamaglobalhealing.com\/produkt\/vinyasa-flow-joga\/#primaryimage"},"image":{"@id":"https:\/\/mamaglobalhealing.com\/produkt\/vinyasa-flow-joga\/#primaryimage"},"thumbnailUrl":"https:\/\/mamaglobalhealing.com\/wp-content\/uploads\/2022\/04\/99.png","datePublished":"2022-04-27T20:04:48+00:00","dateModified":"2022-06-03T11:28:38+00:00","breadcrumb":{"@id":"https:\/\/mamaglobalhealing.com\/produkt\/vinyasa-flow-joga\/#breadcrumb"},"inLanguage":"en-GB","potentialAction":[{"@type":"ReadAction","target":["https:\/\/mamaglobalhealing.com\/produkt\/vinyasa-flow-joga\/"]}]},{"@type":"ImageObject","inLanguage":"en-GB","@id":"https:\/\/mamaglobalhealing.com\/produkt\/vinyasa-flow-joga\/#primaryimage","url":"https:\/\/mamaglobalhealing.com\/wp-content\/uploads\/2022\/04\/99.png","contentUrl":"https:\/\/mamaglobalhealing.com\/wp-content\/uploads\/2022\/04\/99.png","width":1080,"height":1080},{"@type":"BreadcrumbList","@id":"https:\/\/mamaglobalhealing.com\/produkt\/vinyasa-flow-joga\/#breadcrumb","itemListElement":[{"@type":"ListItem","position":1,"name":"Strona g\u0142\u00f3wna","item":"https:\/\/mamaglobalhealing.com\/"},{"@type":"ListItem","position":2,"name":"Sklep","item":"https:\/\/mamaglobalhealing.com\/sklep\/"},{"@type":"ListItem","position":3,"name":"Vinyasa Flow Yoga PL\/ENG | Natalia Faron Pe\u0142nia S\u0142o\u0144ca"}]},{"@type":"WebSite","@id":"https:\/\/mamaglobalhealing.com\/#website","url":"https:\/\/mamaglobalhealing.com\/","name":"Mama Global Healing","description":"Kolejna witryna WordPress","potentialAction":[{"@type":"SearchAction","target":{"@type":"EntryPoint","urlTemplate":"https:\/\/mamaglobalhealing.com\/?s={search_term_string}"},"query-input":{"@type":"PropertyValueSpecification","valueRequired":true,"valueName":"search_term_string"}}],"inLanguage":"en-GB"}]}},"_links":{"self":[{"href":"https:\/\/mamaglobalhealing.com\/en\/wp-json\/wp\/v2\/product\/2735","targetHints":{"allow":["GET"]}}],"collection":[{"href":"https:\/\/mamaglobalhealing.com\/en\/wp-json\/wp\/v2\/product"}],"about":[{"href":"https:\/\/mamaglobalhealing.com\/en\/wp-json\/wp\/v2\/types\/product"}],"wp:featuredmedia":[{"embeddable":true,"href":"https:\/\/mamaglobalhealing.com\/en\/wp-json\/wp\/v2\/media\/2955"}],"wp:attachment":[{"href":"https:\/\/mamaglobalhealing.com\/en\/wp-json\/wp\/v2\/media?parent=2735"}],"wp:term":[{"taxonomy":"product_brand","embeddable":true,"href":"https:\/\/mamaglobalhealing.com\/en\/wp-json\/wp\/v2\/product_brand?post=2735"},{"taxonomy":"product_cat","embeddable":true,"href":"https:\/\/mamaglobalhealing.com\/en\/wp-json\/wp\/v2\/product_cat?post=2735"},{"taxonomy":"product_tag","embeddable":true,"href":"https:\/\/mamaglobalhealing.com\/en\/wp-json\/wp\/v2\/product_tag?post=2735"}],"curies":[{"name":"wp","href":"https:\/\/api.w.org\/{rel}","templated":true}]}}