{"id":2736,"date":"2022-04-27T20:05:33","date_gmt":"2022-04-27T20:05:33","guid":{"rendered":"https:\/\/mamaglobalhealing.com\/?post_type=product&#038;p=2736"},"modified":"2022-05-15T17:44:20","modified_gmt":"2022-05-15T17:44:20","slug":"diamentowa-swiadomosc-w-krysztale","status":"publish","type":"product","link":"https:\/\/mamaglobalhealing.com\/en\/product\/diamentowa-swiadomosc-w-krysztale\/","title":{"rendered":"Diamentowa \u015bwiadomo\u015b\u0107 w krysztale | Katarzyna Baran"},"content":{"rendered":"","protected":false},"excerpt":{"rendered":"<p><span style=\"font-weight: 400;\"><strong>W programie spotkania:<\/strong><br \/>\n<\/span>&#8211; aktywowanie cia\u0142a Diamentowego poprzez uruchamianie w sobie kryszta\u0142\u00f3w eterycznych cia\u0142a i kryszta\u0142\u00f3w pola Macierzy<br \/>\n&#8211; medytacje powi\u0119kszaj\u0105ce komunikacj\u0119 z Natur\u0105 (ro\u015blinami i kryszta\u0142ami) w otoczeniu kamieni &#8211; w mandali,<br \/>\n<span style=\"font-weight: 400;\">&#8211; Medytacja Czerni, Z\u0142ota i Diamentu<br \/>\n<\/span>&#8211; \u0107wiczenia oddechowe z kryszta\u0142ami<\/p>\n<p><b>Prowadz\u0105ca:<\/b><span style=\"font-weight: 400;\"> Katarzyna Baran<\/span><\/p>\n<p><b>Czas trwania:<\/b> 2h<\/p>\n<p><b>Data i godzina: <\/b>sobota 12:30 &#8211; 14:30<\/p>\n<p><b>Miejsce: <\/b><a href=\"https:\/\/mamaglobalhealing.com\/en\/mama-line-up\/tent-de-vito\/\">Tent de VITO<\/a><\/p>\n<p><b>Ilo\u015b\u0107 os\u00f3b: <\/b>bo<\/p>\n<p><b>Dla Kogo: <\/b>Wszyscy<\/p>\n<p><b>Bobasy:<\/b><span style=\"font-weight: 400;\"> tak\u00a0<\/span><\/p>","protected":false},"featured_media":3313,"template":"","meta":{"_et_pb_use_builder":"","_et_pb_old_content":"","_et_gb_content_width":""},"product_brand":[],"product_cat":[35],"product_tag":[],"class_list":{"0":"post-2736","1":"product","2":"type-product","3":"status-publish","4":"has-post-thumbnail","6":"product_cat-mama-open","8":"first","9":"instock","10":"virtual","11":"taxable","12":"product-type-simple"},"yoast_head":"<!-- This site is optimized with the Yoast SEO plugin v25.1 - https:\/\/yoast.com\/wordpress\/plugins\/seo\/ -->\n<title>Diamentowa \u015bwiadomo\u015b\u0107 w krysztale | Katarzyna Baran - Mama Global Healing<\/title>\n<meta name=\"robots\" content=\"index, follow, max-snippet:-1, max-image-preview:large, max-video-preview:-1\" \/>\n<link rel=\"canonical\" href=\"https:\/\/mamaglobalhealing.com\/en\/product\/diamentowa-swiadomosc-w-krysztale\/\" \/>\n<meta property=\"og:locale\" content=\"en_GB\" \/>\n<meta property=\"og:type\" content=\"article\" \/>\n<meta property=\"og:title\" content=\"Diamentowa \u015bwiadomo\u015b\u0107 w krysztale | Katarzyna Baran - Mama Global Healing\" \/>\n<meta property=\"og:description\" content=\"W programie spotkania: - aktywowanie cia\u0142a Diamentowego poprzez uruchamianie w sobie kryszta\u0142\u00f3w eterycznych cia\u0142a i kryszta\u0142\u00f3w pola Macierzy - medytacje powi\u0119kszaj\u0105ce komunikacj\u0119 z Natur\u0105 (ro\u015blinami i kryszta\u0142ami) w otoczeniu kamieni - w mandali, - Medytacja Czerni, Z\u0142ota i Diamentu - \u0107wiczenia oddechowe z kryszta\u0142ami  Prowadz\u0105ca: Katarzyna Baran  Czas trwania: 2h  Data i godzina: sobota 12:30 - 14:30  Miejsce: Tent de VITO  Ilo\u015b\u0107 os\u00f3b: bo  Dla Kogo: Wszyscy  Bobasy: tak\u00a0\" \/>\n<meta property=\"og:url\" content=\"https:\/\/mamaglobalhealing.com\/en\/product\/diamentowa-swiadomosc-w-krysztale\/\" \/>\n<meta property=\"og:site_name\" content=\"Mama Global Healing\" \/>\n<meta property=\"article:modified_time\" content=\"2022-05-15T17:44:20+00:00\" \/>\n<meta property=\"og:image\" content=\"https:\/\/mamaglobalhealing.com\/wp-content\/uploads\/2022\/04\/49-1.png\" \/>\n\t<meta property=\"og:image:width\" content=\"1080\" \/>\n\t<meta property=\"og:image:height\" content=\"1080\" \/>\n\t<meta property=\"og:image:type\" content=\"image\/png\" \/>\n<meta name=\"twitter:card\" content=\"summary_large_image\" \/>\n<script type=\"application\/ld+json\" class=\"yoast-schema-graph\">{\"@context\":\"https:\/\/schema.org\",\"@graph\":[{\"@type\":\"WebPage\",\"@id\":\"https:\/\/mamaglobalhealing.com\/produkt\/diamentowa-swiadomosc-w-krysztale\/\",\"url\":\"https:\/\/mamaglobalhealing.com\/produkt\/diamentowa-swiadomosc-w-krysztale\/\",\"name\":\"Diamentowa \u015bwiadomo\u015b\u0107 w krysztale | Katarzyna Baran - Mama Global Healing\",\"isPartOf\":{\"@id\":\"https:\/\/mamaglobalhealing.com\/#website\"},\"primaryImageOfPage\":{\"@id\":\"https:\/\/mamaglobalhealing.com\/produkt\/diamentowa-swiadomosc-w-krysztale\/#primaryimage\"},\"image\":{\"@id\":\"https:\/\/mamaglobalhealing.com\/produkt\/diamentowa-swiadomosc-w-krysztale\/#primaryimage\"},\"thumbnailUrl\":\"https:\/\/mamaglobalhealing.com\/wp-content\/uploads\/2022\/04\/49-1.png\",\"datePublished\":\"2022-04-27T20:05:33+00:00\",\"dateModified\":\"2022-05-15T17:44:20+00:00\",\"breadcrumb\":{\"@id\":\"https:\/\/mamaglobalhealing.com\/produkt\/diamentowa-swiadomosc-w-krysztale\/#breadcrumb\"},\"inLanguage\":\"en-GB\",\"potentialAction\":[{\"@type\":\"ReadAction\",\"target\":[\"https:\/\/mamaglobalhealing.com\/produkt\/diamentowa-swiadomosc-w-krysztale\/\"]}]},{\"@type\":\"ImageObject\",\"inLanguage\":\"en-GB\",\"@id\":\"https:\/\/mamaglobalhealing.com\/produkt\/diamentowa-swiadomosc-w-krysztale\/#primaryimage\",\"url\":\"https:\/\/mamaglobalhealing.com\/wp-content\/uploads\/2022\/04\/49-1.png\",\"contentUrl\":\"https:\/\/mamaglobalhealing.com\/wp-content\/uploads\/2022\/04\/49-1.png\",\"width\":1080,\"height\":1080},{\"@type\":\"BreadcrumbList\",\"@id\":\"https:\/\/mamaglobalhealing.com\/produkt\/diamentowa-swiadomosc-w-krysztale\/#breadcrumb\",\"itemListElement\":[{\"@type\":\"ListItem\",\"position\":1,\"name\":\"Strona g\u0142\u00f3wna\",\"item\":\"https:\/\/mamaglobalhealing.com\/\"},{\"@type\":\"ListItem\",\"position\":2,\"name\":\"Sklep\",\"item\":\"https:\/\/mamaglobalhealing.com\/sklep\/\"},{\"@type\":\"ListItem\",\"position\":3,\"name\":\"Diamentowa \u015bwiadomo\u015b\u0107 w&nbsp;krysztale | Katarzyna Baran\"}]},{\"@type\":\"WebSite\",\"@id\":\"https:\/\/mamaglobalhealing.com\/#website\",\"url\":\"https:\/\/mamaglobalhealing.com\/\",\"name\":\"Mama Global Healing\",\"description\":\"Kolejna witryna WordPress\",\"potentialAction\":[{\"@type\":\"SearchAction\",\"target\":{\"@type\":\"EntryPoint\",\"urlTemplate\":\"https:\/\/mamaglobalhealing.com\/?s={search_term_string}\"},\"query-input\":{\"@type\":\"PropertyValueSpecification\",\"valueRequired\":true,\"valueName\":\"search_term_string\"}}],\"inLanguage\":\"en-GB\"}]}<\/script>\n<!-- \/ Yoast SEO plugin. -->","yoast_head_json":{"title":"Diamentowa \u015bwiadomo\u015b\u0107 w krysztale | Katarzyna Baran - Mama Global Healing","robots":{"index":"index","follow":"follow","max-snippet":"max-snippet:-1","max-image-preview":"max-image-preview:large","max-video-preview":"max-video-preview:-1"},"canonical":"https:\/\/mamaglobalhealing.com\/en\/product\/diamentowa-swiadomosc-w-krysztale\/","og_locale":"en_GB","og_type":"article","og_title":"Diamentowa \u015bwiadomo\u015b\u0107 w krysztale | Katarzyna Baran - Mama Global Healing","og_description":"W programie spotkania: - aktywowanie cia\u0142a Diamentowego poprzez uruchamianie w sobie kryszta\u0142\u00f3w eterycznych cia\u0142a i kryszta\u0142\u00f3w pola Macierzy - medytacje powi\u0119kszaj\u0105ce komunikacj\u0119 z Natur\u0105 (ro\u015blinami i kryszta\u0142ami) w otoczeniu kamieni - w mandali, - Medytacja Czerni, Z\u0142ota i Diamentu - \u0107wiczenia oddechowe z kryszta\u0142ami  Prowadz\u0105ca: Katarzyna Baran  Czas trwania: 2h  Data i godzina: sobota 12:30 - 14:30  Miejsce: Tent de VITO  Ilo\u015b\u0107 os\u00f3b: bo  Dla Kogo: Wszyscy  Bobasy: tak\u00a0","og_url":"https:\/\/mamaglobalhealing.com\/en\/product\/diamentowa-swiadomosc-w-krysztale\/","og_site_name":"Mama Global Healing","article_modified_time":"2022-05-15T17:44:20+00:00","og_image":[{"width":1080,"height":1080,"url":"https:\/\/mamaglobalhealing.com\/wp-content\/uploads\/2022\/04\/49-1.png","type":"image\/png"}],"twitter_card":"summary_large_image","schema":{"@context":"https:\/\/schema.org","@graph":[{"@type":"WebPage","@id":"https:\/\/mamaglobalhealing.com\/produkt\/diamentowa-swiadomosc-w-krysztale\/","url":"https:\/\/mamaglobalhealing.com\/produkt\/diamentowa-swiadomosc-w-krysztale\/","name":"Diamentowa \u015bwiadomo\u015b\u0107 w krysztale | Katarzyna Baran - Mama Global Healing","isPartOf":{"@id":"https:\/\/mamaglobalhealing.com\/#website"},"primaryImageOfPage":{"@id":"https:\/\/mamaglobalhealing.com\/produkt\/diamentowa-swiadomosc-w-krysztale\/#primaryimage"},"image":{"@id":"https:\/\/mamaglobalhealing.com\/produkt\/diamentowa-swiadomosc-w-krysztale\/#primaryimage"},"thumbnailUrl":"https:\/\/mamaglobalhealing.com\/wp-content\/uploads\/2022\/04\/49-1.png","datePublished":"2022-04-27T20:05:33+00:00","dateModified":"2022-05-15T17:44:20+00:00","breadcrumb":{"@id":"https:\/\/mamaglobalhealing.com\/produkt\/diamentowa-swiadomosc-w-krysztale\/#breadcrumb"},"inLanguage":"en-GB","potentialAction":[{"@type":"ReadAction","target":["https:\/\/mamaglobalhealing.com\/produkt\/diamentowa-swiadomosc-w-krysztale\/"]}]},{"@type":"ImageObject","inLanguage":"en-GB","@id":"https:\/\/mamaglobalhealing.com\/produkt\/diamentowa-swiadomosc-w-krysztale\/#primaryimage","url":"https:\/\/mamaglobalhealing.com\/wp-content\/uploads\/2022\/04\/49-1.png","contentUrl":"https:\/\/mamaglobalhealing.com\/wp-content\/uploads\/2022\/04\/49-1.png","width":1080,"height":1080},{"@type":"BreadcrumbList","@id":"https:\/\/mamaglobalhealing.com\/produkt\/diamentowa-swiadomosc-w-krysztale\/#breadcrumb","itemListElement":[{"@type":"ListItem","position":1,"name":"Strona g\u0142\u00f3wna","item":"https:\/\/mamaglobalhealing.com\/"},{"@type":"ListItem","position":2,"name":"Sklep","item":"https:\/\/mamaglobalhealing.com\/sklep\/"},{"@type":"ListItem","position":3,"name":"Diamentowa \u015bwiadomo\u015b\u0107 w&nbsp;krysztale | Katarzyna Baran"}]},{"@type":"WebSite","@id":"https:\/\/mamaglobalhealing.com\/#website","url":"https:\/\/mamaglobalhealing.com\/","name":"Mama Global Healing","description":"Kolejna witryna WordPress","potentialAction":[{"@type":"SearchAction","target":{"@type":"EntryPoint","urlTemplate":"https:\/\/mamaglobalhealing.com\/?s={search_term_string}"},"query-input":{"@type":"PropertyValueSpecification","valueRequired":true,"valueName":"search_term_string"}}],"inLanguage":"en-GB"}]}},"_links":{"self":[{"href":"https:\/\/mamaglobalhealing.com\/en\/wp-json\/wp\/v2\/product\/2736","targetHints":{"allow":["GET"]}}],"collection":[{"href":"https:\/\/mamaglobalhealing.com\/en\/wp-json\/wp\/v2\/product"}],"about":[{"href":"https:\/\/mamaglobalhealing.com\/en\/wp-json\/wp\/v2\/types\/product"}],"wp:featuredmedia":[{"embeddable":true,"href":"https:\/\/mamaglobalhealing.com\/en\/wp-json\/wp\/v2\/media\/3313"}],"wp:attachment":[{"href":"https:\/\/mamaglobalhealing.com\/en\/wp-json\/wp\/v2\/media?parent=2736"}],"wp:term":[{"taxonomy":"product_brand","embeddable":true,"href":"https:\/\/mamaglobalhealing.com\/en\/wp-json\/wp\/v2\/product_brand?post=2736"},{"taxonomy":"product_cat","embeddable":true,"href":"https:\/\/mamaglobalhealing.com\/en\/wp-json\/wp\/v2\/product_cat?post=2736"},{"taxonomy":"product_tag","embeddable":true,"href":"https:\/\/mamaglobalhealing.com\/en\/wp-json\/wp\/v2\/product_tag?post=2736"}],"curies":[{"name":"wp","href":"https:\/\/api.w.org\/{rel}","templated":true}]}}