{"id":2737,"date":"2022-04-27T20:06:30","date_gmt":"2022-04-27T20:06:30","guid":{"rendered":"https:\/\/mamaglobalhealing.com\/?post_type=product&#038;p=2737"},"modified":"2022-06-01T06:46:25","modified_gmt":"2022-06-01T06:46:25","slug":"ukladanie-mandali-harmonii","status":"publish","type":"product","link":"https:\/\/mamaglobalhealing.com\/en\/product\/ukladanie-mandali-harmonii\/","title":{"rendered":"Kryszta\u0142owa mandala harmonii | Katarzyna Baran"},"content":{"rendered":"","protected":false},"excerpt":{"rendered":"<p>Mandala kryszta\u0142owa to kszta\u0142t, wz\u00f3r uk\u0142adany intuicyjnie z intencj\u0105.<br \/>\nJest nasz\u0105 pro\u015bb\u0105 do Przestrzeni Stw\u00f3rczej i jednocze\u015bnie odczytem tego, co jest ju\u017c zapisane.<br \/>\nWsp\u00f3lnie zanurzymy si\u0119 w medytacji i ruchu, uk\u0142adaj\u0105c nasze Dobre \u017bycie Kobiet i M\u0119\u017cczyzn na Ziemi w Tu i Teraz.<br \/>\nKryszta\u0142y wzmocni\u0105 w nas aspekty wzajemnej harmonii, potrzeby wsp\u00f3\u0142istnienia i zaplatania nowych wzor\u00f3w dla przysz\u0142ych dni i pokole\u0144.<br \/>\nIm wi\u0119cej os\u00f3b do\u0142\u0105czy do wsp\u00f3lnej intencji i wzoru tym mocniejsze b\u0119dzie jego oddzia\u0142ywanie na nas i na olbrzymi obszar otoczenia.<br \/>\nPoniesiemy mandal\u0119 w sercach w r\u00f3\u017cne rejony kraju i \u015bwiata.<br \/>\nCzysta intencja, otwarto\u015b\u0107 i rado\u015b\u0107 wsparte zostan\u0105 natur\u0105 kryszta\u0142\u00f3w i Ziemi\u0105.<br \/>\nWzory Kosmosu poprzez nasze indywidualne struktury energetyczne mog\u0105 przejawia\u0107 si\u0119 jako \u017cywa zmiana i manifestacja \u017bycia.<br \/>\nDobrego \u017bycia na Ziemi.<\/p>\n<p><b>Prowadz\u0105ca:<\/b><span style=\"font-weight: 400;\"> Katarzyna Baran<\/span><\/p>\n<p><b>Czas trwania: <\/b>2h<\/p>\n<p><b>Data i godzina: <\/b>niedziela 14:30 &#8211; 16:30<\/p>\n<p><b>Miejsce: <\/b><a href=\"https:\/\/mamaglobalhealing.com\/en\/mama-line-up\/white-tent\/\">White Tent<\/a><\/p>\n<p><b>Liczba os\u00f3b: <\/b>bo<\/p>\n<p><b>Dla Kogo: <\/b>Wszyscy<\/p>\n<p><b>Bobasy:<\/b><span style=\"font-weight: 400;\"> tak<\/span><\/p>","protected":false},"featured_media":3314,"template":"","meta":{"_et_pb_use_builder":"","_et_pb_old_content":"","_et_gb_content_width":""},"product_brand":[],"product_cat":[35,47],"product_tag":[],"class_list":{"0":"post-2737","1":"product","2":"type-product","3":"status-publish","4":"has-post-thumbnail","6":"product_cat-mama-open","7":"product_cat-niedziela-open","9":"first","10":"instock","11":"virtual","12":"taxable","13":"product-type-simple"},"yoast_head":"<!-- This site is optimized with the Yoast SEO plugin v25.1 - https:\/\/yoast.com\/wordpress\/plugins\/seo\/ -->\n<title>Kryszta\u0142owa mandala harmonii | Katarzyna Baran - Mama Global Healing<\/title>\n<meta name=\"robots\" content=\"index, follow, max-snippet:-1, max-image-preview:large, max-video-preview:-1\" \/>\n<link rel=\"canonical\" href=\"https:\/\/mamaglobalhealing.com\/en\/product\/ukladanie-mandali-harmonii\/\" \/>\n<meta property=\"og:locale\" content=\"en_GB\" \/>\n<meta property=\"og:type\" content=\"article\" \/>\n<meta property=\"og:title\" content=\"Kryszta\u0142owa mandala harmonii | Katarzyna Baran - Mama Global Healing\" \/>\n<meta property=\"og:description\" content=\"Mandala kryszta\u0142owa to kszta\u0142t, wz\u00f3r uk\u0142adany intuicyjnie z intencj\u0105. Jest nasz\u0105 pro\u015bb\u0105 do Przestrzeni Stw\u00f3rczej i jednocze\u015bnie odczytem tego, co jest ju\u017c zapisane. Wsp\u00f3lnie zanurzymy si\u0119 w medytacji i ruchu, uk\u0142adaj\u0105c nasze Dobre \u017bycie Kobiet i M\u0119\u017cczyzn na Ziemi w Tu i Teraz. Kryszta\u0142y wzmocni\u0105 w nas aspekty wzajemnej harmonii, potrzeby wsp\u00f3\u0142istnienia i zaplatania nowych wzor\u00f3w dla przysz\u0142ych dni i pokole\u0144. Im wi\u0119cej os\u00f3b do\u0142\u0105czy do wsp\u00f3lnej intencji i wzoru tym mocniejsze b\u0119dzie jego oddzia\u0142ywanie na nas i na olbrzymi obszar otoczenia. Poniesiemy mandal\u0119 w sercach w r\u00f3\u017cne rejony kraju i \u015bwiata. Czysta intencja, otwarto\u015b\u0107 i rado\u015b\u0107 wsparte zostan\u0105 natur\u0105 kryszta\u0142\u00f3w i Ziemi\u0105. Wzory Kosmosu poprzez nasze indywidualne struktury energetyczne mog\u0105 przejawia\u0107 si\u0119 jako \u017cywa zmiana i manifestacja \u017bycia. Dobrego \u017bycia na Ziemi.  Prowadz\u0105ca: Katarzyna Baran  Czas trwania: 2h  Data i godzina: niedziela 14:30 - 16:30  Miejsce: White Tent  Liczba os\u00f3b: bo  Dla Kogo: Wszyscy  Bobasy: tak\" \/>\n<meta property=\"og:url\" content=\"https:\/\/mamaglobalhealing.com\/en\/product\/ukladanie-mandali-harmonii\/\" \/>\n<meta property=\"og:site_name\" content=\"Mama Global Healing\" \/>\n<meta property=\"article:modified_time\" content=\"2022-06-01T06:46:25+00:00\" \/>\n<meta property=\"og:image\" content=\"https:\/\/mamaglobalhealing.com\/wp-content\/uploads\/2022\/04\/50-1.png\" \/>\n\t<meta property=\"og:image:width\" content=\"1080\" \/>\n\t<meta property=\"og:image:height\" content=\"1080\" \/>\n\t<meta property=\"og:image:type\" content=\"image\/png\" \/>\n<meta name=\"twitter:card\" content=\"summary_large_image\" \/>\n<script type=\"application\/ld+json\" class=\"yoast-schema-graph\">{\"@context\":\"https:\/\/schema.org\",\"@graph\":[{\"@type\":\"WebPage\",\"@id\":\"https:\/\/mamaglobalhealing.com\/produkt\/ukladanie-mandali-harmonii\/\",\"url\":\"https:\/\/mamaglobalhealing.com\/produkt\/ukladanie-mandali-harmonii\/\",\"name\":\"Kryszta\u0142owa mandala harmonii | Katarzyna Baran - Mama Global Healing\",\"isPartOf\":{\"@id\":\"https:\/\/mamaglobalhealing.com\/#website\"},\"primaryImageOfPage\":{\"@id\":\"https:\/\/mamaglobalhealing.com\/produkt\/ukladanie-mandali-harmonii\/#primaryimage\"},\"image\":{\"@id\":\"https:\/\/mamaglobalhealing.com\/produkt\/ukladanie-mandali-harmonii\/#primaryimage\"},\"thumbnailUrl\":\"https:\/\/mamaglobalhealing.com\/wp-content\/uploads\/2022\/04\/50-1.png\",\"datePublished\":\"2022-04-27T20:06:30+00:00\",\"dateModified\":\"2022-06-01T06:46:25+00:00\",\"breadcrumb\":{\"@id\":\"https:\/\/mamaglobalhealing.com\/produkt\/ukladanie-mandali-harmonii\/#breadcrumb\"},\"inLanguage\":\"en-GB\",\"potentialAction\":[{\"@type\":\"ReadAction\",\"target\":[\"https:\/\/mamaglobalhealing.com\/produkt\/ukladanie-mandali-harmonii\/\"]}]},{\"@type\":\"ImageObject\",\"inLanguage\":\"en-GB\",\"@id\":\"https:\/\/mamaglobalhealing.com\/produkt\/ukladanie-mandali-harmonii\/#primaryimage\",\"url\":\"https:\/\/mamaglobalhealing.com\/wp-content\/uploads\/2022\/04\/50-1.png\",\"contentUrl\":\"https:\/\/mamaglobalhealing.com\/wp-content\/uploads\/2022\/04\/50-1.png\",\"width\":1080,\"height\":1080},{\"@type\":\"BreadcrumbList\",\"@id\":\"https:\/\/mamaglobalhealing.com\/produkt\/ukladanie-mandali-harmonii\/#breadcrumb\",\"itemListElement\":[{\"@type\":\"ListItem\",\"position\":1,\"name\":\"Strona g\u0142\u00f3wna\",\"item\":\"https:\/\/mamaglobalhealing.com\/\"},{\"@type\":\"ListItem\",\"position\":2,\"name\":\"Sklep\",\"item\":\"https:\/\/mamaglobalhealing.com\/sklep\/\"},{\"@type\":\"ListItem\",\"position\":3,\"name\":\"Kryszta\u0142owa mandala harmonii | Katarzyna Baran\"}]},{\"@type\":\"WebSite\",\"@id\":\"https:\/\/mamaglobalhealing.com\/#website\",\"url\":\"https:\/\/mamaglobalhealing.com\/\",\"name\":\"Mama Global Healing\",\"description\":\"Kolejna witryna WordPress\",\"potentialAction\":[{\"@type\":\"SearchAction\",\"target\":{\"@type\":\"EntryPoint\",\"urlTemplate\":\"https:\/\/mamaglobalhealing.com\/?s={search_term_string}\"},\"query-input\":{\"@type\":\"PropertyValueSpecification\",\"valueRequired\":true,\"valueName\":\"search_term_string\"}}],\"inLanguage\":\"en-GB\"}]}<\/script>\n<!-- \/ Yoast SEO plugin. -->","yoast_head_json":{"title":"Kryszta\u0142owa mandala harmonii | Katarzyna Baran - Mama Global Healing","robots":{"index":"index","follow":"follow","max-snippet":"max-snippet:-1","max-image-preview":"max-image-preview:large","max-video-preview":"max-video-preview:-1"},"canonical":"https:\/\/mamaglobalhealing.com\/en\/product\/ukladanie-mandali-harmonii\/","og_locale":"en_GB","og_type":"article","og_title":"Kryszta\u0142owa mandala harmonii | Katarzyna Baran - Mama Global Healing","og_description":"Mandala kryszta\u0142owa to kszta\u0142t, wz\u00f3r uk\u0142adany intuicyjnie z intencj\u0105. Jest nasz\u0105 pro\u015bb\u0105 do Przestrzeni Stw\u00f3rczej i jednocze\u015bnie odczytem tego, co jest ju\u017c zapisane. Wsp\u00f3lnie zanurzymy si\u0119 w medytacji i ruchu, uk\u0142adaj\u0105c nasze Dobre \u017bycie Kobiet i M\u0119\u017cczyzn na Ziemi w Tu i Teraz. Kryszta\u0142y wzmocni\u0105 w nas aspekty wzajemnej harmonii, potrzeby wsp\u00f3\u0142istnienia i zaplatania nowych wzor\u00f3w dla przysz\u0142ych dni i pokole\u0144. Im wi\u0119cej os\u00f3b do\u0142\u0105czy do wsp\u00f3lnej intencji i wzoru tym mocniejsze b\u0119dzie jego oddzia\u0142ywanie na nas i na olbrzymi obszar otoczenia. Poniesiemy mandal\u0119 w sercach w r\u00f3\u017cne rejony kraju i \u015bwiata. Czysta intencja, otwarto\u015b\u0107 i rado\u015b\u0107 wsparte zostan\u0105 natur\u0105 kryszta\u0142\u00f3w i Ziemi\u0105. Wzory Kosmosu poprzez nasze indywidualne struktury energetyczne mog\u0105 przejawia\u0107 si\u0119 jako \u017cywa zmiana i manifestacja \u017bycia. Dobrego \u017bycia na Ziemi.  Prowadz\u0105ca: Katarzyna Baran  Czas trwania: 2h  Data i godzina: niedziela 14:30 - 16:30  Miejsce: White Tent  Liczba os\u00f3b: bo  Dla Kogo: Wszyscy  Bobasy: tak","og_url":"https:\/\/mamaglobalhealing.com\/en\/product\/ukladanie-mandali-harmonii\/","og_site_name":"Mama Global Healing","article_modified_time":"2022-06-01T06:46:25+00:00","og_image":[{"width":1080,"height":1080,"url":"https:\/\/mamaglobalhealing.com\/wp-content\/uploads\/2022\/04\/50-1.png","type":"image\/png"}],"twitter_card":"summary_large_image","schema":{"@context":"https:\/\/schema.org","@graph":[{"@type":"WebPage","@id":"https:\/\/mamaglobalhealing.com\/produkt\/ukladanie-mandali-harmonii\/","url":"https:\/\/mamaglobalhealing.com\/produkt\/ukladanie-mandali-harmonii\/","name":"Kryszta\u0142owa mandala harmonii | Katarzyna Baran - Mama Global Healing","isPartOf":{"@id":"https:\/\/mamaglobalhealing.com\/#website"},"primaryImageOfPage":{"@id":"https:\/\/mamaglobalhealing.com\/produkt\/ukladanie-mandali-harmonii\/#primaryimage"},"image":{"@id":"https:\/\/mamaglobalhealing.com\/produkt\/ukladanie-mandali-harmonii\/#primaryimage"},"thumbnailUrl":"https:\/\/mamaglobalhealing.com\/wp-content\/uploads\/2022\/04\/50-1.png","datePublished":"2022-04-27T20:06:30+00:00","dateModified":"2022-06-01T06:46:25+00:00","breadcrumb":{"@id":"https:\/\/mamaglobalhealing.com\/produkt\/ukladanie-mandali-harmonii\/#breadcrumb"},"inLanguage":"en-GB","potentialAction":[{"@type":"ReadAction","target":["https:\/\/mamaglobalhealing.com\/produkt\/ukladanie-mandali-harmonii\/"]}]},{"@type":"ImageObject","inLanguage":"en-GB","@id":"https:\/\/mamaglobalhealing.com\/produkt\/ukladanie-mandali-harmonii\/#primaryimage","url":"https:\/\/mamaglobalhealing.com\/wp-content\/uploads\/2022\/04\/50-1.png","contentUrl":"https:\/\/mamaglobalhealing.com\/wp-content\/uploads\/2022\/04\/50-1.png","width":1080,"height":1080},{"@type":"BreadcrumbList","@id":"https:\/\/mamaglobalhealing.com\/produkt\/ukladanie-mandali-harmonii\/#breadcrumb","itemListElement":[{"@type":"ListItem","position":1,"name":"Strona g\u0142\u00f3wna","item":"https:\/\/mamaglobalhealing.com\/"},{"@type":"ListItem","position":2,"name":"Sklep","item":"https:\/\/mamaglobalhealing.com\/sklep\/"},{"@type":"ListItem","position":3,"name":"Kryszta\u0142owa mandala harmonii | Katarzyna Baran"}]},{"@type":"WebSite","@id":"https:\/\/mamaglobalhealing.com\/#website","url":"https:\/\/mamaglobalhealing.com\/","name":"Mama Global Healing","description":"Kolejna witryna WordPress","potentialAction":[{"@type":"SearchAction","target":{"@type":"EntryPoint","urlTemplate":"https:\/\/mamaglobalhealing.com\/?s={search_term_string}"},"query-input":{"@type":"PropertyValueSpecification","valueRequired":true,"valueName":"search_term_string"}}],"inLanguage":"en-GB"}]}},"_links":{"self":[{"href":"https:\/\/mamaglobalhealing.com\/en\/wp-json\/wp\/v2\/product\/2737","targetHints":{"allow":["GET"]}}],"collection":[{"href":"https:\/\/mamaglobalhealing.com\/en\/wp-json\/wp\/v2\/product"}],"about":[{"href":"https:\/\/mamaglobalhealing.com\/en\/wp-json\/wp\/v2\/types\/product"}],"wp:featuredmedia":[{"embeddable":true,"href":"https:\/\/mamaglobalhealing.com\/en\/wp-json\/wp\/v2\/media\/3314"}],"wp:attachment":[{"href":"https:\/\/mamaglobalhealing.com\/en\/wp-json\/wp\/v2\/media?parent=2737"}],"wp:term":[{"taxonomy":"product_brand","embeddable":true,"href":"https:\/\/mamaglobalhealing.com\/en\/wp-json\/wp\/v2\/product_brand?post=2737"},{"taxonomy":"product_cat","embeddable":true,"href":"https:\/\/mamaglobalhealing.com\/en\/wp-json\/wp\/v2\/product_cat?post=2737"},{"taxonomy":"product_tag","embeddable":true,"href":"https:\/\/mamaglobalhealing.com\/en\/wp-json\/wp\/v2\/product_tag?post=2737"}],"curies":[{"name":"wp","href":"https:\/\/api.w.org\/{rel}","templated":true}]}}