{"id":2738,"date":"2022-04-27T20:07:13","date_gmt":"2022-04-27T20:07:13","guid":{"rendered":"https:\/\/mamaglobalhealing.com\/?post_type=product&#038;p=2738"},"modified":"2022-05-24T13:32:25","modified_gmt":"2022-05-24T13:32:25","slug":"blisko-blizej-warsztat-dotyku","status":"publish","type":"product","link":"https:\/\/mamaglobalhealing.com\/en\/product\/blisko-blizej-warsztat-dotyku\/","title":{"rendered":"Blisko &#8211; bli\u017cej. Warsztat dotyku i komunikacji intymnej | Katarzyna Hedone Kucharska"},"content":{"rendered":"","protected":false},"excerpt":{"rendered":"<p><span style=\"font-weight: 400;\"> Warsztat oparty na dynamikach ko\u0142a zgody. B\u0119dziemy dotyka\u0107 siebie i innych w zgodzie z komunikowanymi granicami i potrzebami, uczy\u0107 si\u0119 czym jest dotyk, jak mo\u017cemy si\u0119 komunikowa\u0107 dotykiem i jak rozpoznawa\u0107 swoje granice i je komunikowa\u0107. <\/span><\/p>\n<p><b>Prowadz\u0105cy:<\/b><span style=\"font-weight: 400;\"> Katarzyna Hedone Kucharska<\/span><\/p>\n<p><b>Czas trwania:<\/b> 3h<\/p>\n<p><b>Data i godzina: <\/b>sobota 10:30 &#8211; 13:30<\/p>\n<p><b>Miejsce:<\/b> <a href=\"https:\/\/mamaglobalhealing.com\/en\/mama-line-up\/house-of-love\/\">House of Love<\/a><\/p>\n<p><b>Ilo\u015b\u0107 os\u00f3b:<\/b> do 40<\/p>\n<p><b>Dla Kogo: <\/b>Wszyscy 18+<\/p>\n<p><b>Bobasy:<\/b><span style=\"font-weight: 400;\"> nie<\/span><\/p>","protected":false},"featured_media":3317,"template":"","meta":{"_et_pb_use_builder":"","_et_pb_old_content":"","_et_gb_content_width":""},"product_brand":[],"product_cat":[35,46],"product_tag":[],"class_list":{"0":"post-2738","1":"product","2":"type-product","3":"status-publish","4":"has-post-thumbnail","6":"product_cat-mama-open","7":"product_cat-sobota-open","9":"first","10":"instock","11":"virtual","12":"taxable","13":"product-type-simple"},"yoast_head":"<!-- This site is optimized with the Yoast SEO plugin v25.1 - https:\/\/yoast.com\/wordpress\/plugins\/seo\/ -->\n<title>Blisko - bli\u017cej. Warsztat dotyku i komunikacji intymnej | Katarzyna Hedone Kucharska - Mama Global Healing<\/title>\n<meta name=\"robots\" content=\"index, follow, max-snippet:-1, max-image-preview:large, max-video-preview:-1\" \/>\n<link rel=\"canonical\" href=\"https:\/\/mamaglobalhealing.com\/en\/product\/blisko-blizej-warsztat-dotyku\/\" \/>\n<meta property=\"og:locale\" content=\"en_GB\" \/>\n<meta property=\"og:type\" content=\"article\" \/>\n<meta property=\"og:title\" content=\"Blisko - bli\u017cej. Warsztat dotyku i komunikacji intymnej | Katarzyna Hedone Kucharska - Mama Global Healing\" \/>\n<meta property=\"og:description\" content=\"Warsztat oparty na dynamikach ko\u0142a zgody. B\u0119dziemy dotyka\u0107 siebie i innych w zgodzie z komunikowanymi granicami i potrzebami, uczy\u0107 si\u0119 czym jest dotyk, jak mo\u017cemy si\u0119 komunikowa\u0107 dotykiem i jak rozpoznawa\u0107 swoje granice i je komunikowa\u0107.   Prowadz\u0105cy: Katarzyna Hedone Kucharska  Czas trwania: 3h  Data i godzina: sobota 10:30 - 13:30  Miejsce: House of Love  Ilo\u015b\u0107 os\u00f3b: do 40  Dla Kogo: Wszyscy 18+  Bobasy: nie\" \/>\n<meta property=\"og:url\" content=\"https:\/\/mamaglobalhealing.com\/en\/product\/blisko-blizej-warsztat-dotyku\/\" \/>\n<meta property=\"og:site_name\" content=\"Mama Global Healing\" \/>\n<meta property=\"article:modified_time\" content=\"2022-05-24T13:32:25+00:00\" \/>\n<meta property=\"og:image\" content=\"https:\/\/mamaglobalhealing.com\/wp-content\/uploads\/2022\/04\/Kopia-OPISY-WYDARZEN-part-1-5.jpg\" \/>\n\t<meta property=\"og:image:width\" content=\"1080\" \/>\n\t<meta property=\"og:image:height\" content=\"1080\" \/>\n\t<meta property=\"og:image:type\" content=\"image\/jpeg\" \/>\n<meta name=\"twitter:card\" content=\"summary_large_image\" \/>\n<script type=\"application\/ld+json\" class=\"yoast-schema-graph\">{\"@context\":\"https:\/\/schema.org\",\"@graph\":[{\"@type\":\"WebPage\",\"@id\":\"https:\/\/mamaglobalhealing.com\/produkt\/blisko-blizej-warsztat-dotyku\/\",\"url\":\"https:\/\/mamaglobalhealing.com\/produkt\/blisko-blizej-warsztat-dotyku\/\",\"name\":\"Blisko - bli\u017cej. Warsztat dotyku i komunikacji intymnej | Katarzyna Hedone Kucharska - Mama Global Healing\",\"isPartOf\":{\"@id\":\"https:\/\/mamaglobalhealing.com\/#website\"},\"primaryImageOfPage\":{\"@id\":\"https:\/\/mamaglobalhealing.com\/produkt\/blisko-blizej-warsztat-dotyku\/#primaryimage\"},\"image\":{\"@id\":\"https:\/\/mamaglobalhealing.com\/produkt\/blisko-blizej-warsztat-dotyku\/#primaryimage\"},\"thumbnailUrl\":\"https:\/\/mamaglobalhealing.com\/wp-content\/uploads\/2022\/04\/Kopia-OPISY-WYDARZEN-part-1-5.jpg\",\"datePublished\":\"2022-04-27T20:07:13+00:00\",\"dateModified\":\"2022-05-24T13:32:25+00:00\",\"breadcrumb\":{\"@id\":\"https:\/\/mamaglobalhealing.com\/produkt\/blisko-blizej-warsztat-dotyku\/#breadcrumb\"},\"inLanguage\":\"en-GB\",\"potentialAction\":[{\"@type\":\"ReadAction\",\"target\":[\"https:\/\/mamaglobalhealing.com\/produkt\/blisko-blizej-warsztat-dotyku\/\"]}]},{\"@type\":\"ImageObject\",\"inLanguage\":\"en-GB\",\"@id\":\"https:\/\/mamaglobalhealing.com\/produkt\/blisko-blizej-warsztat-dotyku\/#primaryimage\",\"url\":\"https:\/\/mamaglobalhealing.com\/wp-content\/uploads\/2022\/04\/Kopia-OPISY-WYDARZEN-part-1-5.jpg\",\"contentUrl\":\"https:\/\/mamaglobalhealing.com\/wp-content\/uploads\/2022\/04\/Kopia-OPISY-WYDARZEN-part-1-5.jpg\",\"width\":1080,\"height\":1080},{\"@type\":\"BreadcrumbList\",\"@id\":\"https:\/\/mamaglobalhealing.com\/produkt\/blisko-blizej-warsztat-dotyku\/#breadcrumb\",\"itemListElement\":[{\"@type\":\"ListItem\",\"position\":1,\"name\":\"Strona g\u0142\u00f3wna\",\"item\":\"https:\/\/mamaglobalhealing.com\/\"},{\"@type\":\"ListItem\",\"position\":2,\"name\":\"Sklep\",\"item\":\"https:\/\/mamaglobalhealing.com\/sklep\/\"},{\"@type\":\"ListItem\",\"position\":3,\"name\":\"Blisko &#8211; bli\u017cej. Warsztat dotyku i&nbsp;komunikacji intymnej | Katarzyna Hedone Kucharska\"}]},{\"@type\":\"WebSite\",\"@id\":\"https:\/\/mamaglobalhealing.com\/#website\",\"url\":\"https:\/\/mamaglobalhealing.com\/\",\"name\":\"Mama Global Healing\",\"description\":\"Kolejna witryna WordPress\",\"potentialAction\":[{\"@type\":\"SearchAction\",\"target\":{\"@type\":\"EntryPoint\",\"urlTemplate\":\"https:\/\/mamaglobalhealing.com\/?s={search_term_string}\"},\"query-input\":{\"@type\":\"PropertyValueSpecification\",\"valueRequired\":true,\"valueName\":\"search_term_string\"}}],\"inLanguage\":\"en-GB\"}]}<\/script>\n<!-- \/ Yoast SEO plugin. -->","yoast_head_json":{"title":"Blisko - bli\u017cej. Warsztat dotyku i komunikacji intymnej | Katarzyna Hedone Kucharska - Mama Global Healing","robots":{"index":"index","follow":"follow","max-snippet":"max-snippet:-1","max-image-preview":"max-image-preview:large","max-video-preview":"max-video-preview:-1"},"canonical":"https:\/\/mamaglobalhealing.com\/en\/product\/blisko-blizej-warsztat-dotyku\/","og_locale":"en_GB","og_type":"article","og_title":"Blisko - bli\u017cej. Warsztat dotyku i komunikacji intymnej | Katarzyna Hedone Kucharska - Mama Global Healing","og_description":"Warsztat oparty na dynamikach ko\u0142a zgody. B\u0119dziemy dotyka\u0107 siebie i innych w zgodzie z komunikowanymi granicami i potrzebami, uczy\u0107 si\u0119 czym jest dotyk, jak mo\u017cemy si\u0119 komunikowa\u0107 dotykiem i jak rozpoznawa\u0107 swoje granice i je komunikowa\u0107.   Prowadz\u0105cy: Katarzyna Hedone Kucharska  Czas trwania: 3h  Data i godzina: sobota 10:30 - 13:30  Miejsce: House of Love  Ilo\u015b\u0107 os\u00f3b: do 40  Dla Kogo: Wszyscy 18+  Bobasy: nie","og_url":"https:\/\/mamaglobalhealing.com\/en\/product\/blisko-blizej-warsztat-dotyku\/","og_site_name":"Mama Global Healing","article_modified_time":"2022-05-24T13:32:25+00:00","og_image":[{"width":1080,"height":1080,"url":"https:\/\/mamaglobalhealing.com\/wp-content\/uploads\/2022\/04\/Kopia-OPISY-WYDARZEN-part-1-5.jpg","type":"image\/jpeg"}],"twitter_card":"summary_large_image","schema":{"@context":"https:\/\/schema.org","@graph":[{"@type":"WebPage","@id":"https:\/\/mamaglobalhealing.com\/produkt\/blisko-blizej-warsztat-dotyku\/","url":"https:\/\/mamaglobalhealing.com\/produkt\/blisko-blizej-warsztat-dotyku\/","name":"Blisko - bli\u017cej. Warsztat dotyku i komunikacji intymnej | Katarzyna Hedone Kucharska - Mama Global Healing","isPartOf":{"@id":"https:\/\/mamaglobalhealing.com\/#website"},"primaryImageOfPage":{"@id":"https:\/\/mamaglobalhealing.com\/produkt\/blisko-blizej-warsztat-dotyku\/#primaryimage"},"image":{"@id":"https:\/\/mamaglobalhealing.com\/produkt\/blisko-blizej-warsztat-dotyku\/#primaryimage"},"thumbnailUrl":"https:\/\/mamaglobalhealing.com\/wp-content\/uploads\/2022\/04\/Kopia-OPISY-WYDARZEN-part-1-5.jpg","datePublished":"2022-04-27T20:07:13+00:00","dateModified":"2022-05-24T13:32:25+00:00","breadcrumb":{"@id":"https:\/\/mamaglobalhealing.com\/produkt\/blisko-blizej-warsztat-dotyku\/#breadcrumb"},"inLanguage":"en-GB","potentialAction":[{"@type":"ReadAction","target":["https:\/\/mamaglobalhealing.com\/produkt\/blisko-blizej-warsztat-dotyku\/"]}]},{"@type":"ImageObject","inLanguage":"en-GB","@id":"https:\/\/mamaglobalhealing.com\/produkt\/blisko-blizej-warsztat-dotyku\/#primaryimage","url":"https:\/\/mamaglobalhealing.com\/wp-content\/uploads\/2022\/04\/Kopia-OPISY-WYDARZEN-part-1-5.jpg","contentUrl":"https:\/\/mamaglobalhealing.com\/wp-content\/uploads\/2022\/04\/Kopia-OPISY-WYDARZEN-part-1-5.jpg","width":1080,"height":1080},{"@type":"BreadcrumbList","@id":"https:\/\/mamaglobalhealing.com\/produkt\/blisko-blizej-warsztat-dotyku\/#breadcrumb","itemListElement":[{"@type":"ListItem","position":1,"name":"Strona g\u0142\u00f3wna","item":"https:\/\/mamaglobalhealing.com\/"},{"@type":"ListItem","position":2,"name":"Sklep","item":"https:\/\/mamaglobalhealing.com\/sklep\/"},{"@type":"ListItem","position":3,"name":"Blisko &#8211; bli\u017cej. Warsztat dotyku i&nbsp;komunikacji intymnej | Katarzyna Hedone Kucharska"}]},{"@type":"WebSite","@id":"https:\/\/mamaglobalhealing.com\/#website","url":"https:\/\/mamaglobalhealing.com\/","name":"Mama Global Healing","description":"Kolejna witryna WordPress","potentialAction":[{"@type":"SearchAction","target":{"@type":"EntryPoint","urlTemplate":"https:\/\/mamaglobalhealing.com\/?s={search_term_string}"},"query-input":{"@type":"PropertyValueSpecification","valueRequired":true,"valueName":"search_term_string"}}],"inLanguage":"en-GB"}]}},"_links":{"self":[{"href":"https:\/\/mamaglobalhealing.com\/en\/wp-json\/wp\/v2\/product\/2738","targetHints":{"allow":["GET"]}}],"collection":[{"href":"https:\/\/mamaglobalhealing.com\/en\/wp-json\/wp\/v2\/product"}],"about":[{"href":"https:\/\/mamaglobalhealing.com\/en\/wp-json\/wp\/v2\/types\/product"}],"wp:featuredmedia":[{"embeddable":true,"href":"https:\/\/mamaglobalhealing.com\/en\/wp-json\/wp\/v2\/media\/3317"}],"wp:attachment":[{"href":"https:\/\/mamaglobalhealing.com\/en\/wp-json\/wp\/v2\/media?parent=2738"}],"wp:term":[{"taxonomy":"product_brand","embeddable":true,"href":"https:\/\/mamaglobalhealing.com\/en\/wp-json\/wp\/v2\/product_brand?post=2738"},{"taxonomy":"product_cat","embeddable":true,"href":"https:\/\/mamaglobalhealing.com\/en\/wp-json\/wp\/v2\/product_cat?post=2738"},{"taxonomy":"product_tag","embeddable":true,"href":"https:\/\/mamaglobalhealing.com\/en\/wp-json\/wp\/v2\/product_tag?post=2738"}],"curies":[{"name":"wp","href":"https:\/\/api.w.org\/{rel}","templated":true}]}}