{"id":2740,"date":"2022-04-27T20:10:14","date_gmt":"2022-04-27T20:10:14","guid":{"rendered":"https:\/\/mamaglobalhealing.com\/?post_type=product&#038;p=2740"},"modified":"2022-05-24T13:30:20","modified_gmt":"2022-05-24T13:30:20","slug":"wytancz-swoja-obfitosc","status":"publish","type":"product","link":"https:\/\/mamaglobalhealing.com\/en\/product\/wytancz-swoja-obfitosc\/","title":{"rendered":"Wyta\u0144cz swoj\u0105 obfito\u015b\u0107 | Agata J. Go\u017adzik &#8211; Bogini Obfito\u015bci &#038; S\u0142awek Go\u017adzik"},"content":{"rendered":"","protected":false},"excerpt":{"rendered":"<p><span style=\"font-weight: 400;\"> Prowadzona medytacja Obfito\u015bci w ta\u0144cu, intuicyjne uzdrawianie w\u0142asnego do\u015bwiadczenia Obfito\u015bci i relacji z pieni\u0119dzmi i dostatkiem poprzez ruch. Uczestnicy spotkania, kobiety i m\u0119\u017cczy\u017ani, b\u0119d\u0105 ta\u0144czy\u0107 i wyra\u017ca\u0107 poprzez ruch swoj\u0105 Obfito\u015b\u0107, swoje dawanie i branie, swoje posiadanie i tracenie. <\/span><\/p>\n<p><b>Prowadz\u0105cy:<\/b><span style=\"font-weight: 400;\"> Agata J. Go\u017adzik &#8211; Bogini Obfito\u015bci &amp; S\u0142awek Go\u017adzik <\/span><\/p>\n<p><b>Czas trwania:<\/b> 2h<\/p>\n<p><b>Data i godzina: <\/b>sobota 15:00 &#8211; 17:00<\/p>\n<p><b>Miejsce: <\/b> <a href=\"https:\/\/mamaglobalhealing.com\/en\/mama-line-up\/tent-de-vito\/\">Tent de VITO<\/a><\/p>\n<p><b>Ilo\u015b\u0107 os\u00f3b:<\/b> bo<\/p>\n<p><b>Dla Kogo: <\/b> Wszyscy<\/p>\n<p><b>Bobasy:<\/b> nie<\/p>","protected":false},"featured_media":3311,"template":"","meta":{"_et_pb_use_builder":"","_et_pb_old_content":"","_et_gb_content_width":""},"product_brand":[],"product_cat":[35,46],"product_tag":[],"class_list":{"0":"post-2740","1":"product","2":"type-product","3":"status-publish","4":"has-post-thumbnail","6":"product_cat-mama-open","7":"product_cat-sobota-open","9":"first","10":"instock","11":"virtual","12":"taxable","13":"product-type-simple"},"yoast_head":"<!-- This site is optimized with the Yoast SEO plugin v25.1 - https:\/\/yoast.com\/wordpress\/plugins\/seo\/ -->\n<title>Wyta\u0144cz swoj\u0105 obfito\u015b\u0107 | Agata J. Go\u017adzik - Bogini Obfito\u015bci &amp; S\u0142awek Go\u017adzik - Mama Global Healing<\/title>\n<meta name=\"robots\" content=\"index, follow, max-snippet:-1, max-image-preview:large, max-video-preview:-1\" \/>\n<link rel=\"canonical\" href=\"https:\/\/mamaglobalhealing.com\/en\/product\/wytancz-swoja-obfitosc\/\" \/>\n<meta property=\"og:locale\" content=\"en_GB\" \/>\n<meta property=\"og:type\" content=\"article\" \/>\n<meta property=\"og:title\" content=\"Wyta\u0144cz swoj\u0105 obfito\u015b\u0107 | Agata J. Go\u017adzik - Bogini Obfito\u015bci &amp; S\u0142awek Go\u017adzik - Mama Global Healing\" \/>\n<meta property=\"og:description\" content=\"Prowadzona medytacja Obfito\u015bci w ta\u0144cu, intuicyjne uzdrawianie w\u0142asnego do\u015bwiadczenia Obfito\u015bci i relacji z pieni\u0119dzmi i dostatkiem poprzez ruch. Uczestnicy spotkania, kobiety i m\u0119\u017cczy\u017ani, b\u0119d\u0105 ta\u0144czy\u0107 i wyra\u017ca\u0107 poprzez ruch swoj\u0105 Obfito\u015b\u0107, swoje dawanie i branie, swoje posiadanie i tracenie.   Prowadz\u0105cy: Agata J. Go\u017adzik - Bogini Obfito\u015bci &amp; S\u0142awek Go\u017adzik   Czas trwania: 2h  Data i godzina: sobota 15:00 - 17:00  Miejsce: Tent de VITO  Ilo\u015b\u0107 os\u00f3b: bo  Dla Kogo: Wszyscy  Bobasy: nie\" \/>\n<meta property=\"og:url\" content=\"https:\/\/mamaglobalhealing.com\/en\/product\/wytancz-swoja-obfitosc\/\" \/>\n<meta property=\"og:site_name\" content=\"Mama Global Healing\" \/>\n<meta property=\"article:modified_time\" content=\"2022-05-24T13:30:20+00:00\" \/>\n<meta property=\"og:image\" content=\"https:\/\/mamaglobalhealing.com\/wp-content\/uploads\/2022\/04\/Kopia-OPISY-WYDARZEN-part-1-3.jpg\" \/>\n\t<meta property=\"og:image:width\" content=\"1080\" \/>\n\t<meta property=\"og:image:height\" content=\"1080\" \/>\n\t<meta property=\"og:image:type\" content=\"image\/jpeg\" \/>\n<meta name=\"twitter:card\" content=\"summary_large_image\" \/>\n<script type=\"application\/ld+json\" class=\"yoast-schema-graph\">{\"@context\":\"https:\/\/schema.org\",\"@graph\":[{\"@type\":\"WebPage\",\"@id\":\"https:\/\/mamaglobalhealing.com\/produkt\/wytancz-swoja-obfitosc\/\",\"url\":\"https:\/\/mamaglobalhealing.com\/produkt\/wytancz-swoja-obfitosc\/\",\"name\":\"Wyta\u0144cz swoj\u0105 obfito\u015b\u0107 | Agata J. Go\u017adzik - Bogini Obfito\u015bci & S\u0142awek Go\u017adzik - Mama Global Healing\",\"isPartOf\":{\"@id\":\"https:\/\/mamaglobalhealing.com\/#website\"},\"primaryImageOfPage\":{\"@id\":\"https:\/\/mamaglobalhealing.com\/produkt\/wytancz-swoja-obfitosc\/#primaryimage\"},\"image\":{\"@id\":\"https:\/\/mamaglobalhealing.com\/produkt\/wytancz-swoja-obfitosc\/#primaryimage\"},\"thumbnailUrl\":\"https:\/\/mamaglobalhealing.com\/wp-content\/uploads\/2022\/04\/Kopia-OPISY-WYDARZEN-part-1-3.jpg\",\"datePublished\":\"2022-04-27T20:10:14+00:00\",\"dateModified\":\"2022-05-24T13:30:20+00:00\",\"breadcrumb\":{\"@id\":\"https:\/\/mamaglobalhealing.com\/produkt\/wytancz-swoja-obfitosc\/#breadcrumb\"},\"inLanguage\":\"en-GB\",\"potentialAction\":[{\"@type\":\"ReadAction\",\"target\":[\"https:\/\/mamaglobalhealing.com\/produkt\/wytancz-swoja-obfitosc\/\"]}]},{\"@type\":\"ImageObject\",\"inLanguage\":\"en-GB\",\"@id\":\"https:\/\/mamaglobalhealing.com\/produkt\/wytancz-swoja-obfitosc\/#primaryimage\",\"url\":\"https:\/\/mamaglobalhealing.com\/wp-content\/uploads\/2022\/04\/Kopia-OPISY-WYDARZEN-part-1-3.jpg\",\"contentUrl\":\"https:\/\/mamaglobalhealing.com\/wp-content\/uploads\/2022\/04\/Kopia-OPISY-WYDARZEN-part-1-3.jpg\",\"width\":1080,\"height\":1080},{\"@type\":\"BreadcrumbList\",\"@id\":\"https:\/\/mamaglobalhealing.com\/produkt\/wytancz-swoja-obfitosc\/#breadcrumb\",\"itemListElement\":[{\"@type\":\"ListItem\",\"position\":1,\"name\":\"Strona g\u0142\u00f3wna\",\"item\":\"https:\/\/mamaglobalhealing.com\/\"},{\"@type\":\"ListItem\",\"position\":2,\"name\":\"Sklep\",\"item\":\"https:\/\/mamaglobalhealing.com\/sklep\/\"},{\"@type\":\"ListItem\",\"position\":3,\"name\":\"Wyta\u0144cz swoj\u0105 obfito\u015b\u0107 | Agata J. Go\u017adzik &#8211; Bogini Obfito\u015bci &#038; S\u0142awek Go\u017adzik\"}]},{\"@type\":\"WebSite\",\"@id\":\"https:\/\/mamaglobalhealing.com\/#website\",\"url\":\"https:\/\/mamaglobalhealing.com\/\",\"name\":\"Mama Global Healing\",\"description\":\"Kolejna witryna WordPress\",\"potentialAction\":[{\"@type\":\"SearchAction\",\"target\":{\"@type\":\"EntryPoint\",\"urlTemplate\":\"https:\/\/mamaglobalhealing.com\/?s={search_term_string}\"},\"query-input\":{\"@type\":\"PropertyValueSpecification\",\"valueRequired\":true,\"valueName\":\"search_term_string\"}}],\"inLanguage\":\"en-GB\"}]}<\/script>\n<!-- \/ Yoast SEO plugin. -->","yoast_head_json":{"title":"Wyta\u0144cz swoj\u0105 obfito\u015b\u0107 | Agata J. Go\u017adzik - Bogini Obfito\u015bci & S\u0142awek Go\u017adzik - Mama Global Healing","robots":{"index":"index","follow":"follow","max-snippet":"max-snippet:-1","max-image-preview":"max-image-preview:large","max-video-preview":"max-video-preview:-1"},"canonical":"https:\/\/mamaglobalhealing.com\/en\/product\/wytancz-swoja-obfitosc\/","og_locale":"en_GB","og_type":"article","og_title":"Wyta\u0144cz swoj\u0105 obfito\u015b\u0107 | Agata J. Go\u017adzik - Bogini Obfito\u015bci & S\u0142awek Go\u017adzik - Mama Global Healing","og_description":"Prowadzona medytacja Obfito\u015bci w ta\u0144cu, intuicyjne uzdrawianie w\u0142asnego do\u015bwiadczenia Obfito\u015bci i relacji z pieni\u0119dzmi i dostatkiem poprzez ruch. Uczestnicy spotkania, kobiety i m\u0119\u017cczy\u017ani, b\u0119d\u0105 ta\u0144czy\u0107 i wyra\u017ca\u0107 poprzez ruch swoj\u0105 Obfito\u015b\u0107, swoje dawanie i branie, swoje posiadanie i tracenie.   Prowadz\u0105cy: Agata J. Go\u017adzik - Bogini Obfito\u015bci &amp; S\u0142awek Go\u017adzik   Czas trwania: 2h  Data i godzina: sobota 15:00 - 17:00  Miejsce: Tent de VITO  Ilo\u015b\u0107 os\u00f3b: bo  Dla Kogo: Wszyscy  Bobasy: nie","og_url":"https:\/\/mamaglobalhealing.com\/en\/product\/wytancz-swoja-obfitosc\/","og_site_name":"Mama Global Healing","article_modified_time":"2022-05-24T13:30:20+00:00","og_image":[{"width":1080,"height":1080,"url":"https:\/\/mamaglobalhealing.com\/wp-content\/uploads\/2022\/04\/Kopia-OPISY-WYDARZEN-part-1-3.jpg","type":"image\/jpeg"}],"twitter_card":"summary_large_image","schema":{"@context":"https:\/\/schema.org","@graph":[{"@type":"WebPage","@id":"https:\/\/mamaglobalhealing.com\/produkt\/wytancz-swoja-obfitosc\/","url":"https:\/\/mamaglobalhealing.com\/produkt\/wytancz-swoja-obfitosc\/","name":"Wyta\u0144cz swoj\u0105 obfito\u015b\u0107 | Agata J. Go\u017adzik - Bogini Obfito\u015bci & S\u0142awek Go\u017adzik - Mama Global Healing","isPartOf":{"@id":"https:\/\/mamaglobalhealing.com\/#website"},"primaryImageOfPage":{"@id":"https:\/\/mamaglobalhealing.com\/produkt\/wytancz-swoja-obfitosc\/#primaryimage"},"image":{"@id":"https:\/\/mamaglobalhealing.com\/produkt\/wytancz-swoja-obfitosc\/#primaryimage"},"thumbnailUrl":"https:\/\/mamaglobalhealing.com\/wp-content\/uploads\/2022\/04\/Kopia-OPISY-WYDARZEN-part-1-3.jpg","datePublished":"2022-04-27T20:10:14+00:00","dateModified":"2022-05-24T13:30:20+00:00","breadcrumb":{"@id":"https:\/\/mamaglobalhealing.com\/produkt\/wytancz-swoja-obfitosc\/#breadcrumb"},"inLanguage":"en-GB","potentialAction":[{"@type":"ReadAction","target":["https:\/\/mamaglobalhealing.com\/produkt\/wytancz-swoja-obfitosc\/"]}]},{"@type":"ImageObject","inLanguage":"en-GB","@id":"https:\/\/mamaglobalhealing.com\/produkt\/wytancz-swoja-obfitosc\/#primaryimage","url":"https:\/\/mamaglobalhealing.com\/wp-content\/uploads\/2022\/04\/Kopia-OPISY-WYDARZEN-part-1-3.jpg","contentUrl":"https:\/\/mamaglobalhealing.com\/wp-content\/uploads\/2022\/04\/Kopia-OPISY-WYDARZEN-part-1-3.jpg","width":1080,"height":1080},{"@type":"BreadcrumbList","@id":"https:\/\/mamaglobalhealing.com\/produkt\/wytancz-swoja-obfitosc\/#breadcrumb","itemListElement":[{"@type":"ListItem","position":1,"name":"Strona g\u0142\u00f3wna","item":"https:\/\/mamaglobalhealing.com\/"},{"@type":"ListItem","position":2,"name":"Sklep","item":"https:\/\/mamaglobalhealing.com\/sklep\/"},{"@type":"ListItem","position":3,"name":"Wyta\u0144cz swoj\u0105 obfito\u015b\u0107 | Agata J. Go\u017adzik &#8211; Bogini Obfito\u015bci &#038; S\u0142awek Go\u017adzik"}]},{"@type":"WebSite","@id":"https:\/\/mamaglobalhealing.com\/#website","url":"https:\/\/mamaglobalhealing.com\/","name":"Mama Global Healing","description":"Kolejna witryna WordPress","potentialAction":[{"@type":"SearchAction","target":{"@type":"EntryPoint","urlTemplate":"https:\/\/mamaglobalhealing.com\/?s={search_term_string}"},"query-input":{"@type":"PropertyValueSpecification","valueRequired":true,"valueName":"search_term_string"}}],"inLanguage":"en-GB"}]}},"_links":{"self":[{"href":"https:\/\/mamaglobalhealing.com\/en\/wp-json\/wp\/v2\/product\/2740","targetHints":{"allow":["GET"]}}],"collection":[{"href":"https:\/\/mamaglobalhealing.com\/en\/wp-json\/wp\/v2\/product"}],"about":[{"href":"https:\/\/mamaglobalhealing.com\/en\/wp-json\/wp\/v2\/types\/product"}],"wp:featuredmedia":[{"embeddable":true,"href":"https:\/\/mamaglobalhealing.com\/en\/wp-json\/wp\/v2\/media\/3311"}],"wp:attachment":[{"href":"https:\/\/mamaglobalhealing.com\/en\/wp-json\/wp\/v2\/media?parent=2740"}],"wp:term":[{"taxonomy":"product_brand","embeddable":true,"href":"https:\/\/mamaglobalhealing.com\/en\/wp-json\/wp\/v2\/product_brand?post=2740"},{"taxonomy":"product_cat","embeddable":true,"href":"https:\/\/mamaglobalhealing.com\/en\/wp-json\/wp\/v2\/product_cat?post=2740"},{"taxonomy":"product_tag","embeddable":true,"href":"https:\/\/mamaglobalhealing.com\/en\/wp-json\/wp\/v2\/product_tag?post=2740"}],"curies":[{"name":"wp","href":"https:\/\/api.w.org\/{rel}","templated":true}]}}