{"id":2744,"date":"2022-04-27T20:13:29","date_gmt":"2022-04-27T20:13:29","guid":{"rendered":"https:\/\/mamaglobalhealing.com\/?post_type=product&#038;p=2744"},"modified":"2022-11-17T11:12:30","modified_gmt":"2022-11-17T11:12:30","slug":"krag-obfitosci-dla-mezczyzn-i-kobiet","status":"publish","type":"product","link":"https:\/\/mamaglobalhealing.com\/en\/product\/krag-obfitosci-dla-mezczyzn-i-kobiet\/","title":{"rendered":"Kr\u0105g obfito\u015bci dla m\u0119\u017cczyzn i kobiet | Agata Bogini Obfito\u015bci &#038; S\u0142awek Go\u017adzik"},"content":{"rendered":"","protected":false},"excerpt":{"rendered":"<p><span style=\"font-weight: 400;\"> Usi\u0105dziemy w Kr\u0119gu by podzieli\u0107 si\u0119 ze sob\u0105 swoim do\u015bwiadczeniem relacji z Obfito\u015bci\u0105 i Dostatkiem w kontek\u015bcie w\u0142asnym i Planety Ziemi. B\u0119dzie to przestrze\u0144 na uznanie i celebrowanie tego, co przychodzi nam \u0142atwo ale te\u017c zobaczenie tych kawa\u0142k\u00f3w, kt\u00f3re wo\u0142aj\u0105 o uzdrowienie i staj\u0105 na drodze prawdziwemu przep\u0142ywowi i lekko\u015bci. Wa\u017cnym elementem kr\u0119gu b\u0119dzie wymiana podarunk\u00f3w z innymi uczestni\/cz\/kami Kr\u0119gu, zatem te osoby, kt\u00f3re chc\u0105 wzi\u0105\u0107 udzia\u0142 w Kr\u0119gu Obfito\u015bci proszone s\u0105 o przygotowanie daru dla innej kobiety. Element obdarowywania\/przyjmowania daru b\u0119dzie kluczowym punktem Kr\u0119gu. <\/span><\/p>\n<p><b>Prowadz\u0105cy:<\/b><span style=\"font-weight: 400;\"> Agata Bogini Obfito\u015bci &amp; S\u0142awek Go\u017adzik<\/span><\/p>\n<p><b>Czas trwania:<\/b> 2h<\/p>\n<p><b>Data i godzina:<\/b> niedziela 11:30 &#8211; 13:30<\/p>\n<p><b>Miejsce:<\/b> Dharma Tipi<\/p>\n<p><b>Ilo\u015b\u0107 os\u00f3b:<\/b> 20<\/p>\n<p><b>Dla Kogo: <\/b>Wszyscy<\/p>\n<p><b>Bobasy:<\/b><span style=\"font-weight: 400;\"> Tak\u00a0<\/span><\/p>\n<p><b>Cena:<\/b> 33 PLN<\/p>","protected":false},"featured_media":2898,"template":"","meta":{"_et_pb_use_builder":"","_et_pb_old_content":"","_et_gb_content_width":""},"product_brand":[],"product_cat":[34,43],"product_tag":[],"class_list":{"0":"post-2744","1":"product","2":"type-product","3":"status-publish","4":"has-post-thumbnail","6":"product_cat-mama-work","7":"product_cat-niedziela","9":"first","10":"instock","11":"virtual","12":"taxable","13":"product-type-simple"},"yoast_head":"<!-- This site is optimized with the Yoast SEO plugin v25.1 - https:\/\/yoast.com\/wordpress\/plugins\/seo\/ -->\n<title>Kr\u0105g obfito\u015bci dla m\u0119\u017cczyzn i kobiet | Agata Bogini Obfito\u015bci &amp; S\u0142awek Go\u017adzik - Mama Global Healing<\/title>\n<meta name=\"robots\" content=\"index, follow, max-snippet:-1, max-image-preview:large, max-video-preview:-1\" \/>\n<link rel=\"canonical\" href=\"https:\/\/mamaglobalhealing.com\/en\/product\/krag-obfitosci-dla-mezczyzn-i-kobiet\/\" \/>\n<meta property=\"og:locale\" content=\"en_GB\" \/>\n<meta property=\"og:type\" content=\"article\" \/>\n<meta property=\"og:title\" content=\"Kr\u0105g obfito\u015bci dla m\u0119\u017cczyzn i kobiet | Agata Bogini Obfito\u015bci &amp; S\u0142awek Go\u017adzik - Mama Global Healing\" \/>\n<meta property=\"og:description\" content=\"Usi\u0105dziemy w Kr\u0119gu by podzieli\u0107 si\u0119 ze sob\u0105 swoim do\u015bwiadczeniem relacji z Obfito\u015bci\u0105 i Dostatkiem w kontek\u015bcie w\u0142asnym i Planety Ziemi. B\u0119dzie to przestrze\u0144 na uznanie i celebrowanie tego, co przychodzi nam \u0142atwo ale te\u017c zobaczenie tych kawa\u0142k\u00f3w, kt\u00f3re wo\u0142aj\u0105 o uzdrowienie i staj\u0105 na drodze prawdziwemu przep\u0142ywowi i lekko\u015bci. Wa\u017cnym elementem kr\u0119gu b\u0119dzie wymiana podarunk\u00f3w z innymi uczestni\/cz\/kami Kr\u0119gu, zatem te osoby, kt\u00f3re chc\u0105 wzi\u0105\u0107 udzia\u0142 w Kr\u0119gu Obfito\u015bci proszone s\u0105 o przygotowanie daru dla innej kobiety. Element obdarowywania\/przyjmowania daru b\u0119dzie kluczowym punktem Kr\u0119gu.   Prowadz\u0105cy: Agata Bogini Obfito\u015bci &amp; S\u0142awek Go\u017adzik  Czas trwania: 2h  Data i godzina: niedziela 11:30 - 13:30  Miejsce: Dharma Tipi  Ilo\u015b\u0107 os\u00f3b: 20  Dla Kogo: Wszyscy  Bobasy: Tak\u00a0  Cena: 33 PLN\" \/>\n<meta property=\"og:url\" content=\"https:\/\/mamaglobalhealing.com\/en\/product\/krag-obfitosci-dla-mezczyzn-i-kobiet\/\" \/>\n<meta property=\"og:site_name\" content=\"Mama Global Healing\" \/>\n<meta property=\"article:modified_time\" content=\"2022-11-17T11:12:30+00:00\" \/>\n<meta property=\"og:image\" content=\"https:\/\/mamaglobalhealing.com\/wp-content\/uploads\/2022\/04\/59.png\" \/>\n\t<meta property=\"og:image:width\" content=\"1080\" \/>\n\t<meta property=\"og:image:height\" content=\"1080\" \/>\n\t<meta property=\"og:image:type\" content=\"image\/png\" \/>\n<meta name=\"twitter:card\" content=\"summary_large_image\" \/>\n<script type=\"application\/ld+json\" class=\"yoast-schema-graph\">{\"@context\":\"https:\/\/schema.org\",\"@graph\":[{\"@type\":\"WebPage\",\"@id\":\"https:\/\/mamaglobalhealing.com\/produkt\/krag-obfitosci-dla-mezczyzn-i-kobiet\/\",\"url\":\"https:\/\/mamaglobalhealing.com\/produkt\/krag-obfitosci-dla-mezczyzn-i-kobiet\/\",\"name\":\"Kr\u0105g obfito\u015bci dla m\u0119\u017cczyzn i kobiet | Agata Bogini Obfito\u015bci & S\u0142awek Go\u017adzik - Mama Global Healing\",\"isPartOf\":{\"@id\":\"https:\/\/mamaglobalhealing.com\/#website\"},\"primaryImageOfPage\":{\"@id\":\"https:\/\/mamaglobalhealing.com\/produkt\/krag-obfitosci-dla-mezczyzn-i-kobiet\/#primaryimage\"},\"image\":{\"@id\":\"https:\/\/mamaglobalhealing.com\/produkt\/krag-obfitosci-dla-mezczyzn-i-kobiet\/#primaryimage\"},\"thumbnailUrl\":\"https:\/\/mamaglobalhealing.com\/wp-content\/uploads\/2022\/04\/59.png\",\"datePublished\":\"2022-04-27T20:13:29+00:00\",\"dateModified\":\"2022-11-17T11:12:30+00:00\",\"breadcrumb\":{\"@id\":\"https:\/\/mamaglobalhealing.com\/produkt\/krag-obfitosci-dla-mezczyzn-i-kobiet\/#breadcrumb\"},\"inLanguage\":\"en-GB\",\"potentialAction\":[{\"@type\":\"ReadAction\",\"target\":[\"https:\/\/mamaglobalhealing.com\/produkt\/krag-obfitosci-dla-mezczyzn-i-kobiet\/\"]}]},{\"@type\":\"ImageObject\",\"inLanguage\":\"en-GB\",\"@id\":\"https:\/\/mamaglobalhealing.com\/produkt\/krag-obfitosci-dla-mezczyzn-i-kobiet\/#primaryimage\",\"url\":\"https:\/\/mamaglobalhealing.com\/wp-content\/uploads\/2022\/04\/59.png\",\"contentUrl\":\"https:\/\/mamaglobalhealing.com\/wp-content\/uploads\/2022\/04\/59.png\",\"width\":1080,\"height\":1080},{\"@type\":\"BreadcrumbList\",\"@id\":\"https:\/\/mamaglobalhealing.com\/produkt\/krag-obfitosci-dla-mezczyzn-i-kobiet\/#breadcrumb\",\"itemListElement\":[{\"@type\":\"ListItem\",\"position\":1,\"name\":\"Strona g\u0142\u00f3wna\",\"item\":\"https:\/\/mamaglobalhealing.com\/\"},{\"@type\":\"ListItem\",\"position\":2,\"name\":\"Sklep\",\"item\":\"https:\/\/mamaglobalhealing.com\/sklep\/\"},{\"@type\":\"ListItem\",\"position\":3,\"name\":\"Kr\u0105g obfito\u015bci dla m\u0119\u017cczyzn i&nbsp;kobiet | Agata Bogini Obfito\u015bci &#038; S\u0142awek Go\u017adzik\"}]},{\"@type\":\"WebSite\",\"@id\":\"https:\/\/mamaglobalhealing.com\/#website\",\"url\":\"https:\/\/mamaglobalhealing.com\/\",\"name\":\"Mama Global Healing\",\"description\":\"Kolejna witryna WordPress\",\"potentialAction\":[{\"@type\":\"SearchAction\",\"target\":{\"@type\":\"EntryPoint\",\"urlTemplate\":\"https:\/\/mamaglobalhealing.com\/?s={search_term_string}\"},\"query-input\":{\"@type\":\"PropertyValueSpecification\",\"valueRequired\":true,\"valueName\":\"search_term_string\"}}],\"inLanguage\":\"en-GB\"}]}<\/script>\n<!-- \/ Yoast SEO plugin. -->","yoast_head_json":{"title":"Kr\u0105g obfito\u015bci dla m\u0119\u017cczyzn i kobiet | Agata Bogini Obfito\u015bci & S\u0142awek Go\u017adzik - Mama Global Healing","robots":{"index":"index","follow":"follow","max-snippet":"max-snippet:-1","max-image-preview":"max-image-preview:large","max-video-preview":"max-video-preview:-1"},"canonical":"https:\/\/mamaglobalhealing.com\/en\/product\/krag-obfitosci-dla-mezczyzn-i-kobiet\/","og_locale":"en_GB","og_type":"article","og_title":"Kr\u0105g obfito\u015bci dla m\u0119\u017cczyzn i kobiet | Agata Bogini Obfito\u015bci & S\u0142awek Go\u017adzik - Mama Global Healing","og_description":"Usi\u0105dziemy w Kr\u0119gu by podzieli\u0107 si\u0119 ze sob\u0105 swoim do\u015bwiadczeniem relacji z Obfito\u015bci\u0105 i Dostatkiem w kontek\u015bcie w\u0142asnym i Planety Ziemi. B\u0119dzie to przestrze\u0144 na uznanie i celebrowanie tego, co przychodzi nam \u0142atwo ale te\u017c zobaczenie tych kawa\u0142k\u00f3w, kt\u00f3re wo\u0142aj\u0105 o uzdrowienie i staj\u0105 na drodze prawdziwemu przep\u0142ywowi i lekko\u015bci. Wa\u017cnym elementem kr\u0119gu b\u0119dzie wymiana podarunk\u00f3w z innymi uczestni\/cz\/kami Kr\u0119gu, zatem te osoby, kt\u00f3re chc\u0105 wzi\u0105\u0107 udzia\u0142 w Kr\u0119gu Obfito\u015bci proszone s\u0105 o przygotowanie daru dla innej kobiety. Element obdarowywania\/przyjmowania daru b\u0119dzie kluczowym punktem Kr\u0119gu.   Prowadz\u0105cy: Agata Bogini Obfito\u015bci &amp; S\u0142awek Go\u017adzik  Czas trwania: 2h  Data i godzina: niedziela 11:30 - 13:30  Miejsce: Dharma Tipi  Ilo\u015b\u0107 os\u00f3b: 20  Dla Kogo: Wszyscy  Bobasy: Tak\u00a0  Cena: 33 PLN","og_url":"https:\/\/mamaglobalhealing.com\/en\/product\/krag-obfitosci-dla-mezczyzn-i-kobiet\/","og_site_name":"Mama Global Healing","article_modified_time":"2022-11-17T11:12:30+00:00","og_image":[{"width":1080,"height":1080,"url":"https:\/\/mamaglobalhealing.com\/wp-content\/uploads\/2022\/04\/59.png","type":"image\/png"}],"twitter_card":"summary_large_image","schema":{"@context":"https:\/\/schema.org","@graph":[{"@type":"WebPage","@id":"https:\/\/mamaglobalhealing.com\/produkt\/krag-obfitosci-dla-mezczyzn-i-kobiet\/","url":"https:\/\/mamaglobalhealing.com\/produkt\/krag-obfitosci-dla-mezczyzn-i-kobiet\/","name":"Kr\u0105g obfito\u015bci dla m\u0119\u017cczyzn i kobiet | Agata Bogini Obfito\u015bci & S\u0142awek Go\u017adzik - Mama Global Healing","isPartOf":{"@id":"https:\/\/mamaglobalhealing.com\/#website"},"primaryImageOfPage":{"@id":"https:\/\/mamaglobalhealing.com\/produkt\/krag-obfitosci-dla-mezczyzn-i-kobiet\/#primaryimage"},"image":{"@id":"https:\/\/mamaglobalhealing.com\/produkt\/krag-obfitosci-dla-mezczyzn-i-kobiet\/#primaryimage"},"thumbnailUrl":"https:\/\/mamaglobalhealing.com\/wp-content\/uploads\/2022\/04\/59.png","datePublished":"2022-04-27T20:13:29+00:00","dateModified":"2022-11-17T11:12:30+00:00","breadcrumb":{"@id":"https:\/\/mamaglobalhealing.com\/produkt\/krag-obfitosci-dla-mezczyzn-i-kobiet\/#breadcrumb"},"inLanguage":"en-GB","potentialAction":[{"@type":"ReadAction","target":["https:\/\/mamaglobalhealing.com\/produkt\/krag-obfitosci-dla-mezczyzn-i-kobiet\/"]}]},{"@type":"ImageObject","inLanguage":"en-GB","@id":"https:\/\/mamaglobalhealing.com\/produkt\/krag-obfitosci-dla-mezczyzn-i-kobiet\/#primaryimage","url":"https:\/\/mamaglobalhealing.com\/wp-content\/uploads\/2022\/04\/59.png","contentUrl":"https:\/\/mamaglobalhealing.com\/wp-content\/uploads\/2022\/04\/59.png","width":1080,"height":1080},{"@type":"BreadcrumbList","@id":"https:\/\/mamaglobalhealing.com\/produkt\/krag-obfitosci-dla-mezczyzn-i-kobiet\/#breadcrumb","itemListElement":[{"@type":"ListItem","position":1,"name":"Strona g\u0142\u00f3wna","item":"https:\/\/mamaglobalhealing.com\/"},{"@type":"ListItem","position":2,"name":"Sklep","item":"https:\/\/mamaglobalhealing.com\/sklep\/"},{"@type":"ListItem","position":3,"name":"Kr\u0105g obfito\u015bci dla m\u0119\u017cczyzn i&nbsp;kobiet | Agata Bogini Obfito\u015bci &#038; S\u0142awek Go\u017adzik"}]},{"@type":"WebSite","@id":"https:\/\/mamaglobalhealing.com\/#website","url":"https:\/\/mamaglobalhealing.com\/","name":"Mama Global Healing","description":"Kolejna witryna WordPress","potentialAction":[{"@type":"SearchAction","target":{"@type":"EntryPoint","urlTemplate":"https:\/\/mamaglobalhealing.com\/?s={search_term_string}"},"query-input":{"@type":"PropertyValueSpecification","valueRequired":true,"valueName":"search_term_string"}}],"inLanguage":"en-GB"}]}},"_links":{"self":[{"href":"https:\/\/mamaglobalhealing.com\/en\/wp-json\/wp\/v2\/product\/2744","targetHints":{"allow":["GET"]}}],"collection":[{"href":"https:\/\/mamaglobalhealing.com\/en\/wp-json\/wp\/v2\/product"}],"about":[{"href":"https:\/\/mamaglobalhealing.com\/en\/wp-json\/wp\/v2\/types\/product"}],"wp:featuredmedia":[{"embeddable":true,"href":"https:\/\/mamaglobalhealing.com\/en\/wp-json\/wp\/v2\/media\/2898"}],"wp:attachment":[{"href":"https:\/\/mamaglobalhealing.com\/en\/wp-json\/wp\/v2\/media?parent=2744"}],"wp:term":[{"taxonomy":"product_brand","embeddable":true,"href":"https:\/\/mamaglobalhealing.com\/en\/wp-json\/wp\/v2\/product_brand?post=2744"},{"taxonomy":"product_cat","embeddable":true,"href":"https:\/\/mamaglobalhealing.com\/en\/wp-json\/wp\/v2\/product_cat?post=2744"},{"taxonomy":"product_tag","embeddable":true,"href":"https:\/\/mamaglobalhealing.com\/en\/wp-json\/wp\/v2\/product_tag?post=2744"}],"curies":[{"name":"wp","href":"https:\/\/api.w.org\/{rel}","templated":true}]}}