{"id":2746,"date":"2022-04-27T20:14:36","date_gmt":"2022-04-27T20:14:36","guid":{"rendered":"https:\/\/mamaglobalhealing.com\/?post_type=product&#038;p=2746"},"modified":"2022-05-24T13:47:18","modified_gmt":"2022-05-24T13:47:18","slug":"joga-dla-kobiet-w-ciazy","status":"publish","type":"product","link":"https:\/\/mamaglobalhealing.com\/en\/product\/joga-dla-kobiet-w-ciazy\/","title":{"rendered":"Pregnancy Yoga &#8211; Joga w ci\u0105\u017cy PL\/ENG | Karolina Ika Nowak"},"content":{"rendered":"","protected":false},"excerpt":{"rendered":"<p><span style=\"font-weight: 400;\"> Podczas praktyki pos\u0142uchasz, co Twoje cia\u0142o m\u00f3wi i jakie s\u0105 jego potrzeby. B\u0119dziemy pracowa\u0107 przede wszystkim nad kontaktem z w\u0142asnym cia\u0142em, nad uwa\u017cnym s\u0142uchaniem sygna\u0142\u00f3w z niego p\u0142yn\u0105cych. Nad wzmacnianiem instynktu i zaufania do siebie, do swojej w\u0142asnej Mocy. B\u0119dzie du\u017co oddechu. Na praktyk\u0119 zapraszam kobiety od II trymestru ci\u0105\u017cy &#8211; do porodu. <\/span><\/p>\n<p><b>Prowadz\u0105ca:<\/b><span style=\"font-weight: 400;\"> Karolina Ika Nowak<\/span><\/p>\n<p><b>Czas trwania:<\/b> 1h<\/p>\n<p><b>Data i godzina: <\/b>sobota 11:30 &#8211; 12:30<\/p>\n<p><b>Miejsce:<\/b> <a href=\"https:\/\/mamaglobalhealing.com\/en\/mama-line-up\/baby-tipi\/\">Baby Tipi<\/a><\/p>\n<p><b>Liczba os\u00f3b:<\/b> bo<\/p>\n<p><b>Dla Kogo: <\/b>Kobiety w ci\u0105\u017cy | Pregnant Women<\/p>\n<p><b>Bobasy:<\/b><span style=\"font-weight: 400;\"> tak<\/span><b><\/b><\/p>","protected":false},"featured_media":2866,"template":"","meta":{"_et_pb_use_builder":"","_et_pb_old_content":"","_et_gb_content_width":""},"product_brand":[],"product_cat":[35,46],"product_tag":[],"class_list":{"0":"post-2746","1":"product","2":"type-product","3":"status-publish","4":"has-post-thumbnail","6":"product_cat-mama-open","7":"product_cat-sobota-open","9":"first","10":"instock","11":"virtual","12":"taxable","13":"product-type-simple"},"yoast_head":"<!-- This site is optimized with the Yoast SEO plugin v25.1 - https:\/\/yoast.com\/wordpress\/plugins\/seo\/ -->\n<title>Pregnancy Yoga - Joga w ci\u0105\u017cy PL\/ENG | Karolina Ika Nowak - Mama Global Healing<\/title>\n<meta name=\"robots\" content=\"index, follow, max-snippet:-1, max-image-preview:large, max-video-preview:-1\" \/>\n<link rel=\"canonical\" href=\"https:\/\/mamaglobalhealing.com\/en\/product\/joga-dla-kobiet-w-ciazy\/\" \/>\n<meta property=\"og:locale\" content=\"en_GB\" \/>\n<meta property=\"og:type\" content=\"article\" \/>\n<meta property=\"og:title\" content=\"Pregnancy Yoga - Joga w ci\u0105\u017cy PL\/ENG | Karolina Ika Nowak - Mama Global Healing\" \/>\n<meta property=\"og:description\" content=\"Podczas praktyki pos\u0142uchasz, co Twoje cia\u0142o m\u00f3wi i jakie s\u0105 jego potrzeby. B\u0119dziemy pracowa\u0107 przede wszystkim nad kontaktem z w\u0142asnym cia\u0142em, nad uwa\u017cnym s\u0142uchaniem sygna\u0142\u00f3w z niego p\u0142yn\u0105cych. Nad wzmacnianiem instynktu i zaufania do siebie, do swojej w\u0142asnej Mocy. B\u0119dzie du\u017co oddechu. Na praktyk\u0119 zapraszam kobiety od II trymestru ci\u0105\u017cy - do porodu.   Prowadz\u0105ca: Karolina Ika Nowak  Czas trwania: 1h  Data i godzina: sobota 11:30 - 12:30  Miejsce: Baby Tipi  Liczba os\u00f3b: bo  Dla Kogo: Kobiety w ci\u0105\u017cy | Pregnant Women  Bobasy: tak\" \/>\n<meta property=\"og:url\" content=\"https:\/\/mamaglobalhealing.com\/en\/product\/joga-dla-kobiet-w-ciazy\/\" \/>\n<meta property=\"og:site_name\" content=\"Mama Global Healing\" \/>\n<meta property=\"article:modified_time\" content=\"2022-05-24T13:47:18+00:00\" \/>\n<meta property=\"og:image\" content=\"https:\/\/mamaglobalhealing.com\/wp-content\/uploads\/2022\/04\/27.png\" \/>\n\t<meta property=\"og:image:width\" content=\"1080\" \/>\n\t<meta property=\"og:image:height\" content=\"1080\" \/>\n\t<meta property=\"og:image:type\" content=\"image\/png\" \/>\n<meta name=\"twitter:card\" content=\"summary_large_image\" \/>\n<script type=\"application\/ld+json\" class=\"yoast-schema-graph\">{\"@context\":\"https:\/\/schema.org\",\"@graph\":[{\"@type\":\"WebPage\",\"@id\":\"https:\/\/mamaglobalhealing.com\/produkt\/joga-dla-kobiet-w-ciazy\/\",\"url\":\"https:\/\/mamaglobalhealing.com\/produkt\/joga-dla-kobiet-w-ciazy\/\",\"name\":\"Pregnancy Yoga - Joga w ci\u0105\u017cy PL\/ENG | Karolina Ika Nowak - Mama Global Healing\",\"isPartOf\":{\"@id\":\"https:\/\/mamaglobalhealing.com\/#website\"},\"primaryImageOfPage\":{\"@id\":\"https:\/\/mamaglobalhealing.com\/produkt\/joga-dla-kobiet-w-ciazy\/#primaryimage\"},\"image\":{\"@id\":\"https:\/\/mamaglobalhealing.com\/produkt\/joga-dla-kobiet-w-ciazy\/#primaryimage\"},\"thumbnailUrl\":\"https:\/\/mamaglobalhealing.com\/wp-content\/uploads\/2022\/04\/27.png\",\"datePublished\":\"2022-04-27T20:14:36+00:00\",\"dateModified\":\"2022-05-24T13:47:18+00:00\",\"breadcrumb\":{\"@id\":\"https:\/\/mamaglobalhealing.com\/produkt\/joga-dla-kobiet-w-ciazy\/#breadcrumb\"},\"inLanguage\":\"en-GB\",\"potentialAction\":[{\"@type\":\"ReadAction\",\"target\":[\"https:\/\/mamaglobalhealing.com\/produkt\/joga-dla-kobiet-w-ciazy\/\"]}]},{\"@type\":\"ImageObject\",\"inLanguage\":\"en-GB\",\"@id\":\"https:\/\/mamaglobalhealing.com\/produkt\/joga-dla-kobiet-w-ciazy\/#primaryimage\",\"url\":\"https:\/\/mamaglobalhealing.com\/wp-content\/uploads\/2022\/04\/27.png\",\"contentUrl\":\"https:\/\/mamaglobalhealing.com\/wp-content\/uploads\/2022\/04\/27.png\",\"width\":1080,\"height\":1080},{\"@type\":\"BreadcrumbList\",\"@id\":\"https:\/\/mamaglobalhealing.com\/produkt\/joga-dla-kobiet-w-ciazy\/#breadcrumb\",\"itemListElement\":[{\"@type\":\"ListItem\",\"position\":1,\"name\":\"Strona g\u0142\u00f3wna\",\"item\":\"https:\/\/mamaglobalhealing.com\/\"},{\"@type\":\"ListItem\",\"position\":2,\"name\":\"Sklep\",\"item\":\"https:\/\/mamaglobalhealing.com\/sklep\/\"},{\"@type\":\"ListItem\",\"position\":3,\"name\":\"Pregnancy Yoga &#8211; Joga w&nbsp;ci\u0105\u017cy PL\/ENG | Karolina Ika Nowak\"}]},{\"@type\":\"WebSite\",\"@id\":\"https:\/\/mamaglobalhealing.com\/#website\",\"url\":\"https:\/\/mamaglobalhealing.com\/\",\"name\":\"Mama Global Healing\",\"description\":\"Kolejna witryna WordPress\",\"potentialAction\":[{\"@type\":\"SearchAction\",\"target\":{\"@type\":\"EntryPoint\",\"urlTemplate\":\"https:\/\/mamaglobalhealing.com\/?s={search_term_string}\"},\"query-input\":{\"@type\":\"PropertyValueSpecification\",\"valueRequired\":true,\"valueName\":\"search_term_string\"}}],\"inLanguage\":\"en-GB\"}]}<\/script>\n<!-- \/ Yoast SEO plugin. -->","yoast_head_json":{"title":"Pregnancy Yoga - Joga w ci\u0105\u017cy PL\/ENG | Karolina Ika Nowak - Mama Global Healing","robots":{"index":"index","follow":"follow","max-snippet":"max-snippet:-1","max-image-preview":"max-image-preview:large","max-video-preview":"max-video-preview:-1"},"canonical":"https:\/\/mamaglobalhealing.com\/en\/product\/joga-dla-kobiet-w-ciazy\/","og_locale":"en_GB","og_type":"article","og_title":"Pregnancy Yoga - Joga w ci\u0105\u017cy PL\/ENG | Karolina Ika Nowak - Mama Global Healing","og_description":"Podczas praktyki pos\u0142uchasz, co Twoje cia\u0142o m\u00f3wi i jakie s\u0105 jego potrzeby. B\u0119dziemy pracowa\u0107 przede wszystkim nad kontaktem z w\u0142asnym cia\u0142em, nad uwa\u017cnym s\u0142uchaniem sygna\u0142\u00f3w z niego p\u0142yn\u0105cych. Nad wzmacnianiem instynktu i zaufania do siebie, do swojej w\u0142asnej Mocy. B\u0119dzie du\u017co oddechu. Na praktyk\u0119 zapraszam kobiety od II trymestru ci\u0105\u017cy - do porodu.   Prowadz\u0105ca: Karolina Ika Nowak  Czas trwania: 1h  Data i godzina: sobota 11:30 - 12:30  Miejsce: Baby Tipi  Liczba os\u00f3b: bo  Dla Kogo: Kobiety w ci\u0105\u017cy | Pregnant Women  Bobasy: tak","og_url":"https:\/\/mamaglobalhealing.com\/en\/product\/joga-dla-kobiet-w-ciazy\/","og_site_name":"Mama Global Healing","article_modified_time":"2022-05-24T13:47:18+00:00","og_image":[{"width":1080,"height":1080,"url":"https:\/\/mamaglobalhealing.com\/wp-content\/uploads\/2022\/04\/27.png","type":"image\/png"}],"twitter_card":"summary_large_image","schema":{"@context":"https:\/\/schema.org","@graph":[{"@type":"WebPage","@id":"https:\/\/mamaglobalhealing.com\/produkt\/joga-dla-kobiet-w-ciazy\/","url":"https:\/\/mamaglobalhealing.com\/produkt\/joga-dla-kobiet-w-ciazy\/","name":"Pregnancy Yoga - Joga w ci\u0105\u017cy PL\/ENG | Karolina Ika Nowak - Mama Global Healing","isPartOf":{"@id":"https:\/\/mamaglobalhealing.com\/#website"},"primaryImageOfPage":{"@id":"https:\/\/mamaglobalhealing.com\/produkt\/joga-dla-kobiet-w-ciazy\/#primaryimage"},"image":{"@id":"https:\/\/mamaglobalhealing.com\/produkt\/joga-dla-kobiet-w-ciazy\/#primaryimage"},"thumbnailUrl":"https:\/\/mamaglobalhealing.com\/wp-content\/uploads\/2022\/04\/27.png","datePublished":"2022-04-27T20:14:36+00:00","dateModified":"2022-05-24T13:47:18+00:00","breadcrumb":{"@id":"https:\/\/mamaglobalhealing.com\/produkt\/joga-dla-kobiet-w-ciazy\/#breadcrumb"},"inLanguage":"en-GB","potentialAction":[{"@type":"ReadAction","target":["https:\/\/mamaglobalhealing.com\/produkt\/joga-dla-kobiet-w-ciazy\/"]}]},{"@type":"ImageObject","inLanguage":"en-GB","@id":"https:\/\/mamaglobalhealing.com\/produkt\/joga-dla-kobiet-w-ciazy\/#primaryimage","url":"https:\/\/mamaglobalhealing.com\/wp-content\/uploads\/2022\/04\/27.png","contentUrl":"https:\/\/mamaglobalhealing.com\/wp-content\/uploads\/2022\/04\/27.png","width":1080,"height":1080},{"@type":"BreadcrumbList","@id":"https:\/\/mamaglobalhealing.com\/produkt\/joga-dla-kobiet-w-ciazy\/#breadcrumb","itemListElement":[{"@type":"ListItem","position":1,"name":"Strona g\u0142\u00f3wna","item":"https:\/\/mamaglobalhealing.com\/"},{"@type":"ListItem","position":2,"name":"Sklep","item":"https:\/\/mamaglobalhealing.com\/sklep\/"},{"@type":"ListItem","position":3,"name":"Pregnancy Yoga &#8211; Joga w&nbsp;ci\u0105\u017cy PL\/ENG | Karolina Ika Nowak"}]},{"@type":"WebSite","@id":"https:\/\/mamaglobalhealing.com\/#website","url":"https:\/\/mamaglobalhealing.com\/","name":"Mama Global Healing","description":"Kolejna witryna WordPress","potentialAction":[{"@type":"SearchAction","target":{"@type":"EntryPoint","urlTemplate":"https:\/\/mamaglobalhealing.com\/?s={search_term_string}"},"query-input":{"@type":"PropertyValueSpecification","valueRequired":true,"valueName":"search_term_string"}}],"inLanguage":"en-GB"}]}},"_links":{"self":[{"href":"https:\/\/mamaglobalhealing.com\/en\/wp-json\/wp\/v2\/product\/2746","targetHints":{"allow":["GET"]}}],"collection":[{"href":"https:\/\/mamaglobalhealing.com\/en\/wp-json\/wp\/v2\/product"}],"about":[{"href":"https:\/\/mamaglobalhealing.com\/en\/wp-json\/wp\/v2\/types\/product"}],"wp:featuredmedia":[{"embeddable":true,"href":"https:\/\/mamaglobalhealing.com\/en\/wp-json\/wp\/v2\/media\/2866"}],"wp:attachment":[{"href":"https:\/\/mamaglobalhealing.com\/en\/wp-json\/wp\/v2\/media?parent=2746"}],"wp:term":[{"taxonomy":"product_brand","embeddable":true,"href":"https:\/\/mamaglobalhealing.com\/en\/wp-json\/wp\/v2\/product_brand?post=2746"},{"taxonomy":"product_cat","embeddable":true,"href":"https:\/\/mamaglobalhealing.com\/en\/wp-json\/wp\/v2\/product_cat?post=2746"},{"taxonomy":"product_tag","embeddable":true,"href":"https:\/\/mamaglobalhealing.com\/en\/wp-json\/wp\/v2\/product_tag?post=2746"}],"curies":[{"name":"wp","href":"https:\/\/api.w.org\/{rel}","templated":true}]}}