{"id":2747,"date":"2022-04-27T20:15:24","date_gmt":"2022-04-27T20:15:24","guid":{"rendered":"https:\/\/mamaglobalhealing.com\/?post_type=product&#038;p=2747"},"modified":"2022-05-24T13:29:27","modified_gmt":"2022-05-24T13:29:27","slug":"matka-niedoskonala","status":"publish","type":"product","link":"https:\/\/mamaglobalhealing.com\/en\/product\/matka-niedoskonala\/","title":{"rendered":"Matka niedoskona\u0142a | Ola Kozera | WIOSKI.CO"},"content":{"rendered":"","protected":false},"excerpt":{"rendered":"<p><span style=\"font-weight: 400;\">Rozmowa o macierzy\u0144stwie, niedoskona\u0142o\u015bciach, frustracjach, w\u0142asnych oczekiwaniach i oczekiwaniach z zewn\u0105trz. Budowanie relacji i partnerskiego rodzicielstwa i otwarto\u015bci na proszenie o pomoc i budowaniu swojej wioski wsparcia.<\/span><\/p>\n<p><b>Prowadz\u0105cy:<\/b><span style=\"font-weight: 400;\"> Ola Kozera | WIOSKI.CO<\/span><\/p>\n<p><b>Czas trwania: <\/b>1h<\/p>\n<p><b>Data i godzina: <\/b>pi\u0105tek 10:00 &#8211; 11:00<\/p>\n<p><b>Miejsce:\u00a0<\/b><a href=\"https:\/\/mamaglobalhealing.com\/en\/mama-line-up\/wioska-bobasa\/\">Potrzeba Wioski<\/a><\/p>\n<p><b>Ilo\u015b\u0107 os\u00f3b: <\/b>bo<\/p>\n<p><b>Dla Kogo: <\/b>Wszyscy<\/p>\n<p><b>Bobasy:<\/b><span style=\"font-weight: 400;\"> tak<\/span><\/p>\n<p><b>J\u0119zyk: <\/b>PL<\/p>","protected":false},"featured_media":2953,"template":"","meta":{"_et_pb_use_builder":"","_et_pb_old_content":"","_et_gb_content_width":""},"product_brand":[],"product_cat":[35,45],"product_tag":[],"class_list":{"0":"post-2747","1":"product","2":"type-product","3":"status-publish","4":"has-post-thumbnail","6":"product_cat-mama-open","7":"product_cat-piatek-open","9":"first","10":"instock","11":"virtual","12":"taxable","13":"product-type-simple"},"yoast_head":"<!-- This site is optimized with the Yoast SEO plugin v25.1 - https:\/\/yoast.com\/wordpress\/plugins\/seo\/ -->\n<title>Matka niedoskona\u0142a | Ola Kozera | WIOSKI.CO - Mama Global Healing<\/title>\n<meta name=\"description\" content=\"Rozmowa o macierzy\u0144stwie, niedoskona\u0142o\u015bciach, budowaniu relacji, partnerstwie, frustracjach, oczekiwaniach w\u0142asnych i tych z zewn\u0105trz.\" \/>\n<meta name=\"robots\" content=\"index, follow, max-snippet:-1, max-image-preview:large, max-video-preview:-1\" \/>\n<link rel=\"canonical\" href=\"https:\/\/mamaglobalhealing.com\/en\/product\/matka-niedoskonala\/\" \/>\n<meta property=\"og:locale\" content=\"en_GB\" \/>\n<meta property=\"og:type\" content=\"article\" \/>\n<meta property=\"og:title\" content=\"Matka niedoskona\u0142a | Ola Kozera | WIOSKI.CO - Mama Global Healing\" \/>\n<meta property=\"og:description\" content=\"Rozmowa o macierzy\u0144stwie, niedoskona\u0142o\u015bciach, budowaniu relacji, partnerstwie, frustracjach, oczekiwaniach w\u0142asnych i tych z zewn\u0105trz.\" \/>\n<meta property=\"og:url\" content=\"https:\/\/mamaglobalhealing.com\/en\/product\/matka-niedoskonala\/\" \/>\n<meta property=\"og:site_name\" content=\"Mama Global Healing\" \/>\n<meta property=\"article:modified_time\" content=\"2022-05-24T13:29:27+00:00\" \/>\n<meta property=\"og:image\" content=\"https:\/\/mamaglobalhealing.com\/wp-content\/uploads\/2022\/04\/8-1.png\" \/>\n\t<meta property=\"og:image:width\" content=\"1080\" \/>\n\t<meta property=\"og:image:height\" content=\"1080\" \/>\n\t<meta property=\"og:image:type\" content=\"image\/png\" \/>\n<meta name=\"twitter:card\" content=\"summary_large_image\" \/>\n<script type=\"application\/ld+json\" class=\"yoast-schema-graph\">{\"@context\":\"https:\/\/schema.org\",\"@graph\":[{\"@type\":\"WebPage\",\"@id\":\"https:\/\/mamaglobalhealing.com\/produkt\/matka-niedoskonala\/\",\"url\":\"https:\/\/mamaglobalhealing.com\/produkt\/matka-niedoskonala\/\",\"name\":\"Matka niedoskona\u0142a | Ola Kozera | WIOSKI.CO - Mama Global Healing\",\"isPartOf\":{\"@id\":\"https:\/\/mamaglobalhealing.com\/#website\"},\"primaryImageOfPage\":{\"@id\":\"https:\/\/mamaglobalhealing.com\/produkt\/matka-niedoskonala\/#primaryimage\"},\"image\":{\"@id\":\"https:\/\/mamaglobalhealing.com\/produkt\/matka-niedoskonala\/#primaryimage\"},\"thumbnailUrl\":\"https:\/\/mamaglobalhealing.com\/wp-content\/uploads\/2022\/04\/8-1.png\",\"datePublished\":\"2022-04-27T20:15:24+00:00\",\"dateModified\":\"2022-05-24T13:29:27+00:00\",\"description\":\"Rozmowa o macierzy\u0144stwie, niedoskona\u0142o\u015bciach, budowaniu relacji, partnerstwie, frustracjach, oczekiwaniach w\u0142asnych i tych z zewn\u0105trz.\",\"breadcrumb\":{\"@id\":\"https:\/\/mamaglobalhealing.com\/produkt\/matka-niedoskonala\/#breadcrumb\"},\"inLanguage\":\"en-GB\",\"potentialAction\":[{\"@type\":\"ReadAction\",\"target\":[\"https:\/\/mamaglobalhealing.com\/produkt\/matka-niedoskonala\/\"]}]},{\"@type\":\"ImageObject\",\"inLanguage\":\"en-GB\",\"@id\":\"https:\/\/mamaglobalhealing.com\/produkt\/matka-niedoskonala\/#primaryimage\",\"url\":\"https:\/\/mamaglobalhealing.com\/wp-content\/uploads\/2022\/04\/8-1.png\",\"contentUrl\":\"https:\/\/mamaglobalhealing.com\/wp-content\/uploads\/2022\/04\/8-1.png\",\"width\":1080,\"height\":1080},{\"@type\":\"BreadcrumbList\",\"@id\":\"https:\/\/mamaglobalhealing.com\/produkt\/matka-niedoskonala\/#breadcrumb\",\"itemListElement\":[{\"@type\":\"ListItem\",\"position\":1,\"name\":\"Strona g\u0142\u00f3wna\",\"item\":\"https:\/\/mamaglobalhealing.com\/\"},{\"@type\":\"ListItem\",\"position\":2,\"name\":\"Sklep\",\"item\":\"https:\/\/mamaglobalhealing.com\/sklep\/\"},{\"@type\":\"ListItem\",\"position\":3,\"name\":\"Matka niedoskona\u0142a | Ola Kozera | WIOSKI.CO\"}]},{\"@type\":\"WebSite\",\"@id\":\"https:\/\/mamaglobalhealing.com\/#website\",\"url\":\"https:\/\/mamaglobalhealing.com\/\",\"name\":\"Mama Global Healing\",\"description\":\"Kolejna witryna WordPress\",\"potentialAction\":[{\"@type\":\"SearchAction\",\"target\":{\"@type\":\"EntryPoint\",\"urlTemplate\":\"https:\/\/mamaglobalhealing.com\/?s={search_term_string}\"},\"query-input\":{\"@type\":\"PropertyValueSpecification\",\"valueRequired\":true,\"valueName\":\"search_term_string\"}}],\"inLanguage\":\"en-GB\"}]}<\/script>\n<!-- \/ Yoast SEO plugin. -->","yoast_head_json":{"title":"Matka niedoskona\u0142a | Ola Kozera | WIOSKI.CO - Mama Global Healing","description":"Rozmowa o macierzy\u0144stwie, niedoskona\u0142o\u015bciach, budowaniu relacji, partnerstwie, frustracjach, oczekiwaniach w\u0142asnych i tych z zewn\u0105trz.","robots":{"index":"index","follow":"follow","max-snippet":"max-snippet:-1","max-image-preview":"max-image-preview:large","max-video-preview":"max-video-preview:-1"},"canonical":"https:\/\/mamaglobalhealing.com\/en\/product\/matka-niedoskonala\/","og_locale":"en_GB","og_type":"article","og_title":"Matka niedoskona\u0142a | Ola Kozera | WIOSKI.CO - Mama Global Healing","og_description":"Rozmowa o macierzy\u0144stwie, niedoskona\u0142o\u015bciach, budowaniu relacji, partnerstwie, frustracjach, oczekiwaniach w\u0142asnych i tych z zewn\u0105trz.","og_url":"https:\/\/mamaglobalhealing.com\/en\/product\/matka-niedoskonala\/","og_site_name":"Mama Global Healing","article_modified_time":"2022-05-24T13:29:27+00:00","og_image":[{"width":1080,"height":1080,"url":"https:\/\/mamaglobalhealing.com\/wp-content\/uploads\/2022\/04\/8-1.png","type":"image\/png"}],"twitter_card":"summary_large_image","schema":{"@context":"https:\/\/schema.org","@graph":[{"@type":"WebPage","@id":"https:\/\/mamaglobalhealing.com\/produkt\/matka-niedoskonala\/","url":"https:\/\/mamaglobalhealing.com\/produkt\/matka-niedoskonala\/","name":"Matka niedoskona\u0142a | Ola Kozera | WIOSKI.CO - Mama Global Healing","isPartOf":{"@id":"https:\/\/mamaglobalhealing.com\/#website"},"primaryImageOfPage":{"@id":"https:\/\/mamaglobalhealing.com\/produkt\/matka-niedoskonala\/#primaryimage"},"image":{"@id":"https:\/\/mamaglobalhealing.com\/produkt\/matka-niedoskonala\/#primaryimage"},"thumbnailUrl":"https:\/\/mamaglobalhealing.com\/wp-content\/uploads\/2022\/04\/8-1.png","datePublished":"2022-04-27T20:15:24+00:00","dateModified":"2022-05-24T13:29:27+00:00","description":"Rozmowa o macierzy\u0144stwie, niedoskona\u0142o\u015bciach, budowaniu relacji, partnerstwie, frustracjach, oczekiwaniach w\u0142asnych i tych z zewn\u0105trz.","breadcrumb":{"@id":"https:\/\/mamaglobalhealing.com\/produkt\/matka-niedoskonala\/#breadcrumb"},"inLanguage":"en-GB","potentialAction":[{"@type":"ReadAction","target":["https:\/\/mamaglobalhealing.com\/produkt\/matka-niedoskonala\/"]}]},{"@type":"ImageObject","inLanguage":"en-GB","@id":"https:\/\/mamaglobalhealing.com\/produkt\/matka-niedoskonala\/#primaryimage","url":"https:\/\/mamaglobalhealing.com\/wp-content\/uploads\/2022\/04\/8-1.png","contentUrl":"https:\/\/mamaglobalhealing.com\/wp-content\/uploads\/2022\/04\/8-1.png","width":1080,"height":1080},{"@type":"BreadcrumbList","@id":"https:\/\/mamaglobalhealing.com\/produkt\/matka-niedoskonala\/#breadcrumb","itemListElement":[{"@type":"ListItem","position":1,"name":"Strona g\u0142\u00f3wna","item":"https:\/\/mamaglobalhealing.com\/"},{"@type":"ListItem","position":2,"name":"Sklep","item":"https:\/\/mamaglobalhealing.com\/sklep\/"},{"@type":"ListItem","position":3,"name":"Matka niedoskona\u0142a | Ola Kozera | WIOSKI.CO"}]},{"@type":"WebSite","@id":"https:\/\/mamaglobalhealing.com\/#website","url":"https:\/\/mamaglobalhealing.com\/","name":"Mama Global Healing","description":"Kolejna witryna WordPress","potentialAction":[{"@type":"SearchAction","target":{"@type":"EntryPoint","urlTemplate":"https:\/\/mamaglobalhealing.com\/?s={search_term_string}"},"query-input":{"@type":"PropertyValueSpecification","valueRequired":true,"valueName":"search_term_string"}}],"inLanguage":"en-GB"}]}},"_links":{"self":[{"href":"https:\/\/mamaglobalhealing.com\/en\/wp-json\/wp\/v2\/product\/2747","targetHints":{"allow":["GET"]}}],"collection":[{"href":"https:\/\/mamaglobalhealing.com\/en\/wp-json\/wp\/v2\/product"}],"about":[{"href":"https:\/\/mamaglobalhealing.com\/en\/wp-json\/wp\/v2\/types\/product"}],"wp:featuredmedia":[{"embeddable":true,"href":"https:\/\/mamaglobalhealing.com\/en\/wp-json\/wp\/v2\/media\/2953"}],"wp:attachment":[{"href":"https:\/\/mamaglobalhealing.com\/en\/wp-json\/wp\/v2\/media?parent=2747"}],"wp:term":[{"taxonomy":"product_brand","embeddable":true,"href":"https:\/\/mamaglobalhealing.com\/en\/wp-json\/wp\/v2\/product_brand?post=2747"},{"taxonomy":"product_cat","embeddable":true,"href":"https:\/\/mamaglobalhealing.com\/en\/wp-json\/wp\/v2\/product_cat?post=2747"},{"taxonomy":"product_tag","embeddable":true,"href":"https:\/\/mamaglobalhealing.com\/en\/wp-json\/wp\/v2\/product_tag?post=2747"}],"curies":[{"name":"wp","href":"https:\/\/api.w.org\/{rel}","templated":true}]}}