{"id":2749,"date":"2022-04-27T20:16:40","date_gmt":"2022-04-27T20:16:40","guid":{"rendered":"https:\/\/mamaglobalhealing.com\/?post_type=product&#038;p=2749"},"modified":"2022-05-24T13:17:14","modified_gmt":"2022-05-24T13:17:14","slug":"jak-zbudowac-swoja-wioske","status":"publish","type":"product","link":"https:\/\/mamaglobalhealing.com\/en\/product\/jak-zbudowac-swoja-wioske\/","title":{"rendered":"Jak zbudowa\u0107 swoj\u0105 wiosk\u0119? | Ola Kozera | WIOSKI.CO"},"content":{"rendered":"","protected":false},"excerpt":{"rendered":"<p><span style=\"font-weight: 400;\">Filozofia pedagogiczna Wiosek skoncentrowana jest na dziecku oraz tworzeniu \u015brodowiska stymuluj\u0105cego nauk\u0119 i rozw\u00f3j. Wioski inspiruj\u0105 si\u0119 za\u0142o\u017ceniami filozofii Reggio Emilia, czyli swoistym laboratorium pracy z dzieckiem, kt\u00f3re ca\u0142y czas dostosowuje si\u0119 do kontekstu wsp\u00f3\u0142czesno\u015bci, Porozumieniem bez Przemocy oraz Rodzicielstwem Blisko\u015bci. Wioski to pe\u0142ne mi\u0142o\u015bci, szacunku miejsca, w kt\u00f3rych dzieci s\u0105 akceptowane, rodzice inspirowani, a pedagodzy doceniani i wspierani na \u015bcie\u017cce rozwoju.<\/span><\/p>\n<p><b>Prowadz\u0105cy:<\/b><span style=\"font-weight: 400;\"> Ola Kozera | WIOSKI.CO<\/span><\/p>\n<p><b>Czas trwania:\u00a0<\/b>1h<\/p>\n<p><b>Data i godzina:\u00a0<\/b>niedziela 10:00 &#8211; 11:00<\/p>\n<p><b>Miejsce: <\/b><a href=\"https:\/\/mamaglobalhealing.com\/en\/mama-line-up\/wioska-bobasa\/\">Potrzeba Wioski<\/a><\/p>\n<p><b>Liczba os\u00f3b: <\/b>bo<\/p>\n<p><b>Dla Kogo:\u00a0<\/b>Wszyscy<\/p>\n<p><b>Bobasy:<\/b><span style=\"font-weight: 400;\"> tak<\/span><\/p>","protected":false},"featured_media":2953,"template":"","meta":{"_et_pb_use_builder":"","_et_pb_old_content":"","_et_gb_content_width":""},"product_brand":[],"product_cat":[35,47],"product_tag":[],"class_list":{"0":"post-2749","1":"product","2":"type-product","3":"status-publish","4":"has-post-thumbnail","6":"product_cat-mama-open","7":"product_cat-niedziela-open","9":"first","10":"instock","11":"virtual","12":"taxable","13":"product-type-simple"},"yoast_head":"<!-- This site is optimized with the Yoast SEO plugin v25.1 - https:\/\/yoast.com\/wordpress\/plugins\/seo\/ -->\n<title>Jak zbudowa\u0107 swoj\u0105 wiosk\u0119? | Ola Kozera | WIOSKI.CO - Mama Global Healing<\/title>\n<meta name=\"description\" content=\"Wioski to pe\u0142ne mi\u0142o\u015bci i szacunku miejsca, w kt\u00f3rych dzieci s\u0105 akceptowane, rodzice inspirowani, a pedagodzy doceniani i wspierani.\" \/>\n<meta name=\"robots\" content=\"index, follow, max-snippet:-1, max-image-preview:large, max-video-preview:-1\" \/>\n<link rel=\"canonical\" href=\"https:\/\/mamaglobalhealing.com\/en\/product\/jak-zbudowac-swoja-wioske\/\" \/>\n<meta property=\"og:locale\" content=\"en_GB\" \/>\n<meta property=\"og:type\" content=\"article\" \/>\n<meta property=\"og:title\" content=\"Jak zbudowa\u0107 swoj\u0105 wiosk\u0119? | Ola Kozera | WIOSKI.CO - Mama Global Healing\" \/>\n<meta property=\"og:description\" content=\"Wioski to pe\u0142ne mi\u0142o\u015bci i szacunku miejsca, w kt\u00f3rych dzieci s\u0105 akceptowane, rodzice inspirowani, a pedagodzy doceniani i wspierani.\" \/>\n<meta property=\"og:url\" content=\"https:\/\/mamaglobalhealing.com\/en\/product\/jak-zbudowac-swoja-wioske\/\" \/>\n<meta property=\"og:site_name\" content=\"Mama Global Healing\" \/>\n<meta property=\"article:modified_time\" content=\"2022-05-24T13:17:14+00:00\" \/>\n<meta property=\"og:image\" content=\"https:\/\/mamaglobalhealing.com\/wp-content\/uploads\/2022\/04\/8-1.png\" \/>\n\t<meta property=\"og:image:width\" content=\"1080\" \/>\n\t<meta property=\"og:image:height\" content=\"1080\" \/>\n\t<meta property=\"og:image:type\" content=\"image\/png\" \/>\n<meta name=\"twitter:card\" content=\"summary_large_image\" \/>\n<script type=\"application\/ld+json\" class=\"yoast-schema-graph\">{\"@context\":\"https:\/\/schema.org\",\"@graph\":[{\"@type\":\"WebPage\",\"@id\":\"https:\/\/mamaglobalhealing.com\/produkt\/jak-zbudowac-swoja-wioske\/\",\"url\":\"https:\/\/mamaglobalhealing.com\/produkt\/jak-zbudowac-swoja-wioske\/\",\"name\":\"Jak zbudowa\u0107 swoj\u0105 wiosk\u0119? | Ola Kozera | WIOSKI.CO - Mama Global Healing\",\"isPartOf\":{\"@id\":\"https:\/\/mamaglobalhealing.com\/#website\"},\"primaryImageOfPage\":{\"@id\":\"https:\/\/mamaglobalhealing.com\/produkt\/jak-zbudowac-swoja-wioske\/#primaryimage\"},\"image\":{\"@id\":\"https:\/\/mamaglobalhealing.com\/produkt\/jak-zbudowac-swoja-wioske\/#primaryimage\"},\"thumbnailUrl\":\"https:\/\/mamaglobalhealing.com\/wp-content\/uploads\/2022\/04\/8-1.png\",\"datePublished\":\"2022-04-27T20:16:40+00:00\",\"dateModified\":\"2022-05-24T13:17:14+00:00\",\"description\":\"Wioski to pe\u0142ne mi\u0142o\u015bci i szacunku miejsca, w kt\u00f3rych dzieci s\u0105 akceptowane, rodzice inspirowani, a pedagodzy doceniani i wspierani.\",\"breadcrumb\":{\"@id\":\"https:\/\/mamaglobalhealing.com\/produkt\/jak-zbudowac-swoja-wioske\/#breadcrumb\"},\"inLanguage\":\"en-GB\",\"potentialAction\":[{\"@type\":\"ReadAction\",\"target\":[\"https:\/\/mamaglobalhealing.com\/produkt\/jak-zbudowac-swoja-wioske\/\"]}]},{\"@type\":\"ImageObject\",\"inLanguage\":\"en-GB\",\"@id\":\"https:\/\/mamaglobalhealing.com\/produkt\/jak-zbudowac-swoja-wioske\/#primaryimage\",\"url\":\"https:\/\/mamaglobalhealing.com\/wp-content\/uploads\/2022\/04\/8-1.png\",\"contentUrl\":\"https:\/\/mamaglobalhealing.com\/wp-content\/uploads\/2022\/04\/8-1.png\",\"width\":1080,\"height\":1080},{\"@type\":\"BreadcrumbList\",\"@id\":\"https:\/\/mamaglobalhealing.com\/produkt\/jak-zbudowac-swoja-wioske\/#breadcrumb\",\"itemListElement\":[{\"@type\":\"ListItem\",\"position\":1,\"name\":\"Strona g\u0142\u00f3wna\",\"item\":\"https:\/\/mamaglobalhealing.com\/\"},{\"@type\":\"ListItem\",\"position\":2,\"name\":\"Sklep\",\"item\":\"https:\/\/mamaglobalhealing.com\/sklep\/\"},{\"@type\":\"ListItem\",\"position\":3,\"name\":\"Jak zbudowa\u0107 swoj\u0105 wiosk\u0119? | Ola Kozera | WIOSKI.CO\"}]},{\"@type\":\"WebSite\",\"@id\":\"https:\/\/mamaglobalhealing.com\/#website\",\"url\":\"https:\/\/mamaglobalhealing.com\/\",\"name\":\"Mama Global Healing\",\"description\":\"Kolejna witryna WordPress\",\"potentialAction\":[{\"@type\":\"SearchAction\",\"target\":{\"@type\":\"EntryPoint\",\"urlTemplate\":\"https:\/\/mamaglobalhealing.com\/?s={search_term_string}\"},\"query-input\":{\"@type\":\"PropertyValueSpecification\",\"valueRequired\":true,\"valueName\":\"search_term_string\"}}],\"inLanguage\":\"en-GB\"}]}<\/script>\n<!-- \/ Yoast SEO plugin. -->","yoast_head_json":{"title":"Jak zbudowa\u0107 swoj\u0105 wiosk\u0119? | Ola Kozera | WIOSKI.CO - Mama Global Healing","description":"Wioski to pe\u0142ne mi\u0142o\u015bci i szacunku miejsca, w kt\u00f3rych dzieci s\u0105 akceptowane, rodzice inspirowani, a pedagodzy doceniani i wspierani.","robots":{"index":"index","follow":"follow","max-snippet":"max-snippet:-1","max-image-preview":"max-image-preview:large","max-video-preview":"max-video-preview:-1"},"canonical":"https:\/\/mamaglobalhealing.com\/en\/product\/jak-zbudowac-swoja-wioske\/","og_locale":"en_GB","og_type":"article","og_title":"Jak zbudowa\u0107 swoj\u0105 wiosk\u0119? | Ola Kozera | WIOSKI.CO - Mama Global Healing","og_description":"Wioski to pe\u0142ne mi\u0142o\u015bci i szacunku miejsca, w kt\u00f3rych dzieci s\u0105 akceptowane, rodzice inspirowani, a pedagodzy doceniani i wspierani.","og_url":"https:\/\/mamaglobalhealing.com\/en\/product\/jak-zbudowac-swoja-wioske\/","og_site_name":"Mama Global Healing","article_modified_time":"2022-05-24T13:17:14+00:00","og_image":[{"width":1080,"height":1080,"url":"https:\/\/mamaglobalhealing.com\/wp-content\/uploads\/2022\/04\/8-1.png","type":"image\/png"}],"twitter_card":"summary_large_image","schema":{"@context":"https:\/\/schema.org","@graph":[{"@type":"WebPage","@id":"https:\/\/mamaglobalhealing.com\/produkt\/jak-zbudowac-swoja-wioske\/","url":"https:\/\/mamaglobalhealing.com\/produkt\/jak-zbudowac-swoja-wioske\/","name":"Jak zbudowa\u0107 swoj\u0105 wiosk\u0119? | Ola Kozera | WIOSKI.CO - Mama Global Healing","isPartOf":{"@id":"https:\/\/mamaglobalhealing.com\/#website"},"primaryImageOfPage":{"@id":"https:\/\/mamaglobalhealing.com\/produkt\/jak-zbudowac-swoja-wioske\/#primaryimage"},"image":{"@id":"https:\/\/mamaglobalhealing.com\/produkt\/jak-zbudowac-swoja-wioske\/#primaryimage"},"thumbnailUrl":"https:\/\/mamaglobalhealing.com\/wp-content\/uploads\/2022\/04\/8-1.png","datePublished":"2022-04-27T20:16:40+00:00","dateModified":"2022-05-24T13:17:14+00:00","description":"Wioski to pe\u0142ne mi\u0142o\u015bci i szacunku miejsca, w kt\u00f3rych dzieci s\u0105 akceptowane, rodzice inspirowani, a pedagodzy doceniani i wspierani.","breadcrumb":{"@id":"https:\/\/mamaglobalhealing.com\/produkt\/jak-zbudowac-swoja-wioske\/#breadcrumb"},"inLanguage":"en-GB","potentialAction":[{"@type":"ReadAction","target":["https:\/\/mamaglobalhealing.com\/produkt\/jak-zbudowac-swoja-wioske\/"]}]},{"@type":"ImageObject","inLanguage":"en-GB","@id":"https:\/\/mamaglobalhealing.com\/produkt\/jak-zbudowac-swoja-wioske\/#primaryimage","url":"https:\/\/mamaglobalhealing.com\/wp-content\/uploads\/2022\/04\/8-1.png","contentUrl":"https:\/\/mamaglobalhealing.com\/wp-content\/uploads\/2022\/04\/8-1.png","width":1080,"height":1080},{"@type":"BreadcrumbList","@id":"https:\/\/mamaglobalhealing.com\/produkt\/jak-zbudowac-swoja-wioske\/#breadcrumb","itemListElement":[{"@type":"ListItem","position":1,"name":"Strona g\u0142\u00f3wna","item":"https:\/\/mamaglobalhealing.com\/"},{"@type":"ListItem","position":2,"name":"Sklep","item":"https:\/\/mamaglobalhealing.com\/sklep\/"},{"@type":"ListItem","position":3,"name":"Jak zbudowa\u0107 swoj\u0105 wiosk\u0119? | Ola Kozera | WIOSKI.CO"}]},{"@type":"WebSite","@id":"https:\/\/mamaglobalhealing.com\/#website","url":"https:\/\/mamaglobalhealing.com\/","name":"Mama Global Healing","description":"Kolejna witryna WordPress","potentialAction":[{"@type":"SearchAction","target":{"@type":"EntryPoint","urlTemplate":"https:\/\/mamaglobalhealing.com\/?s={search_term_string}"},"query-input":{"@type":"PropertyValueSpecification","valueRequired":true,"valueName":"search_term_string"}}],"inLanguage":"en-GB"}]}},"_links":{"self":[{"href":"https:\/\/mamaglobalhealing.com\/en\/wp-json\/wp\/v2\/product\/2749","targetHints":{"allow":["GET"]}}],"collection":[{"href":"https:\/\/mamaglobalhealing.com\/en\/wp-json\/wp\/v2\/product"}],"about":[{"href":"https:\/\/mamaglobalhealing.com\/en\/wp-json\/wp\/v2\/types\/product"}],"wp:featuredmedia":[{"embeddable":true,"href":"https:\/\/mamaglobalhealing.com\/en\/wp-json\/wp\/v2\/media\/2953"}],"wp:attachment":[{"href":"https:\/\/mamaglobalhealing.com\/en\/wp-json\/wp\/v2\/media?parent=2749"}],"wp:term":[{"taxonomy":"product_brand","embeddable":true,"href":"https:\/\/mamaglobalhealing.com\/en\/wp-json\/wp\/v2\/product_brand?post=2749"},{"taxonomy":"product_cat","embeddable":true,"href":"https:\/\/mamaglobalhealing.com\/en\/wp-json\/wp\/v2\/product_cat?post=2749"},{"taxonomy":"product_tag","embeddable":true,"href":"https:\/\/mamaglobalhealing.com\/en\/wp-json\/wp\/v2\/product_tag?post=2749"}],"curies":[{"name":"wp","href":"https:\/\/api.w.org\/{rel}","templated":true}]}}