{"id":2750,"date":"2022-04-27T20:17:12","date_gmt":"2022-04-27T20:17:12","guid":{"rendered":"https:\/\/mamaglobalhealing.com\/?post_type=product&#038;p=2750"},"modified":"2022-06-16T20:50:41","modified_gmt":"2022-06-16T20:50:41","slug":"sila-kobiecego-gniewu-droga-do-twojej-zywotnosci","status":"publish","type":"product","link":"https:\/\/mamaglobalhealing.com\/en\/product\/sila-kobiecego-gniewu-droga-do-twojej-zywotnosci\/","title":{"rendered":"Si\u0142a kobiecego gniewu | Natalia Roma Grzyb"},"content":{"rendered":"","protected":false},"excerpt":{"rendered":"<p><span style=\"font-weight: 400;\"> B\u0105d\u017a m\u0105drzejsza!<br \/>\nUst\u0105p!<br \/>\nZ\u0142o\u015b\u0107 pi\u0119kno\u015bci szkodzi!<br \/>\n&#8230;brzmi znajomo?<br \/>\nTo tylko niekt\u00f3re z przekaz\u00f3w, kt\u00f3re s\u0142yszymy b\u0119d\u0105c ma\u0142ymi dziewczynkami. Od dziecka uczone jeste\u015bmy, \u017ce z\u0142o\u015bci\u0107 si\u0119 nie wypada. Dorastaj\u0105c w tym przekonaniu, cz\u0119sto przykrywamy sw\u00f3j gniew smutkiem lub wybuchamy, gdy ju\u017c uzbiera si\u0119 go za du\u017co.<br \/>\n\ud83d\udc06 A co je\u015bli, nikt nigdy nie nauczy\u0142 nas jak korzysta\u0107 ze swojego gniewu, jako zasobu i energii do tworzenia?<br \/>\n\ud83d\udc06 A co je\u015bli to w\u0142a\u015bnie gniew, jest emocj\u0105, kt\u00f3ra pozwala Ci zadba\u0107 o siebie i to ona stanowi naturalny wymiar self-care?<\/span><\/p>\n<p>\ud83d\udd25 Na tym warsztacie:<br \/>\n&#8211; wraz z innymi kobietami stworzysz now\u0105 map\u0119 gniewu, aby wyj\u015b\u0107 z kulturowych stereotyp\u00f3w, kt\u00f3re nies\u0142usznie przyklejone zosta\u0142y do gniewu<br \/>\n&#8211; nauczysz si\u0119 jak \u015bwiadomie i bezpiecznie wyra\u017ca\u0107 sw\u00f3j gniew<br \/>\n&#8211; poczujesz co to znaczy, gdy Twoja uwaga jest w ca\u0142o\u015bci na tu i teraz &#8211; z jednoczesnym po\u0142\u0105czeniem ze swoim cia\u0142em<br \/>\n&#8211; u\u017cyjesz swojego gniewu, aby stan\u0105\u0107 w swojej sile &#8211; bez chowania si\u0119 i playing small<br \/>\n&#8211; staniesz w swoim autentycznym \u201cnie\u201d i w swoim \u201ctak\u201d!<br \/>\n&#8211; poczujesz co to znaczy gdy kobiety stoj\u0105 ze sob\u0105 w nocy, a nie w starej historii: I win, you lose!<\/p>\n<p><b>Prowadz\u0105cy:<\/b><span style=\"font-weight: 400;\"> Natalia Roma Grzyb<\/span><\/p>\n<p><b>Czas trwania:<\/b> 2h<\/p>\n<p><b>Data i godzina:\u00a0<\/b>sobota 9:30 &#8211; 12:00<\/p>\n<p><b>Miejsce: <\/b><a href=\"https:\/\/mamaglobalhealing.com\/en\/mama-line-up\/tent-de-vito\/\">Tent de VITO<\/a><\/p>\n<p><b>Ilo\u015b\u0107 os\u00f3b:<\/b> bo<\/p>\n<p><b>Dla Kogo:\u00a0<\/b>Kobiety<\/p>\n<p><b>Bobasy:<\/b><span style=\"font-weight: 400;\"> nie<\/span><\/p>","protected":false},"featured_media":2883,"template":"","meta":{"_et_pb_use_builder":"","_et_pb_old_content":"","_et_gb_content_width":""},"product_brand":[],"product_cat":[35,46],"product_tag":[],"class_list":{"0":"post-2750","1":"product","2":"type-product","3":"status-publish","4":"has-post-thumbnail","6":"product_cat-mama-open","7":"product_cat-sobota-open","9":"first","10":"instock","11":"virtual","12":"taxable","13":"product-type-simple"},"yoast_head":"<!-- This site is optimized with the Yoast SEO plugin v25.1 - https:\/\/yoast.com\/wordpress\/plugins\/seo\/ -->\n<title>Si\u0142a kobiecego gniewu | Natalia Roma Grzyb - Mama Global Healing<\/title>\n<meta name=\"robots\" content=\"index, follow, max-snippet:-1, max-image-preview:large, max-video-preview:-1\" \/>\n<link rel=\"canonical\" href=\"https:\/\/mamaglobalhealing.com\/en\/product\/sila-kobiecego-gniewu-droga-do-twojej-zywotnosci\/\" \/>\n<meta property=\"og:locale\" content=\"en_GB\" \/>\n<meta property=\"og:type\" content=\"article\" \/>\n<meta property=\"og:title\" content=\"Si\u0142a kobiecego gniewu | Natalia Roma Grzyb - Mama Global Healing\" \/>\n<meta property=\"og:description\" content=\"B\u0105d\u017a m\u0105drzejsza! Ust\u0105p! Z\u0142o\u015b\u0107 pi\u0119kno\u015bci szkodzi! ...brzmi znajomo? To tylko niekt\u00f3re z przekaz\u00f3w, kt\u00f3re s\u0142yszymy b\u0119d\u0105c ma\u0142ymi dziewczynkami. Od dziecka uczone jeste\u015bmy, \u017ce z\u0142o\u015bci\u0107 si\u0119 nie wypada. Dorastaj\u0105c w tym przekonaniu, cz\u0119sto przykrywamy sw\u00f3j gniew smutkiem lub wybuchamy, gdy ju\u017c uzbiera si\u0119 go za du\u017co. \ud83d\udc06 A co je\u015bli, nikt nigdy nie nauczy\u0142 nas jak korzysta\u0107 ze swojego gniewu, jako zasobu i energii do tworzenia? \ud83d\udc06 A co je\u015bli to w\u0142a\u015bnie gniew, jest emocj\u0105, kt\u00f3ra pozwala Ci zadba\u0107 o siebie i to ona stanowi naturalny wymiar self-care?  \ud83d\udd25 Na tym warsztacie: - wraz z innymi kobietami stworzysz now\u0105 map\u0119 gniewu, aby wyj\u015b\u0107 z kulturowych stereotyp\u00f3w, kt\u00f3re nies\u0142usznie przyklejone zosta\u0142y do gniewu - nauczysz si\u0119 jak \u015bwiadomie i bezpiecznie wyra\u017ca\u0107 sw\u00f3j gniew - poczujesz co to znaczy, gdy Twoja uwaga jest w ca\u0142o\u015bci na tu i teraz - z jednoczesnym po\u0142\u0105czeniem ze swoim cia\u0142em - u\u017cyjesz swojego gniewu, aby stan\u0105\u0107 w swojej sile - bez chowania si\u0119 i playing small - staniesz w swoim autentycznym \u201cnie\u201d i w swoim \u201ctak\u201d! - poczujesz co to znaczy gdy kobiety stoj\u0105 ze sob\u0105 w nocy, a nie w starej historii: I win, you lose!  Prowadz\u0105cy: Natalia Roma Grzyb  Czas trwania: 2h  Data i godzina:\u00a0sobota 9:30 - 12:00  Miejsce: Tent de VITO  Ilo\u015b\u0107 os\u00f3b: bo  Dla Kogo:\u00a0Kobiety  Bobasy: nie\" \/>\n<meta property=\"og:url\" content=\"https:\/\/mamaglobalhealing.com\/en\/product\/sila-kobiecego-gniewu-droga-do-twojej-zywotnosci\/\" \/>\n<meta property=\"og:site_name\" content=\"Mama Global Healing\" \/>\n<meta property=\"article:modified_time\" content=\"2022-06-16T20:50:41+00:00\" \/>\n<meta property=\"og:image\" content=\"https:\/\/mamaglobalhealing.com\/wp-content\/uploads\/2022\/04\/44.png\" \/>\n\t<meta property=\"og:image:width\" content=\"1080\" \/>\n\t<meta property=\"og:image:height\" content=\"1080\" \/>\n\t<meta property=\"og:image:type\" content=\"image\/png\" \/>\n<meta name=\"twitter:card\" content=\"summary_large_image\" \/>\n<script type=\"application\/ld+json\" class=\"yoast-schema-graph\">{\"@context\":\"https:\/\/schema.org\",\"@graph\":[{\"@type\":\"WebPage\",\"@id\":\"https:\/\/mamaglobalhealing.com\/produkt\/sila-kobiecego-gniewu-droga-do-twojej-zywotnosci\/\",\"url\":\"https:\/\/mamaglobalhealing.com\/produkt\/sila-kobiecego-gniewu-droga-do-twojej-zywotnosci\/\",\"name\":\"Si\u0142a kobiecego gniewu | Natalia Roma Grzyb - Mama Global Healing\",\"isPartOf\":{\"@id\":\"https:\/\/mamaglobalhealing.com\/#website\"},\"primaryImageOfPage\":{\"@id\":\"https:\/\/mamaglobalhealing.com\/produkt\/sila-kobiecego-gniewu-droga-do-twojej-zywotnosci\/#primaryimage\"},\"image\":{\"@id\":\"https:\/\/mamaglobalhealing.com\/produkt\/sila-kobiecego-gniewu-droga-do-twojej-zywotnosci\/#primaryimage\"},\"thumbnailUrl\":\"https:\/\/mamaglobalhealing.com\/wp-content\/uploads\/2022\/04\/44.png\",\"datePublished\":\"2022-04-27T20:17:12+00:00\",\"dateModified\":\"2022-06-16T20:50:41+00:00\",\"breadcrumb\":{\"@id\":\"https:\/\/mamaglobalhealing.com\/produkt\/sila-kobiecego-gniewu-droga-do-twojej-zywotnosci\/#breadcrumb\"},\"inLanguage\":\"en-GB\",\"potentialAction\":[{\"@type\":\"ReadAction\",\"target\":[\"https:\/\/mamaglobalhealing.com\/produkt\/sila-kobiecego-gniewu-droga-do-twojej-zywotnosci\/\"]}]},{\"@type\":\"ImageObject\",\"inLanguage\":\"en-GB\",\"@id\":\"https:\/\/mamaglobalhealing.com\/produkt\/sila-kobiecego-gniewu-droga-do-twojej-zywotnosci\/#primaryimage\",\"url\":\"https:\/\/mamaglobalhealing.com\/wp-content\/uploads\/2022\/04\/44.png\",\"contentUrl\":\"https:\/\/mamaglobalhealing.com\/wp-content\/uploads\/2022\/04\/44.png\",\"width\":1080,\"height\":1080},{\"@type\":\"BreadcrumbList\",\"@id\":\"https:\/\/mamaglobalhealing.com\/produkt\/sila-kobiecego-gniewu-droga-do-twojej-zywotnosci\/#breadcrumb\",\"itemListElement\":[{\"@type\":\"ListItem\",\"position\":1,\"name\":\"Strona g\u0142\u00f3wna\",\"item\":\"https:\/\/mamaglobalhealing.com\/\"},{\"@type\":\"ListItem\",\"position\":2,\"name\":\"Sklep\",\"item\":\"https:\/\/mamaglobalhealing.com\/sklep\/\"},{\"@type\":\"ListItem\",\"position\":3,\"name\":\"Si\u0142a kobiecego gniewu | Natalia Roma Grzyb\"}]},{\"@type\":\"WebSite\",\"@id\":\"https:\/\/mamaglobalhealing.com\/#website\",\"url\":\"https:\/\/mamaglobalhealing.com\/\",\"name\":\"Mama Global Healing\",\"description\":\"Kolejna witryna WordPress\",\"potentialAction\":[{\"@type\":\"SearchAction\",\"target\":{\"@type\":\"EntryPoint\",\"urlTemplate\":\"https:\/\/mamaglobalhealing.com\/?s={search_term_string}\"},\"query-input\":{\"@type\":\"PropertyValueSpecification\",\"valueRequired\":true,\"valueName\":\"search_term_string\"}}],\"inLanguage\":\"en-GB\"}]}<\/script>\n<!-- \/ Yoast SEO plugin. -->","yoast_head_json":{"title":"Si\u0142a kobiecego gniewu | Natalia Roma Grzyb - Mama Global Healing","robots":{"index":"index","follow":"follow","max-snippet":"max-snippet:-1","max-image-preview":"max-image-preview:large","max-video-preview":"max-video-preview:-1"},"canonical":"https:\/\/mamaglobalhealing.com\/en\/product\/sila-kobiecego-gniewu-droga-do-twojej-zywotnosci\/","og_locale":"en_GB","og_type":"article","og_title":"Si\u0142a kobiecego gniewu | Natalia Roma Grzyb - Mama Global Healing","og_description":"B\u0105d\u017a m\u0105drzejsza! Ust\u0105p! Z\u0142o\u015b\u0107 pi\u0119kno\u015bci szkodzi! ...brzmi znajomo? To tylko niekt\u00f3re z przekaz\u00f3w, kt\u00f3re s\u0142yszymy b\u0119d\u0105c ma\u0142ymi dziewczynkami. Od dziecka uczone jeste\u015bmy, \u017ce z\u0142o\u015bci\u0107 si\u0119 nie wypada. Dorastaj\u0105c w tym przekonaniu, cz\u0119sto przykrywamy sw\u00f3j gniew smutkiem lub wybuchamy, gdy ju\u017c uzbiera si\u0119 go za du\u017co. \ud83d\udc06 A co je\u015bli, nikt nigdy nie nauczy\u0142 nas jak korzysta\u0107 ze swojego gniewu, jako zasobu i energii do tworzenia? \ud83d\udc06 A co je\u015bli to w\u0142a\u015bnie gniew, jest emocj\u0105, kt\u00f3ra pozwala Ci zadba\u0107 o siebie i to ona stanowi naturalny wymiar self-care?  \ud83d\udd25 Na tym warsztacie: - wraz z innymi kobietami stworzysz now\u0105 map\u0119 gniewu, aby wyj\u015b\u0107 z kulturowych stereotyp\u00f3w, kt\u00f3re nies\u0142usznie przyklejone zosta\u0142y do gniewu - nauczysz si\u0119 jak \u015bwiadomie i bezpiecznie wyra\u017ca\u0107 sw\u00f3j gniew - poczujesz co to znaczy, gdy Twoja uwaga jest w ca\u0142o\u015bci na tu i teraz - z jednoczesnym po\u0142\u0105czeniem ze swoim cia\u0142em - u\u017cyjesz swojego gniewu, aby stan\u0105\u0107 w swojej sile - bez chowania si\u0119 i playing small - staniesz w swoim autentycznym \u201cnie\u201d i w swoim \u201ctak\u201d! - poczujesz co to znaczy gdy kobiety stoj\u0105 ze sob\u0105 w nocy, a nie w starej historii: I win, you lose!  Prowadz\u0105cy: Natalia Roma Grzyb  Czas trwania: 2h  Data i godzina:\u00a0sobota 9:30 - 12:00  Miejsce: Tent de VITO  Ilo\u015b\u0107 os\u00f3b: bo  Dla Kogo:\u00a0Kobiety  Bobasy: nie","og_url":"https:\/\/mamaglobalhealing.com\/en\/product\/sila-kobiecego-gniewu-droga-do-twojej-zywotnosci\/","og_site_name":"Mama Global Healing","article_modified_time":"2022-06-16T20:50:41+00:00","og_image":[{"width":1080,"height":1080,"url":"https:\/\/mamaglobalhealing.com\/wp-content\/uploads\/2022\/04\/44.png","type":"image\/png"}],"twitter_card":"summary_large_image","schema":{"@context":"https:\/\/schema.org","@graph":[{"@type":"WebPage","@id":"https:\/\/mamaglobalhealing.com\/produkt\/sila-kobiecego-gniewu-droga-do-twojej-zywotnosci\/","url":"https:\/\/mamaglobalhealing.com\/produkt\/sila-kobiecego-gniewu-droga-do-twojej-zywotnosci\/","name":"Si\u0142a kobiecego gniewu | Natalia Roma Grzyb - Mama Global Healing","isPartOf":{"@id":"https:\/\/mamaglobalhealing.com\/#website"},"primaryImageOfPage":{"@id":"https:\/\/mamaglobalhealing.com\/produkt\/sila-kobiecego-gniewu-droga-do-twojej-zywotnosci\/#primaryimage"},"image":{"@id":"https:\/\/mamaglobalhealing.com\/produkt\/sila-kobiecego-gniewu-droga-do-twojej-zywotnosci\/#primaryimage"},"thumbnailUrl":"https:\/\/mamaglobalhealing.com\/wp-content\/uploads\/2022\/04\/44.png","datePublished":"2022-04-27T20:17:12+00:00","dateModified":"2022-06-16T20:50:41+00:00","breadcrumb":{"@id":"https:\/\/mamaglobalhealing.com\/produkt\/sila-kobiecego-gniewu-droga-do-twojej-zywotnosci\/#breadcrumb"},"inLanguage":"en-GB","potentialAction":[{"@type":"ReadAction","target":["https:\/\/mamaglobalhealing.com\/produkt\/sila-kobiecego-gniewu-droga-do-twojej-zywotnosci\/"]}]},{"@type":"ImageObject","inLanguage":"en-GB","@id":"https:\/\/mamaglobalhealing.com\/produkt\/sila-kobiecego-gniewu-droga-do-twojej-zywotnosci\/#primaryimage","url":"https:\/\/mamaglobalhealing.com\/wp-content\/uploads\/2022\/04\/44.png","contentUrl":"https:\/\/mamaglobalhealing.com\/wp-content\/uploads\/2022\/04\/44.png","width":1080,"height":1080},{"@type":"BreadcrumbList","@id":"https:\/\/mamaglobalhealing.com\/produkt\/sila-kobiecego-gniewu-droga-do-twojej-zywotnosci\/#breadcrumb","itemListElement":[{"@type":"ListItem","position":1,"name":"Strona g\u0142\u00f3wna","item":"https:\/\/mamaglobalhealing.com\/"},{"@type":"ListItem","position":2,"name":"Sklep","item":"https:\/\/mamaglobalhealing.com\/sklep\/"},{"@type":"ListItem","position":3,"name":"Si\u0142a kobiecego gniewu | Natalia Roma Grzyb"}]},{"@type":"WebSite","@id":"https:\/\/mamaglobalhealing.com\/#website","url":"https:\/\/mamaglobalhealing.com\/","name":"Mama Global Healing","description":"Kolejna witryna WordPress","potentialAction":[{"@type":"SearchAction","target":{"@type":"EntryPoint","urlTemplate":"https:\/\/mamaglobalhealing.com\/?s={search_term_string}"},"query-input":{"@type":"PropertyValueSpecification","valueRequired":true,"valueName":"search_term_string"}}],"inLanguage":"en-GB"}]}},"_links":{"self":[{"href":"https:\/\/mamaglobalhealing.com\/en\/wp-json\/wp\/v2\/product\/2750","targetHints":{"allow":["GET"]}}],"collection":[{"href":"https:\/\/mamaglobalhealing.com\/en\/wp-json\/wp\/v2\/product"}],"about":[{"href":"https:\/\/mamaglobalhealing.com\/en\/wp-json\/wp\/v2\/types\/product"}],"wp:featuredmedia":[{"embeddable":true,"href":"https:\/\/mamaglobalhealing.com\/en\/wp-json\/wp\/v2\/media\/2883"}],"wp:attachment":[{"href":"https:\/\/mamaglobalhealing.com\/en\/wp-json\/wp\/v2\/media?parent=2750"}],"wp:term":[{"taxonomy":"product_brand","embeddable":true,"href":"https:\/\/mamaglobalhealing.com\/en\/wp-json\/wp\/v2\/product_brand?post=2750"},{"taxonomy":"product_cat","embeddable":true,"href":"https:\/\/mamaglobalhealing.com\/en\/wp-json\/wp\/v2\/product_cat?post=2750"},{"taxonomy":"product_tag","embeddable":true,"href":"https:\/\/mamaglobalhealing.com\/en\/wp-json\/wp\/v2\/product_tag?post=2750"}],"curies":[{"name":"wp","href":"https:\/\/api.w.org\/{rel}","templated":true}]}}