{"id":2752,"date":"2022-04-27T20:18:55","date_gmt":"2022-04-27T20:18:55","guid":{"rendered":"https:\/\/mamaglobalhealing.com\/?post_type=product&#038;p=2752"},"modified":"2022-05-25T08:37:34","modified_gmt":"2022-05-25T08:37:34","slug":"krija-sloneczna-kundalini-joga","status":"publish","type":"product","link":"https:\/\/mamaglobalhealing.com\/en\/product\/krija-sloneczna-kundalini-joga\/","title":{"rendered":"Krija s\u0142oneczna &#8211; Kundalini Joga | Agnieszka Klima"},"content":{"rendered":"","protected":false},"excerpt":{"rendered":"<p><span style=\"font-weight: 400;\"> KRIJA (zestaw \u0107wicze\u0144) aktywuj\u0105ca energi\u0119 s\u0142o\u0144ca &#8211; ciep\u0142o, witalno\u015b\u0107, ekspresj\u0119, entuzjazm i si\u0142\u0119 \u017cyciow\u0105. Dzia\u0142a oczyszczaj\u0105co daj\u0105c moc dla cia\u0142a i umys\u0142u. Wspomaga nasze trawienie, wydalanie toksyn z organizmu i utrzymanie wagi. Sprawia, \u017ce \u200b\u200bumys\u0142 jest jasny, klarowny, analityczny i zorientowany na dzia\u0142anie. Dodatkowo MEDYTACJA na otwarcie serca.<br \/>\nPrzebieg zaj\u0119\u0107: zestrojenie, rozgrzewka, krija, relaks, medytacja, zako\u0144czenie. Zaj\u0119cia s\u0105 odpowiednie i przyjazne dla ka\u017cdego, niezale\u017cnie od poziomu zaawansowania i konieczno\u015bci wcze\u015bniejszego do\u015bwiadczenia z KJ. Co zabra\u0107? Praktykujemy boso. Mo\u017cesz ubra\u0107 si\u0119 w jasnych kolorach, chocia\u017c to nie jest konieczno\u015b\u0107. Przygotuj mat\u0119 oraz co\u015b do nakrycia podczas relaksacji. We\u017a ze sob\u0105 wod\u0119 do picia i postaraj si\u0119 nie je\u015b\u0107 nic ci\u0119\u017ckostrawnego 2 godziny przed zaj\u0119ciami. <\/span><\/p>\n<p><b>Prowadz\u0105cy:<\/b><span style=\"font-weight: 400;\"> Agnieszka Klima<\/span><\/p>\n<p><b>Czas trwania: <\/b>1.5h<\/p>\n<p><b>Data: <\/b>friday 7:30 &#8211; 9:00 | saturday 8:00 &#8211; 9:30<\/p>\n<p><b>Miejsce: <\/b>friday <a href=\"https:\/\/mamaglobalhealing.com\/en\/mama-line-up\/jurta\/\">Forest Hub &#8211; JURTA<\/a> | saturday <a href=\"https:\/\/mamaglobalhealing.com\/en\/mama-line-up\/open-air\/\">Open Air<\/a><\/p>\n<p><b>Liczba os\u00f3b:\u00a0<\/b>bo<\/p>\n<p><b>Dla Kogo:\u00a0<\/b>Wszyscy<\/p>\n<p><b>Bobasy:<\/b><span style=\"font-weight: 400;\"> tak<\/span><\/p>","protected":false},"featured_media":3277,"template":"","meta":{"_et_pb_use_builder":"","_et_pb_old_content":"","_et_gb_content_width":""},"product_brand":[],"product_cat":[35,45,46],"product_tag":[],"class_list":{"0":"post-2752","1":"product","2":"type-product","3":"status-publish","4":"has-post-thumbnail","6":"product_cat-mama-open","7":"product_cat-piatek-open","8":"product_cat-sobota-open","10":"first","11":"instock","12":"virtual","13":"taxable","14":"product-type-simple"},"yoast_head":"<!-- This site is optimized with the Yoast SEO plugin v25.1 - https:\/\/yoast.com\/wordpress\/plugins\/seo\/ -->\n<title>Krija s\u0142oneczna - Kundalini Joga | Agnieszka Klima - Mama Global Healing<\/title>\n<meta name=\"robots\" content=\"index, follow, max-snippet:-1, max-image-preview:large, max-video-preview:-1\" \/>\n<link rel=\"canonical\" href=\"http:\/\/mamaglobalhealing.com\/en\/product\/krija-sloneczna-kundalini-joga\/\" \/>\n<meta property=\"og:locale\" content=\"en_GB\" \/>\n<meta property=\"og:type\" content=\"article\" \/>\n<meta property=\"og:title\" content=\"Krija s\u0142oneczna - Kundalini Joga | Agnieszka Klima - Mama Global Healing\" \/>\n<meta property=\"og:description\" content=\"KRIJA (zestaw \u0107wicze\u0144) aktywuj\u0105ca energi\u0119 s\u0142o\u0144ca - ciep\u0142o, witalno\u015b\u0107, ekspresj\u0119, entuzjazm i si\u0142\u0119 \u017cyciow\u0105. Dzia\u0142a oczyszczaj\u0105co daj\u0105c moc dla cia\u0142a i umys\u0142u. Wspomaga nasze trawienie, wydalanie toksyn z organizmu i utrzymanie wagi. Sprawia, \u017ce \u200b\u200bumys\u0142 jest jasny, klarowny, analityczny i zorientowany na dzia\u0142anie. Dodatkowo MEDYTACJA na otwarcie serca. Przebieg zaj\u0119\u0107: zestrojenie, rozgrzewka, krija, relaks, medytacja, zako\u0144czenie. Zaj\u0119cia s\u0105 odpowiednie i przyjazne dla ka\u017cdego, niezale\u017cnie od poziomu zaawansowania i konieczno\u015bci wcze\u015bniejszego do\u015bwiadczenia z KJ. Co zabra\u0107? Praktykujemy boso. Mo\u017cesz ubra\u0107 si\u0119 w jasnych kolorach, chocia\u017c to nie jest konieczno\u015b\u0107. Przygotuj mat\u0119 oraz co\u015b do nakrycia podczas relaksacji. We\u017a ze sob\u0105 wod\u0119 do picia i postaraj si\u0119 nie je\u015b\u0107 nic ci\u0119\u017ckostrawnego 2 godziny przed zaj\u0119ciami.   Prowadz\u0105cy: Agnieszka Klima  Czas trwania: 1.5h  Data: friday 7:30 - 9:00 | saturday 8:00 - 9:30  Miejsce: friday Forest Hub - JURTA | saturday Open Air  Liczba os\u00f3b:\u00a0bo  Dla Kogo:\u00a0Wszyscy  Bobasy: tak\" \/>\n<meta property=\"og:url\" content=\"http:\/\/mamaglobalhealing.com\/en\/product\/krija-sloneczna-kundalini-joga\/\" \/>\n<meta property=\"og:site_name\" content=\"Mama Global Healing\" \/>\n<meta property=\"article:modified_time\" content=\"2022-05-25T08:37:34+00:00\" \/>\n<meta property=\"og:image\" content=\"http:\/\/mamaglobalhealing.com\/wp-content\/uploads\/2022\/04\/1649860770628.jpg\" \/>\n\t<meta property=\"og:image:width\" content=\"1080\" \/>\n\t<meta property=\"og:image:height\" content=\"1350\" \/>\n\t<meta property=\"og:image:type\" content=\"image\/jpeg\" \/>\n<meta name=\"twitter:card\" content=\"summary_large_image\" \/>\n<script type=\"application\/ld+json\" class=\"yoast-schema-graph\">{\"@context\":\"https:\/\/schema.org\",\"@graph\":[{\"@type\":\"WebPage\",\"@id\":\"http:\/\/mamaglobalhealing.com\/produkt\/krija-sloneczna-kundalini-joga\/\",\"url\":\"http:\/\/mamaglobalhealing.com\/produkt\/krija-sloneczna-kundalini-joga\/\",\"name\":\"Krija s\u0142oneczna - Kundalini Joga | Agnieszka Klima - Mama Global Healing\",\"isPartOf\":{\"@id\":\"https:\/\/mamaglobalhealing.com\/#website\"},\"primaryImageOfPage\":{\"@id\":\"http:\/\/mamaglobalhealing.com\/produkt\/krija-sloneczna-kundalini-joga\/#primaryimage\"},\"image\":{\"@id\":\"http:\/\/mamaglobalhealing.com\/produkt\/krija-sloneczna-kundalini-joga\/#primaryimage\"},\"thumbnailUrl\":\"https:\/\/mamaglobalhealing.com\/wp-content\/uploads\/2022\/04\/1649860770628.jpg\",\"datePublished\":\"2022-04-27T20:18:55+00:00\",\"dateModified\":\"2022-05-25T08:37:34+00:00\",\"breadcrumb\":{\"@id\":\"http:\/\/mamaglobalhealing.com\/produkt\/krija-sloneczna-kundalini-joga\/#breadcrumb\"},\"inLanguage\":\"en-GB\",\"potentialAction\":[{\"@type\":\"ReadAction\",\"target\":[\"http:\/\/mamaglobalhealing.com\/produkt\/krija-sloneczna-kundalini-joga\/\"]}]},{\"@type\":\"ImageObject\",\"inLanguage\":\"en-GB\",\"@id\":\"http:\/\/mamaglobalhealing.com\/produkt\/krija-sloneczna-kundalini-joga\/#primaryimage\",\"url\":\"https:\/\/mamaglobalhealing.com\/wp-content\/uploads\/2022\/04\/1649860770628.jpg\",\"contentUrl\":\"https:\/\/mamaglobalhealing.com\/wp-content\/uploads\/2022\/04\/1649860770628.jpg\",\"width\":1080,\"height\":1350},{\"@type\":\"BreadcrumbList\",\"@id\":\"http:\/\/mamaglobalhealing.com\/produkt\/krija-sloneczna-kundalini-joga\/#breadcrumb\",\"itemListElement\":[{\"@type\":\"ListItem\",\"position\":1,\"name\":\"Strona g\u0142\u00f3wna\",\"item\":\"https:\/\/mamaglobalhealing.com\/\"},{\"@type\":\"ListItem\",\"position\":2,\"name\":\"Sklep\",\"item\":\"https:\/\/mamaglobalhealing.com\/sklep\/\"},{\"@type\":\"ListItem\",\"position\":3,\"name\":\"Krija s\u0142oneczna &#8211; Kundalini Joga | Agnieszka Klima\"}]},{\"@type\":\"WebSite\",\"@id\":\"https:\/\/mamaglobalhealing.com\/#website\",\"url\":\"https:\/\/mamaglobalhealing.com\/\",\"name\":\"Mama Global Healing\",\"description\":\"Kolejna witryna WordPress\",\"potentialAction\":[{\"@type\":\"SearchAction\",\"target\":{\"@type\":\"EntryPoint\",\"urlTemplate\":\"https:\/\/mamaglobalhealing.com\/?s={search_term_string}\"},\"query-input\":{\"@type\":\"PropertyValueSpecification\",\"valueRequired\":true,\"valueName\":\"search_term_string\"}}],\"inLanguage\":\"en-GB\"}]}<\/script>\n<!-- \/ Yoast SEO plugin. -->","yoast_head_json":{"title":"Krija s\u0142oneczna - Kundalini Joga | Agnieszka Klima - Mama Global Healing","robots":{"index":"index","follow":"follow","max-snippet":"max-snippet:-1","max-image-preview":"max-image-preview:large","max-video-preview":"max-video-preview:-1"},"canonical":"http:\/\/mamaglobalhealing.com\/en\/product\/krija-sloneczna-kundalini-joga\/","og_locale":"en_GB","og_type":"article","og_title":"Krija s\u0142oneczna - Kundalini Joga | Agnieszka Klima - Mama Global Healing","og_description":"KRIJA (zestaw \u0107wicze\u0144) aktywuj\u0105ca energi\u0119 s\u0142o\u0144ca - ciep\u0142o, witalno\u015b\u0107, ekspresj\u0119, entuzjazm i si\u0142\u0119 \u017cyciow\u0105. Dzia\u0142a oczyszczaj\u0105co daj\u0105c moc dla cia\u0142a i umys\u0142u. Wspomaga nasze trawienie, wydalanie toksyn z organizmu i utrzymanie wagi. Sprawia, \u017ce \u200b\u200bumys\u0142 jest jasny, klarowny, analityczny i zorientowany na dzia\u0142anie. Dodatkowo MEDYTACJA na otwarcie serca. Przebieg zaj\u0119\u0107: zestrojenie, rozgrzewka, krija, relaks, medytacja, zako\u0144czenie. Zaj\u0119cia s\u0105 odpowiednie i przyjazne dla ka\u017cdego, niezale\u017cnie od poziomu zaawansowania i konieczno\u015bci wcze\u015bniejszego do\u015bwiadczenia z KJ. Co zabra\u0107? Praktykujemy boso. Mo\u017cesz ubra\u0107 si\u0119 w jasnych kolorach, chocia\u017c to nie jest konieczno\u015b\u0107. Przygotuj mat\u0119 oraz co\u015b do nakrycia podczas relaksacji. We\u017a ze sob\u0105 wod\u0119 do picia i postaraj si\u0119 nie je\u015b\u0107 nic ci\u0119\u017ckostrawnego 2 godziny przed zaj\u0119ciami.   Prowadz\u0105cy: Agnieszka Klima  Czas trwania: 1.5h  Data: friday 7:30 - 9:00 | saturday 8:00 - 9:30  Miejsce: friday Forest Hub - JURTA | saturday Open Air  Liczba os\u00f3b:\u00a0bo  Dla Kogo:\u00a0Wszyscy  Bobasy: tak","og_url":"http:\/\/mamaglobalhealing.com\/en\/product\/krija-sloneczna-kundalini-joga\/","og_site_name":"Mama Global Healing","article_modified_time":"2022-05-25T08:37:34+00:00","og_image":[{"width":1080,"height":1350,"url":"http:\/\/mamaglobalhealing.com\/wp-content\/uploads\/2022\/04\/1649860770628.jpg","type":"image\/jpeg"}],"twitter_card":"summary_large_image","schema":{"@context":"https:\/\/schema.org","@graph":[{"@type":"WebPage","@id":"http:\/\/mamaglobalhealing.com\/produkt\/krija-sloneczna-kundalini-joga\/","url":"http:\/\/mamaglobalhealing.com\/produkt\/krija-sloneczna-kundalini-joga\/","name":"Krija s\u0142oneczna - Kundalini Joga | Agnieszka Klima - Mama Global Healing","isPartOf":{"@id":"https:\/\/mamaglobalhealing.com\/#website"},"primaryImageOfPage":{"@id":"http:\/\/mamaglobalhealing.com\/produkt\/krija-sloneczna-kundalini-joga\/#primaryimage"},"image":{"@id":"http:\/\/mamaglobalhealing.com\/produkt\/krija-sloneczna-kundalini-joga\/#primaryimage"},"thumbnailUrl":"https:\/\/mamaglobalhealing.com\/wp-content\/uploads\/2022\/04\/1649860770628.jpg","datePublished":"2022-04-27T20:18:55+00:00","dateModified":"2022-05-25T08:37:34+00:00","breadcrumb":{"@id":"http:\/\/mamaglobalhealing.com\/produkt\/krija-sloneczna-kundalini-joga\/#breadcrumb"},"inLanguage":"en-GB","potentialAction":[{"@type":"ReadAction","target":["http:\/\/mamaglobalhealing.com\/produkt\/krija-sloneczna-kundalini-joga\/"]}]},{"@type":"ImageObject","inLanguage":"en-GB","@id":"http:\/\/mamaglobalhealing.com\/produkt\/krija-sloneczna-kundalini-joga\/#primaryimage","url":"https:\/\/mamaglobalhealing.com\/wp-content\/uploads\/2022\/04\/1649860770628.jpg","contentUrl":"https:\/\/mamaglobalhealing.com\/wp-content\/uploads\/2022\/04\/1649860770628.jpg","width":1080,"height":1350},{"@type":"BreadcrumbList","@id":"http:\/\/mamaglobalhealing.com\/produkt\/krija-sloneczna-kundalini-joga\/#breadcrumb","itemListElement":[{"@type":"ListItem","position":1,"name":"Strona g\u0142\u00f3wna","item":"https:\/\/mamaglobalhealing.com\/"},{"@type":"ListItem","position":2,"name":"Sklep","item":"https:\/\/mamaglobalhealing.com\/sklep\/"},{"@type":"ListItem","position":3,"name":"Krija s\u0142oneczna &#8211; Kundalini Joga | Agnieszka Klima"}]},{"@type":"WebSite","@id":"https:\/\/mamaglobalhealing.com\/#website","url":"https:\/\/mamaglobalhealing.com\/","name":"Mama Global Healing","description":"Kolejna witryna WordPress","potentialAction":[{"@type":"SearchAction","target":{"@type":"EntryPoint","urlTemplate":"https:\/\/mamaglobalhealing.com\/?s={search_term_string}"},"query-input":{"@type":"PropertyValueSpecification","valueRequired":true,"valueName":"search_term_string"}}],"inLanguage":"en-GB"}]}},"_links":{"self":[{"href":"https:\/\/mamaglobalhealing.com\/en\/wp-json\/wp\/v2\/product\/2752","targetHints":{"allow":["GET"]}}],"collection":[{"href":"https:\/\/mamaglobalhealing.com\/en\/wp-json\/wp\/v2\/product"}],"about":[{"href":"https:\/\/mamaglobalhealing.com\/en\/wp-json\/wp\/v2\/types\/product"}],"wp:featuredmedia":[{"embeddable":true,"href":"https:\/\/mamaglobalhealing.com\/en\/wp-json\/wp\/v2\/media\/3277"}],"wp:attachment":[{"href":"https:\/\/mamaglobalhealing.com\/en\/wp-json\/wp\/v2\/media?parent=2752"}],"wp:term":[{"taxonomy":"product_brand","embeddable":true,"href":"https:\/\/mamaglobalhealing.com\/en\/wp-json\/wp\/v2\/product_brand?post=2752"},{"taxonomy":"product_cat","embeddable":true,"href":"https:\/\/mamaglobalhealing.com\/en\/wp-json\/wp\/v2\/product_cat?post=2752"},{"taxonomy":"product_tag","embeddable":true,"href":"https:\/\/mamaglobalhealing.com\/en\/wp-json\/wp\/v2\/product_tag?post=2752"}],"curies":[{"name":"wp","href":"https:\/\/api.w.org\/{rel}","templated":true}]}}