{"id":2754,"date":"2022-04-27T20:20:26","date_gmt":"2022-04-27T20:20:26","guid":{"rendered":"https:\/\/mamaglobalhealing.com\/?post_type=product&#038;p=2754"},"modified":"2022-05-24T13:42:33","modified_gmt":"2022-05-24T13:42:33","slug":"relacyjny-taniec-dialog-z-poziomu-serca","status":"publish","type":"product","link":"https:\/\/mamaglobalhealing.com\/en\/product\/relacyjny-taniec-dialog-z-poziomu-serca\/","title":{"rendered":"Relacyjny taniec &#8211; dialog z poziomu serca | Asha Nowicka"},"content":{"rendered":"","protected":false},"excerpt":{"rendered":"<p>Warsztaty wprowadzaj\u0105ce do Nonviolent Communication (Porozumienia Bez Przemocy) Marshalla Rosenberga. Idea zwana inaczej J\u0119zykiem Serca czy Empatyczn\u0105 Komunikacj\u0105, uczy otwartego wyra\u017cania swoich uczu\u0107 i potrzeb bez naruszania granic drugiego, u\u0142atwia zrozumienie uczu\u0107 i potrzeb swoich i drugiej osoby sprzyjaj\u0105ce budowaniu g\u0142\u0119bokich, autentycznych relacji. Uczestnicy poznaj\u0105 za\u0142o\u017cenia\/ przekonania, na kt\u00f3rych oparta jest Idea NVC, dowiedz\u0105 si\u0119 jak dzi\u0119ki praktykowaniu i integrowaniu proces\u00f3w i narz\u0119dzi mo\u017cna zyska\u0107 umiej\u0119tno\u015bci rozpoznawania i wyra\u017cania swoich emocji w bezpieczny nierani\u0105cy spos\u00f3b oraz do\u015bwiadcz\u0105 kontaktu empatycznego. Rozpoznaj\u0105 tak\u017ce jak mo\u017cna pod mechanizmami obrony, blokowania, krytyki czy pogardy zobaczy\u0107 drugiego cz\u0142owieka z jego uczuciami i potrzebami, nawi\u0105za\u0107 kontakt i doj\u015b\u0107 do porozumienia w konflikcie.<br \/>\nUczestnicy mog\u0105 wynie\u015b\u0107 ze spotkania wiele zaspokojonych potrzeb i zaczynaj\u0105c od zatrzymania i refleksji poprzez zaskoczenie, zachwyt, ciekawo\u015b\u0107 i ch\u0119\u0107 pog\u0142\u0119bienia\/kontynuowania do\u015bwiadczania w pe\u0142ni \u015bwiadomego \u017cycia a\u017c do radykalnych zmian w sposobie postrzegania siebie i \u015bwiata &#8211; wszystko dzi\u0119ki \u015bwiadomo\u015bci siebie, swoich my\u015bli, interpretacji, uczu\u0107, potrzeb, pr\u00f3\u015bb i pot\u0119gi rozr\u00f3\u017cnie\u0144 kluczowych.<\/p>\n<p><b>Prowadz\u0105cy:<\/b><span style=\"font-weight: 400;\"> Asha Nowicka<\/span><\/p>\n<p><b>Czas trwania:<\/b> 2h<\/p>\n<p><b>Data i godzina: <\/b>sobota 17:30 &#8211; 19:30<\/p>\n<p><b>Miejsce: <\/b><a href=\"https:\/\/mamaglobalhealing.com\/en\/mama-line-up\/magic-chai-place\/\">Magic Chai Place<\/a><\/p>\n<p><b>Liczba os\u00f3b:<\/b> 30<\/p>\n<p><b>Dla Kogo:\u00a0<\/b>Wszyscy<\/p>\n<p><b>Bobasy:<\/b><span style=\"font-weight: 400;\"> tak<\/span><\/p>","protected":false},"featured_media":3295,"template":"","meta":{"_et_pb_use_builder":"","_et_pb_old_content":"","_et_gb_content_width":""},"product_brand":[],"product_cat":[35,46],"product_tag":[],"class_list":{"0":"post-2754","1":"product","2":"type-product","3":"status-publish","4":"has-post-thumbnail","6":"product_cat-mama-open","7":"product_cat-sobota-open","9":"first","10":"instock","11":"virtual","12":"taxable","13":"product-type-simple"},"yoast_head":"<!-- This site is optimized with the Yoast SEO plugin v25.1 - https:\/\/yoast.com\/wordpress\/plugins\/seo\/ -->\n<title>Relacyjny taniec - dialog z poziomu serca | Asha Nowicka - Mama Global Healing<\/title>\n<meta name=\"robots\" content=\"index, follow, max-snippet:-1, max-image-preview:large, max-video-preview:-1\" \/>\n<link rel=\"canonical\" href=\"http:\/\/mamaglobalhealing.com\/en\/product\/relacyjny-taniec-dialog-z-poziomu-serca\/\" \/>\n<meta property=\"og:locale\" content=\"en_GB\" \/>\n<meta property=\"og:type\" content=\"article\" \/>\n<meta property=\"og:title\" content=\"Relacyjny taniec - dialog z poziomu serca | Asha Nowicka - Mama Global Healing\" \/>\n<meta property=\"og:description\" content=\"Warsztaty wprowadzaj\u0105ce do Nonviolent Communication (Porozumienia Bez Przemocy) Marshalla Rosenberga. Idea zwana inaczej J\u0119zykiem Serca czy Empatyczn\u0105 Komunikacj\u0105, uczy otwartego wyra\u017cania swoich uczu\u0107 i potrzeb bez naruszania granic drugiego, u\u0142atwia zrozumienie uczu\u0107 i potrzeb swoich i drugiej osoby sprzyjaj\u0105ce budowaniu g\u0142\u0119bokich, autentycznych relacji. Uczestnicy poznaj\u0105 za\u0142o\u017cenia\/ przekonania, na kt\u00f3rych oparta jest Idea NVC, dowiedz\u0105 si\u0119 jak dzi\u0119ki praktykowaniu i integrowaniu proces\u00f3w i narz\u0119dzi mo\u017cna zyska\u0107 umiej\u0119tno\u015bci rozpoznawania i wyra\u017cania swoich emocji w bezpieczny nierani\u0105cy spos\u00f3b oraz do\u015bwiadcz\u0105 kontaktu empatycznego. Rozpoznaj\u0105 tak\u017ce jak mo\u017cna pod mechanizmami obrony, blokowania, krytyki czy pogardy zobaczy\u0107 drugiego cz\u0142owieka z jego uczuciami i potrzebami, nawi\u0105za\u0107 kontakt i doj\u015b\u0107 do porozumienia w konflikcie. Uczestnicy mog\u0105 wynie\u015b\u0107 ze spotkania wiele zaspokojonych potrzeb i zaczynaj\u0105c od zatrzymania i refleksji poprzez zaskoczenie, zachwyt, ciekawo\u015b\u0107 i ch\u0119\u0107 pog\u0142\u0119bienia\/kontynuowania do\u015bwiadczania w pe\u0142ni \u015bwiadomego \u017cycia a\u017c do radykalnych zmian w sposobie postrzegania siebie i \u015bwiata - wszystko dzi\u0119ki \u015bwiadomo\u015bci siebie, swoich my\u015bli, interpretacji, uczu\u0107, potrzeb, pr\u00f3\u015bb i pot\u0119gi rozr\u00f3\u017cnie\u0144 kluczowych.  Prowadz\u0105cy: Asha Nowicka  Czas trwania: 2h  Data i godzina: sobota 17:30 - 19:30  Miejsce: Magic Chai Place  Liczba os\u00f3b: 30  Dla Kogo:\u00a0Wszyscy  Bobasy: tak\" \/>\n<meta property=\"og:url\" content=\"http:\/\/mamaglobalhealing.com\/en\/product\/relacyjny-taniec-dialog-z-poziomu-serca\/\" \/>\n<meta property=\"og:site_name\" content=\"Mama Global Healing\" \/>\n<meta property=\"article:modified_time\" content=\"2022-05-24T13:42:33+00:00\" \/>\n<meta property=\"og:image\" content=\"http:\/\/mamaglobalhealing.com\/wp-content\/uploads\/2022\/04\/Kopia-OPISY-WYDARZEN-part-1-1.jpg\" \/>\n\t<meta property=\"og:image:width\" content=\"1080\" \/>\n\t<meta property=\"og:image:height\" content=\"1080\" \/>\n\t<meta property=\"og:image:type\" content=\"image\/jpeg\" \/>\n<meta name=\"twitter:card\" content=\"summary_large_image\" \/>\n<script type=\"application\/ld+json\" class=\"yoast-schema-graph\">{\"@context\":\"https:\/\/schema.org\",\"@graph\":[{\"@type\":\"WebPage\",\"@id\":\"http:\/\/mamaglobalhealing.com\/produkt\/relacyjny-taniec-dialog-z-poziomu-serca\/\",\"url\":\"http:\/\/mamaglobalhealing.com\/produkt\/relacyjny-taniec-dialog-z-poziomu-serca\/\",\"name\":\"Relacyjny taniec - dialog z poziomu serca | Asha Nowicka - Mama Global Healing\",\"isPartOf\":{\"@id\":\"https:\/\/mamaglobalhealing.com\/#website\"},\"primaryImageOfPage\":{\"@id\":\"http:\/\/mamaglobalhealing.com\/produkt\/relacyjny-taniec-dialog-z-poziomu-serca\/#primaryimage\"},\"image\":{\"@id\":\"http:\/\/mamaglobalhealing.com\/produkt\/relacyjny-taniec-dialog-z-poziomu-serca\/#primaryimage\"},\"thumbnailUrl\":\"https:\/\/mamaglobalhealing.com\/wp-content\/uploads\/2022\/04\/Kopia-OPISY-WYDARZEN-part-1-1.jpg\",\"datePublished\":\"2022-04-27T20:20:26+00:00\",\"dateModified\":\"2022-05-24T13:42:33+00:00\",\"breadcrumb\":{\"@id\":\"http:\/\/mamaglobalhealing.com\/produkt\/relacyjny-taniec-dialog-z-poziomu-serca\/#breadcrumb\"},\"inLanguage\":\"en-GB\",\"potentialAction\":[{\"@type\":\"ReadAction\",\"target\":[\"http:\/\/mamaglobalhealing.com\/produkt\/relacyjny-taniec-dialog-z-poziomu-serca\/\"]}]},{\"@type\":\"ImageObject\",\"inLanguage\":\"en-GB\",\"@id\":\"http:\/\/mamaglobalhealing.com\/produkt\/relacyjny-taniec-dialog-z-poziomu-serca\/#primaryimage\",\"url\":\"https:\/\/mamaglobalhealing.com\/wp-content\/uploads\/2022\/04\/Kopia-OPISY-WYDARZEN-part-1-1.jpg\",\"contentUrl\":\"https:\/\/mamaglobalhealing.com\/wp-content\/uploads\/2022\/04\/Kopia-OPISY-WYDARZEN-part-1-1.jpg\",\"width\":1080,\"height\":1080},{\"@type\":\"BreadcrumbList\",\"@id\":\"http:\/\/mamaglobalhealing.com\/produkt\/relacyjny-taniec-dialog-z-poziomu-serca\/#breadcrumb\",\"itemListElement\":[{\"@type\":\"ListItem\",\"position\":1,\"name\":\"Strona g\u0142\u00f3wna\",\"item\":\"https:\/\/mamaglobalhealing.com\/\"},{\"@type\":\"ListItem\",\"position\":2,\"name\":\"Sklep\",\"item\":\"https:\/\/mamaglobalhealing.com\/sklep\/\"},{\"@type\":\"ListItem\",\"position\":3,\"name\":\"Relacyjny taniec &#8211; dialog z&nbsp;poziomu serca | Asha Nowicka\"}]},{\"@type\":\"WebSite\",\"@id\":\"https:\/\/mamaglobalhealing.com\/#website\",\"url\":\"https:\/\/mamaglobalhealing.com\/\",\"name\":\"Mama Global Healing\",\"description\":\"Kolejna witryna WordPress\",\"potentialAction\":[{\"@type\":\"SearchAction\",\"target\":{\"@type\":\"EntryPoint\",\"urlTemplate\":\"https:\/\/mamaglobalhealing.com\/?s={search_term_string}\"},\"query-input\":{\"@type\":\"PropertyValueSpecification\",\"valueRequired\":true,\"valueName\":\"search_term_string\"}}],\"inLanguage\":\"en-GB\"}]}<\/script>\n<!-- \/ Yoast SEO plugin. -->","yoast_head_json":{"title":"Relacyjny taniec - dialog z poziomu serca | Asha Nowicka - Mama Global Healing","robots":{"index":"index","follow":"follow","max-snippet":"max-snippet:-1","max-image-preview":"max-image-preview:large","max-video-preview":"max-video-preview:-1"},"canonical":"http:\/\/mamaglobalhealing.com\/en\/product\/relacyjny-taniec-dialog-z-poziomu-serca\/","og_locale":"en_GB","og_type":"article","og_title":"Relacyjny taniec - dialog z poziomu serca | Asha Nowicka - Mama Global Healing","og_description":"Warsztaty wprowadzaj\u0105ce do Nonviolent Communication (Porozumienia Bez Przemocy) Marshalla Rosenberga. Idea zwana inaczej J\u0119zykiem Serca czy Empatyczn\u0105 Komunikacj\u0105, uczy otwartego wyra\u017cania swoich uczu\u0107 i potrzeb bez naruszania granic drugiego, u\u0142atwia zrozumienie uczu\u0107 i potrzeb swoich i drugiej osoby sprzyjaj\u0105ce budowaniu g\u0142\u0119bokich, autentycznych relacji. Uczestnicy poznaj\u0105 za\u0142o\u017cenia\/ przekonania, na kt\u00f3rych oparta jest Idea NVC, dowiedz\u0105 si\u0119 jak dzi\u0119ki praktykowaniu i integrowaniu proces\u00f3w i narz\u0119dzi mo\u017cna zyska\u0107 umiej\u0119tno\u015bci rozpoznawania i wyra\u017cania swoich emocji w bezpieczny nierani\u0105cy spos\u00f3b oraz do\u015bwiadcz\u0105 kontaktu empatycznego. Rozpoznaj\u0105 tak\u017ce jak mo\u017cna pod mechanizmami obrony, blokowania, krytyki czy pogardy zobaczy\u0107 drugiego cz\u0142owieka z jego uczuciami i potrzebami, nawi\u0105za\u0107 kontakt i doj\u015b\u0107 do porozumienia w konflikcie. Uczestnicy mog\u0105 wynie\u015b\u0107 ze spotkania wiele zaspokojonych potrzeb i zaczynaj\u0105c od zatrzymania i refleksji poprzez zaskoczenie, zachwyt, ciekawo\u015b\u0107 i ch\u0119\u0107 pog\u0142\u0119bienia\/kontynuowania do\u015bwiadczania w pe\u0142ni \u015bwiadomego \u017cycia a\u017c do radykalnych zmian w sposobie postrzegania siebie i \u015bwiata - wszystko dzi\u0119ki \u015bwiadomo\u015bci siebie, swoich my\u015bli, interpretacji, uczu\u0107, potrzeb, pr\u00f3\u015bb i pot\u0119gi rozr\u00f3\u017cnie\u0144 kluczowych.  Prowadz\u0105cy: Asha Nowicka  Czas trwania: 2h  Data i godzina: sobota 17:30 - 19:30  Miejsce: Magic Chai Place  Liczba os\u00f3b: 30  Dla Kogo:\u00a0Wszyscy  Bobasy: tak","og_url":"http:\/\/mamaglobalhealing.com\/en\/product\/relacyjny-taniec-dialog-z-poziomu-serca\/","og_site_name":"Mama Global Healing","article_modified_time":"2022-05-24T13:42:33+00:00","og_image":[{"width":1080,"height":1080,"url":"http:\/\/mamaglobalhealing.com\/wp-content\/uploads\/2022\/04\/Kopia-OPISY-WYDARZEN-part-1-1.jpg","type":"image\/jpeg"}],"twitter_card":"summary_large_image","schema":{"@context":"https:\/\/schema.org","@graph":[{"@type":"WebPage","@id":"http:\/\/mamaglobalhealing.com\/produkt\/relacyjny-taniec-dialog-z-poziomu-serca\/","url":"http:\/\/mamaglobalhealing.com\/produkt\/relacyjny-taniec-dialog-z-poziomu-serca\/","name":"Relacyjny taniec - dialog z poziomu serca | Asha Nowicka - Mama Global Healing","isPartOf":{"@id":"https:\/\/mamaglobalhealing.com\/#website"},"primaryImageOfPage":{"@id":"http:\/\/mamaglobalhealing.com\/produkt\/relacyjny-taniec-dialog-z-poziomu-serca\/#primaryimage"},"image":{"@id":"http:\/\/mamaglobalhealing.com\/produkt\/relacyjny-taniec-dialog-z-poziomu-serca\/#primaryimage"},"thumbnailUrl":"https:\/\/mamaglobalhealing.com\/wp-content\/uploads\/2022\/04\/Kopia-OPISY-WYDARZEN-part-1-1.jpg","datePublished":"2022-04-27T20:20:26+00:00","dateModified":"2022-05-24T13:42:33+00:00","breadcrumb":{"@id":"http:\/\/mamaglobalhealing.com\/produkt\/relacyjny-taniec-dialog-z-poziomu-serca\/#breadcrumb"},"inLanguage":"en-GB","potentialAction":[{"@type":"ReadAction","target":["http:\/\/mamaglobalhealing.com\/produkt\/relacyjny-taniec-dialog-z-poziomu-serca\/"]}]},{"@type":"ImageObject","inLanguage":"en-GB","@id":"http:\/\/mamaglobalhealing.com\/produkt\/relacyjny-taniec-dialog-z-poziomu-serca\/#primaryimage","url":"https:\/\/mamaglobalhealing.com\/wp-content\/uploads\/2022\/04\/Kopia-OPISY-WYDARZEN-part-1-1.jpg","contentUrl":"https:\/\/mamaglobalhealing.com\/wp-content\/uploads\/2022\/04\/Kopia-OPISY-WYDARZEN-part-1-1.jpg","width":1080,"height":1080},{"@type":"BreadcrumbList","@id":"http:\/\/mamaglobalhealing.com\/produkt\/relacyjny-taniec-dialog-z-poziomu-serca\/#breadcrumb","itemListElement":[{"@type":"ListItem","position":1,"name":"Strona g\u0142\u00f3wna","item":"https:\/\/mamaglobalhealing.com\/"},{"@type":"ListItem","position":2,"name":"Sklep","item":"https:\/\/mamaglobalhealing.com\/sklep\/"},{"@type":"ListItem","position":3,"name":"Relacyjny taniec &#8211; dialog z&nbsp;poziomu serca | Asha Nowicka"}]},{"@type":"WebSite","@id":"https:\/\/mamaglobalhealing.com\/#website","url":"https:\/\/mamaglobalhealing.com\/","name":"Mama Global Healing","description":"Kolejna witryna WordPress","potentialAction":[{"@type":"SearchAction","target":{"@type":"EntryPoint","urlTemplate":"https:\/\/mamaglobalhealing.com\/?s={search_term_string}"},"query-input":{"@type":"PropertyValueSpecification","valueRequired":true,"valueName":"search_term_string"}}],"inLanguage":"en-GB"}]}},"_links":{"self":[{"href":"https:\/\/mamaglobalhealing.com\/en\/wp-json\/wp\/v2\/product\/2754","targetHints":{"allow":["GET"]}}],"collection":[{"href":"https:\/\/mamaglobalhealing.com\/en\/wp-json\/wp\/v2\/product"}],"about":[{"href":"https:\/\/mamaglobalhealing.com\/en\/wp-json\/wp\/v2\/types\/product"}],"wp:featuredmedia":[{"embeddable":true,"href":"https:\/\/mamaglobalhealing.com\/en\/wp-json\/wp\/v2\/media\/3295"}],"wp:attachment":[{"href":"https:\/\/mamaglobalhealing.com\/en\/wp-json\/wp\/v2\/media?parent=2754"}],"wp:term":[{"taxonomy":"product_brand","embeddable":true,"href":"https:\/\/mamaglobalhealing.com\/en\/wp-json\/wp\/v2\/product_brand?post=2754"},{"taxonomy":"product_cat","embeddable":true,"href":"https:\/\/mamaglobalhealing.com\/en\/wp-json\/wp\/v2\/product_cat?post=2754"},{"taxonomy":"product_tag","embeddable":true,"href":"https:\/\/mamaglobalhealing.com\/en\/wp-json\/wp\/v2\/product_tag?post=2754"}],"curies":[{"name":"wp","href":"https:\/\/api.w.org\/{rel}","templated":true}]}}