{"id":2757,"date":"2022-04-27T20:21:36","date_gmt":"2022-04-27T20:21:36","guid":{"rendered":"https:\/\/mamaglobalhealing.com\/?post_type=product&#038;p=2757"},"modified":"2022-05-25T07:42:26","modified_gmt":"2022-05-25T07:42:26","slug":"ekowioski-wracamy-do-natury","status":"publish","type":"product","link":"https:\/\/mamaglobalhealing.com\/en\/product\/ekowioski-wracamy-do-natury\/","title":{"rendered":"Ekowioski &#8211; Wracamy do Natury! | Dawid Oko\u0144ski"},"content":{"rendered":"","protected":false},"excerpt":{"rendered":"<p><span style=\"font-weight: 400;\"> Moje do\u015bwiadczenia z podr\u00f3\u017cy. Obecna sytuacja i konkretna mobilizacja. Inicjatywy w Polsce, kierunki rozwoju, mo\u017cliwo\u015bci na teraz. Jakie jest Twoje teraz? Czy jeste\u015b gotowy? Wracamy do Natury! <\/span><\/p>\n<p><b>Prowadz\u0105cy:<\/b><span style=\"font-weight: 400;\"> Dawid Oko\u0144ski<\/span><\/p>\n<p><b>Czas trwania:<\/b> 2h<\/p>\n<p><b>Data i godzina:<\/b> niedziela 14:30 &#8211; 16:30<\/p>\n<p><b>Miejsce: <\/b><a href=\"https:\/\/mamaglobalhealing.com\/en\/mama-line-up\/karma-place\/\">Karma Place<\/a><\/p>\n<p><b>Ilo\u015b\u0107 os\u00f3b: <\/b>bo<\/p>\n<p><b>Dla Kogo: <\/b>Wszyscy<\/p>\n<p><b>Bobasy:<\/b><span style=\"font-weight: 400;\"> tak<\/span><\/p>","protected":false},"featured_media":2904,"template":"","meta":{"_et_pb_use_builder":"","_et_pb_old_content":"","_et_gb_content_width":""},"product_brand":[],"product_cat":[35,47],"product_tag":[],"class_list":{"0":"post-2757","1":"product","2":"type-product","3":"status-publish","4":"has-post-thumbnail","6":"product_cat-mama-open","7":"product_cat-niedziela-open","9":"first","10":"instock","11":"virtual","12":"taxable","13":"product-type-simple"},"yoast_head":"<!-- This site is optimized with the Yoast SEO plugin v25.1 - https:\/\/yoast.com\/wordpress\/plugins\/seo\/ -->\n<title>Ekowioski - Wracamy do Natury! | Dawid Oko\u0144ski - Mama Global Healing<\/title>\n<meta name=\"description\" content=\"Moje do\u015bwiadczenia z podr\u00f3\u017cy. Obecna sytuacja i konkretna mobilizacja. Inicjatywy w Polsce, kierunki rozwoju, mo\u017cliwo\u015bci na teraz. Jakie jest Twoje teraz? Czy jeste\u015b gotowy? Wracamy do Natury!\" \/>\n<meta name=\"robots\" content=\"index, follow, max-snippet:-1, max-image-preview:large, max-video-preview:-1\" \/>\n<link rel=\"canonical\" href=\"http:\/\/mamaglobalhealing.com\/en\/product\/ekowioski-wracamy-do-natury\/\" \/>\n<meta property=\"og:locale\" content=\"en_GB\" \/>\n<meta property=\"og:type\" content=\"article\" \/>\n<meta property=\"og:title\" content=\"Ekowioski - Wracamy do Natury! | Dawid Oko\u0144ski - Mama Global Healing\" \/>\n<meta property=\"og:description\" content=\"Moje do\u015bwiadczenia z podr\u00f3\u017cy. Obecna sytuacja i konkretna mobilizacja. Inicjatywy w Polsce, kierunki rozwoju, mo\u017cliwo\u015bci na teraz. Jakie jest Twoje teraz? Czy jeste\u015b gotowy? Wracamy do Natury!\" \/>\n<meta property=\"og:url\" content=\"http:\/\/mamaglobalhealing.com\/en\/product\/ekowioski-wracamy-do-natury\/\" \/>\n<meta property=\"og:site_name\" content=\"Mama Global Healing\" \/>\n<meta property=\"article:modified_time\" content=\"2022-05-25T07:42:26+00:00\" \/>\n<meta property=\"og:image\" content=\"http:\/\/mamaglobalhealing.com\/wp-content\/uploads\/2022\/04\/65.png\" \/>\n\t<meta property=\"og:image:width\" content=\"1080\" \/>\n\t<meta property=\"og:image:height\" content=\"1080\" \/>\n\t<meta property=\"og:image:type\" content=\"image\/png\" \/>\n<meta name=\"twitter:card\" content=\"summary_large_image\" \/>\n<script type=\"application\/ld+json\" class=\"yoast-schema-graph\">{\"@context\":\"https:\/\/schema.org\",\"@graph\":[{\"@type\":\"WebPage\",\"@id\":\"http:\/\/mamaglobalhealing.com\/produkt\/ekowioski-wracamy-do-natury\/\",\"url\":\"http:\/\/mamaglobalhealing.com\/produkt\/ekowioski-wracamy-do-natury\/\",\"name\":\"Ekowioski - Wracamy do Natury! | Dawid Oko\u0144ski - Mama Global Healing\",\"isPartOf\":{\"@id\":\"https:\/\/mamaglobalhealing.com\/#website\"},\"primaryImageOfPage\":{\"@id\":\"http:\/\/mamaglobalhealing.com\/produkt\/ekowioski-wracamy-do-natury\/#primaryimage\"},\"image\":{\"@id\":\"http:\/\/mamaglobalhealing.com\/produkt\/ekowioski-wracamy-do-natury\/#primaryimage\"},\"thumbnailUrl\":\"https:\/\/mamaglobalhealing.com\/wp-content\/uploads\/2022\/04\/65.png\",\"datePublished\":\"2022-04-27T20:21:36+00:00\",\"dateModified\":\"2022-05-25T07:42:26+00:00\",\"description\":\"Moje do\u015bwiadczenia z podr\u00f3\u017cy. Obecna sytuacja i konkretna mobilizacja. Inicjatywy w Polsce, kierunki rozwoju, mo\u017cliwo\u015bci na teraz. Jakie jest Twoje teraz? Czy jeste\u015b gotowy? Wracamy do Natury!\",\"breadcrumb\":{\"@id\":\"http:\/\/mamaglobalhealing.com\/produkt\/ekowioski-wracamy-do-natury\/#breadcrumb\"},\"inLanguage\":\"en-GB\",\"potentialAction\":[{\"@type\":\"ReadAction\",\"target\":[\"http:\/\/mamaglobalhealing.com\/produkt\/ekowioski-wracamy-do-natury\/\"]}]},{\"@type\":\"ImageObject\",\"inLanguage\":\"en-GB\",\"@id\":\"http:\/\/mamaglobalhealing.com\/produkt\/ekowioski-wracamy-do-natury\/#primaryimage\",\"url\":\"https:\/\/mamaglobalhealing.com\/wp-content\/uploads\/2022\/04\/65.png\",\"contentUrl\":\"https:\/\/mamaglobalhealing.com\/wp-content\/uploads\/2022\/04\/65.png\",\"width\":1080,\"height\":1080},{\"@type\":\"BreadcrumbList\",\"@id\":\"http:\/\/mamaglobalhealing.com\/produkt\/ekowioski-wracamy-do-natury\/#breadcrumb\",\"itemListElement\":[{\"@type\":\"ListItem\",\"position\":1,\"name\":\"Strona g\u0142\u00f3wna\",\"item\":\"https:\/\/mamaglobalhealing.com\/\"},{\"@type\":\"ListItem\",\"position\":2,\"name\":\"Sklep\",\"item\":\"https:\/\/mamaglobalhealing.com\/sklep\/\"},{\"@type\":\"ListItem\",\"position\":3,\"name\":\"Ekowioski &#8211; Wracamy do&nbsp;Natury! | Dawid Oko\u0144ski\"}]},{\"@type\":\"WebSite\",\"@id\":\"https:\/\/mamaglobalhealing.com\/#website\",\"url\":\"https:\/\/mamaglobalhealing.com\/\",\"name\":\"Mama Global Healing\",\"description\":\"Kolejna witryna WordPress\",\"potentialAction\":[{\"@type\":\"SearchAction\",\"target\":{\"@type\":\"EntryPoint\",\"urlTemplate\":\"https:\/\/mamaglobalhealing.com\/?s={search_term_string}\"},\"query-input\":{\"@type\":\"PropertyValueSpecification\",\"valueRequired\":true,\"valueName\":\"search_term_string\"}}],\"inLanguage\":\"en-GB\"}]}<\/script>\n<!-- \/ Yoast SEO plugin. -->","yoast_head_json":{"title":"Ekowioski - Wracamy do Natury! | Dawid Oko\u0144ski - Mama Global Healing","description":"Moje do\u015bwiadczenia z podr\u00f3\u017cy. Obecna sytuacja i konkretna mobilizacja. Inicjatywy w Polsce, kierunki rozwoju, mo\u017cliwo\u015bci na teraz. Jakie jest Twoje teraz? Czy jeste\u015b gotowy? Wracamy do Natury!","robots":{"index":"index","follow":"follow","max-snippet":"max-snippet:-1","max-image-preview":"max-image-preview:large","max-video-preview":"max-video-preview:-1"},"canonical":"http:\/\/mamaglobalhealing.com\/en\/product\/ekowioski-wracamy-do-natury\/","og_locale":"en_GB","og_type":"article","og_title":"Ekowioski - Wracamy do Natury! | Dawid Oko\u0144ski - Mama Global Healing","og_description":"Moje do\u015bwiadczenia z podr\u00f3\u017cy. Obecna sytuacja i konkretna mobilizacja. Inicjatywy w Polsce, kierunki rozwoju, mo\u017cliwo\u015bci na teraz. Jakie jest Twoje teraz? Czy jeste\u015b gotowy? Wracamy do Natury!","og_url":"http:\/\/mamaglobalhealing.com\/en\/product\/ekowioski-wracamy-do-natury\/","og_site_name":"Mama Global Healing","article_modified_time":"2022-05-25T07:42:26+00:00","og_image":[{"width":1080,"height":1080,"url":"http:\/\/mamaglobalhealing.com\/wp-content\/uploads\/2022\/04\/65.png","type":"image\/png"}],"twitter_card":"summary_large_image","schema":{"@context":"https:\/\/schema.org","@graph":[{"@type":"WebPage","@id":"http:\/\/mamaglobalhealing.com\/produkt\/ekowioski-wracamy-do-natury\/","url":"http:\/\/mamaglobalhealing.com\/produkt\/ekowioski-wracamy-do-natury\/","name":"Ekowioski - Wracamy do Natury! | Dawid Oko\u0144ski - Mama Global Healing","isPartOf":{"@id":"https:\/\/mamaglobalhealing.com\/#website"},"primaryImageOfPage":{"@id":"http:\/\/mamaglobalhealing.com\/produkt\/ekowioski-wracamy-do-natury\/#primaryimage"},"image":{"@id":"http:\/\/mamaglobalhealing.com\/produkt\/ekowioski-wracamy-do-natury\/#primaryimage"},"thumbnailUrl":"https:\/\/mamaglobalhealing.com\/wp-content\/uploads\/2022\/04\/65.png","datePublished":"2022-04-27T20:21:36+00:00","dateModified":"2022-05-25T07:42:26+00:00","description":"Moje do\u015bwiadczenia z podr\u00f3\u017cy. Obecna sytuacja i konkretna mobilizacja. Inicjatywy w Polsce, kierunki rozwoju, mo\u017cliwo\u015bci na teraz. Jakie jest Twoje teraz? Czy jeste\u015b gotowy? Wracamy do Natury!","breadcrumb":{"@id":"http:\/\/mamaglobalhealing.com\/produkt\/ekowioski-wracamy-do-natury\/#breadcrumb"},"inLanguage":"en-GB","potentialAction":[{"@type":"ReadAction","target":["http:\/\/mamaglobalhealing.com\/produkt\/ekowioski-wracamy-do-natury\/"]}]},{"@type":"ImageObject","inLanguage":"en-GB","@id":"http:\/\/mamaglobalhealing.com\/produkt\/ekowioski-wracamy-do-natury\/#primaryimage","url":"https:\/\/mamaglobalhealing.com\/wp-content\/uploads\/2022\/04\/65.png","contentUrl":"https:\/\/mamaglobalhealing.com\/wp-content\/uploads\/2022\/04\/65.png","width":1080,"height":1080},{"@type":"BreadcrumbList","@id":"http:\/\/mamaglobalhealing.com\/produkt\/ekowioski-wracamy-do-natury\/#breadcrumb","itemListElement":[{"@type":"ListItem","position":1,"name":"Strona g\u0142\u00f3wna","item":"https:\/\/mamaglobalhealing.com\/"},{"@type":"ListItem","position":2,"name":"Sklep","item":"https:\/\/mamaglobalhealing.com\/sklep\/"},{"@type":"ListItem","position":3,"name":"Ekowioski &#8211; Wracamy do&nbsp;Natury! | Dawid Oko\u0144ski"}]},{"@type":"WebSite","@id":"https:\/\/mamaglobalhealing.com\/#website","url":"https:\/\/mamaglobalhealing.com\/","name":"Mama Global Healing","description":"Kolejna witryna WordPress","potentialAction":[{"@type":"SearchAction","target":{"@type":"EntryPoint","urlTemplate":"https:\/\/mamaglobalhealing.com\/?s={search_term_string}"},"query-input":{"@type":"PropertyValueSpecification","valueRequired":true,"valueName":"search_term_string"}}],"inLanguage":"en-GB"}]}},"_links":{"self":[{"href":"https:\/\/mamaglobalhealing.com\/en\/wp-json\/wp\/v2\/product\/2757","targetHints":{"allow":["GET"]}}],"collection":[{"href":"https:\/\/mamaglobalhealing.com\/en\/wp-json\/wp\/v2\/product"}],"about":[{"href":"https:\/\/mamaglobalhealing.com\/en\/wp-json\/wp\/v2\/types\/product"}],"wp:featuredmedia":[{"embeddable":true,"href":"https:\/\/mamaglobalhealing.com\/en\/wp-json\/wp\/v2\/media\/2904"}],"wp:attachment":[{"href":"https:\/\/mamaglobalhealing.com\/en\/wp-json\/wp\/v2\/media?parent=2757"}],"wp:term":[{"taxonomy":"product_brand","embeddable":true,"href":"https:\/\/mamaglobalhealing.com\/en\/wp-json\/wp\/v2\/product_brand?post=2757"},{"taxonomy":"product_cat","embeddable":true,"href":"https:\/\/mamaglobalhealing.com\/en\/wp-json\/wp\/v2\/product_cat?post=2757"},{"taxonomy":"product_tag","embeddable":true,"href":"https:\/\/mamaglobalhealing.com\/en\/wp-json\/wp\/v2\/product_tag?post=2757"}],"curies":[{"name":"wp","href":"https:\/\/api.w.org\/{rel}","templated":true}]}}