{"id":2760,"date":"2022-04-27T20:24:55","date_gmt":"2022-04-27T20:24:55","guid":{"rendered":"https:\/\/mamaglobalhealing.com\/?post_type=product&#038;p=2760"},"modified":"2022-05-24T13:25:10","modified_gmt":"2022-05-24T13:25:10","slug":"szkola-bez-szkoly-jak-spolecznosc-moze-zastapic-szkole-wyklad","status":"publish","type":"product","link":"https:\/\/mamaglobalhealing.com\/en\/product\/szkola-bez-szkoly-jak-spolecznosc-moze-zastapic-szkole-wyklad\/","title":{"rendered":"Szko\u0142a bez szko\u0142y. Jak spo\u0142eczno\u015b\u0107 mo\u017ce zast\u0105pi\u0107 szko\u0142\u0119 &#8211; wyk\u0142ad | Mariusz Truszkowski"},"content":{"rendered":"","protected":false},"excerpt":{"rendered":"<p><span style=\"font-weight: 400;\"> Opowie\u015b\u0107 o tym, ile jest r\u00f3\u017cnych dr\u00f3g i jakie one s\u0105. I o tym, \u017ce to ju\u017c si\u0119 dzieje. Opowie\u015b\u0107 o samotno\u015bci w domach i w szko\u0142ach. O tysi\u0105cach ludzi, kt\u00f3rzy wybieraj\u0105 inne \u015brodowiska dla swoich rodzin i dzieci. Od edukacji domowej po \u017cycie w intencjonalnych spo\u0142eczno\u015bciach. Ku inspiracji. <\/span><\/p>\n<p><b>Prowadz\u0105cy:<\/b><span style=\"font-weight: 400;\"> Mariusz Truszkowski<\/span><\/p>\n<p><b>Czas trwania:<\/b> 1h<\/p>\n<p><b>Data i godzina:<\/b> sobota 14:30 &#8211; 15:30<\/p>\n<p><b>Miejsce:<\/b> <a href=\"https:\/\/mamaglobalhealing.com\/en\/mama-line-up\/central-chakra\/\">Central Chakra<\/a><\/p>\n<p><b>Liczba os\u00f3b:<\/b> bo<\/p>\n<p><b>Dla Kogo: <\/b>dla wszystkich<\/p>\n<p><b>Bobasy:<\/b><span style=\"font-weight: 400;\"> tak\u00a0<\/span><\/p>","protected":false},"featured_media":2892,"template":"","meta":{"_et_pb_use_builder":"","_et_pb_old_content":"","_et_gb_content_width":""},"product_brand":[],"product_cat":[35,46],"product_tag":[],"class_list":{"0":"post-2760","1":"product","2":"type-product","3":"status-publish","4":"has-post-thumbnail","6":"product_cat-mama-open","7":"product_cat-sobota-open","9":"first","10":"instock","11":"virtual","12":"taxable","13":"product-type-simple"},"yoast_head":"<!-- This site is optimized with the Yoast SEO plugin v25.1 - https:\/\/yoast.com\/wordpress\/plugins\/seo\/ -->\n<title>Szko\u0142a bez szko\u0142y. Jak spo\u0142eczno\u015b\u0107 mo\u017ce zast\u0105pi\u0107 szko\u0142\u0119 - wyk\u0142ad | Mariusz Truszkowski - Mama Global Healing<\/title>\n<meta name=\"robots\" content=\"index, follow, max-snippet:-1, max-image-preview:large, max-video-preview:-1\" \/>\n<link rel=\"canonical\" href=\"http:\/\/mamaglobalhealing.com\/en\/product\/szkola-bez-szkoly-jak-spolecznosc-moze-zastapic-szkole-wyklad\/\" \/>\n<meta property=\"og:locale\" content=\"en_GB\" \/>\n<meta property=\"og:type\" content=\"article\" \/>\n<meta property=\"og:title\" content=\"Szko\u0142a bez szko\u0142y. Jak spo\u0142eczno\u015b\u0107 mo\u017ce zast\u0105pi\u0107 szko\u0142\u0119 - wyk\u0142ad | Mariusz Truszkowski - Mama Global Healing\" \/>\n<meta property=\"og:description\" content=\"Opowie\u015b\u0107 o tym, ile jest r\u00f3\u017cnych dr\u00f3g i jakie one s\u0105. I o tym, \u017ce to ju\u017c si\u0119 dzieje. Opowie\u015b\u0107 o samotno\u015bci w domach i w szko\u0142ach. O tysi\u0105cach ludzi, kt\u00f3rzy wybieraj\u0105 inne \u015brodowiska dla swoich rodzin i dzieci. Od edukacji domowej po \u017cycie w intencjonalnych spo\u0142eczno\u015bciach. Ku inspiracji.   Prowadz\u0105cy: Mariusz Truszkowski  Czas trwania: 1h  Data i godzina: sobota 14:30 - 15:30  Miejsce: Central Chakra  Liczba os\u00f3b: bo  Dla Kogo: dla wszystkich  Bobasy: tak\u00a0\" \/>\n<meta property=\"og:url\" content=\"http:\/\/mamaglobalhealing.com\/en\/product\/szkola-bez-szkoly-jak-spolecznosc-moze-zastapic-szkole-wyklad\/\" \/>\n<meta property=\"og:site_name\" content=\"Mama Global Healing\" \/>\n<meta property=\"article:modified_time\" content=\"2022-05-24T13:25:10+00:00\" \/>\n<meta property=\"og:image\" content=\"http:\/\/mamaglobalhealing.com\/wp-content\/uploads\/2022\/04\/53-1024x1024.png\" \/>\n\t<meta property=\"og:image:width\" content=\"1024\" \/>\n\t<meta property=\"og:image:height\" content=\"1024\" \/>\n\t<meta property=\"og:image:type\" content=\"image\/png\" \/>\n<meta name=\"twitter:card\" content=\"summary_large_image\" \/>\n<script type=\"application\/ld+json\" class=\"yoast-schema-graph\">{\"@context\":\"https:\/\/schema.org\",\"@graph\":[{\"@type\":\"WebPage\",\"@id\":\"http:\/\/mamaglobalhealing.com\/produkt\/szkola-bez-szkoly-jak-spolecznosc-moze-zastapic-szkole-wyklad\/\",\"url\":\"http:\/\/mamaglobalhealing.com\/produkt\/szkola-bez-szkoly-jak-spolecznosc-moze-zastapic-szkole-wyklad\/\",\"name\":\"Szko\u0142a bez szko\u0142y. Jak spo\u0142eczno\u015b\u0107 mo\u017ce zast\u0105pi\u0107 szko\u0142\u0119 - wyk\u0142ad | Mariusz Truszkowski - Mama Global Healing\",\"isPartOf\":{\"@id\":\"https:\/\/mamaglobalhealing.com\/#website\"},\"primaryImageOfPage\":{\"@id\":\"http:\/\/mamaglobalhealing.com\/produkt\/szkola-bez-szkoly-jak-spolecznosc-moze-zastapic-szkole-wyklad\/#primaryimage\"},\"image\":{\"@id\":\"http:\/\/mamaglobalhealing.com\/produkt\/szkola-bez-szkoly-jak-spolecznosc-moze-zastapic-szkole-wyklad\/#primaryimage\"},\"thumbnailUrl\":\"https:\/\/mamaglobalhealing.com\/wp-content\/uploads\/2022\/04\/53.png\",\"datePublished\":\"2022-04-27T20:24:55+00:00\",\"dateModified\":\"2022-05-24T13:25:10+00:00\",\"breadcrumb\":{\"@id\":\"http:\/\/mamaglobalhealing.com\/produkt\/szkola-bez-szkoly-jak-spolecznosc-moze-zastapic-szkole-wyklad\/#breadcrumb\"},\"inLanguage\":\"en-GB\",\"potentialAction\":[{\"@type\":\"ReadAction\",\"target\":[\"http:\/\/mamaglobalhealing.com\/produkt\/szkola-bez-szkoly-jak-spolecznosc-moze-zastapic-szkole-wyklad\/\"]}]},{\"@type\":\"ImageObject\",\"inLanguage\":\"en-GB\",\"@id\":\"http:\/\/mamaglobalhealing.com\/produkt\/szkola-bez-szkoly-jak-spolecznosc-moze-zastapic-szkole-wyklad\/#primaryimage\",\"url\":\"https:\/\/mamaglobalhealing.com\/wp-content\/uploads\/2022\/04\/53.png\",\"contentUrl\":\"https:\/\/mamaglobalhealing.com\/wp-content\/uploads\/2022\/04\/53.png\",\"width\":1080,\"height\":1080},{\"@type\":\"BreadcrumbList\",\"@id\":\"http:\/\/mamaglobalhealing.com\/produkt\/szkola-bez-szkoly-jak-spolecznosc-moze-zastapic-szkole-wyklad\/#breadcrumb\",\"itemListElement\":[{\"@type\":\"ListItem\",\"position\":1,\"name\":\"Strona g\u0142\u00f3wna\",\"item\":\"https:\/\/mamaglobalhealing.com\/\"},{\"@type\":\"ListItem\",\"position\":2,\"name\":\"Sklep\",\"item\":\"https:\/\/mamaglobalhealing.com\/sklep\/\"},{\"@type\":\"ListItem\",\"position\":3,\"name\":\"Szko\u0142a bez&nbsp;szko\u0142y. Jak spo\u0142eczno\u015b\u0107 mo\u017ce zast\u0105pi\u0107 szko\u0142\u0119 &#8211; wyk\u0142ad | Mariusz Truszkowski\"}]},{\"@type\":\"WebSite\",\"@id\":\"https:\/\/mamaglobalhealing.com\/#website\",\"url\":\"https:\/\/mamaglobalhealing.com\/\",\"name\":\"Mama Global Healing\",\"description\":\"Kolejna witryna WordPress\",\"potentialAction\":[{\"@type\":\"SearchAction\",\"target\":{\"@type\":\"EntryPoint\",\"urlTemplate\":\"https:\/\/mamaglobalhealing.com\/?s={search_term_string}\"},\"query-input\":{\"@type\":\"PropertyValueSpecification\",\"valueRequired\":true,\"valueName\":\"search_term_string\"}}],\"inLanguage\":\"en-GB\"}]}<\/script>\n<!-- \/ Yoast SEO plugin. -->","yoast_head_json":{"title":"Szko\u0142a bez szko\u0142y. Jak spo\u0142eczno\u015b\u0107 mo\u017ce zast\u0105pi\u0107 szko\u0142\u0119 - wyk\u0142ad | Mariusz Truszkowski - Mama Global Healing","robots":{"index":"index","follow":"follow","max-snippet":"max-snippet:-1","max-image-preview":"max-image-preview:large","max-video-preview":"max-video-preview:-1"},"canonical":"http:\/\/mamaglobalhealing.com\/en\/product\/szkola-bez-szkoly-jak-spolecznosc-moze-zastapic-szkole-wyklad\/","og_locale":"en_GB","og_type":"article","og_title":"Szko\u0142a bez szko\u0142y. Jak spo\u0142eczno\u015b\u0107 mo\u017ce zast\u0105pi\u0107 szko\u0142\u0119 - wyk\u0142ad | Mariusz Truszkowski - Mama Global Healing","og_description":"Opowie\u015b\u0107 o tym, ile jest r\u00f3\u017cnych dr\u00f3g i jakie one s\u0105. I o tym, \u017ce to ju\u017c si\u0119 dzieje. Opowie\u015b\u0107 o samotno\u015bci w domach i w szko\u0142ach. O tysi\u0105cach ludzi, kt\u00f3rzy wybieraj\u0105 inne \u015brodowiska dla swoich rodzin i dzieci. Od edukacji domowej po \u017cycie w intencjonalnych spo\u0142eczno\u015bciach. Ku inspiracji.   Prowadz\u0105cy: Mariusz Truszkowski  Czas trwania: 1h  Data i godzina: sobota 14:30 - 15:30  Miejsce: Central Chakra  Liczba os\u00f3b: bo  Dla Kogo: dla wszystkich  Bobasy: tak\u00a0","og_url":"http:\/\/mamaglobalhealing.com\/en\/product\/szkola-bez-szkoly-jak-spolecznosc-moze-zastapic-szkole-wyklad\/","og_site_name":"Mama Global Healing","article_modified_time":"2022-05-24T13:25:10+00:00","og_image":[{"width":1024,"height":1024,"url":"http:\/\/mamaglobalhealing.com\/wp-content\/uploads\/2022\/04\/53-1024x1024.png","type":"image\/png"}],"twitter_card":"summary_large_image","schema":{"@context":"https:\/\/schema.org","@graph":[{"@type":"WebPage","@id":"http:\/\/mamaglobalhealing.com\/produkt\/szkola-bez-szkoly-jak-spolecznosc-moze-zastapic-szkole-wyklad\/","url":"http:\/\/mamaglobalhealing.com\/produkt\/szkola-bez-szkoly-jak-spolecznosc-moze-zastapic-szkole-wyklad\/","name":"Szko\u0142a bez szko\u0142y. Jak spo\u0142eczno\u015b\u0107 mo\u017ce zast\u0105pi\u0107 szko\u0142\u0119 - wyk\u0142ad | Mariusz Truszkowski - Mama Global Healing","isPartOf":{"@id":"https:\/\/mamaglobalhealing.com\/#website"},"primaryImageOfPage":{"@id":"http:\/\/mamaglobalhealing.com\/produkt\/szkola-bez-szkoly-jak-spolecznosc-moze-zastapic-szkole-wyklad\/#primaryimage"},"image":{"@id":"http:\/\/mamaglobalhealing.com\/produkt\/szkola-bez-szkoly-jak-spolecznosc-moze-zastapic-szkole-wyklad\/#primaryimage"},"thumbnailUrl":"https:\/\/mamaglobalhealing.com\/wp-content\/uploads\/2022\/04\/53.png","datePublished":"2022-04-27T20:24:55+00:00","dateModified":"2022-05-24T13:25:10+00:00","breadcrumb":{"@id":"http:\/\/mamaglobalhealing.com\/produkt\/szkola-bez-szkoly-jak-spolecznosc-moze-zastapic-szkole-wyklad\/#breadcrumb"},"inLanguage":"en-GB","potentialAction":[{"@type":"ReadAction","target":["http:\/\/mamaglobalhealing.com\/produkt\/szkola-bez-szkoly-jak-spolecznosc-moze-zastapic-szkole-wyklad\/"]}]},{"@type":"ImageObject","inLanguage":"en-GB","@id":"http:\/\/mamaglobalhealing.com\/produkt\/szkola-bez-szkoly-jak-spolecznosc-moze-zastapic-szkole-wyklad\/#primaryimage","url":"https:\/\/mamaglobalhealing.com\/wp-content\/uploads\/2022\/04\/53.png","contentUrl":"https:\/\/mamaglobalhealing.com\/wp-content\/uploads\/2022\/04\/53.png","width":1080,"height":1080},{"@type":"BreadcrumbList","@id":"http:\/\/mamaglobalhealing.com\/produkt\/szkola-bez-szkoly-jak-spolecznosc-moze-zastapic-szkole-wyklad\/#breadcrumb","itemListElement":[{"@type":"ListItem","position":1,"name":"Strona g\u0142\u00f3wna","item":"https:\/\/mamaglobalhealing.com\/"},{"@type":"ListItem","position":2,"name":"Sklep","item":"https:\/\/mamaglobalhealing.com\/sklep\/"},{"@type":"ListItem","position":3,"name":"Szko\u0142a bez&nbsp;szko\u0142y. Jak spo\u0142eczno\u015b\u0107 mo\u017ce zast\u0105pi\u0107 szko\u0142\u0119 &#8211; wyk\u0142ad | Mariusz Truszkowski"}]},{"@type":"WebSite","@id":"https:\/\/mamaglobalhealing.com\/#website","url":"https:\/\/mamaglobalhealing.com\/","name":"Mama Global Healing","description":"Kolejna witryna WordPress","potentialAction":[{"@type":"SearchAction","target":{"@type":"EntryPoint","urlTemplate":"https:\/\/mamaglobalhealing.com\/?s={search_term_string}"},"query-input":{"@type":"PropertyValueSpecification","valueRequired":true,"valueName":"search_term_string"}}],"inLanguage":"en-GB"}]}},"_links":{"self":[{"href":"https:\/\/mamaglobalhealing.com\/en\/wp-json\/wp\/v2\/product\/2760","targetHints":{"allow":["GET"]}}],"collection":[{"href":"https:\/\/mamaglobalhealing.com\/en\/wp-json\/wp\/v2\/product"}],"about":[{"href":"https:\/\/mamaglobalhealing.com\/en\/wp-json\/wp\/v2\/types\/product"}],"wp:featuredmedia":[{"embeddable":true,"href":"https:\/\/mamaglobalhealing.com\/en\/wp-json\/wp\/v2\/media\/2892"}],"wp:attachment":[{"href":"https:\/\/mamaglobalhealing.com\/en\/wp-json\/wp\/v2\/media?parent=2760"}],"wp:term":[{"taxonomy":"product_brand","embeddable":true,"href":"https:\/\/mamaglobalhealing.com\/en\/wp-json\/wp\/v2\/product_brand?post=2760"},{"taxonomy":"product_cat","embeddable":true,"href":"https:\/\/mamaglobalhealing.com\/en\/wp-json\/wp\/v2\/product_cat?post=2760"},{"taxonomy":"product_tag","embeddable":true,"href":"https:\/\/mamaglobalhealing.com\/en\/wp-json\/wp\/v2\/product_tag?post=2760"}],"curies":[{"name":"wp","href":"https:\/\/api.w.org\/{rel}","templated":true}]}}