{"id":2762,"date":"2022-04-27T20:26:17","date_gmt":"2022-04-27T20:26:17","guid":{"rendered":"https:\/\/mamaglobalhealing.com\/?post_type=product&#038;p=2762"},"modified":"2022-05-24T13:10:48","modified_gmt":"2022-05-24T13:10:48","slug":"forum-mama-global-healing","status":"publish","type":"product","link":"https:\/\/mamaglobalhealing.com\/en\/product\/forum-mama-global-healing\/","title":{"rendered":"Open Forum We Create The New Story! | Beata Piskad\u0142o | Karo Akabal | Olga Odnowina"},"content":{"rendered":"","protected":false},"excerpt":{"rendered":"<p><span style=\"font-weight: 400;\"> Zapraszamy Was na Otwarte Forum Mama Global Healing 2022 &#8222;We create the New Story&#8221;. Poprowadzimy je razem: Karo Akabal, Beata Piskad\u0142o i Olga Odnowina wg metody Forum u\u017cywanej do prowadzenia grupowych proces\u00f3w, komunikacji we wsp\u00f3lnocie oraz debat publicznych w Sex &amp; Love School Karo Akabal. Metoda ta jest inspirowana Forum wsp\u00f3lnoty Tamera Healing Biotop oraz Open Forum Arnolda Mindella. Forum to narz\u0119dzie do praktykowania szczero\u015bci i komunikacji we wsp\u00f3lnocie i relacjach intymnych. Tworzy si\u0119 na \u017cywo, spontanicznie, dzi\u0119ki naszej obecno\u015bci, polu grupy i magii. Wyci\u0105ga na powierzchni\u0119 to, co ukryte w nie\u015bwiadomo\u015bci. Wed\u0142ug s\u0142\u00f3w Mindella: \u201ePodczas Otwartego Forum wszystkie g\u0142osy, my\u015bli i uczucia, zw\u0142aszcza te, kt\u00f3rych nikt nie chce wys\u0142ucha\u0107, mog\u0105 by\u0107 swobodnie wypowiadane. Jest to forma praktykowania g\u0142\u0119bokiej demokracji.\u201d B\u0119dziemy trzyma\u0107 to forum z pytaniem do nas wszystkich: czego potrzebujemy obecnie, w tych pe\u0142nych niepewno\u015bci i szybkich, dynamicznych zmian czasach, aby w pe\u0142ni sobie zaufa\u0107, tworzy\u0107 pokojow\u0105 globaln\u0105 wsp\u00f3lnot\u0119. Co chce si\u0119 wyrazi\u0107, by\u0107 zobaczone, us\u0142yszane i uznane. Otwarte Forum to zaproszenie do eksperymentu na polu wsp\u00f3lnoty, po\u0142\u0105czenia, solidarno\u015bci, nowej kultury opartej na autentyczno\u015bci i otwarto\u015bci na nasz\u0105 r\u00f3\u017cnorodno\u015b\u0107.<br \/>\nZAPRASZAMY!<\/span><\/p>\n<div class=\"Output INFO\" dir=\"ltr\"><span id=\"[0,2]\" class=\"word\">We<\/span> <span id=\"[3,9]\" class=\"word\">invite<\/span> <span id=\"[10,12]\" class=\"word\">yo<\/span>u <span id=\"[14,16]\" class=\"word\">to<\/span> <span id=\"[17,20]\" class=\"word\">the<\/span> <span id=\"[21,25]\" class=\"word\">open<\/span> <span id=\"[26,31]\" class=\"word\">forum<\/span> <span id=\"[32,34]\" class=\"word\">of<\/span> <span id=\"[35,39]\" class=\"word\">Mama<\/span> <span id=\"[40,46]\" class=\"word\">Global<\/span> <span id=\"[47,54]\" class=\"word\">Healing<\/span> <span id=\"[55,59]\" class=\"word\">2022<\/span> <span id=\"[60,63]\" class=\"word\">\u201cWe<\/span> <span id=\"[64,70]\" class=\"word\">create<\/span> <span id=\"[71,74]\" class=\"word\">the<\/span> <span id=\"[75,78]\" class=\"word\">New<\/span> <span id=\"[79,84]\" class=\"word\">Story<\/span>. <span id=\"[85,86]\" class=\"word\">\u201d<\/span> <span id=\"[87,89]\" class=\"word\">We<\/span> <span id=\"[90,97]\" class=\"word\">conduct<\/span> <span id=\"[98,102]\" class=\"word\">them<\/span> <span id=\"[103,111]\" class=\"word\">together<\/span>: <span id=\"[113,117]\" class=\"word\">Karo<\/span> <span id=\"[118,124]\" class=\"word\">Akabal<\/span>, <span id=\"[126,131]\" class=\"word\">Beata<\/span> <span id=\"[132,140]\" class=\"word\">Piskad\u0142o<\/span> <span id=\"[141,144]\" class=\"word\">and<\/span> <span id=\"[145,149]\" class=\"word\">Olga<\/span> <span id=\"[150,158]\" class=\"word\">Odnowina<\/span> u<span id=\"[160,164]\" class=\"word\">sing<\/span> <span id=\"[165,168]\" class=\"word\">the<\/span> <span id=\"[169,174]\" class=\"word\">forum<\/span> <span id=\"[175,181]\" class=\"word\">method<\/span> u<span id=\"[183,186]\" class=\"word\">sed<\/span> <span id=\"[187,190]\" class=\"word\">for<\/span> <span id=\"[191,196]\" class=\"word\">group<\/span> <span id=\"[197,206]\" class=\"word\">processes<\/span>, <span id=\"[208,217]\" class=\"word\">community<\/span> <span id=\"[218,231]\" class=\"word\">communication<\/span> <span id=\"[232,235]\" class=\"word\">and<\/span> <span id=\"[236,242]\" class=\"word\">public<\/span> <span id=\"[243,250]\" class=\"word\">debates<\/span> <span id=\"[251,253]\" class=\"word\">at<\/span> <span id=\"[254,257]\" class=\"word\">the<\/span> <span id=\"[258,262]\" class=\"word\">Karo<\/span> <span id=\"[263,269]\" class=\"word\">Akabal<\/span> <span id=\"[270,273]\" class=\"word\">Sex<\/span> &amp; <span id=\"[276,280]\" class=\"word\">Love<\/span> <span id=\"[281,287]\" class=\"word\">School<\/span>. <span id=\"[289,293]\" class=\"word\">This<\/span> <span id=\"[294,300]\" class=\"word\">method<\/span> <span id=\"[301,303]\" class=\"word\">is<\/span> b<span id=\"[305,309]\" class=\"word\">ased<\/span> <span id=\"[310,312]\" class=\"word\">on<\/span> <span id=\"[313,316]\" class=\"word\">the<\/span> <span id=\"[317,323]\" class=\"word\">Tamera<\/span> <span id=\"[324,331]\" class=\"word\">Healing<\/span> <span id=\"[332,338]\" class=\"word\">Biotop<\/span> <span id=\"[339,348]\" class=\"word\">Community<\/span> <span id=\"[349,354]\" class=\"word\">Forum<\/span> <span id=\"[355,358]\" class=\"word\">and<\/span> <span id=\"[359,362]\" class=\"word\">the<\/span> <span id=\"[363,367]\" class=\"word\">Open<\/span> <span id=\"[368,373]\" class=\"word\">Forum<\/span> <span id=\"[374,376]\" class=\"word\">by<\/span> <span id=\"[377,383]\" class=\"word\">Arnold<\/span> <span id=\"[384,391]\" class=\"word\">Mindell<\/span>. <span id=\"[393,396]\" class=\"word\">The<\/span> <span id=\"[397,402]\" class=\"word\">Forum<\/span> <span id=\"[403,405]\" class=\"word\">is<\/span> <span id=\"[406,407]\" class=\"word\">a<\/span> <span id=\"[408,412]\" class=\"word\">tool<\/span> <span id=\"[413,415]\" class=\"word\">to<\/span> <span id=\"[416,424]\" class=\"word\">practice<\/span> <span id=\"[425,434]\" class=\"word\">sincerity<\/span> <span id=\"[435,438]\" class=\"word\">and<\/span> <span id=\"[439,452]\" class=\"word\">communication<\/span> <span id=\"[453,455]\" class=\"word\">in<\/span> <span id=\"[456,465]\" class=\"word\">community<\/span> <span id=\"[466,469]\" class=\"word\">and<\/span> <span id=\"[470,478]\" class=\"word\">intimate<\/span> <span id=\"[479,492]\" class=\"word\">relationships<\/span>. <span id=\"[494,496]\" class=\"word\">It<\/span> <span id=\"[497,499]\" class=\"word\">is<\/span> <span id=\"[500,507]\" class=\"word\">created<\/span> <span id=\"[508,512]\" class=\"word\">live<\/span>, <span id=\"[514,527]\" class=\"word\">spontaneously<\/span>, <span id=\"[529,535]\" class=\"word\">thanks<\/span> <span id=\"[536,538]\" class=\"word\">to<\/span> <span id=\"[539,542]\" class=\"word\">our<\/span> <span id=\"[543,551]\" class=\"word\">presence<\/span>, <span id=\"[553,556]\" class=\"word\">the<\/span> <span id=\"[557,562]\" class=\"word\">group<\/span> <span id=\"[563,568]\" class=\"word\">field<\/span> <span id=\"[569,572]\" class=\"word\">and<\/span> <span id=\"[573,576]\" class=\"word\">the<\/span> <span id=\"[577,582]\" class=\"word\">magic<\/span>. <span id=\"[584,586]\" class=\"word\">It<\/span> <span id=\"[587,592]\" class=\"word\">draws<\/span> <span id=\"[593,595]\" class=\"word\">to<\/span> <span id=\"[596,599]\" class=\"word\">the<\/span> <span id=\"[600,607]\" class=\"word\">surface<\/span> <span id=\"[608,612]\" class=\"word\">what<\/span> <span id=\"[613,615]\" class=\"word\">is<\/span> <span id=\"[616,622]\" class=\"word\">hidden<\/span> <span id=\"[623,625]\" class=\"word\">in<\/span> <span id=\"[626,629]\" class=\"word\">the<\/span> u<span id=\"[631,641]\" class=\"word\">nconscious<\/span>. <span id=\"[643,650]\" class=\"word\">Mindell<\/span> <span id=\"[651,660]\" class=\"word\">explained<\/span>, <span id=\"[662,665]\" class=\"word\">\u201cIn<\/span> <span id=\"[666,668]\" class=\"word\">an<\/span> <span id=\"[669,673]\" class=\"word\">open<\/span> <span id=\"[674,679]\" class=\"word\">forum<\/span>, <span id=\"[681,684]\" class=\"word\">all<\/span> <span id=\"[685,691]\" class=\"word\">voices<\/span>, <span id=\"[693,701]\" class=\"word\">thoughts<\/span> <span id=\"[702,705]\" class=\"word\">and<\/span> <span id=\"[706,714]\" class=\"word\">feelings<\/span>, <span id=\"[716,726]\" class=\"word\">especially<\/span> <span id=\"[727,732]\" class=\"word\">those<\/span> <span id=\"[733,737]\" class=\"word\">that<\/span> <span id=\"[738,740]\" class=\"word\">no<\/span> <span id=\"[741,744]\" class=\"word\">one<\/span> <span id=\"[745,750]\" class=\"word\">wants<\/span> <span id=\"[751,753]\" class=\"word\">to<\/span> <span id=\"[754,758]\" class=\"word\">hear<\/span>, <span id=\"[760,763]\" class=\"word\">can<\/span> <span id=\"[764,766]\" class=\"word\">be<\/span> <span id=\"[767,773]\" class=\"word\">freely<\/span> <span id=\"[774,780]\" class=\"word\">spoken<\/span>. <span id=\"[782,786]\" class=\"word\">This<\/span> <span id=\"[787,789]\" class=\"word\">is<\/span> <span id=\"[790,791]\" class=\"word\">a<\/span> <span id=\"[792,796]\" class=\"word\">form<\/span> <span id=\"[797,799]\" class=\"word\">of<\/span> <span id=\"[800,804]\" class=\"word\">deep<\/span> <span id=\"[805,814]\" class=\"word\">democracy<\/span>.<span id=\"[815,816]\" class=\"word\">\u201d <\/span><span id=\"[817,819]\" class=\"word\">We<\/span> <span id=\"[820,824]\" class=\"word\">will<\/span> <span id=\"[825,829]\" class=\"word\">hold<\/span> <span id=\"[830,834]\" class=\"word\">this<\/span> <span id=\"[835,840]\" class=\"word\">forum<\/span> <span id=\"[841,845]\" class=\"word\">with<\/span> <span id=\"[846,847]\" class=\"word\">a<\/span> <span id=\"[848,856]\" class=\"word\">question<\/span> <span id=\"[857,860]\" class=\"word\">for<\/span> <span id=\"[861,864]\" class=\"word\">all<\/span> <span id=\"[865,867]\" class=\"word\">of<\/span> u<span id=\"[869,871]\" class=\"word\">s:<\/span> <span id=\"[872,876]\" class=\"word\">what<\/span> <span id=\"[877,879]\" class=\"word\">do<\/span> <span id=\"[880,882]\" class=\"word\">we<\/span> <span id=\"[883,887]\" class=\"word\">need<\/span> <span id=\"[888,891]\" class=\"word\">now<\/span>, <span id=\"[893,895]\" class=\"word\">in<\/span> <span id=\"[896,901]\" class=\"word\">these<\/span> u<span id=\"[903,911]\" class=\"word\">ncertain<\/span> <span id=\"[912,915]\" class=\"word\">and<\/span> <span id=\"[916,921]\" class=\"word\">rapid<\/span>, <span id=\"[923,930]\" class=\"word\">dynamic<\/span> <span id=\"[931,936]\" class=\"word\">times<\/span>, <span id=\"[938,940]\" class=\"word\">to<\/span> <span id=\"[941,946]\" class=\"word\">fully<\/span> <span id=\"[947,952]\" class=\"word\">trust<\/span> <span id=\"[953,957]\" class=\"word\">each<\/span> <span id=\"[958,963]\" class=\"word\">other<\/span> <span id=\"[964,967]\" class=\"word\">and<\/span> <span id=\"[968,970]\" class=\"word\">to<\/span> bu<span id=\"[973,976]\" class=\"word\">ild<\/span> <span id=\"[977,978]\" class=\"word\">a<\/span> <span id=\"[979,987]\" class=\"word\">peaceful<\/span> <span id=\"[988,994]\" class=\"word\">global<\/span> <span id=\"[995,1004]\" class=\"word\">community<\/span>? <span id=\"[1006,1010]\" class=\"word\">What<\/span> <span id=\"[1011,1014]\" class=\"word\">one<\/span> <span id=\"[1015,1020]\" class=\"word\">wants<\/span> <span id=\"[1021,1023]\" class=\"word\">to<\/span> <span id=\"[1024,1031]\" class=\"word\">express<\/span>, <span id=\"[1033,1035]\" class=\"word\">to<\/span> <span id=\"[1036,1038]\" class=\"word\">be<\/span> <span id=\"[1039,1043]\" class=\"word\">seen<\/span>, <span id=\"[1045,1047]\" class=\"word\">to<\/span> <span id=\"[1048,1050]\" class=\"word\">be<\/span> <span id=\"[1051,1056]\" class=\"word\">heard<\/span> <span id=\"[1057,1060]\" class=\"word\">and<\/span> <span id=\"[1061,1063]\" class=\"word\">to<\/span> <span id=\"[1064,1066]\" class=\"word\">be<\/span> <span id=\"[1067,1079]\" class=\"word\">acknowledged<\/span>. <span id=\"[1081,1084]\" class=\"word\">The<\/span> <span id=\"[1085,1089]\" class=\"word\">Open<\/span> <span id=\"[1090,1095]\" class=\"word\">Forum<\/span> <span id=\"[1096,1098]\" class=\"word\">is<\/span> <span id=\"[1099,1101]\" class=\"word\">an<\/span> <span id=\"[1102,1112]\" class=\"word\">invitation<\/span> <span id=\"[1113,1115]\" class=\"word\">to<\/span> <span id=\"[1116,1126]\" class=\"word\">experiment<\/span> <span id=\"[1127,1129]\" class=\"word\">in<\/span> <span id=\"[1130,1133]\" class=\"word\">the<\/span> <span id=\"[1134,1139]\" class=\"word\">field<\/span> <span id=\"[1140,1142]\" class=\"word\">of<\/span> <span id=\"[1143,1152]\" class=\"word\">community<\/span>, <span id=\"[1154,1164]\" class=\"word\">connection<\/span>, <span id=\"[1166,1176]\" class=\"word\">solidarity<\/span>, <span id=\"[1178,1179]\" class=\"word\">a<\/span> <span id=\"[1180,1183]\" class=\"word\">new<\/span> <span id=\"[1184,1191]\" class=\"word\">culture<\/span> b<span id=\"[1193,1197]\" class=\"word\">ased<\/span> <span id=\"[1198,1200]\" class=\"word\">on<\/span> <span id=\"[1201,1213]\" class=\"word\">authenticity<\/span> <span id=\"[1214,1217]\" class=\"word\">and<\/span> <span id=\"[1218,1226]\" class=\"word\">openness<\/span> <span id=\"[1227,1229]\" class=\"word\">to<\/span> <span id=\"[1230,1233]\" class=\"word\">our<\/span> <span id=\"[1234,1243]\" class=\"word\">diversity<\/span>.<br \/>\n<span id=\"[1245,1252]\" class=\"word\">WELCOME<\/span>!<\/div>\n<p><b>Prowadz\u0105ca:<\/b><span style=\"font-weight: 400;\"> Beata Piskad\u0142o | Karo Akabal | Olga Odnowina <\/span><\/p>\n<p><b>Czas trwania:<\/b> 2.5h<\/p>\n<p><b>Data i godzina:<\/b> niedziela 17:00 &#8211; 19:30<\/p>\n<p><b>Miejsce:<\/b> <a href=\"https:\/\/mamaglobalhealing.com\/en\/mama-line-up\/white-tent\/\">White Tent<\/a><\/p>\n<p><b>Ilo\u015b\u0107 os\u00f3b:<\/b> no limits<\/p>\n<p><b>Dla Kogo: <\/b>for everyone<\/p>\n<p><b>Bobasy:<\/b><span style=\"font-weight: 400;\"> kids friendly\u00a0<\/span><\/p>","protected":false},"featured_media":2863,"template":"","meta":{"_et_pb_use_builder":"","_et_pb_old_content":"","_et_gb_content_width":""},"product_brand":[],"product_cat":[35,47],"product_tag":[],"class_list":{"0":"post-2762","1":"product","2":"type-product","3":"status-publish","4":"has-post-thumbnail","6":"product_cat-mama-open","7":"product_cat-niedziela-open","9":"first","10":"instock","11":"virtual","12":"taxable","13":"product-type-simple"},"yoast_head":"<!-- This site is optimized with the Yoast SEO plugin v25.1 - https:\/\/yoast.com\/wordpress\/plugins\/seo\/ -->\n<title>Open Forum We Create The New Story! | Beata Piskad\u0142o | Karo Akabal | Olga Odnowina - Mama Global Healing<\/title>\n<meta name=\"description\" content=\"Podczas Otwartego Forum wszystkie g\u0142osy, my\u015bli i uczucia, zw\u0142aszcza te, kt\u00f3rych nikt nie chce wys\u0142ucha\u0107, mog\u0105 by\u0107 swobodnie wypowiadane.\" \/>\n<meta name=\"robots\" content=\"index, follow, max-snippet:-1, max-image-preview:large, max-video-preview:-1\" \/>\n<link rel=\"canonical\" href=\"http:\/\/mamaglobalhealing.com\/en\/product\/forum-mama-global-healing\/\" \/>\n<meta property=\"og:locale\" content=\"en_GB\" \/>\n<meta property=\"og:type\" content=\"article\" \/>\n<meta property=\"og:title\" content=\"Open Forum We Create The New Story! | Beata Piskad\u0142o | Karo Akabal | Olga Odnowina - Mama Global Healing\" \/>\n<meta property=\"og:description\" content=\"Podczas Otwartego Forum wszystkie g\u0142osy, my\u015bli i uczucia, zw\u0142aszcza te, kt\u00f3rych nikt nie chce wys\u0142ucha\u0107, mog\u0105 by\u0107 swobodnie wypowiadane.\" \/>\n<meta property=\"og:url\" content=\"http:\/\/mamaglobalhealing.com\/en\/product\/forum-mama-global-healing\/\" \/>\n<meta property=\"og:site_name\" content=\"Mama Global Healing\" \/>\n<meta property=\"article:modified_time\" content=\"2022-05-24T13:10:48+00:00\" \/>\n<meta property=\"og:image\" content=\"http:\/\/mamaglobalhealing.com\/wp-content\/uploads\/2022\/04\/24.png\" \/>\n\t<meta property=\"og:image:width\" content=\"1080\" \/>\n\t<meta property=\"og:image:height\" content=\"1080\" \/>\n\t<meta property=\"og:image:type\" content=\"image\/png\" \/>\n<meta name=\"twitter:card\" content=\"summary_large_image\" \/>\n<script type=\"application\/ld+json\" class=\"yoast-schema-graph\">{\"@context\":\"https:\/\/schema.org\",\"@graph\":[{\"@type\":\"WebPage\",\"@id\":\"http:\/\/mamaglobalhealing.com\/produkt\/forum-mama-global-healing\/\",\"url\":\"http:\/\/mamaglobalhealing.com\/produkt\/forum-mama-global-healing\/\",\"name\":\"Open Forum We Create The New Story! | Beata Piskad\u0142o | Karo Akabal | Olga Odnowina - Mama Global Healing\",\"isPartOf\":{\"@id\":\"https:\/\/mamaglobalhealing.com\/#website\"},\"primaryImageOfPage\":{\"@id\":\"http:\/\/mamaglobalhealing.com\/produkt\/forum-mama-global-healing\/#primaryimage\"},\"image\":{\"@id\":\"http:\/\/mamaglobalhealing.com\/produkt\/forum-mama-global-healing\/#primaryimage\"},\"thumbnailUrl\":\"https:\/\/mamaglobalhealing.com\/wp-content\/uploads\/2022\/04\/24.png\",\"datePublished\":\"2022-04-27T20:26:17+00:00\",\"dateModified\":\"2022-05-24T13:10:48+00:00\",\"description\":\"Podczas Otwartego Forum wszystkie g\u0142osy, my\u015bli i uczucia, zw\u0142aszcza te, kt\u00f3rych nikt nie chce wys\u0142ucha\u0107, mog\u0105 by\u0107 swobodnie wypowiadane.\",\"breadcrumb\":{\"@id\":\"http:\/\/mamaglobalhealing.com\/produkt\/forum-mama-global-healing\/#breadcrumb\"},\"inLanguage\":\"en-GB\",\"potentialAction\":[{\"@type\":\"ReadAction\",\"target\":[\"http:\/\/mamaglobalhealing.com\/produkt\/forum-mama-global-healing\/\"]}]},{\"@type\":\"ImageObject\",\"inLanguage\":\"en-GB\",\"@id\":\"http:\/\/mamaglobalhealing.com\/produkt\/forum-mama-global-healing\/#primaryimage\",\"url\":\"https:\/\/mamaglobalhealing.com\/wp-content\/uploads\/2022\/04\/24.png\",\"contentUrl\":\"https:\/\/mamaglobalhealing.com\/wp-content\/uploads\/2022\/04\/24.png\",\"width\":1080,\"height\":1080},{\"@type\":\"BreadcrumbList\",\"@id\":\"http:\/\/mamaglobalhealing.com\/produkt\/forum-mama-global-healing\/#breadcrumb\",\"itemListElement\":[{\"@type\":\"ListItem\",\"position\":1,\"name\":\"Strona g\u0142\u00f3wna\",\"item\":\"https:\/\/mamaglobalhealing.com\/\"},{\"@type\":\"ListItem\",\"position\":2,\"name\":\"Sklep\",\"item\":\"https:\/\/mamaglobalhealing.com\/sklep\/\"},{\"@type\":\"ListItem\",\"position\":3,\"name\":\"Open Forum We&nbsp;Create The New Story! | Beata Piskad\u0142o | Karo Akabal | Olga Odnowina\"}]},{\"@type\":\"WebSite\",\"@id\":\"https:\/\/mamaglobalhealing.com\/#website\",\"url\":\"https:\/\/mamaglobalhealing.com\/\",\"name\":\"Mama Global Healing\",\"description\":\"Kolejna witryna WordPress\",\"potentialAction\":[{\"@type\":\"SearchAction\",\"target\":{\"@type\":\"EntryPoint\",\"urlTemplate\":\"https:\/\/mamaglobalhealing.com\/?s={search_term_string}\"},\"query-input\":{\"@type\":\"PropertyValueSpecification\",\"valueRequired\":true,\"valueName\":\"search_term_string\"}}],\"inLanguage\":\"en-GB\"}]}<\/script>\n<!-- \/ Yoast SEO plugin. -->","yoast_head_json":{"title":"Open Forum We Create The New Story! | Beata Piskad\u0142o | Karo Akabal | Olga Odnowina - Mama Global Healing","description":"Podczas Otwartego Forum wszystkie g\u0142osy, my\u015bli i uczucia, zw\u0142aszcza te, kt\u00f3rych nikt nie chce wys\u0142ucha\u0107, mog\u0105 by\u0107 swobodnie wypowiadane.","robots":{"index":"index","follow":"follow","max-snippet":"max-snippet:-1","max-image-preview":"max-image-preview:large","max-video-preview":"max-video-preview:-1"},"canonical":"http:\/\/mamaglobalhealing.com\/en\/product\/forum-mama-global-healing\/","og_locale":"en_GB","og_type":"article","og_title":"Open Forum We Create The New Story! | Beata Piskad\u0142o | Karo Akabal | Olga Odnowina - Mama Global Healing","og_description":"Podczas Otwartego Forum wszystkie g\u0142osy, my\u015bli i uczucia, zw\u0142aszcza te, kt\u00f3rych nikt nie chce wys\u0142ucha\u0107, mog\u0105 by\u0107 swobodnie wypowiadane.","og_url":"http:\/\/mamaglobalhealing.com\/en\/product\/forum-mama-global-healing\/","og_site_name":"Mama Global Healing","article_modified_time":"2022-05-24T13:10:48+00:00","og_image":[{"width":1080,"height":1080,"url":"http:\/\/mamaglobalhealing.com\/wp-content\/uploads\/2022\/04\/24.png","type":"image\/png"}],"twitter_card":"summary_large_image","schema":{"@context":"https:\/\/schema.org","@graph":[{"@type":"WebPage","@id":"http:\/\/mamaglobalhealing.com\/produkt\/forum-mama-global-healing\/","url":"http:\/\/mamaglobalhealing.com\/produkt\/forum-mama-global-healing\/","name":"Open Forum We Create The New Story! | Beata Piskad\u0142o | Karo Akabal | Olga Odnowina - Mama Global Healing","isPartOf":{"@id":"https:\/\/mamaglobalhealing.com\/#website"},"primaryImageOfPage":{"@id":"http:\/\/mamaglobalhealing.com\/produkt\/forum-mama-global-healing\/#primaryimage"},"image":{"@id":"http:\/\/mamaglobalhealing.com\/produkt\/forum-mama-global-healing\/#primaryimage"},"thumbnailUrl":"https:\/\/mamaglobalhealing.com\/wp-content\/uploads\/2022\/04\/24.png","datePublished":"2022-04-27T20:26:17+00:00","dateModified":"2022-05-24T13:10:48+00:00","description":"Podczas Otwartego Forum wszystkie g\u0142osy, my\u015bli i uczucia, zw\u0142aszcza te, kt\u00f3rych nikt nie chce wys\u0142ucha\u0107, mog\u0105 by\u0107 swobodnie wypowiadane.","breadcrumb":{"@id":"http:\/\/mamaglobalhealing.com\/produkt\/forum-mama-global-healing\/#breadcrumb"},"inLanguage":"en-GB","potentialAction":[{"@type":"ReadAction","target":["http:\/\/mamaglobalhealing.com\/produkt\/forum-mama-global-healing\/"]}]},{"@type":"ImageObject","inLanguage":"en-GB","@id":"http:\/\/mamaglobalhealing.com\/produkt\/forum-mama-global-healing\/#primaryimage","url":"https:\/\/mamaglobalhealing.com\/wp-content\/uploads\/2022\/04\/24.png","contentUrl":"https:\/\/mamaglobalhealing.com\/wp-content\/uploads\/2022\/04\/24.png","width":1080,"height":1080},{"@type":"BreadcrumbList","@id":"http:\/\/mamaglobalhealing.com\/produkt\/forum-mama-global-healing\/#breadcrumb","itemListElement":[{"@type":"ListItem","position":1,"name":"Strona g\u0142\u00f3wna","item":"https:\/\/mamaglobalhealing.com\/"},{"@type":"ListItem","position":2,"name":"Sklep","item":"https:\/\/mamaglobalhealing.com\/sklep\/"},{"@type":"ListItem","position":3,"name":"Open Forum We&nbsp;Create The New Story! | Beata Piskad\u0142o | Karo Akabal | Olga Odnowina"}]},{"@type":"WebSite","@id":"https:\/\/mamaglobalhealing.com\/#website","url":"https:\/\/mamaglobalhealing.com\/","name":"Mama Global Healing","description":"Kolejna witryna WordPress","potentialAction":[{"@type":"SearchAction","target":{"@type":"EntryPoint","urlTemplate":"https:\/\/mamaglobalhealing.com\/?s={search_term_string}"},"query-input":{"@type":"PropertyValueSpecification","valueRequired":true,"valueName":"search_term_string"}}],"inLanguage":"en-GB"}]}},"_links":{"self":[{"href":"https:\/\/mamaglobalhealing.com\/en\/wp-json\/wp\/v2\/product\/2762","targetHints":{"allow":["GET"]}}],"collection":[{"href":"https:\/\/mamaglobalhealing.com\/en\/wp-json\/wp\/v2\/product"}],"about":[{"href":"https:\/\/mamaglobalhealing.com\/en\/wp-json\/wp\/v2\/types\/product"}],"wp:featuredmedia":[{"embeddable":true,"href":"https:\/\/mamaglobalhealing.com\/en\/wp-json\/wp\/v2\/media\/2863"}],"wp:attachment":[{"href":"https:\/\/mamaglobalhealing.com\/en\/wp-json\/wp\/v2\/media?parent=2762"}],"wp:term":[{"taxonomy":"product_brand","embeddable":true,"href":"https:\/\/mamaglobalhealing.com\/en\/wp-json\/wp\/v2\/product_brand?post=2762"},{"taxonomy":"product_cat","embeddable":true,"href":"https:\/\/mamaglobalhealing.com\/en\/wp-json\/wp\/v2\/product_cat?post=2762"},{"taxonomy":"product_tag","embeddable":true,"href":"https:\/\/mamaglobalhealing.com\/en\/wp-json\/wp\/v2\/product_tag?post=2762"}],"curies":[{"name":"wp","href":"https:\/\/api.w.org\/{rel}","templated":true}]}}