{"id":2763,"date":"2022-04-27T20:27:10","date_gmt":"2022-04-27T20:27:10","guid":{"rendered":"https:\/\/mamaglobalhealing.com\/?post_type=product&#038;p=2763"},"modified":"2022-05-24T13:05:49","modified_gmt":"2022-05-24T13:05:49","slug":"ekonomia-daru","status":"publish","type":"product","link":"https:\/\/mamaglobalhealing.com\/en\/product\/ekonomia-daru\/","title":{"rendered":"EKONOMIA DARU czy tak da si\u0119 \u017cy\u0107? | Karo Akabal"},"content":{"rendered":"","protected":false},"excerpt":{"rendered":"<p><span style=\"font-weight: 400;\"> Podczas tego warsztatu chcia\u0142abym podzieli\u0107 si\u0119 2 letnim do\u015bwiadczeniem \u017cycia w 100% w Ekonomii Daru oraz przedstawi\u0107 Sex &amp; Love School, jako case study projektu, kt\u00f3ry przeszed\u0142 transformacj\u0119 z jednoosobowej dzia\u0142alno\u015bci gospodarczej w projekt utrzymuj\u0105cy si\u0119 z dobrowolnych darowizn, a teraz jest w procesie przekszta\u0142cenia w organizacj\u0119 zarz\u0105dzan\u0105 przez spo\u0142eczno\u015b\u0107. <\/span><\/p>\n<p><b>Prowadz\u0105ca:<\/b><span style=\"font-weight: 400;\"> Karo Akabal<\/span><\/p>\n<p><b>Czas trwania:<\/b> 3h<\/p>\n<p><b>Data i godzina:<\/b> niedziela 10:00 &#8211; 13:00<\/p>\n<p><b>Miejsce:<\/b> <a href=\"https:\/\/mamaglobalhealing.com\/en\/mama-line-up\/central-chakra\/\">Central Chakra<\/a><\/p>\n<p><b>Ilo\u015b\u0107 os\u00f3b:<\/b> bo<\/p>\n<p><b>Dla Kogo: <\/b>dla wszystkich<\/p>\n<p><b>Bobasy:<\/b><span style=\"font-weight: 400;\">\u00a0tak <\/span><\/p>","protected":false},"featured_media":2949,"template":"","meta":{"_et_pb_use_builder":"","_et_pb_old_content":"","_et_gb_content_width":""},"product_brand":[],"product_cat":[35,47],"product_tag":[],"class_list":{"0":"post-2763","1":"product","2":"type-product","3":"status-publish","4":"has-post-thumbnail","6":"product_cat-mama-open","7":"product_cat-niedziela-open","9":"first","10":"instock","11":"virtual","12":"taxable","13":"product-type-simple"},"yoast_head":"<!-- This site is optimized with the Yoast SEO plugin v25.1 - https:\/\/yoast.com\/wordpress\/plugins\/seo\/ -->\n<title>EKONOMIA DARU czy tak da si\u0119 \u017cy\u0107? | Karo Akabal - Mama Global Healing<\/title>\n<meta name=\"robots\" content=\"index, follow, max-snippet:-1, max-image-preview:large, max-video-preview:-1\" \/>\n<link rel=\"canonical\" href=\"http:\/\/mamaglobalhealing.com\/en\/product\/ekonomia-daru\/\" \/>\n<meta property=\"og:locale\" content=\"en_GB\" \/>\n<meta property=\"og:type\" content=\"article\" \/>\n<meta property=\"og:title\" content=\"EKONOMIA DARU czy tak da si\u0119 \u017cy\u0107? | Karo Akabal - Mama Global Healing\" \/>\n<meta property=\"og:description\" content=\"Podczas tego warsztatu chcia\u0142abym podzieli\u0107 si\u0119 2 letnim do\u015bwiadczeniem \u017cycia w 100% w Ekonomii Daru oraz przedstawi\u0107 Sex &amp; Love School, jako case study projektu, kt\u00f3ry przeszed\u0142 transformacj\u0119 z jednoosobowej dzia\u0142alno\u015bci gospodarczej w projekt utrzymuj\u0105cy si\u0119 z dobrowolnych darowizn, a teraz jest w procesie przekszta\u0142cenia w organizacj\u0119 zarz\u0105dzan\u0105 przez spo\u0142eczno\u015b\u0107.   Prowadz\u0105ca: Karo Akabal  Czas trwania: 3h  Data i godzina: niedziela 10:00 - 13:00  Miejsce: Central Chakra  Ilo\u015b\u0107 os\u00f3b: bo  Dla Kogo: dla wszystkich  Bobasy:\u00a0tak\" \/>\n<meta property=\"og:url\" content=\"http:\/\/mamaglobalhealing.com\/en\/product\/ekonomia-daru\/\" \/>\n<meta property=\"og:site_name\" content=\"Mama Global Healing\" \/>\n<meta property=\"article:modified_time\" content=\"2022-05-24T13:05:49+00:00\" \/>\n<meta property=\"og:image\" content=\"http:\/\/mamaglobalhealing.com\/wp-content\/uploads\/2022\/04\/Karo-6-Monika-Redzisz-2-scaled.jpg\" \/>\n\t<meta property=\"og:image:width\" content=\"2560\" \/>\n\t<meta property=\"og:image:height\" content=\"1656\" \/>\n\t<meta property=\"og:image:type\" content=\"image\/jpeg\" \/>\n<meta name=\"twitter:card\" content=\"summary_large_image\" \/>\n<script type=\"application\/ld+json\" class=\"yoast-schema-graph\">{\"@context\":\"https:\/\/schema.org\",\"@graph\":[{\"@type\":\"WebPage\",\"@id\":\"http:\/\/mamaglobalhealing.com\/produkt\/ekonomia-daru\/\",\"url\":\"http:\/\/mamaglobalhealing.com\/produkt\/ekonomia-daru\/\",\"name\":\"EKONOMIA DARU czy tak da si\u0119 \u017cy\u0107? | Karo Akabal - Mama Global Healing\",\"isPartOf\":{\"@id\":\"https:\/\/mamaglobalhealing.com\/#website\"},\"primaryImageOfPage\":{\"@id\":\"http:\/\/mamaglobalhealing.com\/produkt\/ekonomia-daru\/#primaryimage\"},\"image\":{\"@id\":\"http:\/\/mamaglobalhealing.com\/produkt\/ekonomia-daru\/#primaryimage\"},\"thumbnailUrl\":\"https:\/\/mamaglobalhealing.com\/wp-content\/uploads\/2022\/04\/Karo-6-Monika-Redzisz-2-scaled.jpg\",\"datePublished\":\"2022-04-27T20:27:10+00:00\",\"dateModified\":\"2022-05-24T13:05:49+00:00\",\"breadcrumb\":{\"@id\":\"http:\/\/mamaglobalhealing.com\/produkt\/ekonomia-daru\/#breadcrumb\"},\"inLanguage\":\"en-GB\",\"potentialAction\":[{\"@type\":\"ReadAction\",\"target\":[\"http:\/\/mamaglobalhealing.com\/produkt\/ekonomia-daru\/\"]}]},{\"@type\":\"ImageObject\",\"inLanguage\":\"en-GB\",\"@id\":\"http:\/\/mamaglobalhealing.com\/produkt\/ekonomia-daru\/#primaryimage\",\"url\":\"https:\/\/mamaglobalhealing.com\/wp-content\/uploads\/2022\/04\/Karo-6-Monika-Redzisz-2-scaled.jpg\",\"contentUrl\":\"https:\/\/mamaglobalhealing.com\/wp-content\/uploads\/2022\/04\/Karo-6-Monika-Redzisz-2-scaled.jpg\",\"width\":2560,\"height\":1656},{\"@type\":\"BreadcrumbList\",\"@id\":\"http:\/\/mamaglobalhealing.com\/produkt\/ekonomia-daru\/#breadcrumb\",\"itemListElement\":[{\"@type\":\"ListItem\",\"position\":1,\"name\":\"Strona g\u0142\u00f3wna\",\"item\":\"https:\/\/mamaglobalhealing.com\/\"},{\"@type\":\"ListItem\",\"position\":2,\"name\":\"Sklep\",\"item\":\"https:\/\/mamaglobalhealing.com\/sklep\/\"},{\"@type\":\"ListItem\",\"position\":3,\"name\":\"EKONOMIA DARU czy&nbsp;tak&nbsp;da si\u0119 \u017cy\u0107? | Karo Akabal\"}]},{\"@type\":\"WebSite\",\"@id\":\"https:\/\/mamaglobalhealing.com\/#website\",\"url\":\"https:\/\/mamaglobalhealing.com\/\",\"name\":\"Mama Global Healing\",\"description\":\"Kolejna witryna WordPress\",\"potentialAction\":[{\"@type\":\"SearchAction\",\"target\":{\"@type\":\"EntryPoint\",\"urlTemplate\":\"https:\/\/mamaglobalhealing.com\/?s={search_term_string}\"},\"query-input\":{\"@type\":\"PropertyValueSpecification\",\"valueRequired\":true,\"valueName\":\"search_term_string\"}}],\"inLanguage\":\"en-GB\"}]}<\/script>\n<!-- \/ Yoast SEO plugin. -->","yoast_head_json":{"title":"EKONOMIA DARU czy tak da si\u0119 \u017cy\u0107? | Karo Akabal - Mama Global Healing","robots":{"index":"index","follow":"follow","max-snippet":"max-snippet:-1","max-image-preview":"max-image-preview:large","max-video-preview":"max-video-preview:-1"},"canonical":"http:\/\/mamaglobalhealing.com\/en\/product\/ekonomia-daru\/","og_locale":"en_GB","og_type":"article","og_title":"EKONOMIA DARU czy tak da si\u0119 \u017cy\u0107? | Karo Akabal - Mama Global Healing","og_description":"Podczas tego warsztatu chcia\u0142abym podzieli\u0107 si\u0119 2 letnim do\u015bwiadczeniem \u017cycia w 100% w Ekonomii Daru oraz przedstawi\u0107 Sex &amp; Love School, jako case study projektu, kt\u00f3ry przeszed\u0142 transformacj\u0119 z jednoosobowej dzia\u0142alno\u015bci gospodarczej w projekt utrzymuj\u0105cy si\u0119 z dobrowolnych darowizn, a teraz jest w procesie przekszta\u0142cenia w organizacj\u0119 zarz\u0105dzan\u0105 przez spo\u0142eczno\u015b\u0107.   Prowadz\u0105ca: Karo Akabal  Czas trwania: 3h  Data i godzina: niedziela 10:00 - 13:00  Miejsce: Central Chakra  Ilo\u015b\u0107 os\u00f3b: bo  Dla Kogo: dla wszystkich  Bobasy:\u00a0tak","og_url":"http:\/\/mamaglobalhealing.com\/en\/product\/ekonomia-daru\/","og_site_name":"Mama Global Healing","article_modified_time":"2022-05-24T13:05:49+00:00","og_image":[{"width":2560,"height":1656,"url":"http:\/\/mamaglobalhealing.com\/wp-content\/uploads\/2022\/04\/Karo-6-Monika-Redzisz-2-scaled.jpg","type":"image\/jpeg"}],"twitter_card":"summary_large_image","schema":{"@context":"https:\/\/schema.org","@graph":[{"@type":"WebPage","@id":"http:\/\/mamaglobalhealing.com\/produkt\/ekonomia-daru\/","url":"http:\/\/mamaglobalhealing.com\/produkt\/ekonomia-daru\/","name":"EKONOMIA DARU czy tak da si\u0119 \u017cy\u0107? | Karo Akabal - Mama Global Healing","isPartOf":{"@id":"https:\/\/mamaglobalhealing.com\/#website"},"primaryImageOfPage":{"@id":"http:\/\/mamaglobalhealing.com\/produkt\/ekonomia-daru\/#primaryimage"},"image":{"@id":"http:\/\/mamaglobalhealing.com\/produkt\/ekonomia-daru\/#primaryimage"},"thumbnailUrl":"https:\/\/mamaglobalhealing.com\/wp-content\/uploads\/2022\/04\/Karo-6-Monika-Redzisz-2-scaled.jpg","datePublished":"2022-04-27T20:27:10+00:00","dateModified":"2022-05-24T13:05:49+00:00","breadcrumb":{"@id":"http:\/\/mamaglobalhealing.com\/produkt\/ekonomia-daru\/#breadcrumb"},"inLanguage":"en-GB","potentialAction":[{"@type":"ReadAction","target":["http:\/\/mamaglobalhealing.com\/produkt\/ekonomia-daru\/"]}]},{"@type":"ImageObject","inLanguage":"en-GB","@id":"http:\/\/mamaglobalhealing.com\/produkt\/ekonomia-daru\/#primaryimage","url":"https:\/\/mamaglobalhealing.com\/wp-content\/uploads\/2022\/04\/Karo-6-Monika-Redzisz-2-scaled.jpg","contentUrl":"https:\/\/mamaglobalhealing.com\/wp-content\/uploads\/2022\/04\/Karo-6-Monika-Redzisz-2-scaled.jpg","width":2560,"height":1656},{"@type":"BreadcrumbList","@id":"http:\/\/mamaglobalhealing.com\/produkt\/ekonomia-daru\/#breadcrumb","itemListElement":[{"@type":"ListItem","position":1,"name":"Strona g\u0142\u00f3wna","item":"https:\/\/mamaglobalhealing.com\/"},{"@type":"ListItem","position":2,"name":"Sklep","item":"https:\/\/mamaglobalhealing.com\/sklep\/"},{"@type":"ListItem","position":3,"name":"EKONOMIA DARU czy&nbsp;tak&nbsp;da si\u0119 \u017cy\u0107? | Karo Akabal"}]},{"@type":"WebSite","@id":"https:\/\/mamaglobalhealing.com\/#website","url":"https:\/\/mamaglobalhealing.com\/","name":"Mama Global Healing","description":"Kolejna witryna WordPress","potentialAction":[{"@type":"SearchAction","target":{"@type":"EntryPoint","urlTemplate":"https:\/\/mamaglobalhealing.com\/?s={search_term_string}"},"query-input":{"@type":"PropertyValueSpecification","valueRequired":true,"valueName":"search_term_string"}}],"inLanguage":"en-GB"}]}},"_links":{"self":[{"href":"https:\/\/mamaglobalhealing.com\/en\/wp-json\/wp\/v2\/product\/2763","targetHints":{"allow":["GET"]}}],"collection":[{"href":"https:\/\/mamaglobalhealing.com\/en\/wp-json\/wp\/v2\/product"}],"about":[{"href":"https:\/\/mamaglobalhealing.com\/en\/wp-json\/wp\/v2\/types\/product"}],"wp:featuredmedia":[{"embeddable":true,"href":"https:\/\/mamaglobalhealing.com\/en\/wp-json\/wp\/v2\/media\/2949"}],"wp:attachment":[{"href":"https:\/\/mamaglobalhealing.com\/en\/wp-json\/wp\/v2\/media?parent=2763"}],"wp:term":[{"taxonomy":"product_brand","embeddable":true,"href":"https:\/\/mamaglobalhealing.com\/en\/wp-json\/wp\/v2\/product_brand?post=2763"},{"taxonomy":"product_cat","embeddable":true,"href":"https:\/\/mamaglobalhealing.com\/en\/wp-json\/wp\/v2\/product_cat?post=2763"},{"taxonomy":"product_tag","embeddable":true,"href":"https:\/\/mamaglobalhealing.com\/en\/wp-json\/wp\/v2\/product_tag?post=2763"}],"curies":[{"name":"wp","href":"https:\/\/api.w.org\/{rel}","templated":true}]}}