{"id":2764,"date":"2022-04-27T20:27:47","date_gmt":"2022-04-27T20:27:47","guid":{"rendered":"https:\/\/mamaglobalhealing.com\/?post_type=product&#038;p=2764"},"modified":"2022-06-03T10:18:14","modified_gmt":"2022-06-03T10:18:14","slug":"basic-sexed-czyli-kurs-podstawowej-edukacji-seksualnej-dla-doroslych-od-16-lat","status":"publish","type":"product","link":"https:\/\/mamaglobalhealing.com\/en\/product\/basic-sexed-czyli-kurs-podstawowej-edukacji-seksualnej-dla-doroslych-od-16-lat\/","title":{"rendered":"BASIC SexEd &#8211; kurs podstawowej edukacji seksualnej dla doros\u0142ych (16+) | Karo Akabal"},"content":{"rendered":"","protected":false},"excerpt":{"rendered":"<p><span style=\"font-weight: 400;\"> 12 modu\u0142owy program, kt\u00f3ry jest fundamentem Sex &amp; Love School, projektu edukacyjnego i spo\u0142eczno\u015bci za\u0142o\u017conej przez Karo Akabal tylko na Mamie w formie 3 godzinnego intensywnego i ekscytuj\u0105cego warsztatu dla wszystkich os\u00f3b. <\/span><\/p>\n<p><b>Prowadz\u0105cy:<\/b><span style=\"font-weight: 400;\"> Karo Akabal<\/span><\/p>\n<p><b>Czas trwania:<\/b> 3h<\/p>\n<p><b>Data i godzina:<\/b> pi\u0105tek 17:00 &#8211; 20:00<\/p>\n<p><b>Miejsce:<\/b> <a href=\"https:\/\/mamaglobalhealing.com\/en\/mama-line-up\/central-chakra\/\">Central Chakra<\/a><\/p>\n<p><b>Liczba os\u00f3b:<\/b> bo<\/p>\n<p><b>Dla Kogo: <\/b>16+<\/p>\n<p><b>Bobasy:<\/b><span style=\"font-weight: 400;\">\u00a0nie<\/span><\/p>\n<p><strong>J\u0119zyk:<\/strong> PL<\/p>","protected":false},"featured_media":2928,"template":"","meta":{"_et_pb_use_builder":"","_et_pb_old_content":"","_et_gb_content_width":""},"product_brand":[],"product_cat":[35,45],"product_tag":[],"class_list":{"0":"post-2764","1":"product","2":"type-product","3":"status-publish","4":"has-post-thumbnail","6":"product_cat-mama-open","7":"product_cat-piatek-open","9":"first","10":"instock","11":"virtual","12":"taxable","13":"product-type-simple"},"yoast_head":"<!-- This site is optimized with the Yoast SEO plugin v25.1 - https:\/\/yoast.com\/wordpress\/plugins\/seo\/ -->\n<title>BASIC SexEd - kurs podstawowej edukacji seksualnej dla doros\u0142ych (16+) | Karo Akabal - Mama Global Healing<\/title>\n<meta name=\"robots\" content=\"index, follow, max-snippet:-1, max-image-preview:large, max-video-preview:-1\" \/>\n<link rel=\"canonical\" href=\"http:\/\/mamaglobalhealing.com\/en\/product\/basic-sexed-czyli-kurs-podstawowej-edukacji-seksualnej-dla-doroslych-od-16-lat\/\" \/>\n<meta property=\"og:locale\" content=\"en_GB\" \/>\n<meta property=\"og:type\" content=\"article\" \/>\n<meta property=\"og:title\" content=\"BASIC SexEd - kurs podstawowej edukacji seksualnej dla doros\u0142ych (16+) | Karo Akabal - Mama Global Healing\" \/>\n<meta property=\"og:description\" content=\"12 modu\u0142owy program, kt\u00f3ry jest fundamentem Sex &amp; Love School, projektu edukacyjnego i spo\u0142eczno\u015bci za\u0142o\u017conej przez Karo Akabal tylko na Mamie w formie 3 godzinnego intensywnego i ekscytuj\u0105cego warsztatu dla wszystkich os\u00f3b.   Prowadz\u0105cy: Karo Akabal  Czas trwania: 3h  Data i godzina: pi\u0105tek 17:00 - 20:00  Miejsce: Central Chakra  Liczba os\u00f3b: bo  Dla Kogo: 16+  Bobasy:\u00a0nie  J\u0119zyk: PL\" \/>\n<meta property=\"og:url\" content=\"http:\/\/mamaglobalhealing.com\/en\/product\/basic-sexed-czyli-kurs-podstawowej-edukacji-seksualnej-dla-doroslych-od-16-lat\/\" \/>\n<meta property=\"og:site_name\" content=\"Mama Global Healing\" \/>\n<meta property=\"article:modified_time\" content=\"2022-06-03T10:18:14+00:00\" \/>\n<meta property=\"og:image\" content=\"http:\/\/mamaglobalhealing.com\/wp-content\/uploads\/2022\/04\/16-1.png\" \/>\n\t<meta property=\"og:image:width\" content=\"1080\" \/>\n\t<meta property=\"og:image:height\" content=\"1080\" \/>\n\t<meta property=\"og:image:type\" content=\"image\/png\" \/>\n<meta name=\"twitter:card\" content=\"summary_large_image\" \/>\n<script type=\"application\/ld+json\" class=\"yoast-schema-graph\">{\"@context\":\"https:\/\/schema.org\",\"@graph\":[{\"@type\":\"WebPage\",\"@id\":\"http:\/\/mamaglobalhealing.com\/produkt\/basic-sexed-czyli-kurs-podstawowej-edukacji-seksualnej-dla-doroslych-od-16-lat\/\",\"url\":\"http:\/\/mamaglobalhealing.com\/produkt\/basic-sexed-czyli-kurs-podstawowej-edukacji-seksualnej-dla-doroslych-od-16-lat\/\",\"name\":\"BASIC SexEd - kurs podstawowej edukacji seksualnej dla doros\u0142ych (16+) | Karo Akabal - Mama Global Healing\",\"isPartOf\":{\"@id\":\"https:\/\/mamaglobalhealing.com\/#website\"},\"primaryImageOfPage\":{\"@id\":\"http:\/\/mamaglobalhealing.com\/produkt\/basic-sexed-czyli-kurs-podstawowej-edukacji-seksualnej-dla-doroslych-od-16-lat\/#primaryimage\"},\"image\":{\"@id\":\"http:\/\/mamaglobalhealing.com\/produkt\/basic-sexed-czyli-kurs-podstawowej-edukacji-seksualnej-dla-doroslych-od-16-lat\/#primaryimage\"},\"thumbnailUrl\":\"https:\/\/mamaglobalhealing.com\/wp-content\/uploads\/2022\/04\/16-1.png\",\"datePublished\":\"2022-04-27T20:27:47+00:00\",\"dateModified\":\"2022-06-03T10:18:14+00:00\",\"breadcrumb\":{\"@id\":\"http:\/\/mamaglobalhealing.com\/produkt\/basic-sexed-czyli-kurs-podstawowej-edukacji-seksualnej-dla-doroslych-od-16-lat\/#breadcrumb\"},\"inLanguage\":\"en-GB\",\"potentialAction\":[{\"@type\":\"ReadAction\",\"target\":[\"http:\/\/mamaglobalhealing.com\/produkt\/basic-sexed-czyli-kurs-podstawowej-edukacji-seksualnej-dla-doroslych-od-16-lat\/\"]}]},{\"@type\":\"ImageObject\",\"inLanguage\":\"en-GB\",\"@id\":\"http:\/\/mamaglobalhealing.com\/produkt\/basic-sexed-czyli-kurs-podstawowej-edukacji-seksualnej-dla-doroslych-od-16-lat\/#primaryimage\",\"url\":\"https:\/\/mamaglobalhealing.com\/wp-content\/uploads\/2022\/04\/16-1.png\",\"contentUrl\":\"https:\/\/mamaglobalhealing.com\/wp-content\/uploads\/2022\/04\/16-1.png\",\"width\":1080,\"height\":1080},{\"@type\":\"BreadcrumbList\",\"@id\":\"http:\/\/mamaglobalhealing.com\/produkt\/basic-sexed-czyli-kurs-podstawowej-edukacji-seksualnej-dla-doroslych-od-16-lat\/#breadcrumb\",\"itemListElement\":[{\"@type\":\"ListItem\",\"position\":1,\"name\":\"Strona g\u0142\u00f3wna\",\"item\":\"https:\/\/mamaglobalhealing.com\/\"},{\"@type\":\"ListItem\",\"position\":2,\"name\":\"Sklep\",\"item\":\"https:\/\/mamaglobalhealing.com\/sklep\/\"},{\"@type\":\"ListItem\",\"position\":3,\"name\":\"BASIC SexEd &#8211; kurs podstawowej edukacji seksualnej dla doros\u0142ych (16+) | Karo Akabal\"}]},{\"@type\":\"WebSite\",\"@id\":\"https:\/\/mamaglobalhealing.com\/#website\",\"url\":\"https:\/\/mamaglobalhealing.com\/\",\"name\":\"Mama Global Healing\",\"description\":\"Kolejna witryna WordPress\",\"potentialAction\":[{\"@type\":\"SearchAction\",\"target\":{\"@type\":\"EntryPoint\",\"urlTemplate\":\"https:\/\/mamaglobalhealing.com\/?s={search_term_string}\"},\"query-input\":{\"@type\":\"PropertyValueSpecification\",\"valueRequired\":true,\"valueName\":\"search_term_string\"}}],\"inLanguage\":\"en-GB\"}]}<\/script>\n<!-- \/ Yoast SEO plugin. -->","yoast_head_json":{"title":"BASIC SexEd - kurs podstawowej edukacji seksualnej dla doros\u0142ych (16+) | Karo Akabal - Mama Global Healing","robots":{"index":"index","follow":"follow","max-snippet":"max-snippet:-1","max-image-preview":"max-image-preview:large","max-video-preview":"max-video-preview:-1"},"canonical":"http:\/\/mamaglobalhealing.com\/en\/product\/basic-sexed-czyli-kurs-podstawowej-edukacji-seksualnej-dla-doroslych-od-16-lat\/","og_locale":"en_GB","og_type":"article","og_title":"BASIC SexEd - kurs podstawowej edukacji seksualnej dla doros\u0142ych (16+) | Karo Akabal - Mama Global Healing","og_description":"12 modu\u0142owy program, kt\u00f3ry jest fundamentem Sex &amp; Love School, projektu edukacyjnego i spo\u0142eczno\u015bci za\u0142o\u017conej przez Karo Akabal tylko na Mamie w formie 3 godzinnego intensywnego i ekscytuj\u0105cego warsztatu dla wszystkich os\u00f3b.   Prowadz\u0105cy: Karo Akabal  Czas trwania: 3h  Data i godzina: pi\u0105tek 17:00 - 20:00  Miejsce: Central Chakra  Liczba os\u00f3b: bo  Dla Kogo: 16+  Bobasy:\u00a0nie  J\u0119zyk: PL","og_url":"http:\/\/mamaglobalhealing.com\/en\/product\/basic-sexed-czyli-kurs-podstawowej-edukacji-seksualnej-dla-doroslych-od-16-lat\/","og_site_name":"Mama Global Healing","article_modified_time":"2022-06-03T10:18:14+00:00","og_image":[{"width":1080,"height":1080,"url":"http:\/\/mamaglobalhealing.com\/wp-content\/uploads\/2022\/04\/16-1.png","type":"image\/png"}],"twitter_card":"summary_large_image","schema":{"@context":"https:\/\/schema.org","@graph":[{"@type":"WebPage","@id":"http:\/\/mamaglobalhealing.com\/produkt\/basic-sexed-czyli-kurs-podstawowej-edukacji-seksualnej-dla-doroslych-od-16-lat\/","url":"http:\/\/mamaglobalhealing.com\/produkt\/basic-sexed-czyli-kurs-podstawowej-edukacji-seksualnej-dla-doroslych-od-16-lat\/","name":"BASIC SexEd - kurs podstawowej edukacji seksualnej dla doros\u0142ych (16+) | Karo Akabal - Mama Global Healing","isPartOf":{"@id":"https:\/\/mamaglobalhealing.com\/#website"},"primaryImageOfPage":{"@id":"http:\/\/mamaglobalhealing.com\/produkt\/basic-sexed-czyli-kurs-podstawowej-edukacji-seksualnej-dla-doroslych-od-16-lat\/#primaryimage"},"image":{"@id":"http:\/\/mamaglobalhealing.com\/produkt\/basic-sexed-czyli-kurs-podstawowej-edukacji-seksualnej-dla-doroslych-od-16-lat\/#primaryimage"},"thumbnailUrl":"https:\/\/mamaglobalhealing.com\/wp-content\/uploads\/2022\/04\/16-1.png","datePublished":"2022-04-27T20:27:47+00:00","dateModified":"2022-06-03T10:18:14+00:00","breadcrumb":{"@id":"http:\/\/mamaglobalhealing.com\/produkt\/basic-sexed-czyli-kurs-podstawowej-edukacji-seksualnej-dla-doroslych-od-16-lat\/#breadcrumb"},"inLanguage":"en-GB","potentialAction":[{"@type":"ReadAction","target":["http:\/\/mamaglobalhealing.com\/produkt\/basic-sexed-czyli-kurs-podstawowej-edukacji-seksualnej-dla-doroslych-od-16-lat\/"]}]},{"@type":"ImageObject","inLanguage":"en-GB","@id":"http:\/\/mamaglobalhealing.com\/produkt\/basic-sexed-czyli-kurs-podstawowej-edukacji-seksualnej-dla-doroslych-od-16-lat\/#primaryimage","url":"https:\/\/mamaglobalhealing.com\/wp-content\/uploads\/2022\/04\/16-1.png","contentUrl":"https:\/\/mamaglobalhealing.com\/wp-content\/uploads\/2022\/04\/16-1.png","width":1080,"height":1080},{"@type":"BreadcrumbList","@id":"http:\/\/mamaglobalhealing.com\/produkt\/basic-sexed-czyli-kurs-podstawowej-edukacji-seksualnej-dla-doroslych-od-16-lat\/#breadcrumb","itemListElement":[{"@type":"ListItem","position":1,"name":"Strona g\u0142\u00f3wna","item":"https:\/\/mamaglobalhealing.com\/"},{"@type":"ListItem","position":2,"name":"Sklep","item":"https:\/\/mamaglobalhealing.com\/sklep\/"},{"@type":"ListItem","position":3,"name":"BASIC SexEd &#8211; kurs podstawowej edukacji seksualnej dla doros\u0142ych (16+) | Karo Akabal"}]},{"@type":"WebSite","@id":"https:\/\/mamaglobalhealing.com\/#website","url":"https:\/\/mamaglobalhealing.com\/","name":"Mama Global Healing","description":"Kolejna witryna WordPress","potentialAction":[{"@type":"SearchAction","target":{"@type":"EntryPoint","urlTemplate":"https:\/\/mamaglobalhealing.com\/?s={search_term_string}"},"query-input":{"@type":"PropertyValueSpecification","valueRequired":true,"valueName":"search_term_string"}}],"inLanguage":"en-GB"}]}},"_links":{"self":[{"href":"https:\/\/mamaglobalhealing.com\/en\/wp-json\/wp\/v2\/product\/2764","targetHints":{"allow":["GET"]}}],"collection":[{"href":"https:\/\/mamaglobalhealing.com\/en\/wp-json\/wp\/v2\/product"}],"about":[{"href":"https:\/\/mamaglobalhealing.com\/en\/wp-json\/wp\/v2\/types\/product"}],"wp:featuredmedia":[{"embeddable":true,"href":"https:\/\/mamaglobalhealing.com\/en\/wp-json\/wp\/v2\/media\/2928"}],"wp:attachment":[{"href":"https:\/\/mamaglobalhealing.com\/en\/wp-json\/wp\/v2\/media?parent=2764"}],"wp:term":[{"taxonomy":"product_brand","embeddable":true,"href":"https:\/\/mamaglobalhealing.com\/en\/wp-json\/wp\/v2\/product_brand?post=2764"},{"taxonomy":"product_cat","embeddable":true,"href":"https:\/\/mamaglobalhealing.com\/en\/wp-json\/wp\/v2\/product_cat?post=2764"},{"taxonomy":"product_tag","embeddable":true,"href":"https:\/\/mamaglobalhealing.com\/en\/wp-json\/wp\/v2\/product_tag?post=2764"}],"curies":[{"name":"wp","href":"https:\/\/api.w.org\/{rel}","templated":true}]}}