{"id":2768,"date":"2022-04-27T20:29:59","date_gmt":"2022-04-27T20:29:59","guid":{"rendered":"https:\/\/mamaglobalhealing.com\/?post_type=product&#038;p=2768"},"modified":"2022-11-17T11:07:52","modified_gmt":"2022-11-17T11:07:52","slug":"cacao-z-aleksandra","status":"publish","type":"product","link":"https:\/\/mamaglobalhealing.com\/en\/product\/cacao-z-aleksandra\/","title":{"rendered":"Eros Cocoa Ceremony &#038; Soft Temple Night 21+ PL\/ENG | Eros Medicine"},"content":{"rendered":"","protected":false},"excerpt":{"rendered":"<p>Let&#8217;s open the Magic Eros Bubble and share intentions for upcoming heart to heart conections!<\/p>\n<p><b>Prowadz\u0105cy:<\/b><span style=\"font-weight: 400;\"> Albert Bitton &amp; Alekandra Maria Love | EROS MEDICINE<\/span><\/p>\n<p><b>Czas trwania:<\/b> 1.5h<\/p>\n<p><b>Data i godzina:<\/b> friday 19:00 &#8211; 21:30<\/p>\n<p><b>Miejsce:<\/b> House of Love<\/p>\n<p><b>Ilo\u015b\u0107 os\u00f3b:<\/b> 30<\/p>\n<p><b>Dla Kogo: <\/b>21+<\/p>\n<p><b>Bobasy:<\/b><span style=\"font-weight: 400;\"> no\u00a0<\/span><\/p>\n<p><b>Cena: <\/b>55<\/p>","protected":false},"featured_media":2929,"template":"","meta":{"_et_pb_use_builder":"","_et_pb_old_content":"","_et_gb_content_width":""},"product_brand":[],"product_cat":[34,41],"product_tag":[],"class_list":{"0":"post-2768","1":"product","2":"type-product","3":"status-publish","4":"has-post-thumbnail","6":"product_cat-mama-work","7":"product_cat-piatek","9":"first","10":"instock","11":"virtual","12":"taxable","13":"product-type-simple"},"yoast_head":"<!-- This site is optimized with the Yoast SEO plugin v25.1 - https:\/\/yoast.com\/wordpress\/plugins\/seo\/ -->\n<title>Eros Cocoa Ceremony &amp; Soft Temple Night 21+ PL\/ENG | Eros Medicine - Mama Global Healing<\/title>\n<meta name=\"description\" content=\"Let&#039;s open the Magic Eros Bubble and share intentions for upcoming heart to heart conections!\" \/>\n<meta name=\"robots\" content=\"index, follow, max-snippet:-1, max-image-preview:large, max-video-preview:-1\" \/>\n<link rel=\"canonical\" href=\"http:\/\/mamaglobalhealing.com\/en\/product\/cacao-z-aleksandra\/\" \/>\n<meta property=\"og:locale\" content=\"en_GB\" \/>\n<meta property=\"og:type\" content=\"article\" \/>\n<meta property=\"og:title\" content=\"Eros Cocoa Ceremony &amp; Soft Temple Night 21+ PL\/ENG | Eros Medicine\" \/>\n<meta property=\"og:description\" content=\"Let&#039;s open the Magic Eros Bubble and share intentions for upcoming heart to heart conections!\" \/>\n<meta property=\"og:url\" content=\"http:\/\/mamaglobalhealing.com\/en\/product\/cacao-z-aleksandra\/\" \/>\n<meta property=\"og:site_name\" content=\"Mama Global Healing\" \/>\n<meta property=\"article:modified_time\" content=\"2022-11-17T11:07:52+00:00\" \/>\n<meta property=\"og:image\" content=\"http:\/\/mamaglobalhealing.com\/wp-content\/uploads\/2022\/04\/17-1.png\" \/>\n\t<meta property=\"og:image:width\" content=\"1080\" \/>\n\t<meta property=\"og:image:height\" content=\"1080\" \/>\n\t<meta property=\"og:image:type\" content=\"image\/png\" \/>\n<meta name=\"twitter:card\" content=\"summary_large_image\" \/>\n<script type=\"application\/ld+json\" class=\"yoast-schema-graph\">{\"@context\":\"https:\/\/schema.org\",\"@graph\":[{\"@type\":\"WebPage\",\"@id\":\"http:\/\/mamaglobalhealing.com\/produkt\/cacao-z-aleksandra\/\",\"url\":\"http:\/\/mamaglobalhealing.com\/produkt\/cacao-z-aleksandra\/\",\"name\":\"Eros Cocoa Ceremony & Soft Temple Night 21+ PL\/ENG | Eros Medicine - Mama Global Healing\",\"isPartOf\":{\"@id\":\"https:\/\/mamaglobalhealing.com\/#website\"},\"primaryImageOfPage\":{\"@id\":\"http:\/\/mamaglobalhealing.com\/produkt\/cacao-z-aleksandra\/#primaryimage\"},\"image\":{\"@id\":\"http:\/\/mamaglobalhealing.com\/produkt\/cacao-z-aleksandra\/#primaryimage\"},\"thumbnailUrl\":\"https:\/\/mamaglobalhealing.com\/wp-content\/uploads\/2022\/04\/17-1.png\",\"datePublished\":\"2022-04-27T20:29:59+00:00\",\"dateModified\":\"2022-11-17T11:07:52+00:00\",\"description\":\"Let's open the Magic Eros Bubble and share intentions for upcoming heart to heart conections!\",\"breadcrumb\":{\"@id\":\"http:\/\/mamaglobalhealing.com\/produkt\/cacao-z-aleksandra\/#breadcrumb\"},\"inLanguage\":\"en-GB\",\"potentialAction\":[{\"@type\":\"ReadAction\",\"target\":[\"http:\/\/mamaglobalhealing.com\/produkt\/cacao-z-aleksandra\/\"]}]},{\"@type\":\"ImageObject\",\"inLanguage\":\"en-GB\",\"@id\":\"http:\/\/mamaglobalhealing.com\/produkt\/cacao-z-aleksandra\/#primaryimage\",\"url\":\"https:\/\/mamaglobalhealing.com\/wp-content\/uploads\/2022\/04\/17-1.png\",\"contentUrl\":\"https:\/\/mamaglobalhealing.com\/wp-content\/uploads\/2022\/04\/17-1.png\",\"width\":1080,\"height\":1080},{\"@type\":\"BreadcrumbList\",\"@id\":\"http:\/\/mamaglobalhealing.com\/produkt\/cacao-z-aleksandra\/#breadcrumb\",\"itemListElement\":[{\"@type\":\"ListItem\",\"position\":1,\"name\":\"Strona g\u0142\u00f3wna\",\"item\":\"https:\/\/mamaglobalhealing.com\/\"},{\"@type\":\"ListItem\",\"position\":2,\"name\":\"Sklep\",\"item\":\"https:\/\/mamaglobalhealing.com\/sklep\/\"},{\"@type\":\"ListItem\",\"position\":3,\"name\":\"Eros Cocoa Ceremony &#038; Soft Temple Night 21+ PL\/ENG | Eros Medicine\"}]},{\"@type\":\"WebSite\",\"@id\":\"https:\/\/mamaglobalhealing.com\/#website\",\"url\":\"https:\/\/mamaglobalhealing.com\/\",\"name\":\"Mama Global Healing\",\"description\":\"Kolejna witryna WordPress\",\"potentialAction\":[{\"@type\":\"SearchAction\",\"target\":{\"@type\":\"EntryPoint\",\"urlTemplate\":\"https:\/\/mamaglobalhealing.com\/?s={search_term_string}\"},\"query-input\":{\"@type\":\"PropertyValueSpecification\",\"valueRequired\":true,\"valueName\":\"search_term_string\"}}],\"inLanguage\":\"en-GB\"}]}<\/script>\n<!-- \/ Yoast SEO plugin. -->","yoast_head_json":{"title":"Eros Cocoa Ceremony & Soft Temple Night 21+ PL\/ENG | Eros Medicine - Mama Global Healing","description":"Let's open the Magic Eros Bubble and share intentions for upcoming heart to heart conections!","robots":{"index":"index","follow":"follow","max-snippet":"max-snippet:-1","max-image-preview":"max-image-preview:large","max-video-preview":"max-video-preview:-1"},"canonical":"http:\/\/mamaglobalhealing.com\/en\/product\/cacao-z-aleksandra\/","og_locale":"en_GB","og_type":"article","og_title":"Eros Cocoa Ceremony & Soft Temple Night 21+ PL\/ENG | Eros Medicine","og_description":"Let's open the Magic Eros Bubble and share intentions for upcoming heart to heart conections!","og_url":"http:\/\/mamaglobalhealing.com\/en\/product\/cacao-z-aleksandra\/","og_site_name":"Mama Global Healing","article_modified_time":"2022-11-17T11:07:52+00:00","og_image":[{"width":1080,"height":1080,"url":"http:\/\/mamaglobalhealing.com\/wp-content\/uploads\/2022\/04\/17-1.png","type":"image\/png"}],"twitter_card":"summary_large_image","schema":{"@context":"https:\/\/schema.org","@graph":[{"@type":"WebPage","@id":"http:\/\/mamaglobalhealing.com\/produkt\/cacao-z-aleksandra\/","url":"http:\/\/mamaglobalhealing.com\/produkt\/cacao-z-aleksandra\/","name":"Eros Cocoa Ceremony & Soft Temple Night 21+ PL\/ENG | Eros Medicine - Mama Global Healing","isPartOf":{"@id":"https:\/\/mamaglobalhealing.com\/#website"},"primaryImageOfPage":{"@id":"http:\/\/mamaglobalhealing.com\/produkt\/cacao-z-aleksandra\/#primaryimage"},"image":{"@id":"http:\/\/mamaglobalhealing.com\/produkt\/cacao-z-aleksandra\/#primaryimage"},"thumbnailUrl":"https:\/\/mamaglobalhealing.com\/wp-content\/uploads\/2022\/04\/17-1.png","datePublished":"2022-04-27T20:29:59+00:00","dateModified":"2022-11-17T11:07:52+00:00","description":"Let's open the Magic Eros Bubble and share intentions for upcoming heart to heart conections!","breadcrumb":{"@id":"http:\/\/mamaglobalhealing.com\/produkt\/cacao-z-aleksandra\/#breadcrumb"},"inLanguage":"en-GB","potentialAction":[{"@type":"ReadAction","target":["http:\/\/mamaglobalhealing.com\/produkt\/cacao-z-aleksandra\/"]}]},{"@type":"ImageObject","inLanguage":"en-GB","@id":"http:\/\/mamaglobalhealing.com\/produkt\/cacao-z-aleksandra\/#primaryimage","url":"https:\/\/mamaglobalhealing.com\/wp-content\/uploads\/2022\/04\/17-1.png","contentUrl":"https:\/\/mamaglobalhealing.com\/wp-content\/uploads\/2022\/04\/17-1.png","width":1080,"height":1080},{"@type":"BreadcrumbList","@id":"http:\/\/mamaglobalhealing.com\/produkt\/cacao-z-aleksandra\/#breadcrumb","itemListElement":[{"@type":"ListItem","position":1,"name":"Strona g\u0142\u00f3wna","item":"https:\/\/mamaglobalhealing.com\/"},{"@type":"ListItem","position":2,"name":"Sklep","item":"https:\/\/mamaglobalhealing.com\/sklep\/"},{"@type":"ListItem","position":3,"name":"Eros Cocoa Ceremony &#038; Soft Temple Night 21+ PL\/ENG | Eros Medicine"}]},{"@type":"WebSite","@id":"https:\/\/mamaglobalhealing.com\/#website","url":"https:\/\/mamaglobalhealing.com\/","name":"Mama Global Healing","description":"Kolejna witryna WordPress","potentialAction":[{"@type":"SearchAction","target":{"@type":"EntryPoint","urlTemplate":"https:\/\/mamaglobalhealing.com\/?s={search_term_string}"},"query-input":{"@type":"PropertyValueSpecification","valueRequired":true,"valueName":"search_term_string"}}],"inLanguage":"en-GB"}]}},"_links":{"self":[{"href":"https:\/\/mamaglobalhealing.com\/en\/wp-json\/wp\/v2\/product\/2768","targetHints":{"allow":["GET"]}}],"collection":[{"href":"https:\/\/mamaglobalhealing.com\/en\/wp-json\/wp\/v2\/product"}],"about":[{"href":"https:\/\/mamaglobalhealing.com\/en\/wp-json\/wp\/v2\/types\/product"}],"wp:featuredmedia":[{"embeddable":true,"href":"https:\/\/mamaglobalhealing.com\/en\/wp-json\/wp\/v2\/media\/2929"}],"wp:attachment":[{"href":"https:\/\/mamaglobalhealing.com\/en\/wp-json\/wp\/v2\/media?parent=2768"}],"wp:term":[{"taxonomy":"product_brand","embeddable":true,"href":"https:\/\/mamaglobalhealing.com\/en\/wp-json\/wp\/v2\/product_brand?post=2768"},{"taxonomy":"product_cat","embeddable":true,"href":"https:\/\/mamaglobalhealing.com\/en\/wp-json\/wp\/v2\/product_cat?post=2768"},{"taxonomy":"product_tag","embeddable":true,"href":"https:\/\/mamaglobalhealing.com\/en\/wp-json\/wp\/v2\/product_tag?post=2768"}],"curies":[{"name":"wp","href":"https:\/\/api.w.org\/{rel}","templated":true}]}}