{"id":2770,"date":"2022-04-27T20:32:00","date_gmt":"2022-04-27T20:32:00","guid":{"rendered":"https:\/\/mamaglobalhealing.com\/?post_type=product&#038;p=2770"},"modified":"2022-05-24T12:48:03","modified_gmt":"2022-05-24T12:48:03","slug":"gongi","status":"publish","type":"product","link":"https:\/\/mamaglobalhealing.com\/en\/product\/gongi\/","title":{"rendered":"Gong Soundbath | Martyna Migier PL\/ENG"},"content":{"rendered":"","protected":false},"excerpt":{"rendered":"<p>K\u0105piel w d\u017awi\u0119kach gong\u00f3w | Gong Soundbath<\/p>\n<p><b>Prowadz\u0105ca:<\/b><span style=\"font-weight: 400;\"> Martyna Migier<\/span><\/p>\n<p><b>Czas trwania:<\/b> 1.5h<\/p>\n<p><b>Data i godzina:<\/b> sobota | saturday 20:00 &#8211; 21:30<\/p>\n<p><b>Miejsce:<\/b> <a href=\"https:\/\/mamaglobalhealing.com\/en\/mama-line-up\/magic-chai-place\/\">Magic Chai Place<\/a><\/p>\n<p><b>Ilo\u015b\u0107 os\u00f3b:<\/b> no limits<\/p>\n<p><b>Dla Kogo: <\/b>for everyone<\/p>\n<p><b>Bobasy:<\/b><span style=\"font-weight: 400;\"> yes | kids friendly<\/span><\/p>","protected":false},"featured_media":2940,"template":"","meta":{"_et_pb_use_builder":"","_et_pb_old_content":"","_et_gb_content_width":""},"product_brand":[],"product_cat":[35,46],"product_tag":[],"class_list":{"0":"post-2770","1":"product","2":"type-product","3":"status-publish","4":"has-post-thumbnail","6":"product_cat-mama-open","7":"product_cat-sobota-open","9":"first","10":"instock","11":"virtual","12":"taxable","13":"product-type-simple"},"yoast_head":"<!-- This site is optimized with the Yoast SEO plugin v25.1 - https:\/\/yoast.com\/wordpress\/plugins\/seo\/ -->\n<title>Gong Soundbath | Martyna Migier PL\/ENG - Mama Global Healing<\/title>\n<meta name=\"robots\" content=\"index, follow, max-snippet:-1, max-image-preview:large, max-video-preview:-1\" \/>\n<link rel=\"canonical\" href=\"http:\/\/mamaglobalhealing.com\/en\/product\/gongi\/\" \/>\n<meta property=\"og:locale\" content=\"en_GB\" \/>\n<meta property=\"og:type\" content=\"article\" \/>\n<meta property=\"og:title\" content=\"Gong Soundbath | Martyna Migier PL\/ENG - Mama Global Healing\" \/>\n<meta property=\"og:description\" content=\"K\u0105piel w d\u017awi\u0119kach gong\u00f3w | Gong Soundbath  Prowadz\u0105ca: Martyna Migier  Czas trwania: 1.5h  Data i godzina: sobota | saturday 20:00 - 21:30  Miejsce: Magic Chai Place  Ilo\u015b\u0107 os\u00f3b: no limits  Dla Kogo: for everyone  Bobasy: yes | kids friendly\" \/>\n<meta property=\"og:url\" content=\"http:\/\/mamaglobalhealing.com\/en\/product\/gongi\/\" \/>\n<meta property=\"og:site_name\" content=\"Mama Global Healing\" \/>\n<meta property=\"article:modified_time\" content=\"2022-05-24T12:48:03+00:00\" \/>\n<meta property=\"og:image\" content=\"http:\/\/mamaglobalhealing.com\/wp-content\/uploads\/2022\/04\/Kopia-OPISY-WYDARZEN-part-1-2.png\" \/>\n\t<meta property=\"og:image:width\" content=\"1080\" \/>\n\t<meta property=\"og:image:height\" content=\"1080\" \/>\n\t<meta property=\"og:image:type\" content=\"image\/png\" \/>\n<meta name=\"twitter:card\" content=\"summary_large_image\" \/>\n<script type=\"application\/ld+json\" class=\"yoast-schema-graph\">{\"@context\":\"https:\/\/schema.org\",\"@graph\":[{\"@type\":\"WebPage\",\"@id\":\"http:\/\/mamaglobalhealing.com\/produkt\/gongi\/\",\"url\":\"http:\/\/mamaglobalhealing.com\/produkt\/gongi\/\",\"name\":\"Gong Soundbath | Martyna Migier PL\/ENG - Mama Global Healing\",\"isPartOf\":{\"@id\":\"https:\/\/mamaglobalhealing.com\/#website\"},\"primaryImageOfPage\":{\"@id\":\"http:\/\/mamaglobalhealing.com\/produkt\/gongi\/#primaryimage\"},\"image\":{\"@id\":\"http:\/\/mamaglobalhealing.com\/produkt\/gongi\/#primaryimage\"},\"thumbnailUrl\":\"https:\/\/mamaglobalhealing.com\/wp-content\/uploads\/2022\/04\/Kopia-OPISY-WYDARZEN-part-1-2.png\",\"datePublished\":\"2022-04-27T20:32:00+00:00\",\"dateModified\":\"2022-05-24T12:48:03+00:00\",\"breadcrumb\":{\"@id\":\"http:\/\/mamaglobalhealing.com\/produkt\/gongi\/#breadcrumb\"},\"inLanguage\":\"en-GB\",\"potentialAction\":[{\"@type\":\"ReadAction\",\"target\":[\"http:\/\/mamaglobalhealing.com\/produkt\/gongi\/\"]}]},{\"@type\":\"ImageObject\",\"inLanguage\":\"en-GB\",\"@id\":\"http:\/\/mamaglobalhealing.com\/produkt\/gongi\/#primaryimage\",\"url\":\"https:\/\/mamaglobalhealing.com\/wp-content\/uploads\/2022\/04\/Kopia-OPISY-WYDARZEN-part-1-2.png\",\"contentUrl\":\"https:\/\/mamaglobalhealing.com\/wp-content\/uploads\/2022\/04\/Kopia-OPISY-WYDARZEN-part-1-2.png\",\"width\":1080,\"height\":1080},{\"@type\":\"BreadcrumbList\",\"@id\":\"http:\/\/mamaglobalhealing.com\/produkt\/gongi\/#breadcrumb\",\"itemListElement\":[{\"@type\":\"ListItem\",\"position\":1,\"name\":\"Strona g\u0142\u00f3wna\",\"item\":\"https:\/\/mamaglobalhealing.com\/\"},{\"@type\":\"ListItem\",\"position\":2,\"name\":\"Sklep\",\"item\":\"https:\/\/mamaglobalhealing.com\/sklep\/\"},{\"@type\":\"ListItem\",\"position\":3,\"name\":\"Gong Soundbath | Martyna Migier PL\/ENG\"}]},{\"@type\":\"WebSite\",\"@id\":\"https:\/\/mamaglobalhealing.com\/#website\",\"url\":\"https:\/\/mamaglobalhealing.com\/\",\"name\":\"Mama Global Healing\",\"description\":\"Kolejna witryna WordPress\",\"potentialAction\":[{\"@type\":\"SearchAction\",\"target\":{\"@type\":\"EntryPoint\",\"urlTemplate\":\"https:\/\/mamaglobalhealing.com\/?s={search_term_string}\"},\"query-input\":{\"@type\":\"PropertyValueSpecification\",\"valueRequired\":true,\"valueName\":\"search_term_string\"}}],\"inLanguage\":\"en-GB\"}]}<\/script>\n<!-- \/ Yoast SEO plugin. -->","yoast_head_json":{"title":"Gong Soundbath | Martyna Migier PL\/ENG - Mama Global Healing","robots":{"index":"index","follow":"follow","max-snippet":"max-snippet:-1","max-image-preview":"max-image-preview:large","max-video-preview":"max-video-preview:-1"},"canonical":"http:\/\/mamaglobalhealing.com\/en\/product\/gongi\/","og_locale":"en_GB","og_type":"article","og_title":"Gong Soundbath | Martyna Migier PL\/ENG - Mama Global Healing","og_description":"K\u0105piel w d\u017awi\u0119kach gong\u00f3w | Gong Soundbath  Prowadz\u0105ca: Martyna Migier  Czas trwania: 1.5h  Data i godzina: sobota | saturday 20:00 - 21:30  Miejsce: Magic Chai Place  Ilo\u015b\u0107 os\u00f3b: no limits  Dla Kogo: for everyone  Bobasy: yes | kids friendly","og_url":"http:\/\/mamaglobalhealing.com\/en\/product\/gongi\/","og_site_name":"Mama Global Healing","article_modified_time":"2022-05-24T12:48:03+00:00","og_image":[{"width":1080,"height":1080,"url":"http:\/\/mamaglobalhealing.com\/wp-content\/uploads\/2022\/04\/Kopia-OPISY-WYDARZEN-part-1-2.png","type":"image\/png"}],"twitter_card":"summary_large_image","schema":{"@context":"https:\/\/schema.org","@graph":[{"@type":"WebPage","@id":"http:\/\/mamaglobalhealing.com\/produkt\/gongi\/","url":"http:\/\/mamaglobalhealing.com\/produkt\/gongi\/","name":"Gong Soundbath | Martyna Migier PL\/ENG - Mama Global Healing","isPartOf":{"@id":"https:\/\/mamaglobalhealing.com\/#website"},"primaryImageOfPage":{"@id":"http:\/\/mamaglobalhealing.com\/produkt\/gongi\/#primaryimage"},"image":{"@id":"http:\/\/mamaglobalhealing.com\/produkt\/gongi\/#primaryimage"},"thumbnailUrl":"https:\/\/mamaglobalhealing.com\/wp-content\/uploads\/2022\/04\/Kopia-OPISY-WYDARZEN-part-1-2.png","datePublished":"2022-04-27T20:32:00+00:00","dateModified":"2022-05-24T12:48:03+00:00","breadcrumb":{"@id":"http:\/\/mamaglobalhealing.com\/produkt\/gongi\/#breadcrumb"},"inLanguage":"en-GB","potentialAction":[{"@type":"ReadAction","target":["http:\/\/mamaglobalhealing.com\/produkt\/gongi\/"]}]},{"@type":"ImageObject","inLanguage":"en-GB","@id":"http:\/\/mamaglobalhealing.com\/produkt\/gongi\/#primaryimage","url":"https:\/\/mamaglobalhealing.com\/wp-content\/uploads\/2022\/04\/Kopia-OPISY-WYDARZEN-part-1-2.png","contentUrl":"https:\/\/mamaglobalhealing.com\/wp-content\/uploads\/2022\/04\/Kopia-OPISY-WYDARZEN-part-1-2.png","width":1080,"height":1080},{"@type":"BreadcrumbList","@id":"http:\/\/mamaglobalhealing.com\/produkt\/gongi\/#breadcrumb","itemListElement":[{"@type":"ListItem","position":1,"name":"Strona g\u0142\u00f3wna","item":"https:\/\/mamaglobalhealing.com\/"},{"@type":"ListItem","position":2,"name":"Sklep","item":"https:\/\/mamaglobalhealing.com\/sklep\/"},{"@type":"ListItem","position":3,"name":"Gong Soundbath | Martyna Migier PL\/ENG"}]},{"@type":"WebSite","@id":"https:\/\/mamaglobalhealing.com\/#website","url":"https:\/\/mamaglobalhealing.com\/","name":"Mama Global Healing","description":"Kolejna witryna WordPress","potentialAction":[{"@type":"SearchAction","target":{"@type":"EntryPoint","urlTemplate":"https:\/\/mamaglobalhealing.com\/?s={search_term_string}"},"query-input":{"@type":"PropertyValueSpecification","valueRequired":true,"valueName":"search_term_string"}}],"inLanguage":"en-GB"}]}},"_links":{"self":[{"href":"https:\/\/mamaglobalhealing.com\/en\/wp-json\/wp\/v2\/product\/2770","targetHints":{"allow":["GET"]}}],"collection":[{"href":"https:\/\/mamaglobalhealing.com\/en\/wp-json\/wp\/v2\/product"}],"about":[{"href":"https:\/\/mamaglobalhealing.com\/en\/wp-json\/wp\/v2\/types\/product"}],"wp:featuredmedia":[{"embeddable":true,"href":"https:\/\/mamaglobalhealing.com\/en\/wp-json\/wp\/v2\/media\/2940"}],"wp:attachment":[{"href":"https:\/\/mamaglobalhealing.com\/en\/wp-json\/wp\/v2\/media?parent=2770"}],"wp:term":[{"taxonomy":"product_brand","embeddable":true,"href":"https:\/\/mamaglobalhealing.com\/en\/wp-json\/wp\/v2\/product_brand?post=2770"},{"taxonomy":"product_cat","embeddable":true,"href":"https:\/\/mamaglobalhealing.com\/en\/wp-json\/wp\/v2\/product_cat?post=2770"},{"taxonomy":"product_tag","embeddable":true,"href":"https:\/\/mamaglobalhealing.com\/en\/wp-json\/wp\/v2\/product_tag?post=2770"}],"curies":[{"name":"wp","href":"https:\/\/api.w.org\/{rel}","templated":true}]}}