{"id":2774,"date":"2022-04-27T20:35:21","date_gmt":"2022-04-27T20:35:21","guid":{"rendered":"https:\/\/mamaglobalhealing.com\/?post_type=product&#038;p=2774"},"modified":"2022-05-24T12:42:24","modified_gmt":"2022-05-24T12:42:24","slug":"projektowanie-z-mysla-o-cipce","status":"publish","type":"product","link":"https:\/\/mamaglobalhealing.com\/en\/product\/projektowanie-z-mysla-o-cipce\/","title":{"rendered":"Projektowanie z my\u015bl\u0105 o cipce | Dominika Drop"},"content":{"rendered":"","protected":false},"excerpt":{"rendered":"<p><span style=\"font-weight: 400;\"> O tym, \u017ce kobieta jest zbudowana inaczej ni\u017c m\u0119\u017cczyzna zak\u0142adam, \u017ce ludzko\u015b\u0107 wiedzia\u0142a od samego pocz\u0105tku. Dlaczego wi\u0119c tak p\u00f3\u017ano zacz\u0119to bra\u0107 to pod uwag\u0119? Podczas wyk\u0142adu postaram si\u0119 odpowiedzie\u0107 na to pytanie, podam przyk\u0142ady projektowania zar\u00f3wno budynk\u00f3w, biur, infrastruktury, jak i obiekt\u00f3w codziennego u\u017cytku. Nast\u0119pnie, w g\u0142\u00f3wnej cz\u0119\u015bci wyk\u0142adu, skupimy si\u0119 na cipce. Porozmawiamy o tym jak odzyskuje swoj\u0105 podmiotowo\u015b\u0107, jak projektanci i projektantki z coraz wi\u0119ksz\u0105 czu\u0142o\u015bci\u0105 potrafi\u0105 odpowiada\u0107 na kobiece potrzeby, a tak\u017ce tworzy\u0107 nowe. <\/span><\/p>\n<p><b>Prowadz\u0105cy:<\/b><span style=\"font-weight: 400;\"> Dominika Drop <\/span><\/p>\n<p><b>Czas trwania:<\/b> 1.15h<\/p>\n<p><b>Data i godzina:<\/b> niedziela 15:00 &#8211; 16:15<\/p>\n<p><b>Miejsce:<\/b> <a href=\"https:\/\/mamaglobalhealing.com\/en\/mama-line-up\/house-of-love\/\">House of Love<\/a><\/p>\n<p><b>Liczba os\u00f3b:<\/b> bo<\/p>\n<p><b>Dla Kogo: <\/b>Kobiety 18+<\/p>\n<p><b>Bobasy:<\/b><span style=\"font-weight: 400;\"> nie<\/span><\/p>","protected":false},"featured_media":3267,"template":"","meta":{"_et_pb_use_builder":"","_et_pb_old_content":"","_et_gb_content_width":""},"product_brand":[],"product_cat":[35,47],"product_tag":[],"class_list":{"0":"post-2774","1":"product","2":"type-product","3":"status-publish","4":"has-post-thumbnail","6":"product_cat-mama-open","7":"product_cat-niedziela-open","9":"first","10":"instock","11":"virtual","12":"taxable","13":"product-type-simple"},"yoast_head":"<!-- This site is optimized with the Yoast SEO plugin v25.1 - https:\/\/yoast.com\/wordpress\/plugins\/seo\/ -->\n<title>Projektowanie z my\u015bl\u0105 o cipce | Dominika Drop - Mama Global Healing<\/title>\n<meta name=\"description\" content=\"O tym, \u017ce kobieta jest zbudowana inaczej ni\u017c m\u0119\u017cczyzna zak\u0142adam, \u017ce ludzko\u015b\u0107 wiedzia\u0142a od samego pocz\u0105tku.\" \/>\n<meta name=\"robots\" content=\"index, follow, max-snippet:-1, max-image-preview:large, max-video-preview:-1\" \/>\n<link rel=\"canonical\" href=\"http:\/\/mamaglobalhealing.com\/en\/product\/projektowanie-z-mysla-o-cipce\/\" \/>\n<meta property=\"og:locale\" content=\"en_GB\" \/>\n<meta property=\"og:type\" content=\"article\" \/>\n<meta property=\"og:title\" content=\"Projektowanie z my\u015bl\u0105 o cipce | Dominika Drop - Mama Global Healing\" \/>\n<meta property=\"og:description\" content=\"O tym, \u017ce kobieta jest zbudowana inaczej ni\u017c m\u0119\u017cczyzna zak\u0142adam, \u017ce ludzko\u015b\u0107 wiedzia\u0142a od samego pocz\u0105tku.\" \/>\n<meta property=\"og:url\" content=\"http:\/\/mamaglobalhealing.com\/en\/product\/projektowanie-z-mysla-o-cipce\/\" \/>\n<meta property=\"og:site_name\" content=\"Mama Global Healing\" \/>\n<meta property=\"article:modified_time\" content=\"2022-05-24T12:42:24+00:00\" \/>\n<meta property=\"og:image\" content=\"http:\/\/mamaglobalhealing.com\/wp-content\/uploads\/2022\/04\/Bez-nazwy-1.png\" \/>\n\t<meta property=\"og:image:width\" content=\"346\" \/>\n\t<meta property=\"og:image:height\" content=\"640\" \/>\n\t<meta property=\"og:image:type\" content=\"image\/png\" \/>\n<meta name=\"twitter:card\" content=\"summary_large_image\" \/>\n<script type=\"application\/ld+json\" class=\"yoast-schema-graph\">{\"@context\":\"https:\/\/schema.org\",\"@graph\":[{\"@type\":\"WebPage\",\"@id\":\"http:\/\/mamaglobalhealing.com\/produkt\/projektowanie-z-mysla-o-cipce\/\",\"url\":\"http:\/\/mamaglobalhealing.com\/produkt\/projektowanie-z-mysla-o-cipce\/\",\"name\":\"Projektowanie z my\u015bl\u0105 o cipce | Dominika Drop - Mama Global Healing\",\"isPartOf\":{\"@id\":\"https:\/\/mamaglobalhealing.com\/#website\"},\"primaryImageOfPage\":{\"@id\":\"http:\/\/mamaglobalhealing.com\/produkt\/projektowanie-z-mysla-o-cipce\/#primaryimage\"},\"image\":{\"@id\":\"http:\/\/mamaglobalhealing.com\/produkt\/projektowanie-z-mysla-o-cipce\/#primaryimage\"},\"thumbnailUrl\":\"https:\/\/mamaglobalhealing.com\/wp-content\/uploads\/2022\/04\/Bez-nazwy-1.png\",\"datePublished\":\"2022-04-27T20:35:21+00:00\",\"dateModified\":\"2022-05-24T12:42:24+00:00\",\"description\":\"O tym, \u017ce kobieta jest zbudowana inaczej ni\u017c m\u0119\u017cczyzna zak\u0142adam, \u017ce ludzko\u015b\u0107 wiedzia\u0142a od samego pocz\u0105tku.\",\"breadcrumb\":{\"@id\":\"http:\/\/mamaglobalhealing.com\/produkt\/projektowanie-z-mysla-o-cipce\/#breadcrumb\"},\"inLanguage\":\"en-GB\",\"potentialAction\":[{\"@type\":\"ReadAction\",\"target\":[\"http:\/\/mamaglobalhealing.com\/produkt\/projektowanie-z-mysla-o-cipce\/\"]}]},{\"@type\":\"ImageObject\",\"inLanguage\":\"en-GB\",\"@id\":\"http:\/\/mamaglobalhealing.com\/produkt\/projektowanie-z-mysla-o-cipce\/#primaryimage\",\"url\":\"https:\/\/mamaglobalhealing.com\/wp-content\/uploads\/2022\/04\/Bez-nazwy-1.png\",\"contentUrl\":\"https:\/\/mamaglobalhealing.com\/wp-content\/uploads\/2022\/04\/Bez-nazwy-1.png\",\"width\":346,\"height\":640},{\"@type\":\"BreadcrumbList\",\"@id\":\"http:\/\/mamaglobalhealing.com\/produkt\/projektowanie-z-mysla-o-cipce\/#breadcrumb\",\"itemListElement\":[{\"@type\":\"ListItem\",\"position\":1,\"name\":\"Strona g\u0142\u00f3wna\",\"item\":\"https:\/\/mamaglobalhealing.com\/\"},{\"@type\":\"ListItem\",\"position\":2,\"name\":\"Sklep\",\"item\":\"https:\/\/mamaglobalhealing.com\/sklep\/\"},{\"@type\":\"ListItem\",\"position\":3,\"name\":\"Projektowanie z&nbsp;my\u015bl\u0105 o&nbsp;cipce | Dominika Drop\"}]},{\"@type\":\"WebSite\",\"@id\":\"https:\/\/mamaglobalhealing.com\/#website\",\"url\":\"https:\/\/mamaglobalhealing.com\/\",\"name\":\"Mama Global Healing\",\"description\":\"Kolejna witryna WordPress\",\"potentialAction\":[{\"@type\":\"SearchAction\",\"target\":{\"@type\":\"EntryPoint\",\"urlTemplate\":\"https:\/\/mamaglobalhealing.com\/?s={search_term_string}\"},\"query-input\":{\"@type\":\"PropertyValueSpecification\",\"valueRequired\":true,\"valueName\":\"search_term_string\"}}],\"inLanguage\":\"en-GB\"}]}<\/script>\n<!-- \/ Yoast SEO plugin. -->","yoast_head_json":{"title":"Projektowanie z my\u015bl\u0105 o cipce | Dominika Drop - Mama Global Healing","description":"O tym, \u017ce kobieta jest zbudowana inaczej ni\u017c m\u0119\u017cczyzna zak\u0142adam, \u017ce ludzko\u015b\u0107 wiedzia\u0142a od samego pocz\u0105tku.","robots":{"index":"index","follow":"follow","max-snippet":"max-snippet:-1","max-image-preview":"max-image-preview:large","max-video-preview":"max-video-preview:-1"},"canonical":"http:\/\/mamaglobalhealing.com\/en\/product\/projektowanie-z-mysla-o-cipce\/","og_locale":"en_GB","og_type":"article","og_title":"Projektowanie z my\u015bl\u0105 o cipce | Dominika Drop - Mama Global Healing","og_description":"O tym, \u017ce kobieta jest zbudowana inaczej ni\u017c m\u0119\u017cczyzna zak\u0142adam, \u017ce ludzko\u015b\u0107 wiedzia\u0142a od samego pocz\u0105tku.","og_url":"http:\/\/mamaglobalhealing.com\/en\/product\/projektowanie-z-mysla-o-cipce\/","og_site_name":"Mama Global Healing","article_modified_time":"2022-05-24T12:42:24+00:00","og_image":[{"width":346,"height":640,"url":"http:\/\/mamaglobalhealing.com\/wp-content\/uploads\/2022\/04\/Bez-nazwy-1.png","type":"image\/png"}],"twitter_card":"summary_large_image","schema":{"@context":"https:\/\/schema.org","@graph":[{"@type":"WebPage","@id":"http:\/\/mamaglobalhealing.com\/produkt\/projektowanie-z-mysla-o-cipce\/","url":"http:\/\/mamaglobalhealing.com\/produkt\/projektowanie-z-mysla-o-cipce\/","name":"Projektowanie z my\u015bl\u0105 o cipce | Dominika Drop - Mama Global Healing","isPartOf":{"@id":"https:\/\/mamaglobalhealing.com\/#website"},"primaryImageOfPage":{"@id":"http:\/\/mamaglobalhealing.com\/produkt\/projektowanie-z-mysla-o-cipce\/#primaryimage"},"image":{"@id":"http:\/\/mamaglobalhealing.com\/produkt\/projektowanie-z-mysla-o-cipce\/#primaryimage"},"thumbnailUrl":"https:\/\/mamaglobalhealing.com\/wp-content\/uploads\/2022\/04\/Bez-nazwy-1.png","datePublished":"2022-04-27T20:35:21+00:00","dateModified":"2022-05-24T12:42:24+00:00","description":"O tym, \u017ce kobieta jest zbudowana inaczej ni\u017c m\u0119\u017cczyzna zak\u0142adam, \u017ce ludzko\u015b\u0107 wiedzia\u0142a od samego pocz\u0105tku.","breadcrumb":{"@id":"http:\/\/mamaglobalhealing.com\/produkt\/projektowanie-z-mysla-o-cipce\/#breadcrumb"},"inLanguage":"en-GB","potentialAction":[{"@type":"ReadAction","target":["http:\/\/mamaglobalhealing.com\/produkt\/projektowanie-z-mysla-o-cipce\/"]}]},{"@type":"ImageObject","inLanguage":"en-GB","@id":"http:\/\/mamaglobalhealing.com\/produkt\/projektowanie-z-mysla-o-cipce\/#primaryimage","url":"https:\/\/mamaglobalhealing.com\/wp-content\/uploads\/2022\/04\/Bez-nazwy-1.png","contentUrl":"https:\/\/mamaglobalhealing.com\/wp-content\/uploads\/2022\/04\/Bez-nazwy-1.png","width":346,"height":640},{"@type":"BreadcrumbList","@id":"http:\/\/mamaglobalhealing.com\/produkt\/projektowanie-z-mysla-o-cipce\/#breadcrumb","itemListElement":[{"@type":"ListItem","position":1,"name":"Strona g\u0142\u00f3wna","item":"https:\/\/mamaglobalhealing.com\/"},{"@type":"ListItem","position":2,"name":"Sklep","item":"https:\/\/mamaglobalhealing.com\/sklep\/"},{"@type":"ListItem","position":3,"name":"Projektowanie z&nbsp;my\u015bl\u0105 o&nbsp;cipce | Dominika Drop"}]},{"@type":"WebSite","@id":"https:\/\/mamaglobalhealing.com\/#website","url":"https:\/\/mamaglobalhealing.com\/","name":"Mama Global Healing","description":"Kolejna witryna WordPress","potentialAction":[{"@type":"SearchAction","target":{"@type":"EntryPoint","urlTemplate":"https:\/\/mamaglobalhealing.com\/?s={search_term_string}"},"query-input":{"@type":"PropertyValueSpecification","valueRequired":true,"valueName":"search_term_string"}}],"inLanguage":"en-GB"}]}},"_links":{"self":[{"href":"https:\/\/mamaglobalhealing.com\/en\/wp-json\/wp\/v2\/product\/2774","targetHints":{"allow":["GET"]}}],"collection":[{"href":"https:\/\/mamaglobalhealing.com\/en\/wp-json\/wp\/v2\/product"}],"about":[{"href":"https:\/\/mamaglobalhealing.com\/en\/wp-json\/wp\/v2\/types\/product"}],"wp:featuredmedia":[{"embeddable":true,"href":"https:\/\/mamaglobalhealing.com\/en\/wp-json\/wp\/v2\/media\/3267"}],"wp:attachment":[{"href":"https:\/\/mamaglobalhealing.com\/en\/wp-json\/wp\/v2\/media?parent=2774"}],"wp:term":[{"taxonomy":"product_brand","embeddable":true,"href":"https:\/\/mamaglobalhealing.com\/en\/wp-json\/wp\/v2\/product_brand?post=2774"},{"taxonomy":"product_cat","embeddable":true,"href":"https:\/\/mamaglobalhealing.com\/en\/wp-json\/wp\/v2\/product_cat?post=2774"},{"taxonomy":"product_tag","embeddable":true,"href":"https:\/\/mamaglobalhealing.com\/en\/wp-json\/wp\/v2\/product_tag?post=2774"}],"curies":[{"name":"wp","href":"https:\/\/api.w.org\/{rel}","templated":true}]}}