{"id":2775,"date":"2022-04-27T20:36:13","date_gmt":"2022-04-27T20:36:13","guid":{"rendered":"https:\/\/mamaglobalhealing.com\/?post_type=product&#038;p=2775"},"modified":"2022-05-24T12:40:23","modified_gmt":"2022-05-24T12:40:23","slug":"eco-sex","status":"publish","type":"product","link":"https:\/\/mamaglobalhealing.com\/en\/product\/eco-sex\/","title":{"rendered":"Eco Sex | Dominika Drop"},"content":{"rendered":"","protected":false},"excerpt":{"rendered":"<p><span style=\"font-weight: 400;\"> Stoj\u0105c u progu katastrofy ekologicznej, jeste\u015bmy zmuszeni przewarto\u015bciowa\u0107 wiele sfer \u017cycia. Nie inaczej jest w przypadku bran\u017cy erotycznej. Jakie rozwi\u0105zania stosuj\u0105 producenci zabawek erotycznych. Czy mo\u017cna zrobi\u0107 film porno przyczyniaj\u0105cy si\u0119 do ratowania matki Ziemi? I o tym, co to znaczy eko-randka i jak mo\u017ce si\u0119 sko\u0144czy\u0107? <\/span><\/p>\n<p><b>Prowadz\u0105cy:<\/b><span style=\"font-weight: 400;\"> Dominika Drop <\/span><\/p>\n<p><b>Czas trwania:<\/b> 1.5h<\/p>\n<p><b>Data i godzina:<\/b> sobota 16:30 &#8211; 18:00<\/p>\n<p><b>Miejsce:<\/b> <a href=\"https:\/\/mamaglobalhealing.com\/en\/mama-line-up\/house-of-love\/\">House of Love<\/a><\/p>\n<p><b>Ilo\u015b\u0107 os\u00f3b:<\/b> bo<\/p>\n<p><b>Dla Kogo:\u00a0<\/b> 18+<\/p>\n<p><b>Bobasy:<\/b><span style=\"font-weight: 400;\">\u00a0nie <\/span><\/p>","protected":false},"featured_media":3268,"template":"","meta":{"_et_pb_use_builder":"","_et_pb_old_content":"","_et_gb_content_width":""},"product_brand":[],"product_cat":[35,46],"product_tag":[],"class_list":{"0":"post-2775","1":"product","2":"type-product","3":"status-publish","4":"has-post-thumbnail","6":"product_cat-mama-open","7":"product_cat-sobota-open","9":"first","10":"instock","11":"virtual","12":"taxable","13":"product-type-simple"},"yoast_head":"<!-- This site is optimized with the Yoast SEO plugin v25.1 - https:\/\/yoast.com\/wordpress\/plugins\/seo\/ -->\n<title>Eco Sex | Dominika Drop - Mama Global Healing<\/title>\n<meta name=\"robots\" content=\"index, follow, max-snippet:-1, max-image-preview:large, max-video-preview:-1\" \/>\n<link rel=\"canonical\" href=\"http:\/\/mamaglobalhealing.com\/en\/product\/eco-sex\/\" \/>\n<meta property=\"og:locale\" content=\"en_GB\" \/>\n<meta property=\"og:type\" content=\"article\" \/>\n<meta property=\"og:title\" content=\"Eco Sex | Dominika Drop - Mama Global Healing\" \/>\n<meta property=\"og:description\" content=\"Stoj\u0105c u progu katastrofy ekologicznej, jeste\u015bmy zmuszeni przewarto\u015bciowa\u0107 wiele sfer \u017cycia. Nie inaczej jest w przypadku bran\u017cy erotycznej. Jakie rozwi\u0105zania stosuj\u0105 producenci zabawek erotycznych. Czy mo\u017cna zrobi\u0107 film porno przyczyniaj\u0105cy si\u0119 do ratowania matki Ziemi? I o tym, co to znaczy eko-randka i jak mo\u017ce si\u0119 sko\u0144czy\u0107?   Prowadz\u0105cy: Dominika Drop   Czas trwania: 1.5h  Data i godzina: sobota 16:30 - 18:00  Miejsce: House of Love  Ilo\u015b\u0107 os\u00f3b: bo  Dla Kogo:\u00a0 18+  Bobasy:\u00a0nie\" \/>\n<meta property=\"og:url\" content=\"http:\/\/mamaglobalhealing.com\/en\/product\/eco-sex\/\" \/>\n<meta property=\"og:site_name\" content=\"Mama Global Healing\" \/>\n<meta property=\"article:modified_time\" content=\"2022-05-24T12:40:23+00:00\" \/>\n<meta property=\"og:image\" content=\"http:\/\/mamaglobalhealing.com\/wp-content\/uploads\/2022\/04\/0E0DF46F-9930-4A4A-BE6E-F3981AF6FED0.jpeg\" \/>\n\t<meta property=\"og:image:width\" content=\"481\" \/>\n\t<meta property=\"og:image:height\" content=\"543\" \/>\n\t<meta property=\"og:image:type\" content=\"image\/jpeg\" \/>\n<meta name=\"twitter:card\" content=\"summary_large_image\" \/>\n<script type=\"application\/ld+json\" class=\"yoast-schema-graph\">{\"@context\":\"https:\/\/schema.org\",\"@graph\":[{\"@type\":\"WebPage\",\"@id\":\"http:\/\/mamaglobalhealing.com\/produkt\/eco-sex\/\",\"url\":\"http:\/\/mamaglobalhealing.com\/produkt\/eco-sex\/\",\"name\":\"Eco Sex | Dominika Drop - Mama Global Healing\",\"isPartOf\":{\"@id\":\"https:\/\/mamaglobalhealing.com\/#website\"},\"primaryImageOfPage\":{\"@id\":\"http:\/\/mamaglobalhealing.com\/produkt\/eco-sex\/#primaryimage\"},\"image\":{\"@id\":\"http:\/\/mamaglobalhealing.com\/produkt\/eco-sex\/#primaryimage\"},\"thumbnailUrl\":\"https:\/\/mamaglobalhealing.com\/wp-content\/uploads\/2022\/04\/0E0DF46F-9930-4A4A-BE6E-F3981AF6FED0.jpeg\",\"datePublished\":\"2022-04-27T20:36:13+00:00\",\"dateModified\":\"2022-05-24T12:40:23+00:00\",\"breadcrumb\":{\"@id\":\"http:\/\/mamaglobalhealing.com\/produkt\/eco-sex\/#breadcrumb\"},\"inLanguage\":\"en-GB\",\"potentialAction\":[{\"@type\":\"ReadAction\",\"target\":[\"http:\/\/mamaglobalhealing.com\/produkt\/eco-sex\/\"]}]},{\"@type\":\"ImageObject\",\"inLanguage\":\"en-GB\",\"@id\":\"http:\/\/mamaglobalhealing.com\/produkt\/eco-sex\/#primaryimage\",\"url\":\"https:\/\/mamaglobalhealing.com\/wp-content\/uploads\/2022\/04\/0E0DF46F-9930-4A4A-BE6E-F3981AF6FED0.jpeg\",\"contentUrl\":\"https:\/\/mamaglobalhealing.com\/wp-content\/uploads\/2022\/04\/0E0DF46F-9930-4A4A-BE6E-F3981AF6FED0.jpeg\",\"width\":481,\"height\":543},{\"@type\":\"BreadcrumbList\",\"@id\":\"http:\/\/mamaglobalhealing.com\/produkt\/eco-sex\/#breadcrumb\",\"itemListElement\":[{\"@type\":\"ListItem\",\"position\":1,\"name\":\"Strona g\u0142\u00f3wna\",\"item\":\"https:\/\/mamaglobalhealing.com\/\"},{\"@type\":\"ListItem\",\"position\":2,\"name\":\"Sklep\",\"item\":\"https:\/\/mamaglobalhealing.com\/sklep\/\"},{\"@type\":\"ListItem\",\"position\":3,\"name\":\"Eco Sex | Dominika Drop\"}]},{\"@type\":\"WebSite\",\"@id\":\"https:\/\/mamaglobalhealing.com\/#website\",\"url\":\"https:\/\/mamaglobalhealing.com\/\",\"name\":\"Mama Global Healing\",\"description\":\"Kolejna witryna WordPress\",\"potentialAction\":[{\"@type\":\"SearchAction\",\"target\":{\"@type\":\"EntryPoint\",\"urlTemplate\":\"https:\/\/mamaglobalhealing.com\/?s={search_term_string}\"},\"query-input\":{\"@type\":\"PropertyValueSpecification\",\"valueRequired\":true,\"valueName\":\"search_term_string\"}}],\"inLanguage\":\"en-GB\"}]}<\/script>\n<!-- \/ Yoast SEO plugin. -->","yoast_head_json":{"title":"Eco Sex | Dominika Drop - Mama Global Healing","robots":{"index":"index","follow":"follow","max-snippet":"max-snippet:-1","max-image-preview":"max-image-preview:large","max-video-preview":"max-video-preview:-1"},"canonical":"http:\/\/mamaglobalhealing.com\/en\/product\/eco-sex\/","og_locale":"en_GB","og_type":"article","og_title":"Eco Sex | Dominika Drop - Mama Global Healing","og_description":"Stoj\u0105c u progu katastrofy ekologicznej, jeste\u015bmy zmuszeni przewarto\u015bciowa\u0107 wiele sfer \u017cycia. Nie inaczej jest w przypadku bran\u017cy erotycznej. Jakie rozwi\u0105zania stosuj\u0105 producenci zabawek erotycznych. Czy mo\u017cna zrobi\u0107 film porno przyczyniaj\u0105cy si\u0119 do ratowania matki Ziemi? I o tym, co to znaczy eko-randka i jak mo\u017ce si\u0119 sko\u0144czy\u0107?   Prowadz\u0105cy: Dominika Drop   Czas trwania: 1.5h  Data i godzina: sobota 16:30 - 18:00  Miejsce: House of Love  Ilo\u015b\u0107 os\u00f3b: bo  Dla Kogo:\u00a0 18+  Bobasy:\u00a0nie","og_url":"http:\/\/mamaglobalhealing.com\/en\/product\/eco-sex\/","og_site_name":"Mama Global Healing","article_modified_time":"2022-05-24T12:40:23+00:00","og_image":[{"width":481,"height":543,"url":"http:\/\/mamaglobalhealing.com\/wp-content\/uploads\/2022\/04\/0E0DF46F-9930-4A4A-BE6E-F3981AF6FED0.jpeg","type":"image\/jpeg"}],"twitter_card":"summary_large_image","schema":{"@context":"https:\/\/schema.org","@graph":[{"@type":"WebPage","@id":"http:\/\/mamaglobalhealing.com\/produkt\/eco-sex\/","url":"http:\/\/mamaglobalhealing.com\/produkt\/eco-sex\/","name":"Eco Sex | Dominika Drop - Mama Global Healing","isPartOf":{"@id":"https:\/\/mamaglobalhealing.com\/#website"},"primaryImageOfPage":{"@id":"http:\/\/mamaglobalhealing.com\/produkt\/eco-sex\/#primaryimage"},"image":{"@id":"http:\/\/mamaglobalhealing.com\/produkt\/eco-sex\/#primaryimage"},"thumbnailUrl":"https:\/\/mamaglobalhealing.com\/wp-content\/uploads\/2022\/04\/0E0DF46F-9930-4A4A-BE6E-F3981AF6FED0.jpeg","datePublished":"2022-04-27T20:36:13+00:00","dateModified":"2022-05-24T12:40:23+00:00","breadcrumb":{"@id":"http:\/\/mamaglobalhealing.com\/produkt\/eco-sex\/#breadcrumb"},"inLanguage":"en-GB","potentialAction":[{"@type":"ReadAction","target":["http:\/\/mamaglobalhealing.com\/produkt\/eco-sex\/"]}]},{"@type":"ImageObject","inLanguage":"en-GB","@id":"http:\/\/mamaglobalhealing.com\/produkt\/eco-sex\/#primaryimage","url":"https:\/\/mamaglobalhealing.com\/wp-content\/uploads\/2022\/04\/0E0DF46F-9930-4A4A-BE6E-F3981AF6FED0.jpeg","contentUrl":"https:\/\/mamaglobalhealing.com\/wp-content\/uploads\/2022\/04\/0E0DF46F-9930-4A4A-BE6E-F3981AF6FED0.jpeg","width":481,"height":543},{"@type":"BreadcrumbList","@id":"http:\/\/mamaglobalhealing.com\/produkt\/eco-sex\/#breadcrumb","itemListElement":[{"@type":"ListItem","position":1,"name":"Strona g\u0142\u00f3wna","item":"https:\/\/mamaglobalhealing.com\/"},{"@type":"ListItem","position":2,"name":"Sklep","item":"https:\/\/mamaglobalhealing.com\/sklep\/"},{"@type":"ListItem","position":3,"name":"Eco Sex | Dominika Drop"}]},{"@type":"WebSite","@id":"https:\/\/mamaglobalhealing.com\/#website","url":"https:\/\/mamaglobalhealing.com\/","name":"Mama Global Healing","description":"Kolejna witryna WordPress","potentialAction":[{"@type":"SearchAction","target":{"@type":"EntryPoint","urlTemplate":"https:\/\/mamaglobalhealing.com\/?s={search_term_string}"},"query-input":{"@type":"PropertyValueSpecification","valueRequired":true,"valueName":"search_term_string"}}],"inLanguage":"en-GB"}]}},"_links":{"self":[{"href":"https:\/\/mamaglobalhealing.com\/en\/wp-json\/wp\/v2\/product\/2775","targetHints":{"allow":["GET"]}}],"collection":[{"href":"https:\/\/mamaglobalhealing.com\/en\/wp-json\/wp\/v2\/product"}],"about":[{"href":"https:\/\/mamaglobalhealing.com\/en\/wp-json\/wp\/v2\/types\/product"}],"wp:featuredmedia":[{"embeddable":true,"href":"https:\/\/mamaglobalhealing.com\/en\/wp-json\/wp\/v2\/media\/3268"}],"wp:attachment":[{"href":"https:\/\/mamaglobalhealing.com\/en\/wp-json\/wp\/v2\/media?parent=2775"}],"wp:term":[{"taxonomy":"product_brand","embeddable":true,"href":"https:\/\/mamaglobalhealing.com\/en\/wp-json\/wp\/v2\/product_brand?post=2775"},{"taxonomy":"product_cat","embeddable":true,"href":"https:\/\/mamaglobalhealing.com\/en\/wp-json\/wp\/v2\/product_cat?post=2775"},{"taxonomy":"product_tag","embeddable":true,"href":"https:\/\/mamaglobalhealing.com\/en\/wp-json\/wp\/v2\/product_tag?post=2775"}],"curies":[{"name":"wp","href":"https:\/\/api.w.org\/{rel}","templated":true}]}}