{"id":2787,"date":"2022-04-27T20:37:27","date_gmt":"2022-04-27T20:37:27","guid":{"rendered":"https:\/\/mamaglobalhealing.com\/?post_type=product&#038;p=2787"},"modified":"2022-05-24T12:39:58","modified_gmt":"2022-05-24T12:39:58","slug":"chwalcie-laki-umajone-rodzime-rosliny-wizyjne-i-poszerzajace-swiadomosc-jak-sie-z-nimi-komunikowac-i-korzystac-z-ich-potencjalu-wyklad","status":"publish","type":"product","link":"https:\/\/mamaglobalhealing.com\/en\/product\/chwalcie-laki-umajone-rodzime-rosliny-wizyjne-i-poszerzajace-swiadomosc-jak-sie-z-nimi-komunikowac-i-korzystac-z-ich-potencjalu-wyklad\/","title":{"rendered":"Rodzime ro\u015bliny wizyjne i poszerzaj\u0105ce \u015bwiadomo\u015b\u0107 &#8211; wyk\u0142ad | Patrycja Besaha | Las Kobiet"},"content":{"rendered":"","protected":false},"excerpt":{"rendered":"<p><span style=\"font-weight: 400;\"> Pragn\u0119 zabra\u0107 uczestniczki na wycieczk\u0119 do magicznego \u015bwiata ro\u015blin. Opowiem o tym czym s\u0105 wizje i ro\u015bliny wizyjne oraz w jaki spos\u00f3b z nich korzystano w medycynie ludowej. Zaprezentuj\u0119 rodzime gatunki o takim dzia\u0142aniu. Fragment wyk\u0142adu po\u015bwi\u0119c\u0119 grzybom Amanita muscaria. Odpowiem na pytanie dlaczego wizyjno\u015b\u0107 i poszerzanie \u015bwiadomo\u015bci nie s\u0105 poj\u0119ciami to\u017csamymi. Zaprezentuj\u0119 sposoby komunikowania si\u0119 z ro\u015blinami oraz sposoby korzystania z ich magicznych mocy bez konieczno\u015bci ich spo\u017cywania (co mo\u017ce by\u0107 wspania\u0142\u0105 praktyk\u0105 dla kobiety w ci\u0105\u017cy i w czasie karmienia). Zapoznam uczestniczki z koncepcj\u0105 mikrodozowania ro\u015blin. <\/span><\/p>\n<p><b>Prowadz\u0105cy:<\/b><span style=\"font-weight: 400;\"> Patrycja Besaha | Las Kobiet<\/span><\/p>\n<p><b>Czas trwania:<\/b> 2h<\/p>\n<p><b>Data i godzina:<\/b> pi\u0105tek 10:00 &#8211; 12:00<\/p>\n<p><b>Miejsce:<\/b> <a href=\"https:\/\/mamaglobalhealing.com\/en\/mama-line-up\/karma-place\/\">Karma Place<\/a><\/p>\n<p><b>Ilo\u015b\u0107 os\u00f3b:<\/b> 30<\/p>\n<p><b>Dla Kogo:\u00a0<\/b> Kobiety<\/p>\n<p><b>Bobasy:<\/b><span style=\"font-weight: 400;\">\u00a0<\/span><\/p>","protected":false},"featured_media":3266,"template":"","meta":{"_et_pb_use_builder":"","_et_pb_old_content":"","_et_gb_content_width":""},"product_brand":[],"product_cat":[35,45],"product_tag":[],"class_list":{"0":"post-2787","1":"product","2":"type-product","3":"status-publish","4":"has-post-thumbnail","6":"product_cat-mama-open","7":"product_cat-piatek-open","9":"first","10":"instock","11":"virtual","12":"taxable","13":"product-type-simple"},"yoast_head":"<!-- This site is optimized with the Yoast SEO plugin v25.1 - https:\/\/yoast.com\/wordpress\/plugins\/seo\/ -->\n<title>Rodzime ro\u015bliny wizyjne i poszerzaj\u0105ce \u015bwiadomo\u015b\u0107 - wyk\u0142ad | Patrycja Besaha | Las Kobiet - Mama Global Healing<\/title>\n<meta name=\"robots\" content=\"index, follow, max-snippet:-1, max-image-preview:large, max-video-preview:-1\" \/>\n<link rel=\"canonical\" href=\"http:\/\/mamaglobalhealing.com\/en\/product\/chwalcie-laki-umajone-rodzime-rosliny-wizyjne-i-poszerzajace-swiadomosc-jak-sie-z-nimi-komunikowac-i-korzystac-z-ich-potencjalu-wyklad\/\" \/>\n<meta property=\"og:locale\" content=\"en_GB\" \/>\n<meta property=\"og:type\" content=\"article\" \/>\n<meta property=\"og:title\" content=\"Rodzime ro\u015bliny wizyjne i poszerzaj\u0105ce \u015bwiadomo\u015b\u0107 - wyk\u0142ad | Patrycja Besaha | Las Kobiet - Mama Global Healing\" \/>\n<meta property=\"og:description\" content=\"Pragn\u0119 zabra\u0107 uczestniczki na wycieczk\u0119 do magicznego \u015bwiata ro\u015blin. Opowiem o tym czym s\u0105 wizje i ro\u015bliny wizyjne oraz w jaki spos\u00f3b z nich korzystano w medycynie ludowej. Zaprezentuj\u0119 rodzime gatunki o takim dzia\u0142aniu. Fragment wyk\u0142adu po\u015bwi\u0119c\u0119 grzybom Amanita muscaria. Odpowiem na pytanie dlaczego wizyjno\u015b\u0107 i poszerzanie \u015bwiadomo\u015bci nie s\u0105 poj\u0119ciami to\u017csamymi. Zaprezentuj\u0119 sposoby komunikowania si\u0119 z ro\u015blinami oraz sposoby korzystania z ich magicznych mocy bez konieczno\u015bci ich spo\u017cywania (co mo\u017ce by\u0107 wspania\u0142\u0105 praktyk\u0105 dla kobiety w ci\u0105\u017cy i w czasie karmienia). Zapoznam uczestniczki z koncepcj\u0105 mikrodozowania ro\u015blin.   Prowadz\u0105cy: Patrycja Besaha | Las Kobiet  Czas trwania: 2h  Data i godzina: pi\u0105tek 10:00 - 12:00  Miejsce: Karma Place  Ilo\u015b\u0107 os\u00f3b: 30  Dla Kogo:\u00a0 Kobiety  Bobasy:\u00a0\" \/>\n<meta property=\"og:url\" content=\"http:\/\/mamaglobalhealing.com\/en\/product\/chwalcie-laki-umajone-rodzime-rosliny-wizyjne-i-poszerzajace-swiadomosc-jak-sie-z-nimi-komunikowac-i-korzystac-z-ich-potencjalu-wyklad\/\" \/>\n<meta property=\"og:site_name\" content=\"Mama Global Healing\" \/>\n<meta property=\"article:modified_time\" content=\"2022-05-24T12:39:58+00:00\" \/>\n<meta property=\"og:image\" content=\"http:\/\/mamaglobalhealing.com\/wp-content\/uploads\/2022\/04\/IMG_1106-Patrycja-Besaha-scaled.jpg\" \/>\n\t<meta property=\"og:image:width\" content=\"1920\" \/>\n\t<meta property=\"og:image:height\" content=\"2560\" \/>\n\t<meta property=\"og:image:type\" content=\"image\/jpeg\" \/>\n<meta name=\"twitter:card\" content=\"summary_large_image\" \/>\n<script type=\"application\/ld+json\" class=\"yoast-schema-graph\">{\"@context\":\"https:\/\/schema.org\",\"@graph\":[{\"@type\":\"WebPage\",\"@id\":\"http:\/\/mamaglobalhealing.com\/produkt\/chwalcie-laki-umajone-rodzime-rosliny-wizyjne-i-poszerzajace-swiadomosc-jak-sie-z-nimi-komunikowac-i-korzystac-z-ich-potencjalu-wyklad\/\",\"url\":\"http:\/\/mamaglobalhealing.com\/produkt\/chwalcie-laki-umajone-rodzime-rosliny-wizyjne-i-poszerzajace-swiadomosc-jak-sie-z-nimi-komunikowac-i-korzystac-z-ich-potencjalu-wyklad\/\",\"name\":\"Rodzime ro\u015bliny wizyjne i poszerzaj\u0105ce \u015bwiadomo\u015b\u0107 - wyk\u0142ad | Patrycja Besaha | Las Kobiet - Mama Global Healing\",\"isPartOf\":{\"@id\":\"https:\/\/mamaglobalhealing.com\/#website\"},\"primaryImageOfPage\":{\"@id\":\"http:\/\/mamaglobalhealing.com\/produkt\/chwalcie-laki-umajone-rodzime-rosliny-wizyjne-i-poszerzajace-swiadomosc-jak-sie-z-nimi-komunikowac-i-korzystac-z-ich-potencjalu-wyklad\/#primaryimage\"},\"image\":{\"@id\":\"http:\/\/mamaglobalhealing.com\/produkt\/chwalcie-laki-umajone-rodzime-rosliny-wizyjne-i-poszerzajace-swiadomosc-jak-sie-z-nimi-komunikowac-i-korzystac-z-ich-potencjalu-wyklad\/#primaryimage\"},\"thumbnailUrl\":\"https:\/\/mamaglobalhealing.com\/wp-content\/uploads\/2022\/04\/IMG_1106-Patrycja-Besaha-scaled.jpg\",\"datePublished\":\"2022-04-27T20:37:27+00:00\",\"dateModified\":\"2022-05-24T12:39:58+00:00\",\"breadcrumb\":{\"@id\":\"http:\/\/mamaglobalhealing.com\/produkt\/chwalcie-laki-umajone-rodzime-rosliny-wizyjne-i-poszerzajace-swiadomosc-jak-sie-z-nimi-komunikowac-i-korzystac-z-ich-potencjalu-wyklad\/#breadcrumb\"},\"inLanguage\":\"en-GB\",\"potentialAction\":[{\"@type\":\"ReadAction\",\"target\":[\"http:\/\/mamaglobalhealing.com\/produkt\/chwalcie-laki-umajone-rodzime-rosliny-wizyjne-i-poszerzajace-swiadomosc-jak-sie-z-nimi-komunikowac-i-korzystac-z-ich-potencjalu-wyklad\/\"]}]},{\"@type\":\"ImageObject\",\"inLanguage\":\"en-GB\",\"@id\":\"http:\/\/mamaglobalhealing.com\/produkt\/chwalcie-laki-umajone-rodzime-rosliny-wizyjne-i-poszerzajace-swiadomosc-jak-sie-z-nimi-komunikowac-i-korzystac-z-ich-potencjalu-wyklad\/#primaryimage\",\"url\":\"https:\/\/mamaglobalhealing.com\/wp-content\/uploads\/2022\/04\/IMG_1106-Patrycja-Besaha-scaled.jpg\",\"contentUrl\":\"https:\/\/mamaglobalhealing.com\/wp-content\/uploads\/2022\/04\/IMG_1106-Patrycja-Besaha-scaled.jpg\",\"width\":1920,\"height\":2560},{\"@type\":\"BreadcrumbList\",\"@id\":\"http:\/\/mamaglobalhealing.com\/produkt\/chwalcie-laki-umajone-rodzime-rosliny-wizyjne-i-poszerzajace-swiadomosc-jak-sie-z-nimi-komunikowac-i-korzystac-z-ich-potencjalu-wyklad\/#breadcrumb\",\"itemListElement\":[{\"@type\":\"ListItem\",\"position\":1,\"name\":\"Strona g\u0142\u00f3wna\",\"item\":\"https:\/\/mamaglobalhealing.com\/\"},{\"@type\":\"ListItem\",\"position\":2,\"name\":\"Sklep\",\"item\":\"https:\/\/mamaglobalhealing.com\/sklep\/\"},{\"@type\":\"ListItem\",\"position\":3,\"name\":\"Rodzime ro\u015bliny wizyjne i&nbsp;poszerzaj\u0105ce \u015bwiadomo\u015b\u0107 &#8211; wyk\u0142ad | Patrycja Besaha | Las Kobiet\"}]},{\"@type\":\"WebSite\",\"@id\":\"https:\/\/mamaglobalhealing.com\/#website\",\"url\":\"https:\/\/mamaglobalhealing.com\/\",\"name\":\"Mama Global Healing\",\"description\":\"Kolejna witryna WordPress\",\"potentialAction\":[{\"@type\":\"SearchAction\",\"target\":{\"@type\":\"EntryPoint\",\"urlTemplate\":\"https:\/\/mamaglobalhealing.com\/?s={search_term_string}\"},\"query-input\":{\"@type\":\"PropertyValueSpecification\",\"valueRequired\":true,\"valueName\":\"search_term_string\"}}],\"inLanguage\":\"en-GB\"}]}<\/script>\n<!-- \/ Yoast SEO plugin. -->","yoast_head_json":{"title":"Rodzime ro\u015bliny wizyjne i poszerzaj\u0105ce \u015bwiadomo\u015b\u0107 - wyk\u0142ad | Patrycja Besaha | Las Kobiet - Mama Global Healing","robots":{"index":"index","follow":"follow","max-snippet":"max-snippet:-1","max-image-preview":"max-image-preview:large","max-video-preview":"max-video-preview:-1"},"canonical":"http:\/\/mamaglobalhealing.com\/en\/product\/chwalcie-laki-umajone-rodzime-rosliny-wizyjne-i-poszerzajace-swiadomosc-jak-sie-z-nimi-komunikowac-i-korzystac-z-ich-potencjalu-wyklad\/","og_locale":"en_GB","og_type":"article","og_title":"Rodzime ro\u015bliny wizyjne i poszerzaj\u0105ce \u015bwiadomo\u015b\u0107 - wyk\u0142ad | Patrycja Besaha | Las Kobiet - Mama Global Healing","og_description":"Pragn\u0119 zabra\u0107 uczestniczki na wycieczk\u0119 do magicznego \u015bwiata ro\u015blin. Opowiem o tym czym s\u0105 wizje i ro\u015bliny wizyjne oraz w jaki spos\u00f3b z nich korzystano w medycynie ludowej. Zaprezentuj\u0119 rodzime gatunki o takim dzia\u0142aniu. Fragment wyk\u0142adu po\u015bwi\u0119c\u0119 grzybom Amanita muscaria. Odpowiem na pytanie dlaczego wizyjno\u015b\u0107 i poszerzanie \u015bwiadomo\u015bci nie s\u0105 poj\u0119ciami to\u017csamymi. Zaprezentuj\u0119 sposoby komunikowania si\u0119 z ro\u015blinami oraz sposoby korzystania z ich magicznych mocy bez konieczno\u015bci ich spo\u017cywania (co mo\u017ce by\u0107 wspania\u0142\u0105 praktyk\u0105 dla kobiety w ci\u0105\u017cy i w czasie karmienia). Zapoznam uczestniczki z koncepcj\u0105 mikrodozowania ro\u015blin.   Prowadz\u0105cy: Patrycja Besaha | Las Kobiet  Czas trwania: 2h  Data i godzina: pi\u0105tek 10:00 - 12:00  Miejsce: Karma Place  Ilo\u015b\u0107 os\u00f3b: 30  Dla Kogo:\u00a0 Kobiety  Bobasy:\u00a0","og_url":"http:\/\/mamaglobalhealing.com\/en\/product\/chwalcie-laki-umajone-rodzime-rosliny-wizyjne-i-poszerzajace-swiadomosc-jak-sie-z-nimi-komunikowac-i-korzystac-z-ich-potencjalu-wyklad\/","og_site_name":"Mama Global Healing","article_modified_time":"2022-05-24T12:39:58+00:00","og_image":[{"width":1920,"height":2560,"url":"http:\/\/mamaglobalhealing.com\/wp-content\/uploads\/2022\/04\/IMG_1106-Patrycja-Besaha-scaled.jpg","type":"image\/jpeg"}],"twitter_card":"summary_large_image","schema":{"@context":"https:\/\/schema.org","@graph":[{"@type":"WebPage","@id":"http:\/\/mamaglobalhealing.com\/produkt\/chwalcie-laki-umajone-rodzime-rosliny-wizyjne-i-poszerzajace-swiadomosc-jak-sie-z-nimi-komunikowac-i-korzystac-z-ich-potencjalu-wyklad\/","url":"http:\/\/mamaglobalhealing.com\/produkt\/chwalcie-laki-umajone-rodzime-rosliny-wizyjne-i-poszerzajace-swiadomosc-jak-sie-z-nimi-komunikowac-i-korzystac-z-ich-potencjalu-wyklad\/","name":"Rodzime ro\u015bliny wizyjne i poszerzaj\u0105ce \u015bwiadomo\u015b\u0107 - wyk\u0142ad | Patrycja Besaha | Las Kobiet - Mama Global Healing","isPartOf":{"@id":"https:\/\/mamaglobalhealing.com\/#website"},"primaryImageOfPage":{"@id":"http:\/\/mamaglobalhealing.com\/produkt\/chwalcie-laki-umajone-rodzime-rosliny-wizyjne-i-poszerzajace-swiadomosc-jak-sie-z-nimi-komunikowac-i-korzystac-z-ich-potencjalu-wyklad\/#primaryimage"},"image":{"@id":"http:\/\/mamaglobalhealing.com\/produkt\/chwalcie-laki-umajone-rodzime-rosliny-wizyjne-i-poszerzajace-swiadomosc-jak-sie-z-nimi-komunikowac-i-korzystac-z-ich-potencjalu-wyklad\/#primaryimage"},"thumbnailUrl":"https:\/\/mamaglobalhealing.com\/wp-content\/uploads\/2022\/04\/IMG_1106-Patrycja-Besaha-scaled.jpg","datePublished":"2022-04-27T20:37:27+00:00","dateModified":"2022-05-24T12:39:58+00:00","breadcrumb":{"@id":"http:\/\/mamaglobalhealing.com\/produkt\/chwalcie-laki-umajone-rodzime-rosliny-wizyjne-i-poszerzajace-swiadomosc-jak-sie-z-nimi-komunikowac-i-korzystac-z-ich-potencjalu-wyklad\/#breadcrumb"},"inLanguage":"en-GB","potentialAction":[{"@type":"ReadAction","target":["http:\/\/mamaglobalhealing.com\/produkt\/chwalcie-laki-umajone-rodzime-rosliny-wizyjne-i-poszerzajace-swiadomosc-jak-sie-z-nimi-komunikowac-i-korzystac-z-ich-potencjalu-wyklad\/"]}]},{"@type":"ImageObject","inLanguage":"en-GB","@id":"http:\/\/mamaglobalhealing.com\/produkt\/chwalcie-laki-umajone-rodzime-rosliny-wizyjne-i-poszerzajace-swiadomosc-jak-sie-z-nimi-komunikowac-i-korzystac-z-ich-potencjalu-wyklad\/#primaryimage","url":"https:\/\/mamaglobalhealing.com\/wp-content\/uploads\/2022\/04\/IMG_1106-Patrycja-Besaha-scaled.jpg","contentUrl":"https:\/\/mamaglobalhealing.com\/wp-content\/uploads\/2022\/04\/IMG_1106-Patrycja-Besaha-scaled.jpg","width":1920,"height":2560},{"@type":"BreadcrumbList","@id":"http:\/\/mamaglobalhealing.com\/produkt\/chwalcie-laki-umajone-rodzime-rosliny-wizyjne-i-poszerzajace-swiadomosc-jak-sie-z-nimi-komunikowac-i-korzystac-z-ich-potencjalu-wyklad\/#breadcrumb","itemListElement":[{"@type":"ListItem","position":1,"name":"Strona g\u0142\u00f3wna","item":"https:\/\/mamaglobalhealing.com\/"},{"@type":"ListItem","position":2,"name":"Sklep","item":"https:\/\/mamaglobalhealing.com\/sklep\/"},{"@type":"ListItem","position":3,"name":"Rodzime ro\u015bliny wizyjne i&nbsp;poszerzaj\u0105ce \u015bwiadomo\u015b\u0107 &#8211; wyk\u0142ad | Patrycja Besaha | Las Kobiet"}]},{"@type":"WebSite","@id":"https:\/\/mamaglobalhealing.com\/#website","url":"https:\/\/mamaglobalhealing.com\/","name":"Mama Global Healing","description":"Kolejna witryna WordPress","potentialAction":[{"@type":"SearchAction","target":{"@type":"EntryPoint","urlTemplate":"https:\/\/mamaglobalhealing.com\/?s={search_term_string}"},"query-input":{"@type":"PropertyValueSpecification","valueRequired":true,"valueName":"search_term_string"}}],"inLanguage":"en-GB"}]}},"_links":{"self":[{"href":"https:\/\/mamaglobalhealing.com\/en\/wp-json\/wp\/v2\/product\/2787","targetHints":{"allow":["GET"]}}],"collection":[{"href":"https:\/\/mamaglobalhealing.com\/en\/wp-json\/wp\/v2\/product"}],"about":[{"href":"https:\/\/mamaglobalhealing.com\/en\/wp-json\/wp\/v2\/types\/product"}],"wp:featuredmedia":[{"embeddable":true,"href":"https:\/\/mamaglobalhealing.com\/en\/wp-json\/wp\/v2\/media\/3266"}],"wp:attachment":[{"href":"https:\/\/mamaglobalhealing.com\/en\/wp-json\/wp\/v2\/media?parent=2787"}],"wp:term":[{"taxonomy":"product_brand","embeddable":true,"href":"https:\/\/mamaglobalhealing.com\/en\/wp-json\/wp\/v2\/product_brand?post=2787"},{"taxonomy":"product_cat","embeddable":true,"href":"https:\/\/mamaglobalhealing.com\/en\/wp-json\/wp\/v2\/product_cat?post=2787"},{"taxonomy":"product_tag","embeddable":true,"href":"https:\/\/mamaglobalhealing.com\/en\/wp-json\/wp\/v2\/product_tag?post=2787"}],"curies":[{"name":"wp","href":"https:\/\/api.w.org\/{rel}","templated":true}]}}