{"id":2793,"date":"2022-04-27T20:42:03","date_gmt":"2022-04-27T20:42:03","guid":{"rendered":"https:\/\/mamaglobalhealing.com\/?post_type=product&#038;p=2793"},"modified":"2022-04-30T23:36:38","modified_gmt":"2022-04-30T23:36:38","slug":"wytrzymale-i-niewymagajace-wystawa-kolazy","status":"publish","type":"product","link":"https:\/\/mamaglobalhealing.com\/en\/product\/wytrzymale-i-niewymagajace-wystawa-kolazy\/","title":{"rendered":"&#8222;Wytrzyma\u0142e i niewymagaj\u0105ce&#8221; ART | Agata Levitzky Collages"},"content":{"rendered":"<p><span style=\"font-weight: 400;\">Levitzky collages: Analogowe kola\u017ce tworzone z mi\u0142o\u015bci do emocji i \u015bwiata wewn\u0119trznego. Agata Lewicka to artystka specjalizuj\u0105ca si\u0119 w analizie i do\u015bwiadczaniu uczu\u0107. Emocje i prze\u017cycia najcz\u0119\u015bciej przedstawia w formie ro\u015blin oraz fragment\u00f3w ludzkiego cia\u0142a. Kruche i delikatne, a tak niewiele <\/span><span style=\"font-weight: 400;\">potrzebuj\u0105<\/span><span style=\"font-weight: 400;\">, by samodzielnie funkcjonowa\u0107. G\u0142\u00f3wne \u017ar\u00f3d\u0142o inspiracji stanowi\u0105 jej prywatne do\u015bwiadczenia, kt\u00f3re opowiedziane w formie kola\u017cu, daj\u0105 przestrze\u0144 do swobodnej interpretacji. Ta subiektywno\u015b\u0107 narracji jest dla autorki najwi\u0119ksz\u0105 warto\u015bci\u0105, bo pozwala na blisko\u015b\u0107, nawi\u0105zanie z odbiorc\u0105 wi\u0119zi, niewerbalny dialog. Jest to r\u00f3wnie\u017c szansa na spotkanie si\u0119 ze swoimi emocjami, kt\u00f3re czasami mog\u0105 okaza\u0107 si\u0119 niewygodne.<\/span><\/p>\n<p><span style=\"font-weight: 400;\">Levitzky traktuje proces tworzenia jako form\u0119 medytacji. Zabawa kawa\u0142kami starych gazet daje ukojenie, a powsta\u0142e kola\u017ce portretuj\u0105 jej wewn\u0119trzny \u015bwiat. Uk\u0142adanie wyrwanych z kontekstu fragment\u00f3w w zupe\u0142nie nowe konfiguracje <\/span><span style=\"font-weight: 400;\">nie jest przypadkowe, lecz jest intencyjn\u0105 czynno\u015bci\u0105, prowokowan\u0105 emocjonalnie. Najwa\u017cniejsza dla niej jest intuicja, kt\u00f3ra pomija r\u00f3\u017cnic\u0119 mi\u0119dzy rzeczywisto\u015bci\u0105 i nierzeczywisto\u015bci\u0105 i odnosi si\u0119 wy\u0142\u0105cznie do samego obrazu.<\/span><\/p>\n<p>&nbsp;<\/p>\n<p><span style=\"font-weight: 400;\">\u00a0Ig @Levitzky_collages<\/span><\/p>\n<p>ENG<\/p>\n<p><span style=\"font-weight: 400;\">Levitzky collages: Analog collages made with love for emotions and the inner world. Agata Lewicka is an artist specializing in the analysis and experience of feelings. Emotions and experiences are usually presented in the form of plants and parts of the human body. Although fragile and delicate, they need so little to function on their own. The main source of inspiration are her private experiences, which, narrated in the form of a collage, provide space for free interpretation. This subjectivity of the narrative is the greatest value for the author, as it allows for closeness, establishing connection with the viewer, and a non-verbal dialogue. It is also a chance to meet one&#8217;s emotions, which can sometimes be uncomfortable. Levitzky sees the creative process as a form of meditation. Playing with pieces of old newspapers gives relief, and the created collages portray her inner world. Arranging fragments taken out of context into completely new configurations is not accidental, but is an intentional, emotionally provoked activity. The most important thing for the artist is intuition, which ignores the difference between reality and unreality and relates only to the image itself.)<\/span><\/p>","protected":false},"excerpt":{"rendered":"<p><b>Prowadz\u0105cy:<\/b><span style=\"font-weight: 400;\"> Agata Levicka<\/span><\/p>\n<p><b>Czas trwania:<\/b><\/p>\n<p><b>Data i godzina:<\/b><\/p>\n<p><b>Miejsce:<\/b><\/p>\n<p><b>Ilo\u015b\u0107 os\u00f3b:<\/b><\/p>\n<p><b>Dla Kogo:\u00a0<\/b><\/p>\n<p><b>Bobasy:<\/b><span style=\"font-weight: 400;\">\u00a0<\/span><\/p>\n<p><b>Cena:<\/b><\/p>","protected":false},"featured_media":2845,"template":"","meta":{"_et_pb_use_builder":"","_et_pb_old_content":"","_et_gb_content_width":""},"product_brand":[],"product_cat":[36],"product_tag":[],"class_list":{"0":"post-2793","1":"product","2":"type-product","3":"status-publish","4":"has-post-thumbnail","6":"product_cat-wystawa","8":"first","9":"instock","10":"virtual","11":"taxable","12":"product-type-simple"},"yoast_head":"<!-- This site is optimized with the Yoast SEO plugin v25.1 - https:\/\/yoast.com\/wordpress\/plugins\/seo\/ -->\n<title>&quot;Wytrzyma\u0142e i niewymagaj\u0105ce&quot; ART | Agata Levitzky Collages - Mama Global Healing<\/title>\n<meta name=\"robots\" content=\"index, follow, max-snippet:-1, max-image-preview:large, max-video-preview:-1\" \/>\n<link rel=\"canonical\" href=\"http:\/\/mamaglobalhealing.com\/en\/product\/wytrzymale-i-niewymagajace-wystawa-kolazy\/\" \/>\n<meta property=\"og:locale\" content=\"en_GB\" \/>\n<meta property=\"og:type\" content=\"article\" \/>\n<meta property=\"og:title\" content=\"&quot;Wytrzyma\u0142e i niewymagaj\u0105ce&quot; ART | Agata Levitzky Collages - Mama Global Healing\" \/>\n<meta property=\"og:description\" content=\"Prowadz\u0105cy: Agata Levicka  Czas trwania:  Data i godzina:  Miejsce:  Ilo\u015b\u0107 os\u00f3b:  Dla Kogo:\u00a0  Bobasy:\u00a0  Cena:\" \/>\n<meta property=\"og:url\" content=\"http:\/\/mamaglobalhealing.com\/en\/product\/wytrzymale-i-niewymagajace-wystawa-kolazy\/\" \/>\n<meta property=\"og:site_name\" content=\"Mama Global Healing\" \/>\n<meta property=\"article:modified_time\" content=\"2022-04-30T23:36:38+00:00\" \/>\n<meta property=\"og:image\" content=\"http:\/\/mamaglobalhealing.com\/wp-content\/uploads\/2022\/04\/image_6483441.jpg\" \/>\n\t<meta property=\"og:image:width\" content=\"2422\" \/>\n\t<meta property=\"og:image:height\" content=\"2422\" \/>\n\t<meta property=\"og:image:type\" content=\"image\/jpeg\" \/>\n<meta name=\"twitter:card\" content=\"summary_large_image\" \/>\n<meta name=\"twitter:label1\" content=\"Estimated reading time\" \/>\n\t<meta name=\"twitter:data1\" content=\"2 minutes\" \/>\n<script type=\"application\/ld+json\" class=\"yoast-schema-graph\">{\"@context\":\"https:\/\/schema.org\",\"@graph\":[{\"@type\":\"WebPage\",\"@id\":\"http:\/\/mamaglobalhealing.com\/produkt\/wytrzymale-i-niewymagajace-wystawa-kolazy\/\",\"url\":\"http:\/\/mamaglobalhealing.com\/produkt\/wytrzymale-i-niewymagajace-wystawa-kolazy\/\",\"name\":\"\\\"Wytrzyma\u0142e i niewymagaj\u0105ce\\\" ART | Agata Levitzky Collages - Mama Global Healing\",\"isPartOf\":{\"@id\":\"https:\/\/mamaglobalhealing.com\/#website\"},\"primaryImageOfPage\":{\"@id\":\"http:\/\/mamaglobalhealing.com\/produkt\/wytrzymale-i-niewymagajace-wystawa-kolazy\/#primaryimage\"},\"image\":{\"@id\":\"http:\/\/mamaglobalhealing.com\/produkt\/wytrzymale-i-niewymagajace-wystawa-kolazy\/#primaryimage\"},\"thumbnailUrl\":\"https:\/\/mamaglobalhealing.com\/wp-content\/uploads\/2022\/04\/image_6483441.jpg\",\"datePublished\":\"2022-04-27T20:42:03+00:00\",\"dateModified\":\"2022-04-30T23:36:38+00:00\",\"breadcrumb\":{\"@id\":\"http:\/\/mamaglobalhealing.com\/produkt\/wytrzymale-i-niewymagajace-wystawa-kolazy\/#breadcrumb\"},\"inLanguage\":\"en-GB\",\"potentialAction\":[{\"@type\":\"ReadAction\",\"target\":[\"http:\/\/mamaglobalhealing.com\/produkt\/wytrzymale-i-niewymagajace-wystawa-kolazy\/\"]}]},{\"@type\":\"ImageObject\",\"inLanguage\":\"en-GB\",\"@id\":\"http:\/\/mamaglobalhealing.com\/produkt\/wytrzymale-i-niewymagajace-wystawa-kolazy\/#primaryimage\",\"url\":\"https:\/\/mamaglobalhealing.com\/wp-content\/uploads\/2022\/04\/image_6483441.jpg\",\"contentUrl\":\"https:\/\/mamaglobalhealing.com\/wp-content\/uploads\/2022\/04\/image_6483441.jpg\",\"width\":2422,\"height\":2422},{\"@type\":\"BreadcrumbList\",\"@id\":\"http:\/\/mamaglobalhealing.com\/produkt\/wytrzymale-i-niewymagajace-wystawa-kolazy\/#breadcrumb\",\"itemListElement\":[{\"@type\":\"ListItem\",\"position\":1,\"name\":\"Strona g\u0142\u00f3wna\",\"item\":\"https:\/\/mamaglobalhealing.com\/\"},{\"@type\":\"ListItem\",\"position\":2,\"name\":\"Sklep\",\"item\":\"https:\/\/mamaglobalhealing.com\/sklep\/\"},{\"@type\":\"ListItem\",\"position\":3,\"name\":\"&#8222;Wytrzyma\u0142e i&nbsp;niewymagaj\u0105ce&#8221; ART | Agata Levitzky Collages\"}]},{\"@type\":\"WebSite\",\"@id\":\"https:\/\/mamaglobalhealing.com\/#website\",\"url\":\"https:\/\/mamaglobalhealing.com\/\",\"name\":\"Mama Global Healing\",\"description\":\"Kolejna witryna WordPress\",\"potentialAction\":[{\"@type\":\"SearchAction\",\"target\":{\"@type\":\"EntryPoint\",\"urlTemplate\":\"https:\/\/mamaglobalhealing.com\/?s={search_term_string}\"},\"query-input\":{\"@type\":\"PropertyValueSpecification\",\"valueRequired\":true,\"valueName\":\"search_term_string\"}}],\"inLanguage\":\"en-GB\"}]}<\/script>\n<!-- \/ Yoast SEO plugin. -->","yoast_head_json":{"title":"\"Wytrzyma\u0142e i niewymagaj\u0105ce\" ART | Agata Levitzky Collages - Mama Global Healing","robots":{"index":"index","follow":"follow","max-snippet":"max-snippet:-1","max-image-preview":"max-image-preview:large","max-video-preview":"max-video-preview:-1"},"canonical":"http:\/\/mamaglobalhealing.com\/en\/product\/wytrzymale-i-niewymagajace-wystawa-kolazy\/","og_locale":"en_GB","og_type":"article","og_title":"\"Wytrzyma\u0142e i niewymagaj\u0105ce\" ART | Agata Levitzky Collages - Mama Global Healing","og_description":"Prowadz\u0105cy: Agata Levicka  Czas trwania:  Data i godzina:  Miejsce:  Ilo\u015b\u0107 os\u00f3b:  Dla Kogo:\u00a0  Bobasy:\u00a0  Cena:","og_url":"http:\/\/mamaglobalhealing.com\/en\/product\/wytrzymale-i-niewymagajace-wystawa-kolazy\/","og_site_name":"Mama Global Healing","article_modified_time":"2022-04-30T23:36:38+00:00","og_image":[{"width":2422,"height":2422,"url":"http:\/\/mamaglobalhealing.com\/wp-content\/uploads\/2022\/04\/image_6483441.jpg","type":"image\/jpeg"}],"twitter_card":"summary_large_image","twitter_misc":{"Estimated reading time":"2 minutes"},"schema":{"@context":"https:\/\/schema.org","@graph":[{"@type":"WebPage","@id":"http:\/\/mamaglobalhealing.com\/produkt\/wytrzymale-i-niewymagajace-wystawa-kolazy\/","url":"http:\/\/mamaglobalhealing.com\/produkt\/wytrzymale-i-niewymagajace-wystawa-kolazy\/","name":"\"Wytrzyma\u0142e i niewymagaj\u0105ce\" ART | Agata Levitzky Collages - Mama Global Healing","isPartOf":{"@id":"https:\/\/mamaglobalhealing.com\/#website"},"primaryImageOfPage":{"@id":"http:\/\/mamaglobalhealing.com\/produkt\/wytrzymale-i-niewymagajace-wystawa-kolazy\/#primaryimage"},"image":{"@id":"http:\/\/mamaglobalhealing.com\/produkt\/wytrzymale-i-niewymagajace-wystawa-kolazy\/#primaryimage"},"thumbnailUrl":"https:\/\/mamaglobalhealing.com\/wp-content\/uploads\/2022\/04\/image_6483441.jpg","datePublished":"2022-04-27T20:42:03+00:00","dateModified":"2022-04-30T23:36:38+00:00","breadcrumb":{"@id":"http:\/\/mamaglobalhealing.com\/produkt\/wytrzymale-i-niewymagajace-wystawa-kolazy\/#breadcrumb"},"inLanguage":"en-GB","potentialAction":[{"@type":"ReadAction","target":["http:\/\/mamaglobalhealing.com\/produkt\/wytrzymale-i-niewymagajace-wystawa-kolazy\/"]}]},{"@type":"ImageObject","inLanguage":"en-GB","@id":"http:\/\/mamaglobalhealing.com\/produkt\/wytrzymale-i-niewymagajace-wystawa-kolazy\/#primaryimage","url":"https:\/\/mamaglobalhealing.com\/wp-content\/uploads\/2022\/04\/image_6483441.jpg","contentUrl":"https:\/\/mamaglobalhealing.com\/wp-content\/uploads\/2022\/04\/image_6483441.jpg","width":2422,"height":2422},{"@type":"BreadcrumbList","@id":"http:\/\/mamaglobalhealing.com\/produkt\/wytrzymale-i-niewymagajace-wystawa-kolazy\/#breadcrumb","itemListElement":[{"@type":"ListItem","position":1,"name":"Strona g\u0142\u00f3wna","item":"https:\/\/mamaglobalhealing.com\/"},{"@type":"ListItem","position":2,"name":"Sklep","item":"https:\/\/mamaglobalhealing.com\/sklep\/"},{"@type":"ListItem","position":3,"name":"&#8222;Wytrzyma\u0142e i&nbsp;niewymagaj\u0105ce&#8221; ART | Agata Levitzky Collages"}]},{"@type":"WebSite","@id":"https:\/\/mamaglobalhealing.com\/#website","url":"https:\/\/mamaglobalhealing.com\/","name":"Mama Global Healing","description":"Kolejna witryna WordPress","potentialAction":[{"@type":"SearchAction","target":{"@type":"EntryPoint","urlTemplate":"https:\/\/mamaglobalhealing.com\/?s={search_term_string}"},"query-input":{"@type":"PropertyValueSpecification","valueRequired":true,"valueName":"search_term_string"}}],"inLanguage":"en-GB"}]}},"_links":{"self":[{"href":"https:\/\/mamaglobalhealing.com\/en\/wp-json\/wp\/v2\/product\/2793","targetHints":{"allow":["GET"]}}],"collection":[{"href":"https:\/\/mamaglobalhealing.com\/en\/wp-json\/wp\/v2\/product"}],"about":[{"href":"https:\/\/mamaglobalhealing.com\/en\/wp-json\/wp\/v2\/types\/product"}],"wp:featuredmedia":[{"embeddable":true,"href":"https:\/\/mamaglobalhealing.com\/en\/wp-json\/wp\/v2\/media\/2845"}],"wp:attachment":[{"href":"https:\/\/mamaglobalhealing.com\/en\/wp-json\/wp\/v2\/media?parent=2793"}],"wp:term":[{"taxonomy":"product_brand","embeddable":true,"href":"https:\/\/mamaglobalhealing.com\/en\/wp-json\/wp\/v2\/product_brand?post=2793"},{"taxonomy":"product_cat","embeddable":true,"href":"https:\/\/mamaglobalhealing.com\/en\/wp-json\/wp\/v2\/product_cat?post=2793"},{"taxonomy":"product_tag","embeddable":true,"href":"https:\/\/mamaglobalhealing.com\/en\/wp-json\/wp\/v2\/product_tag?post=2793"}],"curies":[{"name":"wp","href":"https:\/\/api.w.org\/{rel}","templated":true}]}}