{"id":2794,"date":"2022-04-27T20:43:23","date_gmt":"2022-04-27T20:43:23","guid":{"rendered":"https:\/\/mamaglobalhealing.com\/?post_type=product&#038;p=2794"},"modified":"2022-06-14T14:06:00","modified_gmt":"2022-06-14T14:06:00","slug":"cialolubny-warsztat","status":"publish","type":"product","link":"https:\/\/mamaglobalhealing.com\/en\/product\/cialolubny-warsztat\/","title":{"rendered":"Cia\u0142olubny warsztat | Olga Turczak"},"content":{"rendered":"","protected":false},"excerpt":{"rendered":"<p><span style=\"font-weight: 400;\"> Kobieca przestrze\u0144 do przyjrzenia si\u0119 relacji z cia\u0142em w bezpieczny spos\u00f3b. Pr\u00f3ba wykonania kroku w stron\u0119 wi\u0119kszej serdeczno\u015bci dla siebie. B\u0119dziemy szuka\u0107 odpowiedzi na pytania: Sk\u0105d bierze si\u0119 nasze postrzeganie cia\u0142a? Do czego s\u0142u\u017cy nam cia\u0142o i co cia\u0142o mo\u017ce nam powiedzie\u0107 oraz jak mo\u017cemy wspiera\u0107 siebie nawzajem w tworzeniu czu\u0142ej relacji z cia\u0142em? Ten autorski warsztat zawiera elementy wywodz\u0105ce si\u0119 z tradycji kobiecych kr\u0119g\u00f3w, autentycznego siostrze\u0144stwa, medytacji oraz subtelnego ruchu. <\/span><\/p>\n<p><b>Prowadz\u0105cy:<\/b><span style=\"font-weight: 400;\"> Olga Turczak<\/span><\/p>\n<p><b>Czas trwania:<\/b> 2h<\/p>\n<p><b>Data i godzina:<\/b> sobota 14:00 &#8211; 16:00<\/p>\n<p><b>Miejsce:<\/b> <a href=\"https:\/\/mamaglobalhealing.com\/en\/mama-line-up\/magic-chai-place\/\">Magic Chai Place<\/a><\/p>\n<p><b>Ilo\u015b\u0107 os\u00f3b: BO<\/b><\/p>\n<p><b>Dla Kogo: <\/b>Women \/ Kobiety<\/p>\n<p><b>Bobasy:<\/b><span style=\"font-weight: 400;\">\u00a0nie <\/span><\/p>\n<p>&nbsp;<\/p>","protected":false},"featured_media":2840,"template":"","meta":{"_et_pb_use_builder":"","_et_pb_old_content":"","_et_gb_content_width":""},"product_brand":[],"product_cat":[35,46],"product_tag":[],"class_list":{"0":"post-2794","1":"product","2":"type-product","3":"status-publish","4":"has-post-thumbnail","6":"product_cat-mama-open","7":"product_cat-sobota-open","9":"first","10":"instock","11":"virtual","12":"taxable","13":"product-type-simple"},"yoast_head":"<!-- This site is optimized with the Yoast SEO plugin v25.1 - https:\/\/yoast.com\/wordpress\/plugins\/seo\/ -->\n<title>Cia\u0142olubny warsztat | Olga Turczak - Mama Global Healing<\/title>\n<meta name=\"robots\" content=\"index, follow, max-snippet:-1, max-image-preview:large, max-video-preview:-1\" \/>\n<link rel=\"canonical\" href=\"http:\/\/mamaglobalhealing.com\/en\/product\/cialolubny-warsztat\/\" \/>\n<meta property=\"og:locale\" content=\"en_GB\" \/>\n<meta property=\"og:type\" content=\"article\" \/>\n<meta property=\"og:title\" content=\"Cia\u0142olubny warsztat | Olga Turczak - Mama Global Healing\" \/>\n<meta property=\"og:description\" content=\"Kobieca przestrze\u0144 do przyjrzenia si\u0119 relacji z cia\u0142em w bezpieczny spos\u00f3b. Pr\u00f3ba wykonania kroku w stron\u0119 wi\u0119kszej serdeczno\u015bci dla siebie. B\u0119dziemy szuka\u0107 odpowiedzi na pytania: Sk\u0105d bierze si\u0119 nasze postrzeganie cia\u0142a? Do czego s\u0142u\u017cy nam cia\u0142o i co cia\u0142o mo\u017ce nam powiedzie\u0107 oraz jak mo\u017cemy wspiera\u0107 siebie nawzajem w tworzeniu czu\u0142ej relacji z cia\u0142em? Ten autorski warsztat zawiera elementy wywodz\u0105ce si\u0119 z tradycji kobiecych kr\u0119g\u00f3w, autentycznego siostrze\u0144stwa, medytacji oraz subtelnego ruchu.   Prowadz\u0105cy: Olga Turczak  Czas trwania: 2h  Data i godzina: sobota 14:00 - 16:00  Miejsce: Magic Chai Place  Ilo\u015b\u0107 os\u00f3b: BO  Dla Kogo: Women \/ Kobiety  Bobasy:\u00a0nie   &nbsp;\" \/>\n<meta property=\"og:url\" content=\"http:\/\/mamaglobalhealing.com\/en\/product\/cialolubny-warsztat\/\" \/>\n<meta property=\"og:site_name\" content=\"Mama Global Healing\" \/>\n<meta property=\"article:modified_time\" content=\"2022-06-14T14:06:00+00:00\" \/>\n<meta property=\"og:image\" content=\"http:\/\/mamaglobalhealing.com\/wp-content\/uploads\/2022\/04\/274816220_694413598663283_6365102032940983218_n.jpg\" \/>\n\t<meta property=\"og:image:width\" content=\"1440\" \/>\n\t<meta property=\"og:image:height\" content=\"1800\" \/>\n\t<meta property=\"og:image:type\" content=\"image\/jpeg\" \/>\n<meta name=\"twitter:card\" content=\"summary_large_image\" \/>\n<script type=\"application\/ld+json\" class=\"yoast-schema-graph\">{\"@context\":\"https:\/\/schema.org\",\"@graph\":[{\"@type\":\"WebPage\",\"@id\":\"http:\/\/mamaglobalhealing.com\/produkt\/cialolubny-warsztat\/\",\"url\":\"http:\/\/mamaglobalhealing.com\/produkt\/cialolubny-warsztat\/\",\"name\":\"Cia\u0142olubny warsztat | Olga Turczak - Mama Global Healing\",\"isPartOf\":{\"@id\":\"https:\/\/mamaglobalhealing.com\/#website\"},\"primaryImageOfPage\":{\"@id\":\"http:\/\/mamaglobalhealing.com\/produkt\/cialolubny-warsztat\/#primaryimage\"},\"image\":{\"@id\":\"http:\/\/mamaglobalhealing.com\/produkt\/cialolubny-warsztat\/#primaryimage\"},\"thumbnailUrl\":\"https:\/\/mamaglobalhealing.com\/wp-content\/uploads\/2022\/04\/274816220_694413598663283_6365102032940983218_n.jpg\",\"datePublished\":\"2022-04-27T20:43:23+00:00\",\"dateModified\":\"2022-06-14T14:06:00+00:00\",\"breadcrumb\":{\"@id\":\"http:\/\/mamaglobalhealing.com\/produkt\/cialolubny-warsztat\/#breadcrumb\"},\"inLanguage\":\"en-GB\",\"potentialAction\":[{\"@type\":\"ReadAction\",\"target\":[\"http:\/\/mamaglobalhealing.com\/produkt\/cialolubny-warsztat\/\"]}]},{\"@type\":\"ImageObject\",\"inLanguage\":\"en-GB\",\"@id\":\"http:\/\/mamaglobalhealing.com\/produkt\/cialolubny-warsztat\/#primaryimage\",\"url\":\"https:\/\/mamaglobalhealing.com\/wp-content\/uploads\/2022\/04\/274816220_694413598663283_6365102032940983218_n.jpg\",\"contentUrl\":\"https:\/\/mamaglobalhealing.com\/wp-content\/uploads\/2022\/04\/274816220_694413598663283_6365102032940983218_n.jpg\",\"width\":1440,\"height\":1800},{\"@type\":\"BreadcrumbList\",\"@id\":\"http:\/\/mamaglobalhealing.com\/produkt\/cialolubny-warsztat\/#breadcrumb\",\"itemListElement\":[{\"@type\":\"ListItem\",\"position\":1,\"name\":\"Strona g\u0142\u00f3wna\",\"item\":\"https:\/\/mamaglobalhealing.com\/\"},{\"@type\":\"ListItem\",\"position\":2,\"name\":\"Sklep\",\"item\":\"https:\/\/mamaglobalhealing.com\/sklep\/\"},{\"@type\":\"ListItem\",\"position\":3,\"name\":\"Cia\u0142olubny warsztat | Olga Turczak\"}]},{\"@type\":\"WebSite\",\"@id\":\"https:\/\/mamaglobalhealing.com\/#website\",\"url\":\"https:\/\/mamaglobalhealing.com\/\",\"name\":\"Mama Global Healing\",\"description\":\"Kolejna witryna WordPress\",\"potentialAction\":[{\"@type\":\"SearchAction\",\"target\":{\"@type\":\"EntryPoint\",\"urlTemplate\":\"https:\/\/mamaglobalhealing.com\/?s={search_term_string}\"},\"query-input\":{\"@type\":\"PropertyValueSpecification\",\"valueRequired\":true,\"valueName\":\"search_term_string\"}}],\"inLanguage\":\"en-GB\"}]}<\/script>\n<!-- \/ Yoast SEO plugin. -->","yoast_head_json":{"title":"Cia\u0142olubny warsztat | Olga Turczak - Mama Global Healing","robots":{"index":"index","follow":"follow","max-snippet":"max-snippet:-1","max-image-preview":"max-image-preview:large","max-video-preview":"max-video-preview:-1"},"canonical":"http:\/\/mamaglobalhealing.com\/en\/product\/cialolubny-warsztat\/","og_locale":"en_GB","og_type":"article","og_title":"Cia\u0142olubny warsztat | Olga Turczak - Mama Global Healing","og_description":"Kobieca przestrze\u0144 do przyjrzenia si\u0119 relacji z cia\u0142em w bezpieczny spos\u00f3b. Pr\u00f3ba wykonania kroku w stron\u0119 wi\u0119kszej serdeczno\u015bci dla siebie. B\u0119dziemy szuka\u0107 odpowiedzi na pytania: Sk\u0105d bierze si\u0119 nasze postrzeganie cia\u0142a? Do czego s\u0142u\u017cy nam cia\u0142o i co cia\u0142o mo\u017ce nam powiedzie\u0107 oraz jak mo\u017cemy wspiera\u0107 siebie nawzajem w tworzeniu czu\u0142ej relacji z cia\u0142em? Ten autorski warsztat zawiera elementy wywodz\u0105ce si\u0119 z tradycji kobiecych kr\u0119g\u00f3w, autentycznego siostrze\u0144stwa, medytacji oraz subtelnego ruchu.   Prowadz\u0105cy: Olga Turczak  Czas trwania: 2h  Data i godzina: sobota 14:00 - 16:00  Miejsce: Magic Chai Place  Ilo\u015b\u0107 os\u00f3b: BO  Dla Kogo: Women \/ Kobiety  Bobasy:\u00a0nie   &nbsp;","og_url":"http:\/\/mamaglobalhealing.com\/en\/product\/cialolubny-warsztat\/","og_site_name":"Mama Global Healing","article_modified_time":"2022-06-14T14:06:00+00:00","og_image":[{"width":1440,"height":1800,"url":"http:\/\/mamaglobalhealing.com\/wp-content\/uploads\/2022\/04\/274816220_694413598663283_6365102032940983218_n.jpg","type":"image\/jpeg"}],"twitter_card":"summary_large_image","schema":{"@context":"https:\/\/schema.org","@graph":[{"@type":"WebPage","@id":"http:\/\/mamaglobalhealing.com\/produkt\/cialolubny-warsztat\/","url":"http:\/\/mamaglobalhealing.com\/produkt\/cialolubny-warsztat\/","name":"Cia\u0142olubny warsztat | Olga Turczak - Mama Global Healing","isPartOf":{"@id":"https:\/\/mamaglobalhealing.com\/#website"},"primaryImageOfPage":{"@id":"http:\/\/mamaglobalhealing.com\/produkt\/cialolubny-warsztat\/#primaryimage"},"image":{"@id":"http:\/\/mamaglobalhealing.com\/produkt\/cialolubny-warsztat\/#primaryimage"},"thumbnailUrl":"https:\/\/mamaglobalhealing.com\/wp-content\/uploads\/2022\/04\/274816220_694413598663283_6365102032940983218_n.jpg","datePublished":"2022-04-27T20:43:23+00:00","dateModified":"2022-06-14T14:06:00+00:00","breadcrumb":{"@id":"http:\/\/mamaglobalhealing.com\/produkt\/cialolubny-warsztat\/#breadcrumb"},"inLanguage":"en-GB","potentialAction":[{"@type":"ReadAction","target":["http:\/\/mamaglobalhealing.com\/produkt\/cialolubny-warsztat\/"]}]},{"@type":"ImageObject","inLanguage":"en-GB","@id":"http:\/\/mamaglobalhealing.com\/produkt\/cialolubny-warsztat\/#primaryimage","url":"https:\/\/mamaglobalhealing.com\/wp-content\/uploads\/2022\/04\/274816220_694413598663283_6365102032940983218_n.jpg","contentUrl":"https:\/\/mamaglobalhealing.com\/wp-content\/uploads\/2022\/04\/274816220_694413598663283_6365102032940983218_n.jpg","width":1440,"height":1800},{"@type":"BreadcrumbList","@id":"http:\/\/mamaglobalhealing.com\/produkt\/cialolubny-warsztat\/#breadcrumb","itemListElement":[{"@type":"ListItem","position":1,"name":"Strona g\u0142\u00f3wna","item":"https:\/\/mamaglobalhealing.com\/"},{"@type":"ListItem","position":2,"name":"Sklep","item":"https:\/\/mamaglobalhealing.com\/sklep\/"},{"@type":"ListItem","position":3,"name":"Cia\u0142olubny warsztat | Olga Turczak"}]},{"@type":"WebSite","@id":"https:\/\/mamaglobalhealing.com\/#website","url":"https:\/\/mamaglobalhealing.com\/","name":"Mama Global Healing","description":"Kolejna witryna WordPress","potentialAction":[{"@type":"SearchAction","target":{"@type":"EntryPoint","urlTemplate":"https:\/\/mamaglobalhealing.com\/?s={search_term_string}"},"query-input":{"@type":"PropertyValueSpecification","valueRequired":true,"valueName":"search_term_string"}}],"inLanguage":"en-GB"}]}},"_links":{"self":[{"href":"https:\/\/mamaglobalhealing.com\/en\/wp-json\/wp\/v2\/product\/2794","targetHints":{"allow":["GET"]}}],"collection":[{"href":"https:\/\/mamaglobalhealing.com\/en\/wp-json\/wp\/v2\/product"}],"about":[{"href":"https:\/\/mamaglobalhealing.com\/en\/wp-json\/wp\/v2\/types\/product"}],"wp:featuredmedia":[{"embeddable":true,"href":"https:\/\/mamaglobalhealing.com\/en\/wp-json\/wp\/v2\/media\/2840"}],"wp:attachment":[{"href":"https:\/\/mamaglobalhealing.com\/en\/wp-json\/wp\/v2\/media?parent=2794"}],"wp:term":[{"taxonomy":"product_brand","embeddable":true,"href":"https:\/\/mamaglobalhealing.com\/en\/wp-json\/wp\/v2\/product_brand?post=2794"},{"taxonomy":"product_cat","embeddable":true,"href":"https:\/\/mamaglobalhealing.com\/en\/wp-json\/wp\/v2\/product_cat?post=2794"},{"taxonomy":"product_tag","embeddable":true,"href":"https:\/\/mamaglobalhealing.com\/en\/wp-json\/wp\/v2\/product_tag?post=2794"}],"curies":[{"name":"wp","href":"https:\/\/api.w.org\/{rel}","templated":true}]}}