{"id":2795,"date":"2022-04-27T20:44:25","date_gmt":"2022-04-27T20:44:25","guid":{"rendered":"https:\/\/mamaglobalhealing.com\/?post_type=product&#038;p=2795"},"modified":"2022-11-17T11:07:36","modified_gmt":"2022-11-17T11:07:36","slug":"pas-mocy","status":"publish","type":"product","link":"https:\/\/mamaglobalhealing.com\/en\/product\/pas-mocy\/","title":{"rendered":"Pas Mocy &#8211; BELT of POWER | Olga Turczak"},"content":{"rendered":"","protected":false},"excerpt":{"rendered":"<p><span style=\"font-weight: 400;\"> Warsztat, na kt\u00f3rym ka\u017cda z kobiet stworzy w\u0142asny, magiczny Pas Mocy z intencj\u0105. Otaczaj\u0105c w\u0142asnor\u0119cznie stworzonym pasem Mocy nasz\u0105 \u015bwi\u0119t\u0105 przestrze\u0144 brzucha i \u0142ona symbolicznie bierzemy odpowiedzialno\u015b\u0107 za sw\u00f3j dobrostan i dbanie o nasze granice. Gest codziennego okalania bioder tym pasem ma przypomina\u0107 o \u015bwi\u0119to\u015bci naszego Cia\u0142a. <\/span><\/p>\n<p><b>Prowadz\u0105cy:<\/b><span style=\"font-weight: 400;\"> Olga Turczak<\/span><\/p>\n<p><b>Czas trwania:<\/b> 3h<\/p>\n<p><b>Data i godzina:<\/b> pi\u0105tek 12:00 &#8211; 15:00<\/p>\n<p><b>Miejsce:<\/b> <a href=\"https:\/\/mamaglobalhealing.com\/en\/mama-line-up\/magic-chai-place\/\">Magic Chai Place<\/a><\/p>\n<p><b>Ilo\u015b\u0107 os\u00f3b: <\/b>15<\/p>\n<p><b>Dla Kogo:<\/b> Women \/ Kobiety<\/p>\n<p><b>Bobasy:<\/b> nie<\/p>\n<p><b>Cena: <\/b>33<\/p>","protected":false},"featured_media":3254,"template":"","meta":{"_et_pb_use_builder":"","_et_pb_old_content":"","_et_gb_content_width":""},"product_brand":[],"product_cat":[34,41],"product_tag":[],"class_list":{"0":"post-2795","1":"product","2":"type-product","3":"status-publish","4":"has-post-thumbnail","6":"product_cat-mama-work","7":"product_cat-piatek","9":"first","10":"instock","11":"virtual","12":"taxable","13":"product-type-simple"},"yoast_head":"<!-- This site is optimized with the Yoast SEO plugin v25.1 - https:\/\/yoast.com\/wordpress\/plugins\/seo\/ -->\n<title>Pas Mocy - BELT of POWER | Olga Turczak - Mama Global Healing<\/title>\n<meta name=\"robots\" content=\"index, follow, max-snippet:-1, max-image-preview:large, max-video-preview:-1\" \/>\n<link rel=\"canonical\" href=\"http:\/\/mamaglobalhealing.com\/en\/product\/pas-mocy\/\" \/>\n<meta property=\"og:locale\" content=\"en_GB\" \/>\n<meta property=\"og:type\" content=\"article\" \/>\n<meta property=\"og:title\" content=\"Pas Mocy - BELT of POWER | Olga Turczak - Mama Global Healing\" \/>\n<meta property=\"og:description\" content=\"Warsztat, na kt\u00f3rym ka\u017cda z kobiet stworzy w\u0142asny, magiczny Pas Mocy z intencj\u0105. Otaczaj\u0105c w\u0142asnor\u0119cznie stworzonym pasem Mocy nasz\u0105 \u015bwi\u0119t\u0105 przestrze\u0144 brzucha i \u0142ona symbolicznie bierzemy odpowiedzialno\u015b\u0107 za sw\u00f3j dobrostan i dbanie o nasze granice. Gest codziennego okalania bioder tym pasem ma przypomina\u0107 o \u015bwi\u0119to\u015bci naszego Cia\u0142a.   Prowadz\u0105cy: Olga Turczak  Czas trwania: 3h  Data i godzina: pi\u0105tek 12:00 - 15:00  Miejsce: Magic Chai Place  Ilo\u015b\u0107 os\u00f3b: 15  Dla Kogo: Women \/ Kobiety  Bobasy: nie  Cena: 33\" \/>\n<meta property=\"og:url\" content=\"http:\/\/mamaglobalhealing.com\/en\/product\/pas-mocy\/\" \/>\n<meta property=\"og:site_name\" content=\"Mama Global Healing\" \/>\n<meta property=\"article:modified_time\" content=\"2022-11-17T11:07:36+00:00\" \/>\n<meta property=\"og:image\" content=\"http:\/\/mamaglobalhealing.com\/wp-content\/uploads\/2022\/04\/IMG_0303.jpg\" \/>\n\t<meta property=\"og:image:width\" content=\"1280\" \/>\n\t<meta property=\"og:image:height\" content=\"854\" \/>\n\t<meta property=\"og:image:type\" content=\"image\/jpeg\" \/>\n<meta name=\"twitter:card\" content=\"summary_large_image\" \/>\n<script type=\"application\/ld+json\" class=\"yoast-schema-graph\">{\"@context\":\"https:\/\/schema.org\",\"@graph\":[{\"@type\":\"WebPage\",\"@id\":\"http:\/\/mamaglobalhealing.com\/produkt\/pas-mocy\/\",\"url\":\"http:\/\/mamaglobalhealing.com\/produkt\/pas-mocy\/\",\"name\":\"Pas Mocy - BELT of POWER | Olga Turczak - Mama Global Healing\",\"isPartOf\":{\"@id\":\"https:\/\/mamaglobalhealing.com\/#website\"},\"primaryImageOfPage\":{\"@id\":\"http:\/\/mamaglobalhealing.com\/produkt\/pas-mocy\/#primaryimage\"},\"image\":{\"@id\":\"http:\/\/mamaglobalhealing.com\/produkt\/pas-mocy\/#primaryimage\"},\"thumbnailUrl\":\"https:\/\/mamaglobalhealing.com\/wp-content\/uploads\/2022\/04\/IMG_0303.jpg\",\"datePublished\":\"2022-04-27T20:44:25+00:00\",\"dateModified\":\"2022-11-17T11:07:36+00:00\",\"breadcrumb\":{\"@id\":\"http:\/\/mamaglobalhealing.com\/produkt\/pas-mocy\/#breadcrumb\"},\"inLanguage\":\"en-GB\",\"potentialAction\":[{\"@type\":\"ReadAction\",\"target\":[\"http:\/\/mamaglobalhealing.com\/produkt\/pas-mocy\/\"]}]},{\"@type\":\"ImageObject\",\"inLanguage\":\"en-GB\",\"@id\":\"http:\/\/mamaglobalhealing.com\/produkt\/pas-mocy\/#primaryimage\",\"url\":\"https:\/\/mamaglobalhealing.com\/wp-content\/uploads\/2022\/04\/IMG_0303.jpg\",\"contentUrl\":\"https:\/\/mamaglobalhealing.com\/wp-content\/uploads\/2022\/04\/IMG_0303.jpg\",\"width\":1280,\"height\":854},{\"@type\":\"BreadcrumbList\",\"@id\":\"http:\/\/mamaglobalhealing.com\/produkt\/pas-mocy\/#breadcrumb\",\"itemListElement\":[{\"@type\":\"ListItem\",\"position\":1,\"name\":\"Strona g\u0142\u00f3wna\",\"item\":\"https:\/\/mamaglobalhealing.com\/\"},{\"@type\":\"ListItem\",\"position\":2,\"name\":\"Sklep\",\"item\":\"https:\/\/mamaglobalhealing.com\/sklep\/\"},{\"@type\":\"ListItem\",\"position\":3,\"name\":\"Pas Mocy &#8211; BELT of POWER | Olga Turczak\"}]},{\"@type\":\"WebSite\",\"@id\":\"https:\/\/mamaglobalhealing.com\/#website\",\"url\":\"https:\/\/mamaglobalhealing.com\/\",\"name\":\"Mama Global Healing\",\"description\":\"Kolejna witryna WordPress\",\"potentialAction\":[{\"@type\":\"SearchAction\",\"target\":{\"@type\":\"EntryPoint\",\"urlTemplate\":\"https:\/\/mamaglobalhealing.com\/?s={search_term_string}\"},\"query-input\":{\"@type\":\"PropertyValueSpecification\",\"valueRequired\":true,\"valueName\":\"search_term_string\"}}],\"inLanguage\":\"en-GB\"}]}<\/script>\n<!-- \/ Yoast SEO plugin. -->","yoast_head_json":{"title":"Pas Mocy - BELT of POWER | Olga Turczak - Mama Global Healing","robots":{"index":"index","follow":"follow","max-snippet":"max-snippet:-1","max-image-preview":"max-image-preview:large","max-video-preview":"max-video-preview:-1"},"canonical":"http:\/\/mamaglobalhealing.com\/en\/product\/pas-mocy\/","og_locale":"en_GB","og_type":"article","og_title":"Pas Mocy - BELT of POWER | Olga Turczak - Mama Global Healing","og_description":"Warsztat, na kt\u00f3rym ka\u017cda z kobiet stworzy w\u0142asny, magiczny Pas Mocy z intencj\u0105. Otaczaj\u0105c w\u0142asnor\u0119cznie stworzonym pasem Mocy nasz\u0105 \u015bwi\u0119t\u0105 przestrze\u0144 brzucha i \u0142ona symbolicznie bierzemy odpowiedzialno\u015b\u0107 za sw\u00f3j dobrostan i dbanie o nasze granice. Gest codziennego okalania bioder tym pasem ma przypomina\u0107 o \u015bwi\u0119to\u015bci naszego Cia\u0142a.   Prowadz\u0105cy: Olga Turczak  Czas trwania: 3h  Data i godzina: pi\u0105tek 12:00 - 15:00  Miejsce: Magic Chai Place  Ilo\u015b\u0107 os\u00f3b: 15  Dla Kogo: Women \/ Kobiety  Bobasy: nie  Cena: 33","og_url":"http:\/\/mamaglobalhealing.com\/en\/product\/pas-mocy\/","og_site_name":"Mama Global Healing","article_modified_time":"2022-11-17T11:07:36+00:00","og_image":[{"width":1280,"height":854,"url":"http:\/\/mamaglobalhealing.com\/wp-content\/uploads\/2022\/04\/IMG_0303.jpg","type":"image\/jpeg"}],"twitter_card":"summary_large_image","schema":{"@context":"https:\/\/schema.org","@graph":[{"@type":"WebPage","@id":"http:\/\/mamaglobalhealing.com\/produkt\/pas-mocy\/","url":"http:\/\/mamaglobalhealing.com\/produkt\/pas-mocy\/","name":"Pas Mocy - BELT of POWER | Olga Turczak - Mama Global Healing","isPartOf":{"@id":"https:\/\/mamaglobalhealing.com\/#website"},"primaryImageOfPage":{"@id":"http:\/\/mamaglobalhealing.com\/produkt\/pas-mocy\/#primaryimage"},"image":{"@id":"http:\/\/mamaglobalhealing.com\/produkt\/pas-mocy\/#primaryimage"},"thumbnailUrl":"https:\/\/mamaglobalhealing.com\/wp-content\/uploads\/2022\/04\/IMG_0303.jpg","datePublished":"2022-04-27T20:44:25+00:00","dateModified":"2022-11-17T11:07:36+00:00","breadcrumb":{"@id":"http:\/\/mamaglobalhealing.com\/produkt\/pas-mocy\/#breadcrumb"},"inLanguage":"en-GB","potentialAction":[{"@type":"ReadAction","target":["http:\/\/mamaglobalhealing.com\/produkt\/pas-mocy\/"]}]},{"@type":"ImageObject","inLanguage":"en-GB","@id":"http:\/\/mamaglobalhealing.com\/produkt\/pas-mocy\/#primaryimage","url":"https:\/\/mamaglobalhealing.com\/wp-content\/uploads\/2022\/04\/IMG_0303.jpg","contentUrl":"https:\/\/mamaglobalhealing.com\/wp-content\/uploads\/2022\/04\/IMG_0303.jpg","width":1280,"height":854},{"@type":"BreadcrumbList","@id":"http:\/\/mamaglobalhealing.com\/produkt\/pas-mocy\/#breadcrumb","itemListElement":[{"@type":"ListItem","position":1,"name":"Strona g\u0142\u00f3wna","item":"https:\/\/mamaglobalhealing.com\/"},{"@type":"ListItem","position":2,"name":"Sklep","item":"https:\/\/mamaglobalhealing.com\/sklep\/"},{"@type":"ListItem","position":3,"name":"Pas Mocy &#8211; BELT of POWER | Olga Turczak"}]},{"@type":"WebSite","@id":"https:\/\/mamaglobalhealing.com\/#website","url":"https:\/\/mamaglobalhealing.com\/","name":"Mama Global Healing","description":"Kolejna witryna WordPress","potentialAction":[{"@type":"SearchAction","target":{"@type":"EntryPoint","urlTemplate":"https:\/\/mamaglobalhealing.com\/?s={search_term_string}"},"query-input":{"@type":"PropertyValueSpecification","valueRequired":true,"valueName":"search_term_string"}}],"inLanguage":"en-GB"}]}},"_links":{"self":[{"href":"https:\/\/mamaglobalhealing.com\/en\/wp-json\/wp\/v2\/product\/2795","targetHints":{"allow":["GET"]}}],"collection":[{"href":"https:\/\/mamaglobalhealing.com\/en\/wp-json\/wp\/v2\/product"}],"about":[{"href":"https:\/\/mamaglobalhealing.com\/en\/wp-json\/wp\/v2\/types\/product"}],"wp:featuredmedia":[{"embeddable":true,"href":"https:\/\/mamaglobalhealing.com\/en\/wp-json\/wp\/v2\/media\/3254"}],"wp:attachment":[{"href":"https:\/\/mamaglobalhealing.com\/en\/wp-json\/wp\/v2\/media?parent=2795"}],"wp:term":[{"taxonomy":"product_brand","embeddable":true,"href":"https:\/\/mamaglobalhealing.com\/en\/wp-json\/wp\/v2\/product_brand?post=2795"},{"taxonomy":"product_cat","embeddable":true,"href":"https:\/\/mamaglobalhealing.com\/en\/wp-json\/wp\/v2\/product_cat?post=2795"},{"taxonomy":"product_tag","embeddable":true,"href":"https:\/\/mamaglobalhealing.com\/en\/wp-json\/wp\/v2\/product_tag?post=2795"}],"curies":[{"name":"wp","href":"https:\/\/api.w.org\/{rel}","templated":true}]}}