{"id":2796,"date":"2022-04-27T20:45:06","date_gmt":"2022-04-27T20:45:06","guid":{"rendered":"https:\/\/mamaglobalhealing.com\/?post_type=product&#038;p=2796"},"modified":"2022-11-17T11:09:45","modified_gmt":"2022-11-17T11:09:45","slug":"kolczyki-stworzenia-mocy","status":"publish","type":"product","link":"https:\/\/mamaglobalhealing.com\/en\/product\/kolczyki-stworzenia-mocy\/","title":{"rendered":"Kolczyki | Earings PL\/ENG | Martyna Migier"},"content":{"rendered":"","protected":false},"excerpt":{"rendered":"<p>Stw\u00f3rz wyj\u0105tkowe kolczyki &#8211; Tw\u00f3j w\u0142asny talizman | <a href=\"https:\/\/martynamigier.com\/o-mnie\/\">Patyqi<\/a> &#8211; bi\u017cuteria pe\u0142na inspiracji i mocy<\/p>\n<p><b>Prowadz\u0105cy:<\/b><span style=\"font-weight: 400;\"> Martyna Migier<\/span><\/p>\n<p><b>Czas trwania: <\/b>2h<\/p>\n<p><b>Data i godzina: <\/b>sobota 10:00 &#8211; 12:00<\/p>\n<p><b>Miejsce: <\/b><a href=\"https:\/\/mamaglobalhealing.com\/en\/mama-line-up\/magic-chai-place\/\">Magic Chai Place<\/a><\/p>\n<p><b>Liczba os\u00f3b: <\/b>10<\/p>\n<p><b>Dla Kogo: <\/b>wszyscy<\/p>\n<p><b>Bobasy:<\/b><span style=\"font-weight: 400;\"> tak<\/span><\/p>\n<p><b>Cena: <\/b>33<\/p>","protected":false},"featured_media":2821,"template":"","meta":{"_et_pb_use_builder":"","_et_pb_old_content":"","_et_gb_content_width":""},"product_brand":[],"product_cat":[34,42],"product_tag":[],"class_list":{"0":"post-2796","1":"product","2":"type-product","3":"status-publish","4":"has-post-thumbnail","6":"product_cat-mama-work","7":"product_cat-sobota","9":"first","10":"outofstock","11":"virtual","12":"taxable","13":"product-type-simple"},"yoast_head":"<!-- This site is optimized with the Yoast SEO plugin v25.1 - https:\/\/yoast.com\/wordpress\/plugins\/seo\/ -->\n<title>Kolczyki | Earings PL\/ENG | Martyna Migier - Mama Global Healing<\/title>\n<meta name=\"robots\" content=\"index, follow, max-snippet:-1, max-image-preview:large, max-video-preview:-1\" \/>\n<link rel=\"canonical\" href=\"http:\/\/mamaglobalhealing.com\/en\/product\/kolczyki-stworzenia-mocy\/\" \/>\n<meta property=\"og:locale\" content=\"en_GB\" \/>\n<meta property=\"og:type\" content=\"article\" \/>\n<meta property=\"og:title\" content=\"Kolczyki | Earings PL\/ENG | Martyna Migier - Mama Global Healing\" \/>\n<meta property=\"og:description\" content=\"Stw\u00f3rz wyj\u0105tkowe kolczyki - Tw\u00f3j w\u0142asny talizman | Patyqi - bi\u017cuteria pe\u0142na inspiracji i mocy  Prowadz\u0105cy: Martyna Migier  Czas trwania: 2h  Data i godzina: sobota 10:00 - 12:00  Miejsce: Magic Chai Place  Liczba os\u00f3b: 10  Dla Kogo: wszyscy  Bobasy: tak  Cena: 33\" \/>\n<meta property=\"og:url\" content=\"http:\/\/mamaglobalhealing.com\/en\/product\/kolczyki-stworzenia-mocy\/\" \/>\n<meta property=\"og:site_name\" content=\"Mama Global Healing\" \/>\n<meta property=\"article:modified_time\" content=\"2022-11-17T11:09:45+00:00\" \/>\n<meta property=\"og:image\" content=\"http:\/\/mamaglobalhealing.com\/wp-content\/uploads\/2022\/04\/175341148_139542944844038_6525419500286100792_n.jpg\" \/>\n\t<meta property=\"og:image:width\" content=\"720\" \/>\n\t<meta property=\"og:image:height\" content=\"960\" \/>\n\t<meta property=\"og:image:type\" content=\"image\/jpeg\" \/>\n<meta name=\"twitter:card\" content=\"summary_large_image\" \/>\n<script type=\"application\/ld+json\" class=\"yoast-schema-graph\">{\"@context\":\"https:\/\/schema.org\",\"@graph\":[{\"@type\":\"WebPage\",\"@id\":\"http:\/\/mamaglobalhealing.com\/produkt\/kolczyki-stworzenia-mocy\/\",\"url\":\"http:\/\/mamaglobalhealing.com\/produkt\/kolczyki-stworzenia-mocy\/\",\"name\":\"Kolczyki | Earings PL\/ENG | Martyna Migier - Mama Global Healing\",\"isPartOf\":{\"@id\":\"https:\/\/mamaglobalhealing.com\/#website\"},\"primaryImageOfPage\":{\"@id\":\"http:\/\/mamaglobalhealing.com\/produkt\/kolczyki-stworzenia-mocy\/#primaryimage\"},\"image\":{\"@id\":\"http:\/\/mamaglobalhealing.com\/produkt\/kolczyki-stworzenia-mocy\/#primaryimage\"},\"thumbnailUrl\":\"https:\/\/mamaglobalhealing.com\/wp-content\/uploads\/2022\/04\/175341148_139542944844038_6525419500286100792_n.jpg\",\"datePublished\":\"2022-04-27T20:45:06+00:00\",\"dateModified\":\"2022-11-17T11:09:45+00:00\",\"breadcrumb\":{\"@id\":\"http:\/\/mamaglobalhealing.com\/produkt\/kolczyki-stworzenia-mocy\/#breadcrumb\"},\"inLanguage\":\"en-GB\",\"potentialAction\":[{\"@type\":\"ReadAction\",\"target\":[\"http:\/\/mamaglobalhealing.com\/produkt\/kolczyki-stworzenia-mocy\/\"]}]},{\"@type\":\"ImageObject\",\"inLanguage\":\"en-GB\",\"@id\":\"http:\/\/mamaglobalhealing.com\/produkt\/kolczyki-stworzenia-mocy\/#primaryimage\",\"url\":\"https:\/\/mamaglobalhealing.com\/wp-content\/uploads\/2022\/04\/175341148_139542944844038_6525419500286100792_n.jpg\",\"contentUrl\":\"https:\/\/mamaglobalhealing.com\/wp-content\/uploads\/2022\/04\/175341148_139542944844038_6525419500286100792_n.jpg\",\"width\":720,\"height\":960},{\"@type\":\"BreadcrumbList\",\"@id\":\"http:\/\/mamaglobalhealing.com\/produkt\/kolczyki-stworzenia-mocy\/#breadcrumb\",\"itemListElement\":[{\"@type\":\"ListItem\",\"position\":1,\"name\":\"Strona g\u0142\u00f3wna\",\"item\":\"https:\/\/mamaglobalhealing.com\/\"},{\"@type\":\"ListItem\",\"position\":2,\"name\":\"Sklep\",\"item\":\"https:\/\/mamaglobalhealing.com\/sklep\/\"},{\"@type\":\"ListItem\",\"position\":3,\"name\":\"Kolczyki | Earings PL\/ENG | Martyna Migier\"}]},{\"@type\":\"WebSite\",\"@id\":\"https:\/\/mamaglobalhealing.com\/#website\",\"url\":\"https:\/\/mamaglobalhealing.com\/\",\"name\":\"Mama Global Healing\",\"description\":\"Kolejna witryna WordPress\",\"potentialAction\":[{\"@type\":\"SearchAction\",\"target\":{\"@type\":\"EntryPoint\",\"urlTemplate\":\"https:\/\/mamaglobalhealing.com\/?s={search_term_string}\"},\"query-input\":{\"@type\":\"PropertyValueSpecification\",\"valueRequired\":true,\"valueName\":\"search_term_string\"}}],\"inLanguage\":\"en-GB\"}]}<\/script>\n<!-- \/ Yoast SEO plugin. -->","yoast_head_json":{"title":"Kolczyki | Earings PL\/ENG | Martyna Migier - Mama Global Healing","robots":{"index":"index","follow":"follow","max-snippet":"max-snippet:-1","max-image-preview":"max-image-preview:large","max-video-preview":"max-video-preview:-1"},"canonical":"http:\/\/mamaglobalhealing.com\/en\/product\/kolczyki-stworzenia-mocy\/","og_locale":"en_GB","og_type":"article","og_title":"Kolczyki | Earings PL\/ENG | Martyna Migier - Mama Global Healing","og_description":"Stw\u00f3rz wyj\u0105tkowe kolczyki - Tw\u00f3j w\u0142asny talizman | Patyqi - bi\u017cuteria pe\u0142na inspiracji i mocy  Prowadz\u0105cy: Martyna Migier  Czas trwania: 2h  Data i godzina: sobota 10:00 - 12:00  Miejsce: Magic Chai Place  Liczba os\u00f3b: 10  Dla Kogo: wszyscy  Bobasy: tak  Cena: 33","og_url":"http:\/\/mamaglobalhealing.com\/en\/product\/kolczyki-stworzenia-mocy\/","og_site_name":"Mama Global Healing","article_modified_time":"2022-11-17T11:09:45+00:00","og_image":[{"width":720,"height":960,"url":"http:\/\/mamaglobalhealing.com\/wp-content\/uploads\/2022\/04\/175341148_139542944844038_6525419500286100792_n.jpg","type":"image\/jpeg"}],"twitter_card":"summary_large_image","schema":{"@context":"https:\/\/schema.org","@graph":[{"@type":"WebPage","@id":"http:\/\/mamaglobalhealing.com\/produkt\/kolczyki-stworzenia-mocy\/","url":"http:\/\/mamaglobalhealing.com\/produkt\/kolczyki-stworzenia-mocy\/","name":"Kolczyki | Earings PL\/ENG | Martyna Migier - Mama Global Healing","isPartOf":{"@id":"https:\/\/mamaglobalhealing.com\/#website"},"primaryImageOfPage":{"@id":"http:\/\/mamaglobalhealing.com\/produkt\/kolczyki-stworzenia-mocy\/#primaryimage"},"image":{"@id":"http:\/\/mamaglobalhealing.com\/produkt\/kolczyki-stworzenia-mocy\/#primaryimage"},"thumbnailUrl":"https:\/\/mamaglobalhealing.com\/wp-content\/uploads\/2022\/04\/175341148_139542944844038_6525419500286100792_n.jpg","datePublished":"2022-04-27T20:45:06+00:00","dateModified":"2022-11-17T11:09:45+00:00","breadcrumb":{"@id":"http:\/\/mamaglobalhealing.com\/produkt\/kolczyki-stworzenia-mocy\/#breadcrumb"},"inLanguage":"en-GB","potentialAction":[{"@type":"ReadAction","target":["http:\/\/mamaglobalhealing.com\/produkt\/kolczyki-stworzenia-mocy\/"]}]},{"@type":"ImageObject","inLanguage":"en-GB","@id":"http:\/\/mamaglobalhealing.com\/produkt\/kolczyki-stworzenia-mocy\/#primaryimage","url":"https:\/\/mamaglobalhealing.com\/wp-content\/uploads\/2022\/04\/175341148_139542944844038_6525419500286100792_n.jpg","contentUrl":"https:\/\/mamaglobalhealing.com\/wp-content\/uploads\/2022\/04\/175341148_139542944844038_6525419500286100792_n.jpg","width":720,"height":960},{"@type":"BreadcrumbList","@id":"http:\/\/mamaglobalhealing.com\/produkt\/kolczyki-stworzenia-mocy\/#breadcrumb","itemListElement":[{"@type":"ListItem","position":1,"name":"Strona g\u0142\u00f3wna","item":"https:\/\/mamaglobalhealing.com\/"},{"@type":"ListItem","position":2,"name":"Sklep","item":"https:\/\/mamaglobalhealing.com\/sklep\/"},{"@type":"ListItem","position":3,"name":"Kolczyki | Earings PL\/ENG | Martyna Migier"}]},{"@type":"WebSite","@id":"https:\/\/mamaglobalhealing.com\/#website","url":"https:\/\/mamaglobalhealing.com\/","name":"Mama Global Healing","description":"Kolejna witryna WordPress","potentialAction":[{"@type":"SearchAction","target":{"@type":"EntryPoint","urlTemplate":"https:\/\/mamaglobalhealing.com\/?s={search_term_string}"},"query-input":{"@type":"PropertyValueSpecification","valueRequired":true,"valueName":"search_term_string"}}],"inLanguage":"en-GB"}]}},"_links":{"self":[{"href":"https:\/\/mamaglobalhealing.com\/en\/wp-json\/wp\/v2\/product\/2796","targetHints":{"allow":["GET"]}}],"collection":[{"href":"https:\/\/mamaglobalhealing.com\/en\/wp-json\/wp\/v2\/product"}],"about":[{"href":"https:\/\/mamaglobalhealing.com\/en\/wp-json\/wp\/v2\/types\/product"}],"wp:featuredmedia":[{"embeddable":true,"href":"https:\/\/mamaglobalhealing.com\/en\/wp-json\/wp\/v2\/media\/2821"}],"wp:attachment":[{"href":"https:\/\/mamaglobalhealing.com\/en\/wp-json\/wp\/v2\/media?parent=2796"}],"wp:term":[{"taxonomy":"product_brand","embeddable":true,"href":"https:\/\/mamaglobalhealing.com\/en\/wp-json\/wp\/v2\/product_brand?post=2796"},{"taxonomy":"product_cat","embeddable":true,"href":"https:\/\/mamaglobalhealing.com\/en\/wp-json\/wp\/v2\/product_cat?post=2796"},{"taxonomy":"product_tag","embeddable":true,"href":"https:\/\/mamaglobalhealing.com\/en\/wp-json\/wp\/v2\/product_tag?post=2796"}],"curies":[{"name":"wp","href":"https:\/\/api.w.org\/{rel}","templated":true}]}}