{"id":3409,"date":"2022-05-14T13:04:12","date_gmt":"2022-05-14T13:04:12","guid":{"rendered":"https:\/\/mamaglobalhealing.com\/?post_type=product&#038;p=3409"},"modified":"2022-11-17T11:07:16","modified_gmt":"2022-11-17T11:07:16","slug":"magia-wyobrazni-i-karty-wrozebne-malgorzata-alicja-bialy","status":"publish","type":"product","link":"https:\/\/mamaglobalhealing.com\/en\/product\/magia-wyobrazni-i-karty-wrozebne-malgorzata-alicja-bialy\/","title":{"rendered":"Magia wyobra\u017ani i karty wr\u00f3\u017cebne | Ma\u0142gorzata Alicja Bia\u0142y"},"content":{"rendered":"","protected":false},"excerpt":{"rendered":"<p>Europejska tradycja magiczna posiada wiele ciekawych technik, cz\u0119sto zapomnianych i bagatelizowanych, a jednak niezwykle korzystnych, nie tylko dla os\u00f3b zajmuj\u0105cych si\u0119 magi\u0105 czy dywinacj\u0105, ale tak\u017ce dla tych, kt\u00f3rzy poszukuj\u0105 w\u0142asnych dr\u00f3g rozwoju osobistego i duchowego. We wst\u0119pie kr\u00f3tko przybli\u017c\u0119 historyczne metody magicznej pracy z wyobra\u017ani\u0105. Nast\u0119pnie skoncentruje si\u0119 na praktyce magicznej wyobra\u017ani: zar\u00f3wno pod katem rozwoju kreatywno\u015bci i skuteczno\u015bci wizualizacji, jaki i pracy z kartami wr\u00f3\u017cebnymi (z tarotem i z wyroczniami). Wyk\u0142ad z elementami warsztatu przeznaczony jest dla os\u00f3b, kt\u00f3rzy chc\u0105 odkry\u0107 w sobie moc tworzenia, pobudzi\u0107 swoj\u0105 dusz\u0119, serce i umys\u0142 do kreatywnej alchemii, oraz z lekko\u015bci\u0105 i \u0142atwo\u015bci\u0105 korzysta\u0107 ze swoich magicznych umiej\u0119tno\u015bci. Praca z wyobra\u017ani\u0105, z magicznym obrazem to cudowna podr\u00f3\u017c do wn\u0119trza, kt\u00f3ra mo\u017ce poprowadzi\u0107 ka\u017cdego z nas a\u017c do \u0179r\u00f3d\u0142a naszej duszy.<\/p>\n<p><strong>Prowadz\u0105ca: <\/strong>Ma\u0142gorzata Alicja Bia\u0142y<\/p>\n<p><strong>Data i godzina:<\/strong> pi\u0105tek 14:30 &#8211; 16:00<\/p>\n<p><strong>Miejsce:<\/strong> <a href=\"https:\/\/mamaglobalhealing.com\/en\/mama-line-up\/karma-place\/\">Karma Place<\/a><\/p>\n<p><strong>Bobasy:\u00a0<\/strong>tak<\/p>\n<p><strong>Cena: <\/strong>33z\u0142<\/p>\n<p><strong>J\u0119zyk:<\/strong> PL<\/p>\n<p>&nbsp;<\/p>","protected":false},"featured_media":3344,"template":"","meta":{"_et_pb_use_builder":"","_et_pb_old_content":"","_et_gb_content_width":""},"product_brand":[],"product_cat":[34,41],"product_tag":[],"class_list":{"0":"post-3409","1":"product","2":"type-product","3":"status-publish","4":"has-post-thumbnail","6":"product_cat-mama-work","7":"product_cat-piatek","9":"first","10":"instock","11":"taxable","12":"shipping-taxable","13":"product-type-simple"},"yoast_head":"<!-- This site is optimized with the Yoast SEO plugin v25.1 - https:\/\/yoast.com\/wordpress\/plugins\/seo\/ -->\n<title>Magia wyobra\u017ani i karty wr\u00f3\u017cebne | Ma\u0142gorzata Alicja Bia\u0142y - Mama Global Healing<\/title>\n<meta name=\"description\" content=\"Europejska tradycja magiczna posiada wiele ciekawych technik, cz\u0119sto zapomnianych i bagatelizowanych, a jednak niezwykle korzystnych, nie tylko dla os\u00f3b zajmuj\u0105cych si\u0119 magi\u0105 czy dywinacj\u0105, ale tak\u017ce dla tych, kt\u00f3rzy poszukuj\u0105 w\u0142asnych dr\u00f3g rozwoju osobistego i duchowego. We wst\u0119pie kr\u00f3tko przybli\u017c\u0119 historyczne metody magicznej pracy z wyobra\u017ani\u0105. Nast\u0119pnie skoncentruje si\u0119 na praktyce magicznej wyobra\u017ani: zar\u00f3wno pod katem rozwoju kreatywno\u015bci i skuteczno\u015bci wizualizacji, jaki i pracy z kartami wr\u00f3\u017cebnymi (z tarotem i z wyroczniami). Wyk\u0142ad z elementami warsztatu przeznaczony jest dla os\u00f3b, kt\u00f3rzy chc\u0105 odkry\u0107 w sobie moc tworzenia, pobudzi\u0107 swoj\u0105 dusz\u0119, serce i umys\u0142 do kreatywnej alchemii, oraz z lekko\u015bci\u0105 i \u0142atwo\u015bci\u0105 korzysta\u0107 ze swoich magicznych umiej\u0119tno\u015bci. Praca z wyobra\u017ani\u0105, z magicznym obrazem to cudowna podr\u00f3\u017c do wn\u0119trza, kt\u00f3ra mo\u017ce poprowadzi\u0107 ka\u017cdego z nas a\u017c do \u0179r\u00f3d\u0142a naszej duszy.\" \/>\n<meta name=\"robots\" content=\"index, follow, max-snippet:-1, max-image-preview:large, max-video-preview:-1\" \/>\n<link rel=\"canonical\" href=\"http:\/\/mamaglobalhealing.com\/en\/product\/magia-wyobrazni-i-karty-wrozebne-malgorzata-alicja-bialy\/\" \/>\n<meta property=\"og:locale\" content=\"en_GB\" \/>\n<meta property=\"og:type\" content=\"article\" \/>\n<meta property=\"og:title\" content=\"Magia wyobra\u017ani i karty wr\u00f3\u017cebne\" \/>\n<meta property=\"og:description\" content=\"MAMA 2022 | Ma\u0142gorzata Alicja Bia\u0142y\" \/>\n<meta property=\"og:url\" content=\"http:\/\/mamaglobalhealing.com\/en\/product\/magia-wyobrazni-i-karty-wrozebne-malgorzata-alicja-bialy\/\" \/>\n<meta property=\"og:site_name\" content=\"Mama Global Healing\" \/>\n<meta property=\"article:modified_time\" content=\"2022-11-17T11:07:16+00:00\" \/>\n<meta property=\"og:image\" content=\"http:\/\/mamaglobalhealing.com\/wp-content\/uploads\/2022\/04\/Kopia-IMG_8992-scaled.jpg\" \/>\n\t<meta property=\"og:image:width\" content=\"1923\" \/>\n\t<meta property=\"og:image:height\" content=\"2560\" \/>\n\t<meta property=\"og:image:type\" content=\"image\/jpeg\" \/>\n<meta name=\"twitter:card\" content=\"summary_large_image\" \/>\n<script type=\"application\/ld+json\" class=\"yoast-schema-graph\">{\"@context\":\"https:\/\/schema.org\",\"@graph\":[{\"@type\":\"WebPage\",\"@id\":\"http:\/\/mamaglobalhealing.com\/produkt\/magia-wyobrazni-i-karty-wrozebne-malgorzata-alicja-bialy\/\",\"url\":\"http:\/\/mamaglobalhealing.com\/produkt\/magia-wyobrazni-i-karty-wrozebne-malgorzata-alicja-bialy\/\",\"name\":\"Magia wyobra\u017ani i karty wr\u00f3\u017cebne | Ma\u0142gorzata Alicja Bia\u0142y - Mama Global Healing\",\"isPartOf\":{\"@id\":\"https:\/\/mamaglobalhealing.com\/#website\"},\"primaryImageOfPage\":{\"@id\":\"http:\/\/mamaglobalhealing.com\/produkt\/magia-wyobrazni-i-karty-wrozebne-malgorzata-alicja-bialy\/#primaryimage\"},\"image\":{\"@id\":\"http:\/\/mamaglobalhealing.com\/produkt\/magia-wyobrazni-i-karty-wrozebne-malgorzata-alicja-bialy\/#primaryimage\"},\"thumbnailUrl\":\"https:\/\/mamaglobalhealing.com\/wp-content\/uploads\/2022\/04\/Kopia-IMG_8992-scaled.jpg\",\"datePublished\":\"2022-05-14T13:04:12+00:00\",\"dateModified\":\"2022-11-17T11:07:16+00:00\",\"description\":\"Europejska tradycja magiczna posiada wiele ciekawych technik, cz\u0119sto zapomnianych i bagatelizowanych, a jednak niezwykle korzystnych, nie tylko dla os\u00f3b zajmuj\u0105cych si\u0119 magi\u0105 czy dywinacj\u0105, ale tak\u017ce dla tych, kt\u00f3rzy poszukuj\u0105 w\u0142asnych dr\u00f3g rozwoju osobistego i duchowego. We wst\u0119pie kr\u00f3tko przybli\u017c\u0119 historyczne metody magicznej pracy z wyobra\u017ani\u0105. Nast\u0119pnie skoncentruje si\u0119 na praktyce magicznej wyobra\u017ani: zar\u00f3wno pod katem rozwoju kreatywno\u015bci i skuteczno\u015bci wizualizacji, jaki i pracy z kartami wr\u00f3\u017cebnymi (z tarotem i z wyroczniami). Wyk\u0142ad z elementami warsztatu przeznaczony jest dla os\u00f3b, kt\u00f3rzy chc\u0105 odkry\u0107 w sobie moc tworzenia, pobudzi\u0107 swoj\u0105 dusz\u0119, serce i umys\u0142 do kreatywnej alchemii, oraz z lekko\u015bci\u0105 i \u0142atwo\u015bci\u0105 korzysta\u0107 ze swoich magicznych umiej\u0119tno\u015bci. Praca z wyobra\u017ani\u0105, z magicznym obrazem to cudowna podr\u00f3\u017c do wn\u0119trza, kt\u00f3ra mo\u017ce poprowadzi\u0107 ka\u017cdego z nas a\u017c do \u0179r\u00f3d\u0142a naszej duszy.\",\"breadcrumb\":{\"@id\":\"http:\/\/mamaglobalhealing.com\/produkt\/magia-wyobrazni-i-karty-wrozebne-malgorzata-alicja-bialy\/#breadcrumb\"},\"inLanguage\":\"en-GB\",\"potentialAction\":[{\"@type\":\"ReadAction\",\"target\":[\"http:\/\/mamaglobalhealing.com\/produkt\/magia-wyobrazni-i-karty-wrozebne-malgorzata-alicja-bialy\/\"]}]},{\"@type\":\"ImageObject\",\"inLanguage\":\"en-GB\",\"@id\":\"http:\/\/mamaglobalhealing.com\/produkt\/magia-wyobrazni-i-karty-wrozebne-malgorzata-alicja-bialy\/#primaryimage\",\"url\":\"https:\/\/mamaglobalhealing.com\/wp-content\/uploads\/2022\/04\/Kopia-IMG_8992-scaled.jpg\",\"contentUrl\":\"https:\/\/mamaglobalhealing.com\/wp-content\/uploads\/2022\/04\/Kopia-IMG_8992-scaled.jpg\",\"width\":1923,\"height\":2560},{\"@type\":\"BreadcrumbList\",\"@id\":\"http:\/\/mamaglobalhealing.com\/produkt\/magia-wyobrazni-i-karty-wrozebne-malgorzata-alicja-bialy\/#breadcrumb\",\"itemListElement\":[{\"@type\":\"ListItem\",\"position\":1,\"name\":\"Strona g\u0142\u00f3wna\",\"item\":\"https:\/\/mamaglobalhealing.com\/\"},{\"@type\":\"ListItem\",\"position\":2,\"name\":\"Sklep\",\"item\":\"https:\/\/mamaglobalhealing.com\/sklep\/\"},{\"@type\":\"ListItem\",\"position\":3,\"name\":\"Magia wyobra\u017ani i&nbsp;karty wr\u00f3\u017cebne | Ma\u0142gorzata Alicja Bia\u0142y\"}]},{\"@type\":\"WebSite\",\"@id\":\"https:\/\/mamaglobalhealing.com\/#website\",\"url\":\"https:\/\/mamaglobalhealing.com\/\",\"name\":\"Mama Global Healing\",\"description\":\"Kolejna witryna WordPress\",\"potentialAction\":[{\"@type\":\"SearchAction\",\"target\":{\"@type\":\"EntryPoint\",\"urlTemplate\":\"https:\/\/mamaglobalhealing.com\/?s={search_term_string}\"},\"query-input\":{\"@type\":\"PropertyValueSpecification\",\"valueRequired\":true,\"valueName\":\"search_term_string\"}}],\"inLanguage\":\"en-GB\"}]}<\/script>\n<!-- \/ Yoast SEO plugin. -->","yoast_head_json":{"title":"Magia wyobra\u017ani i karty wr\u00f3\u017cebne | Ma\u0142gorzata Alicja Bia\u0142y - Mama Global Healing","description":"Europejska tradycja magiczna posiada wiele ciekawych technik, cz\u0119sto zapomnianych i bagatelizowanych, a jednak niezwykle korzystnych, nie tylko dla os\u00f3b zajmuj\u0105cych si\u0119 magi\u0105 czy dywinacj\u0105, ale tak\u017ce dla tych, kt\u00f3rzy poszukuj\u0105 w\u0142asnych dr\u00f3g rozwoju osobistego i duchowego. We wst\u0119pie kr\u00f3tko przybli\u017c\u0119 historyczne metody magicznej pracy z wyobra\u017ani\u0105. Nast\u0119pnie skoncentruje si\u0119 na praktyce magicznej wyobra\u017ani: zar\u00f3wno pod katem rozwoju kreatywno\u015bci i skuteczno\u015bci wizualizacji, jaki i pracy z kartami wr\u00f3\u017cebnymi (z tarotem i z wyroczniami). Wyk\u0142ad z elementami warsztatu przeznaczony jest dla os\u00f3b, kt\u00f3rzy chc\u0105 odkry\u0107 w sobie moc tworzenia, pobudzi\u0107 swoj\u0105 dusz\u0119, serce i umys\u0142 do kreatywnej alchemii, oraz z lekko\u015bci\u0105 i \u0142atwo\u015bci\u0105 korzysta\u0107 ze swoich magicznych umiej\u0119tno\u015bci. Praca z wyobra\u017ani\u0105, z magicznym obrazem to cudowna podr\u00f3\u017c do wn\u0119trza, kt\u00f3ra mo\u017ce poprowadzi\u0107 ka\u017cdego z nas a\u017c do \u0179r\u00f3d\u0142a naszej duszy.","robots":{"index":"index","follow":"follow","max-snippet":"max-snippet:-1","max-image-preview":"max-image-preview:large","max-video-preview":"max-video-preview:-1"},"canonical":"http:\/\/mamaglobalhealing.com\/en\/product\/magia-wyobrazni-i-karty-wrozebne-malgorzata-alicja-bialy\/","og_locale":"en_GB","og_type":"article","og_title":"Magia wyobra\u017ani i karty wr\u00f3\u017cebne","og_description":"MAMA 2022 | Ma\u0142gorzata Alicja Bia\u0142y","og_url":"http:\/\/mamaglobalhealing.com\/en\/product\/magia-wyobrazni-i-karty-wrozebne-malgorzata-alicja-bialy\/","og_site_name":"Mama Global Healing","article_modified_time":"2022-11-17T11:07:16+00:00","og_image":[{"width":1923,"height":2560,"url":"http:\/\/mamaglobalhealing.com\/wp-content\/uploads\/2022\/04\/Kopia-IMG_8992-scaled.jpg","type":"image\/jpeg"}],"twitter_card":"summary_large_image","schema":{"@context":"https:\/\/schema.org","@graph":[{"@type":"WebPage","@id":"http:\/\/mamaglobalhealing.com\/produkt\/magia-wyobrazni-i-karty-wrozebne-malgorzata-alicja-bialy\/","url":"http:\/\/mamaglobalhealing.com\/produkt\/magia-wyobrazni-i-karty-wrozebne-malgorzata-alicja-bialy\/","name":"Magia wyobra\u017ani i karty wr\u00f3\u017cebne | Ma\u0142gorzata Alicja Bia\u0142y - Mama Global Healing","isPartOf":{"@id":"https:\/\/mamaglobalhealing.com\/#website"},"primaryImageOfPage":{"@id":"http:\/\/mamaglobalhealing.com\/produkt\/magia-wyobrazni-i-karty-wrozebne-malgorzata-alicja-bialy\/#primaryimage"},"image":{"@id":"http:\/\/mamaglobalhealing.com\/produkt\/magia-wyobrazni-i-karty-wrozebne-malgorzata-alicja-bialy\/#primaryimage"},"thumbnailUrl":"https:\/\/mamaglobalhealing.com\/wp-content\/uploads\/2022\/04\/Kopia-IMG_8992-scaled.jpg","datePublished":"2022-05-14T13:04:12+00:00","dateModified":"2022-11-17T11:07:16+00:00","description":"Europejska tradycja magiczna posiada wiele ciekawych technik, cz\u0119sto zapomnianych i bagatelizowanych, a jednak niezwykle korzystnych, nie tylko dla os\u00f3b zajmuj\u0105cych si\u0119 magi\u0105 czy dywinacj\u0105, ale tak\u017ce dla tych, kt\u00f3rzy poszukuj\u0105 w\u0142asnych dr\u00f3g rozwoju osobistego i duchowego. We wst\u0119pie kr\u00f3tko przybli\u017c\u0119 historyczne metody magicznej pracy z wyobra\u017ani\u0105. Nast\u0119pnie skoncentruje si\u0119 na praktyce magicznej wyobra\u017ani: zar\u00f3wno pod katem rozwoju kreatywno\u015bci i skuteczno\u015bci wizualizacji, jaki i pracy z kartami wr\u00f3\u017cebnymi (z tarotem i z wyroczniami). Wyk\u0142ad z elementami warsztatu przeznaczony jest dla os\u00f3b, kt\u00f3rzy chc\u0105 odkry\u0107 w sobie moc tworzenia, pobudzi\u0107 swoj\u0105 dusz\u0119, serce i umys\u0142 do kreatywnej alchemii, oraz z lekko\u015bci\u0105 i \u0142atwo\u015bci\u0105 korzysta\u0107 ze swoich magicznych umiej\u0119tno\u015bci. Praca z wyobra\u017ani\u0105, z magicznym obrazem to cudowna podr\u00f3\u017c do wn\u0119trza, kt\u00f3ra mo\u017ce poprowadzi\u0107 ka\u017cdego z nas a\u017c do \u0179r\u00f3d\u0142a naszej duszy.","breadcrumb":{"@id":"http:\/\/mamaglobalhealing.com\/produkt\/magia-wyobrazni-i-karty-wrozebne-malgorzata-alicja-bialy\/#breadcrumb"},"inLanguage":"en-GB","potentialAction":[{"@type":"ReadAction","target":["http:\/\/mamaglobalhealing.com\/produkt\/magia-wyobrazni-i-karty-wrozebne-malgorzata-alicja-bialy\/"]}]},{"@type":"ImageObject","inLanguage":"en-GB","@id":"http:\/\/mamaglobalhealing.com\/produkt\/magia-wyobrazni-i-karty-wrozebne-malgorzata-alicja-bialy\/#primaryimage","url":"https:\/\/mamaglobalhealing.com\/wp-content\/uploads\/2022\/04\/Kopia-IMG_8992-scaled.jpg","contentUrl":"https:\/\/mamaglobalhealing.com\/wp-content\/uploads\/2022\/04\/Kopia-IMG_8992-scaled.jpg","width":1923,"height":2560},{"@type":"BreadcrumbList","@id":"http:\/\/mamaglobalhealing.com\/produkt\/magia-wyobrazni-i-karty-wrozebne-malgorzata-alicja-bialy\/#breadcrumb","itemListElement":[{"@type":"ListItem","position":1,"name":"Strona g\u0142\u00f3wna","item":"https:\/\/mamaglobalhealing.com\/"},{"@type":"ListItem","position":2,"name":"Sklep","item":"https:\/\/mamaglobalhealing.com\/sklep\/"},{"@type":"ListItem","position":3,"name":"Magia wyobra\u017ani i&nbsp;karty wr\u00f3\u017cebne | Ma\u0142gorzata Alicja Bia\u0142y"}]},{"@type":"WebSite","@id":"https:\/\/mamaglobalhealing.com\/#website","url":"https:\/\/mamaglobalhealing.com\/","name":"Mama Global Healing","description":"Kolejna witryna WordPress","potentialAction":[{"@type":"SearchAction","target":{"@type":"EntryPoint","urlTemplate":"https:\/\/mamaglobalhealing.com\/?s={search_term_string}"},"query-input":{"@type":"PropertyValueSpecification","valueRequired":true,"valueName":"search_term_string"}}],"inLanguage":"en-GB"}]}},"_links":{"self":[{"href":"https:\/\/mamaglobalhealing.com\/en\/wp-json\/wp\/v2\/product\/3409","targetHints":{"allow":["GET"]}}],"collection":[{"href":"https:\/\/mamaglobalhealing.com\/en\/wp-json\/wp\/v2\/product"}],"about":[{"href":"https:\/\/mamaglobalhealing.com\/en\/wp-json\/wp\/v2\/types\/product"}],"wp:featuredmedia":[{"embeddable":true,"href":"https:\/\/mamaglobalhealing.com\/en\/wp-json\/wp\/v2\/media\/3344"}],"wp:attachment":[{"href":"https:\/\/mamaglobalhealing.com\/en\/wp-json\/wp\/v2\/media?parent=3409"}],"wp:term":[{"taxonomy":"product_brand","embeddable":true,"href":"https:\/\/mamaglobalhealing.com\/en\/wp-json\/wp\/v2\/product_brand?post=3409"},{"taxonomy":"product_cat","embeddable":true,"href":"https:\/\/mamaglobalhealing.com\/en\/wp-json\/wp\/v2\/product_cat?post=3409"},{"taxonomy":"product_tag","embeddable":true,"href":"https:\/\/mamaglobalhealing.com\/en\/wp-json\/wp\/v2\/product_tag?post=3409"}],"curies":[{"name":"wp","href":"https:\/\/api.w.org\/{rel}","templated":true}]}}