{"id":3515,"date":"2022-05-16T10:07:51","date_gmt":"2022-05-16T10:07:51","guid":{"rendered":"https:\/\/mamaglobalhealing.com\/?post_type=product&#038;p=3515"},"modified":"2022-06-26T23:38:58","modified_gmt":"2022-06-26T23:38:58","slug":"fierce-body-z-perkusja-na-zywo-marta-ziolek","status":"publish","type":"product","link":"https:\/\/mamaglobalhealing.com\/en\/product\/fierce-body-z-perkusja-na-zywo-marta-ziolek\/","title":{"rendered":"FIERCE Body with live drums ~ z perkusj\u0105 na \u017cywo PL\/ENG | Marta Zi\u00f3\u0142ek"},"content":{"rendered":"","protected":false},"excerpt":{"rendered":"<p dir=\"ltr\">\u201dJe\u015bli nie mog\u0119 ta\u0144czy\u0107,<br \/>\nto nie moja rewolucja.\u201d<br \/>\n(Emma Goldman)<\/p>\n<p dir=\"ltr\">Punktem wyj\u015bcia dla warsztatu jest potrzeba stworzenia przestrzeni celebracji WOLNYCH CIA\u0141, dedykowanej wsp\u00f3lnototw\u00f3rczej, spo\u0142ecznie oczyszczaj\u0105cej mocy ta\u0144ca.\u00a0Warsztaty opieraj\u0105 si\u0119 na hybrydowej technice, wzmacniaj\u0105cej indywidualn\u0105 i grupow\u0105\u00a0 obecno\u015b\u0107. Praktyka taneczna b\u0119dzie budowana przy granej na \u017cywo muzyce perkusyjnej. B\u0119dziemy \u0142\u0105czy\u0107 zar\u00f3wno elementy medytacji dynamicznej, footwork\u00f3w pochodz\u0105cych z kultury klubowej i ulicznej, jak i transowych ta\u0144c\u00f3w. Warsztatowi towarzyszy\u0107 b\u0119dzie praktyka wokalna, kt\u00f3ra skupia si\u0119 na dolnych centrach uczuciowo-emocjonalnych i aktywnej pracy z miednic\u0105, przepon\u0105, gard\u0142em, stopami, d\u0142o\u0144mi, uwolnieniem cia\u0142a i wibracji. Jakie emocje towarzysz\u0105 nam w ruchu i jak mog\u0105 by\u0107 \u015bwiadomie transformowane we wsp\u00f3lny gest, dzia\u0142anie, taniec, g\u0142os? Jak budowana jest \u0142\u0105czno\u015b\u0107, wzajemno\u015b\u0107 mi\u0119dzy cia\u0142ami, wsp\u00f3\u0142-bycie, wsp\u00f3lne formy oporu oraz wsp\u00f3\u0142-czucie w ruchu?<\/p>\n<p dir=\"ltr\"><span id=\"[0,3]\" class=\"word\">\u201cIf<\/span> <span id=\"[4,5]\" class=\"word\">I<\/span> <span id=\"[6,11]\" class=\"word\">can\u2019t<\/span> <span id=\"[12,17]\" class=\"word\">dance<\/span>,<br \/>\nI<span id=\"[19,23]\" class=\"word\">t\u2019s<\/span> <span id=\"[24,27]\" class=\"word\">not<\/span> <span id=\"[28,30]\" class=\"word\">my<\/span> <span id=\"[31,41]\" class=\"word\">revolution<\/span>.<span id=\"[42,43]\" class=\"word\">\u201d<\/span><br \/>\n(<span id=\"[47,51]\" class=\"word\">Emma<\/span> <span id=\"[52,59]\" class=\"word\">Goldman<\/span>)<\/p>\n<p><span id=\"[64,67]\" class=\"word\">The<\/span> <span id=\"[68,76]\" class=\"word\">starting<\/span> <span id=\"[77,82]\" class=\"word\">point<\/span> <span id=\"[83,85]\" class=\"word\">of<\/span> <span id=\"[86,89]\" class=\"word\">the<\/span> <span id=\"[90,98]\" class=\"word\">workshop<\/span> <span id=\"[99,101]\" class=\"word\">is<\/span> <span id=\"[102,105]\" class=\"word\">the<\/span> <span id=\"[106,110]\" class=\"word\">need<\/span> <span id=\"[111,113]\" class=\"word\">to<\/span> <span id=\"[114,120]\" class=\"word\">create<\/span> <span id=\"[121,122]\" class=\"word\">a<\/span> <span id=\"[123,128]\" class=\"word\">space<\/span> <span id=\"[129,132]\" class=\"word\">for<\/span> <span id=\"[133,136]\" class=\"word\">the<\/span> <span id=\"[137,148]\" class=\"word\">celebration<\/span> <span id=\"[149,151]\" class=\"word\">of<\/span> <span id=\"[152,156]\" class=\"word\">FREE<\/span> <span id=\"[157,161]\" class=\"word\">BODY<\/span> <span id=\"[162,171]\" class=\"word\">dedicated<\/span> <span id=\"[172,174]\" class=\"word\">to<\/span> <span id=\"[175,178]\" class=\"word\">the<\/span> <span id=\"[179,197]\" class=\"word\">community-building<\/span>, <span id=\"[199,215]\" class=\"word\">social-purifying<\/span> <span id=\"[216,221]\" class=\"word\">power<\/span> <span id=\"[222,224]\" class=\"word\">of<\/span> <span id=\"[225,230]\" class=\"word\">dance<\/span>. <span id=\"[232,235]\" class=\"word\">The<\/span> <span id=\"[236,244]\" class=\"word\">workshop<\/span> <span id=\"[245,247]\" class=\"word\">is<\/span> b<span id=\"[249,253]\" class=\"word\">ased<\/span> <span id=\"[254,256]\" class=\"word\">on<\/span> <span id=\"[257,258]\" class=\"word\">a<\/span> <span id=\"[259,265]\" class=\"word\">hybrid<\/span> <span id=\"[266,275]\" class=\"word\">technique<\/span> <span id=\"[276,280]\" class=\"word\">that<\/span> <span id=\"[281,292]\" class=\"word\">strengthens<\/span> <span id=\"[293,303]\" class=\"word\">individual<\/span> <span id=\"[304,307]\" class=\"word\">and<\/span> <span id=\"[308,313]\" class=\"word\">group<\/span> <span id=\"[314,322]\" class=\"word\">presence<\/span>. <span id=\"[324,327]\" class=\"word\">The<\/span> <span id=\"[328,333]\" class=\"word\">dance<\/span> <span id=\"[334,342]\" class=\"word\">practice<\/span> <span id=\"[343,345]\" class=\"word\">is<\/span> bu<span id=\"[348,351]\" class=\"word\">ilt<\/span> <span id=\"[352,354]\" class=\"word\">up<\/span> <span id=\"[355,359]\" class=\"word\">with<\/span> <span id=\"[360,364]\" class=\"word\">live<\/span> <span id=\"[365,375]\" class=\"word\">percussion<\/span> <span id=\"[376,381]\" class=\"word\">music<\/span>. <span id=\"[383,385]\" class=\"word\">We<\/span> <span id=\"[386,390]\" class=\"word\">will<\/span> <span id=\"[391,398]\" class=\"word\">combine<\/span> <span id=\"[399,407]\" class=\"word\">elements<\/span> <span id=\"[408,410]\" class=\"word\">of<\/span> <span id=\"[411,418]\" class=\"word\">dynamic<\/span> <span id=\"[419,429]\" class=\"word\">meditation<\/span>, <span id=\"[431,440]\" class=\"word\">footworks<\/span> <span id=\"[441,445]\" class=\"word\">from<\/span> <span id=\"[446,448]\" class=\"word\">cl<\/span>ub <span id=\"[451,454]\" class=\"word\">and<\/span> <span id=\"[455,461]\" class=\"word\">street<\/span> <span id=\"[462,469]\" class=\"word\">culture<\/span> <span id=\"[470,472]\" class=\"word\">as<\/span> <span id=\"[473,477]\" class=\"word\">well<\/span> <span id=\"[478,480]\" class=\"word\">as<\/span> <span id=\"[481,487]\" class=\"word\">trance<\/span> <span id=\"[488,494]\" class=\"word\">dances<\/span>. <span id=\"[496,499]\" class=\"word\">The<\/span> <span id=\"[500,508]\" class=\"word\">workshop<\/span> <span id=\"[509,511]\" class=\"word\">is<\/span> <span id=\"[512,523]\" class=\"word\">accompanied<\/span> <span id=\"[524,526]\" class=\"word\">by<\/span> <span id=\"[527,528]\" class=\"word\">a<\/span> <span id=\"[529,536]\" class=\"word\">singing<\/span> <span id=\"[537,545]\" class=\"word\">practice<\/span> <span id=\"[546,554]\" class=\"word\">focusing<\/span> <span id=\"[555,557]\" class=\"word\">on<\/span> <span id=\"[558,561]\" class=\"word\">the<\/span> <span id=\"[562,567]\" class=\"word\">lower<\/span> <span id=\"[568,577]\" class=\"word\">emotional<\/span> <span id=\"[578,581]\" class=\"word\">and<\/span> <span id=\"[582,591]\" class=\"word\">emotional<\/span> <span id=\"[592,599]\" class=\"word\">centres<\/span> <span id=\"[600,603]\" class=\"word\">and<\/span> <span id=\"[604,610]\" class=\"word\">active<\/span> <span id=\"[611,615]\" class=\"word\">work<\/span> <span id=\"[616,620]\" class=\"word\">with<\/span> <span id=\"[621,627]\" class=\"word\">pelvis<\/span>, <span id=\"[629,638]\" class=\"word\">diaphragm<\/span>, <span id=\"[640,644]\" class=\"word\">neck<\/span>, <span id=\"[646,650]\" class=\"word\">feet<\/span>, <span id=\"[652,657]\" class=\"word\">hands<\/span>, b<span id=\"[660,663]\" class=\"word\">ody<\/span> <span id=\"[664,671]\" class=\"word\">release<\/span> <span id=\"[672,675]\" class=\"word\">and<\/span> <span id=\"[676,685]\" class=\"word\">vibration<\/span>. <span id=\"[687,692]\" class=\"word\">Which<\/span> <span id=\"[693,701]\" class=\"word\">emotions<\/span> <span id=\"[702,711]\" class=\"word\">accompany<\/span> <span id=\"[712,714]\" class=\"word\">us<\/span> <span id=\"[715,717]\" class=\"word\">in<\/span> <span id=\"[718,724]\" class=\"word\">motion<\/span> <span id=\"[725,728]\" class=\"word\">and<\/span> <span id=\"[729,732]\" class=\"word\">how<\/span> <span id=\"[733,736]\" class=\"word\">can<\/span> <span id=\"[737,741]\" class=\"word\">they<\/span> <span id=\"[742,744]\" class=\"word\">be<\/span> <span id=\"[745,756]\" class=\"word\">consciously<\/span> <span id=\"[757,768]\" class=\"word\">transformed<\/span> <span id=\"[769,773]\" class=\"word\">into<\/span> <span id=\"[774,775]\" class=\"word\">a<\/span> <span id=\"[776,782]\" class=\"word\">common<\/span> <span id=\"[783,790]\" class=\"word\">gesture<\/span>, <span id=\"[792,798]\" class=\"word\">action<\/span>, <span id=\"[800,805]\" class=\"word\">dance<\/span>, <span id=\"[807,812]\" class=\"word\">voice<\/span>? <span id=\"[814,817]\" class=\"word\">How<\/span> <span id=\"[818,821]\" class=\"word\">are<\/span> <span id=\"[822,832]\" class=\"word\">connection<\/span>, <span id=\"[834,845]\" class=\"word\">reciprocity<\/span> b<span id=\"[847,853]\" class=\"word\">etween<\/span> b<span id=\"[855,860]\" class=\"word\">odies<\/span>, <span id=\"[862,870]\" class=\"word\">co-being<\/span>, <span id=\"[872,878]\" class=\"word\">common<\/span> <span id=\"[879,884]\" class=\"word\">forms<\/span> <span id=\"[885,887]\" class=\"word\">of<\/span> <span id=\"[888,898]\" class=\"word\">resistance<\/span> <span id=\"[899,902]\" class=\"word\">and<\/span> <span id=\"[903,913]\" class=\"word\">compassion<\/span> bu<span id=\"[916,919]\" class=\"word\">ilt<\/span> <span id=\"[920,922]\" class=\"word\">up<\/span> <span id=\"[923,925]\" class=\"word\">in<\/span> <span id=\"[926,929]\" class=\"word\">the<\/span> <span id=\"[930,938]\" class=\"word\">movement<\/span>?<\/p>\n<p>PHOTOS @patmic<\/p>\n<p dir=\"ltr\"><strong>Miejsce:<\/strong> <a href=\"https:\/\/mamaglobalhealing.com\/en\/mama-line-up\/white-tent\/\">White Tent<\/a><\/p>\n<p dir=\"ltr\"><strong>Data i godzina:<\/strong> sobota 12:30 &#8211; 15:30<\/p>\n<p dir=\"ltr\"><strong>Dla kogo:<\/strong> Wszyscy | everybody<\/p>\n<p dir=\"ltr\"><strong>Bobasy:<\/strong> nie<\/p>\n<p dir=\"ltr\"><strong>Nago\u015b\u0107:<\/strong> NIE \ud83d\ude42<\/p>\n<p dir=\"ltr\"><strong>J\u0119zyk:<\/strong> PL \/ ENG<\/p>\n<p dir=\"ltr\">","protected":false},"featured_media":4514,"template":"","meta":{"_et_pb_use_builder":"","_et_pb_old_content":"","_et_gb_content_width":""},"product_brand":[],"product_cat":[35,46],"product_tag":[],"class_list":{"0":"post-3515","1":"product","2":"type-product","3":"status-publish","4":"has-post-thumbnail","6":"product_cat-mama-open","7":"product_cat-sobota-open","9":"first","10":"instock","11":"taxable","12":"shipping-taxable","13":"product-type-simple"},"yoast_head":"<!-- This site is optimized with the Yoast SEO plugin v25.1 - https:\/\/yoast.com\/wordpress\/plugins\/seo\/ -->\n<title>FIERCE Body with live drums ~ z perkusj\u0105 na \u017cywo PL\/ENG | Marta Zi\u00f3\u0142ek - Mama Global Healing<\/title>\n<meta name=\"robots\" content=\"index, follow, max-snippet:-1, max-image-preview:large, max-video-preview:-1\" \/>\n<link rel=\"canonical\" href=\"http:\/\/mamaglobalhealing.com\/en\/product\/fierce-body-z-perkusja-na-zywo-marta-ziolek\/\" \/>\n<meta property=\"og:locale\" content=\"en_GB\" \/>\n<meta property=\"og:type\" content=\"article\" \/>\n<meta property=\"og:title\" content=\"FIERCE Body with live drums ~ z perkusj\u0105 na \u017cywo PL\/ENG | Marta Zi\u00f3\u0142ek - Mama Global Healing\" \/>\n<meta property=\"og:description\" content=\"\u201dJe\u015bli nie mog\u0119 ta\u0144czy\u0107, to nie moja rewolucja.\u201d (Emma Goldman) Punktem wyj\u015bcia dla warsztatu jest potrzeba stworzenia przestrzeni celebracji WOLNYCH CIA\u0141, dedykowanej wsp\u00f3lnototw\u00f3rczej, spo\u0142ecznie oczyszczaj\u0105cej mocy ta\u0144ca.\u00a0Warsztaty opieraj\u0105 si\u0119 na hybrydowej technice, wzmacniaj\u0105cej indywidualn\u0105 i grupow\u0105\u00a0 obecno\u015b\u0107. Praktyka taneczna b\u0119dzie budowana przy granej na \u017cywo muzyce perkusyjnej. B\u0119dziemy \u0142\u0105czy\u0107 zar\u00f3wno elementy medytacji dynamicznej, footwork\u00f3w pochodz\u0105cych z kultury klubowej i ulicznej, jak i transowych ta\u0144c\u00f3w. Warsztatowi towarzyszy\u0107 b\u0119dzie praktyka wokalna, kt\u00f3ra skupia si\u0119 na dolnych centrach uczuciowo-emocjonalnych i aktywnej pracy z miednic\u0105, przepon\u0105, gard\u0142em, stopami, d\u0142o\u0144mi, uwolnieniem cia\u0142a i wibracji. Jakie emocje towarzysz\u0105 nam w ruchu i jak mog\u0105 by\u0107 \u015bwiadomie transformowane we wsp\u00f3lny gest, dzia\u0142anie, taniec, g\u0142os? Jak budowana jest \u0142\u0105czno\u015b\u0107, wzajemno\u015b\u0107 mi\u0119dzy cia\u0142ami, wsp\u00f3\u0142-bycie, wsp\u00f3lne formy oporu oraz wsp\u00f3\u0142-czucie w ruchu? \u201cIf I can\u2019t dance, It\u2019s not my revolution.\u201d (Emma Goldman) The starting point of the workshop is the need to create a space for the celebration of FREE BODY dedicated to the community-building, social-purifying power of dance. The workshop is based on a hybrid technique that strengthens individual and group presence. The dance practice is built up with live percussion music. We will combine elements of dynamic meditation, footworks from club and street culture as well as trance dances. The workshop is accompanied by a singing practice focusing on the lower emotional and emotional centres and active work with pelvis, diaphragm, neck, feet, hands, body release and vibration. Which emotions accompany us in motion and how can they be consciously transformed into a common gesture, action, dance, voice? How are connection, reciprocity between bodies, co-being, common forms of resistance and compassion built up in the movement?  PHOTOS @patmic Miejsce: White Tent Data i godzina: sobota 12:30 - 15:30 Dla kogo: Wszyscy | everybody Bobasy: nie Nago\u015b\u0107: NIE :) J\u0119zyk: PL \/ ENG\" \/>\n<meta property=\"og:url\" content=\"http:\/\/mamaglobalhealing.com\/en\/product\/fierce-body-z-perkusja-na-zywo-marta-ziolek\/\" \/>\n<meta property=\"og:site_name\" content=\"Mama Global Healing\" \/>\n<meta property=\"article:modified_time\" content=\"2022-06-26T23:38:58+00:00\" \/>\n<meta property=\"og:image\" content=\"http:\/\/mamaglobalhealing.com\/wp-content\/uploads\/2022\/05\/IMG-3703.jpg\" \/>\n\t<meta property=\"og:image:width\" content=\"512\" \/>\n\t<meta property=\"og:image:height\" content=\"341\" \/>\n\t<meta property=\"og:image:type\" content=\"image\/jpeg\" \/>\n<meta name=\"twitter:card\" content=\"summary_large_image\" \/>\n<script type=\"application\/ld+json\" class=\"yoast-schema-graph\">{\"@context\":\"https:\/\/schema.org\",\"@graph\":[{\"@type\":\"WebPage\",\"@id\":\"http:\/\/mamaglobalhealing.com\/produkt\/fierce-body-z-perkusja-na-zywo-marta-ziolek\/\",\"url\":\"http:\/\/mamaglobalhealing.com\/produkt\/fierce-body-z-perkusja-na-zywo-marta-ziolek\/\",\"name\":\"FIERCE Body with live drums ~ z perkusj\u0105 na \u017cywo PL\/ENG | Marta Zi\u00f3\u0142ek - Mama Global Healing\",\"isPartOf\":{\"@id\":\"https:\/\/mamaglobalhealing.com\/#website\"},\"primaryImageOfPage\":{\"@id\":\"http:\/\/mamaglobalhealing.com\/produkt\/fierce-body-z-perkusja-na-zywo-marta-ziolek\/#primaryimage\"},\"image\":{\"@id\":\"http:\/\/mamaglobalhealing.com\/produkt\/fierce-body-z-perkusja-na-zywo-marta-ziolek\/#primaryimage\"},\"thumbnailUrl\":\"https:\/\/mamaglobalhealing.com\/wp-content\/uploads\/2022\/05\/IMG-3703.jpg\",\"datePublished\":\"2022-05-16T10:07:51+00:00\",\"dateModified\":\"2022-06-26T23:38:58+00:00\",\"breadcrumb\":{\"@id\":\"http:\/\/mamaglobalhealing.com\/produkt\/fierce-body-z-perkusja-na-zywo-marta-ziolek\/#breadcrumb\"},\"inLanguage\":\"en-GB\",\"potentialAction\":[{\"@type\":\"ReadAction\",\"target\":[\"http:\/\/mamaglobalhealing.com\/produkt\/fierce-body-z-perkusja-na-zywo-marta-ziolek\/\"]}]},{\"@type\":\"ImageObject\",\"inLanguage\":\"en-GB\",\"@id\":\"http:\/\/mamaglobalhealing.com\/produkt\/fierce-body-z-perkusja-na-zywo-marta-ziolek\/#primaryimage\",\"url\":\"https:\/\/mamaglobalhealing.com\/wp-content\/uploads\/2022\/05\/IMG-3703.jpg\",\"contentUrl\":\"https:\/\/mamaglobalhealing.com\/wp-content\/uploads\/2022\/05\/IMG-3703.jpg\",\"width\":512,\"height\":341},{\"@type\":\"BreadcrumbList\",\"@id\":\"http:\/\/mamaglobalhealing.com\/produkt\/fierce-body-z-perkusja-na-zywo-marta-ziolek\/#breadcrumb\",\"itemListElement\":[{\"@type\":\"ListItem\",\"position\":1,\"name\":\"Strona g\u0142\u00f3wna\",\"item\":\"https:\/\/mamaglobalhealing.com\/\"},{\"@type\":\"ListItem\",\"position\":2,\"name\":\"Sklep\",\"item\":\"https:\/\/mamaglobalhealing.com\/sklep\/\"},{\"@type\":\"ListItem\",\"position\":3,\"name\":\"FIERCE Body with live drums ~ z&nbsp;perkusj\u0105 na&nbsp;\u017cywo PL\/ENG | Marta Zi\u00f3\u0142ek\"}]},{\"@type\":\"WebSite\",\"@id\":\"https:\/\/mamaglobalhealing.com\/#website\",\"url\":\"https:\/\/mamaglobalhealing.com\/\",\"name\":\"Mama Global Healing\",\"description\":\"Kolejna witryna WordPress\",\"potentialAction\":[{\"@type\":\"SearchAction\",\"target\":{\"@type\":\"EntryPoint\",\"urlTemplate\":\"https:\/\/mamaglobalhealing.com\/?s={search_term_string}\"},\"query-input\":{\"@type\":\"PropertyValueSpecification\",\"valueRequired\":true,\"valueName\":\"search_term_string\"}}],\"inLanguage\":\"en-GB\"}]}<\/script>\n<!-- \/ Yoast SEO plugin. -->","yoast_head_json":{"title":"FIERCE Body with live drums ~ z perkusj\u0105 na \u017cywo PL\/ENG | Marta Zi\u00f3\u0142ek - Mama Global Healing","robots":{"index":"index","follow":"follow","max-snippet":"max-snippet:-1","max-image-preview":"max-image-preview:large","max-video-preview":"max-video-preview:-1"},"canonical":"http:\/\/mamaglobalhealing.com\/en\/product\/fierce-body-z-perkusja-na-zywo-marta-ziolek\/","og_locale":"en_GB","og_type":"article","og_title":"FIERCE Body with live drums ~ z perkusj\u0105 na \u017cywo PL\/ENG | Marta Zi\u00f3\u0142ek - Mama Global Healing","og_description":"\u201dJe\u015bli nie mog\u0119 ta\u0144czy\u0107, to nie moja rewolucja.\u201d (Emma Goldman) Punktem wyj\u015bcia dla warsztatu jest potrzeba stworzenia przestrzeni celebracji WOLNYCH CIA\u0141, dedykowanej wsp\u00f3lnototw\u00f3rczej, spo\u0142ecznie oczyszczaj\u0105cej mocy ta\u0144ca.\u00a0Warsztaty opieraj\u0105 si\u0119 na hybrydowej technice, wzmacniaj\u0105cej indywidualn\u0105 i grupow\u0105\u00a0 obecno\u015b\u0107. Praktyka taneczna b\u0119dzie budowana przy granej na \u017cywo muzyce perkusyjnej. B\u0119dziemy \u0142\u0105czy\u0107 zar\u00f3wno elementy medytacji dynamicznej, footwork\u00f3w pochodz\u0105cych z kultury klubowej i ulicznej, jak i transowych ta\u0144c\u00f3w. Warsztatowi towarzyszy\u0107 b\u0119dzie praktyka wokalna, kt\u00f3ra skupia si\u0119 na dolnych centrach uczuciowo-emocjonalnych i aktywnej pracy z miednic\u0105, przepon\u0105, gard\u0142em, stopami, d\u0142o\u0144mi, uwolnieniem cia\u0142a i wibracji. Jakie emocje towarzysz\u0105 nam w ruchu i jak mog\u0105 by\u0107 \u015bwiadomie transformowane we wsp\u00f3lny gest, dzia\u0142anie, taniec, g\u0142os? Jak budowana jest \u0142\u0105czno\u015b\u0107, wzajemno\u015b\u0107 mi\u0119dzy cia\u0142ami, wsp\u00f3\u0142-bycie, wsp\u00f3lne formy oporu oraz wsp\u00f3\u0142-czucie w ruchu? \u201cIf I can\u2019t dance, It\u2019s not my revolution.\u201d (Emma Goldman) The starting point of the workshop is the need to create a space for the celebration of FREE BODY dedicated to the community-building, social-purifying power of dance. The workshop is based on a hybrid technique that strengthens individual and group presence. The dance practice is built up with live percussion music. We will combine elements of dynamic meditation, footworks from club and street culture as well as trance dances. The workshop is accompanied by a singing practice focusing on the lower emotional and emotional centres and active work with pelvis, diaphragm, neck, feet, hands, body release and vibration. Which emotions accompany us in motion and how can they be consciously transformed into a common gesture, action, dance, voice? How are connection, reciprocity between bodies, co-being, common forms of resistance and compassion built up in the movement?  PHOTOS @patmic Miejsce: White Tent Data i godzina: sobota 12:30 - 15:30 Dla kogo: Wszyscy | everybody Bobasy: nie Nago\u015b\u0107: NIE :) J\u0119zyk: PL \/ ENG","og_url":"http:\/\/mamaglobalhealing.com\/en\/product\/fierce-body-z-perkusja-na-zywo-marta-ziolek\/","og_site_name":"Mama Global Healing","article_modified_time":"2022-06-26T23:38:58+00:00","og_image":[{"width":512,"height":341,"url":"http:\/\/mamaglobalhealing.com\/wp-content\/uploads\/2022\/05\/IMG-3703.jpg","type":"image\/jpeg"}],"twitter_card":"summary_large_image","schema":{"@context":"https:\/\/schema.org","@graph":[{"@type":"WebPage","@id":"http:\/\/mamaglobalhealing.com\/produkt\/fierce-body-z-perkusja-na-zywo-marta-ziolek\/","url":"http:\/\/mamaglobalhealing.com\/produkt\/fierce-body-z-perkusja-na-zywo-marta-ziolek\/","name":"FIERCE Body with live drums ~ z perkusj\u0105 na \u017cywo PL\/ENG | Marta Zi\u00f3\u0142ek - Mama Global Healing","isPartOf":{"@id":"https:\/\/mamaglobalhealing.com\/#website"},"primaryImageOfPage":{"@id":"http:\/\/mamaglobalhealing.com\/produkt\/fierce-body-z-perkusja-na-zywo-marta-ziolek\/#primaryimage"},"image":{"@id":"http:\/\/mamaglobalhealing.com\/produkt\/fierce-body-z-perkusja-na-zywo-marta-ziolek\/#primaryimage"},"thumbnailUrl":"https:\/\/mamaglobalhealing.com\/wp-content\/uploads\/2022\/05\/IMG-3703.jpg","datePublished":"2022-05-16T10:07:51+00:00","dateModified":"2022-06-26T23:38:58+00:00","breadcrumb":{"@id":"http:\/\/mamaglobalhealing.com\/produkt\/fierce-body-z-perkusja-na-zywo-marta-ziolek\/#breadcrumb"},"inLanguage":"en-GB","potentialAction":[{"@type":"ReadAction","target":["http:\/\/mamaglobalhealing.com\/produkt\/fierce-body-z-perkusja-na-zywo-marta-ziolek\/"]}]},{"@type":"ImageObject","inLanguage":"en-GB","@id":"http:\/\/mamaglobalhealing.com\/produkt\/fierce-body-z-perkusja-na-zywo-marta-ziolek\/#primaryimage","url":"https:\/\/mamaglobalhealing.com\/wp-content\/uploads\/2022\/05\/IMG-3703.jpg","contentUrl":"https:\/\/mamaglobalhealing.com\/wp-content\/uploads\/2022\/05\/IMG-3703.jpg","width":512,"height":341},{"@type":"BreadcrumbList","@id":"http:\/\/mamaglobalhealing.com\/produkt\/fierce-body-z-perkusja-na-zywo-marta-ziolek\/#breadcrumb","itemListElement":[{"@type":"ListItem","position":1,"name":"Strona g\u0142\u00f3wna","item":"https:\/\/mamaglobalhealing.com\/"},{"@type":"ListItem","position":2,"name":"Sklep","item":"https:\/\/mamaglobalhealing.com\/sklep\/"},{"@type":"ListItem","position":3,"name":"FIERCE Body with live drums ~ z&nbsp;perkusj\u0105 na&nbsp;\u017cywo PL\/ENG | Marta Zi\u00f3\u0142ek"}]},{"@type":"WebSite","@id":"https:\/\/mamaglobalhealing.com\/#website","url":"https:\/\/mamaglobalhealing.com\/","name":"Mama Global Healing","description":"Kolejna witryna WordPress","potentialAction":[{"@type":"SearchAction","target":{"@type":"EntryPoint","urlTemplate":"https:\/\/mamaglobalhealing.com\/?s={search_term_string}"},"query-input":{"@type":"PropertyValueSpecification","valueRequired":true,"valueName":"search_term_string"}}],"inLanguage":"en-GB"}]}},"_links":{"self":[{"href":"https:\/\/mamaglobalhealing.com\/en\/wp-json\/wp\/v2\/product\/3515","targetHints":{"allow":["GET"]}}],"collection":[{"href":"https:\/\/mamaglobalhealing.com\/en\/wp-json\/wp\/v2\/product"}],"about":[{"href":"https:\/\/mamaglobalhealing.com\/en\/wp-json\/wp\/v2\/types\/product"}],"wp:featuredmedia":[{"embeddable":true,"href":"https:\/\/mamaglobalhealing.com\/en\/wp-json\/wp\/v2\/media\/4514"}],"wp:attachment":[{"href":"https:\/\/mamaglobalhealing.com\/en\/wp-json\/wp\/v2\/media?parent=3515"}],"wp:term":[{"taxonomy":"product_brand","embeddable":true,"href":"https:\/\/mamaglobalhealing.com\/en\/wp-json\/wp\/v2\/product_brand?post=3515"},{"taxonomy":"product_cat","embeddable":true,"href":"https:\/\/mamaglobalhealing.com\/en\/wp-json\/wp\/v2\/product_cat?post=3515"},{"taxonomy":"product_tag","embeddable":true,"href":"https:\/\/mamaglobalhealing.com\/en\/wp-json\/wp\/v2\/product_tag?post=3515"}],"curies":[{"name":"wp","href":"https:\/\/api.w.org\/{rel}","templated":true}]}}