{"id":3597,"date":"2022-05-18T18:21:17","date_gmt":"2022-05-18T18:21:17","guid":{"rendered":"https:\/\/mamaglobalhealing.com\/?post_type=product&#038;p=3597"},"modified":"2022-06-24T22:38:09","modified_gmt":"2022-06-24T22:38:09","slug":"zwykle-zycie-art-kolektyw-od-a-do-z","status":"publish","type":"product","link":"https:\/\/mamaglobalhealing.com\/en\/product\/zwykle-zycie-art-kolektyw-od-a-do-z\/","title":{"rendered":"&#8222;Zwyk\u0142e \u017cycie&#8221; ART | Kolektyw od A do Z"},"content":{"rendered":"","protected":false},"excerpt":{"rendered":"<p>Reporta\u017c to najfajniejszy spos\u00f3b opowiadania o \u015bwiecie. Na wystawie \u201cZwyk\u0142e \u017cycie\u201d poka\u017cemy Ci, dlaczego tak uwa\u017camy. Zapraszamy wszystkie osoby, kt\u00f3re na co dzie\u0144 robi\u0105 zdj\u0119cia: aparatami oraz telefonami kom\u00f3rkowymi.<\/p>\n<p>Tytu\u0142 \u201cZwyk\u0142e \u017cycie\u201d nie jest przypadkowy. Ka\u017cdy ma \u017cycie, czasem zwyk\u0142e, czasem niebywa\u0142e. Na wystawie zobaczysz sceny znane z w\u0142asnego domu, wspomnienia z dzieci\u0144stwa, a tak\u017ce zajrzysz w miejsca zwykle szczelnie odgrodzone od \u015bwiata zas\u0142onami. Przyj\u0119cie naszego zaproszenia mo\u017ce by\u0107 prze\u017cyciem transformuj\u0105cym. Sceny na zdj\u0119ciach mog\u0105 szokowa\u0107, roz\u015bmiesza\u0107, dziwi\u0107, wzrusza\u0107 &#8211; ale nie pozostawi\u0105 nikogo oboj\u0119tnym.<\/p>\n<p>Wi\u0119kszo\u015b\u0107 z nas wci\u0105\u017c nie wie, \u017ce mo\u017ce sfotografowa\u0107 swoj\u0105 rodzin\u0119 inaczej ni\u017c w studio. Dokumentalna fotografia rodzinna jest w Polsce nadal ma\u0142o znana, a my jeste\u015bmy jednymi z jej prekursorek. Chcemy uwra\u017cliwi\u0107 i zwr\u00f3ci\u0107 uwag\u0119 na to, \u017ce zwyk\u0142e \u017cycie mo\u017ce by\u0107 fajne. Dzi\u0119ki fotografowaniu mo\u017cemy je celebrowa\u0107 i rozwija\u0107 uwa\u017cno\u015b\u0107 na dorastanie oraz wsp\u00f3lne chwile rodzinne, doceni\u0107 rytua\u0142y i zauwa\u017cy\u0107 je w gonitwie \u017cycia.<br \/>\nChod\u017a na wystaw\u0119!<\/p>\n<p><b>AUTORKI:<\/b><span style=\"font-weight: 400;\"> Kolektyw od A do Z<\/span><\/p>","protected":false},"featured_media":3602,"template":"","meta":{"_et_pb_use_builder":"","_et_pb_old_content":"","_et_gb_content_width":""},"product_brand":[],"product_cat":[36],"product_tag":[],"class_list":{"0":"post-3597","1":"product","2":"type-product","3":"status-publish","4":"has-post-thumbnail","6":"product_cat-wystawa","8":"first","9":"instock","10":"virtual","11":"taxable","12":"product-type-simple"},"yoast_head":"<!-- This site is optimized with the Yoast SEO plugin v25.1 - https:\/\/yoast.com\/wordpress\/plugins\/seo\/ -->\n<title>&quot;Zwyk\u0142e \u017cycie&quot; ART | Kolektyw od A do Z - Mama Global Healing<\/title>\n<meta name=\"description\" content=\"Reporta\u017c to najfajniejszy spos\u00f3b opowiadania o \u015bwiecie. Na wystawie \u201cZwyk\u0142e \u017cycie\u201d poka\u017cemy Ci, dlaczego tak uwa\u017camy. Zapraszamy wszystkie osoby, kt\u00f3re na co dzie\u0144 robi\u0105 zdj\u0119cia: aparatami oraz telefonami kom\u00f3rkowymi.\" \/>\n<meta name=\"robots\" content=\"index, follow, max-snippet:-1, max-image-preview:large, max-video-preview:-1\" \/>\n<link rel=\"canonical\" href=\"http:\/\/mamaglobalhealing.com\/en\/product\/zwykle-zycie-art-kolektyw-od-a-do-z\/\" \/>\n<meta property=\"og:locale\" content=\"en_GB\" \/>\n<meta property=\"og:type\" content=\"article\" \/>\n<meta property=\"og:title\" content=\"&quot;Zwyk\u0142e \u017cycie&quot; ART | Kolektyw od A do Z - Mama Global Healing\" \/>\n<meta property=\"og:description\" content=\"Reporta\u017c to najfajniejszy spos\u00f3b opowiadania o \u015bwiecie. Na wystawie \u201cZwyk\u0142e \u017cycie\u201d poka\u017cemy Ci, dlaczego tak uwa\u017camy. Zapraszamy wszystkie osoby, kt\u00f3re na co dzie\u0144 robi\u0105 zdj\u0119cia: aparatami oraz telefonami kom\u00f3rkowymi.\" \/>\n<meta property=\"og:url\" content=\"http:\/\/mamaglobalhealing.com\/en\/product\/zwykle-zycie-art-kolektyw-od-a-do-z\/\" \/>\n<meta property=\"og:site_name\" content=\"Mama Global Healing\" \/>\n<meta property=\"article:modified_time\" content=\"2022-06-24T22:38:09+00:00\" \/>\n<meta property=\"og:image\" content=\"http:\/\/mamaglobalhealing.com\/wp-content\/uploads\/2022\/05\/kolektywodAdoZ_WYSTAWA-MAMA5.jpg\" \/>\n\t<meta property=\"og:image:width\" content=\"2048\" \/>\n\t<meta property=\"og:image:height\" content=\"1365\" \/>\n\t<meta property=\"og:image:type\" content=\"image\/jpeg\" \/>\n<meta name=\"twitter:card\" content=\"summary_large_image\" \/>\n<script type=\"application\/ld+json\" class=\"yoast-schema-graph\">{\"@context\":\"https:\/\/schema.org\",\"@graph\":[{\"@type\":\"WebPage\",\"@id\":\"http:\/\/mamaglobalhealing.com\/produkt\/zwykle-zycie-art-kolektyw-od-a-do-z\/\",\"url\":\"http:\/\/mamaglobalhealing.com\/produkt\/zwykle-zycie-art-kolektyw-od-a-do-z\/\",\"name\":\"\\\"Zwyk\u0142e \u017cycie\\\" ART | Kolektyw od A do Z - Mama Global Healing\",\"isPartOf\":{\"@id\":\"https:\/\/mamaglobalhealing.com\/#website\"},\"primaryImageOfPage\":{\"@id\":\"http:\/\/mamaglobalhealing.com\/produkt\/zwykle-zycie-art-kolektyw-od-a-do-z\/#primaryimage\"},\"image\":{\"@id\":\"http:\/\/mamaglobalhealing.com\/produkt\/zwykle-zycie-art-kolektyw-od-a-do-z\/#primaryimage\"},\"thumbnailUrl\":\"https:\/\/mamaglobalhealing.com\/wp-content\/uploads\/2022\/05\/kolektywodAdoZ_WYSTAWA-MAMA5.jpg\",\"datePublished\":\"2022-05-18T18:21:17+00:00\",\"dateModified\":\"2022-06-24T22:38:09+00:00\",\"description\":\"Reporta\u017c to najfajniejszy spos\u00f3b opowiadania o \u015bwiecie. Na wystawie \u201cZwyk\u0142e \u017cycie\u201d poka\u017cemy Ci, dlaczego tak uwa\u017camy. Zapraszamy wszystkie osoby, kt\u00f3re na co dzie\u0144 robi\u0105 zdj\u0119cia: aparatami oraz telefonami kom\u00f3rkowymi.\",\"breadcrumb\":{\"@id\":\"http:\/\/mamaglobalhealing.com\/produkt\/zwykle-zycie-art-kolektyw-od-a-do-z\/#breadcrumb\"},\"inLanguage\":\"en-GB\",\"potentialAction\":[{\"@type\":\"ReadAction\",\"target\":[\"http:\/\/mamaglobalhealing.com\/produkt\/zwykle-zycie-art-kolektyw-od-a-do-z\/\"]}]},{\"@type\":\"ImageObject\",\"inLanguage\":\"en-GB\",\"@id\":\"http:\/\/mamaglobalhealing.com\/produkt\/zwykle-zycie-art-kolektyw-od-a-do-z\/#primaryimage\",\"url\":\"https:\/\/mamaglobalhealing.com\/wp-content\/uploads\/2022\/05\/kolektywodAdoZ_WYSTAWA-MAMA5.jpg\",\"contentUrl\":\"https:\/\/mamaglobalhealing.com\/wp-content\/uploads\/2022\/05\/kolektywodAdoZ_WYSTAWA-MAMA5.jpg\",\"width\":2048,\"height\":1365},{\"@type\":\"BreadcrumbList\",\"@id\":\"http:\/\/mamaglobalhealing.com\/produkt\/zwykle-zycie-art-kolektyw-od-a-do-z\/#breadcrumb\",\"itemListElement\":[{\"@type\":\"ListItem\",\"position\":1,\"name\":\"Strona g\u0142\u00f3wna\",\"item\":\"https:\/\/mamaglobalhealing.com\/\"},{\"@type\":\"ListItem\",\"position\":2,\"name\":\"Sklep\",\"item\":\"https:\/\/mamaglobalhealing.com\/sklep\/\"},{\"@type\":\"ListItem\",\"position\":3,\"name\":\"&#8222;Zwyk\u0142e \u017cycie&#8221; ART | Kolektyw od&nbsp;A&nbsp;do&nbsp;Z\"}]},{\"@type\":\"WebSite\",\"@id\":\"https:\/\/mamaglobalhealing.com\/#website\",\"url\":\"https:\/\/mamaglobalhealing.com\/\",\"name\":\"Mama Global Healing\",\"description\":\"Kolejna witryna WordPress\",\"potentialAction\":[{\"@type\":\"SearchAction\",\"target\":{\"@type\":\"EntryPoint\",\"urlTemplate\":\"https:\/\/mamaglobalhealing.com\/?s={search_term_string}\"},\"query-input\":{\"@type\":\"PropertyValueSpecification\",\"valueRequired\":true,\"valueName\":\"search_term_string\"}}],\"inLanguage\":\"en-GB\"}]}<\/script>\n<!-- \/ Yoast SEO plugin. -->","yoast_head_json":{"title":"\"Zwyk\u0142e \u017cycie\" ART | Kolektyw od A do Z - Mama Global Healing","description":"Reporta\u017c to najfajniejszy spos\u00f3b opowiadania o \u015bwiecie. Na wystawie \u201cZwyk\u0142e \u017cycie\u201d poka\u017cemy Ci, dlaczego tak uwa\u017camy. Zapraszamy wszystkie osoby, kt\u00f3re na co dzie\u0144 robi\u0105 zdj\u0119cia: aparatami oraz telefonami kom\u00f3rkowymi.","robots":{"index":"index","follow":"follow","max-snippet":"max-snippet:-1","max-image-preview":"max-image-preview:large","max-video-preview":"max-video-preview:-1"},"canonical":"http:\/\/mamaglobalhealing.com\/en\/product\/zwykle-zycie-art-kolektyw-od-a-do-z\/","og_locale":"en_GB","og_type":"article","og_title":"\"Zwyk\u0142e \u017cycie\" ART | Kolektyw od A do Z - Mama Global Healing","og_description":"Reporta\u017c to najfajniejszy spos\u00f3b opowiadania o \u015bwiecie. Na wystawie \u201cZwyk\u0142e \u017cycie\u201d poka\u017cemy Ci, dlaczego tak uwa\u017camy. Zapraszamy wszystkie osoby, kt\u00f3re na co dzie\u0144 robi\u0105 zdj\u0119cia: aparatami oraz telefonami kom\u00f3rkowymi.","og_url":"http:\/\/mamaglobalhealing.com\/en\/product\/zwykle-zycie-art-kolektyw-od-a-do-z\/","og_site_name":"Mama Global Healing","article_modified_time":"2022-06-24T22:38:09+00:00","og_image":[{"width":2048,"height":1365,"url":"http:\/\/mamaglobalhealing.com\/wp-content\/uploads\/2022\/05\/kolektywodAdoZ_WYSTAWA-MAMA5.jpg","type":"image\/jpeg"}],"twitter_card":"summary_large_image","schema":{"@context":"https:\/\/schema.org","@graph":[{"@type":"WebPage","@id":"http:\/\/mamaglobalhealing.com\/produkt\/zwykle-zycie-art-kolektyw-od-a-do-z\/","url":"http:\/\/mamaglobalhealing.com\/produkt\/zwykle-zycie-art-kolektyw-od-a-do-z\/","name":"\"Zwyk\u0142e \u017cycie\" ART | Kolektyw od A do Z - Mama Global Healing","isPartOf":{"@id":"https:\/\/mamaglobalhealing.com\/#website"},"primaryImageOfPage":{"@id":"http:\/\/mamaglobalhealing.com\/produkt\/zwykle-zycie-art-kolektyw-od-a-do-z\/#primaryimage"},"image":{"@id":"http:\/\/mamaglobalhealing.com\/produkt\/zwykle-zycie-art-kolektyw-od-a-do-z\/#primaryimage"},"thumbnailUrl":"https:\/\/mamaglobalhealing.com\/wp-content\/uploads\/2022\/05\/kolektywodAdoZ_WYSTAWA-MAMA5.jpg","datePublished":"2022-05-18T18:21:17+00:00","dateModified":"2022-06-24T22:38:09+00:00","description":"Reporta\u017c to najfajniejszy spos\u00f3b opowiadania o \u015bwiecie. Na wystawie \u201cZwyk\u0142e \u017cycie\u201d poka\u017cemy Ci, dlaczego tak uwa\u017camy. Zapraszamy wszystkie osoby, kt\u00f3re na co dzie\u0144 robi\u0105 zdj\u0119cia: aparatami oraz telefonami kom\u00f3rkowymi.","breadcrumb":{"@id":"http:\/\/mamaglobalhealing.com\/produkt\/zwykle-zycie-art-kolektyw-od-a-do-z\/#breadcrumb"},"inLanguage":"en-GB","potentialAction":[{"@type":"ReadAction","target":["http:\/\/mamaglobalhealing.com\/produkt\/zwykle-zycie-art-kolektyw-od-a-do-z\/"]}]},{"@type":"ImageObject","inLanguage":"en-GB","@id":"http:\/\/mamaglobalhealing.com\/produkt\/zwykle-zycie-art-kolektyw-od-a-do-z\/#primaryimage","url":"https:\/\/mamaglobalhealing.com\/wp-content\/uploads\/2022\/05\/kolektywodAdoZ_WYSTAWA-MAMA5.jpg","contentUrl":"https:\/\/mamaglobalhealing.com\/wp-content\/uploads\/2022\/05\/kolektywodAdoZ_WYSTAWA-MAMA5.jpg","width":2048,"height":1365},{"@type":"BreadcrumbList","@id":"http:\/\/mamaglobalhealing.com\/produkt\/zwykle-zycie-art-kolektyw-od-a-do-z\/#breadcrumb","itemListElement":[{"@type":"ListItem","position":1,"name":"Strona g\u0142\u00f3wna","item":"https:\/\/mamaglobalhealing.com\/"},{"@type":"ListItem","position":2,"name":"Sklep","item":"https:\/\/mamaglobalhealing.com\/sklep\/"},{"@type":"ListItem","position":3,"name":"&#8222;Zwyk\u0142e \u017cycie&#8221; ART | Kolektyw od&nbsp;A&nbsp;do&nbsp;Z"}]},{"@type":"WebSite","@id":"https:\/\/mamaglobalhealing.com\/#website","url":"https:\/\/mamaglobalhealing.com\/","name":"Mama Global Healing","description":"Kolejna witryna WordPress","potentialAction":[{"@type":"SearchAction","target":{"@type":"EntryPoint","urlTemplate":"https:\/\/mamaglobalhealing.com\/?s={search_term_string}"},"query-input":{"@type":"PropertyValueSpecification","valueRequired":true,"valueName":"search_term_string"}}],"inLanguage":"en-GB"}]}},"_links":{"self":[{"href":"https:\/\/mamaglobalhealing.com\/en\/wp-json\/wp\/v2\/product\/3597","targetHints":{"allow":["GET"]}}],"collection":[{"href":"https:\/\/mamaglobalhealing.com\/en\/wp-json\/wp\/v2\/product"}],"about":[{"href":"https:\/\/mamaglobalhealing.com\/en\/wp-json\/wp\/v2\/types\/product"}],"wp:featuredmedia":[{"embeddable":true,"href":"https:\/\/mamaglobalhealing.com\/en\/wp-json\/wp\/v2\/media\/3602"}],"wp:attachment":[{"href":"https:\/\/mamaglobalhealing.com\/en\/wp-json\/wp\/v2\/media?parent=3597"}],"wp:term":[{"taxonomy":"product_brand","embeddable":true,"href":"https:\/\/mamaglobalhealing.com\/en\/wp-json\/wp\/v2\/product_brand?post=3597"},{"taxonomy":"product_cat","embeddable":true,"href":"https:\/\/mamaglobalhealing.com\/en\/wp-json\/wp\/v2\/product_cat?post=3597"},{"taxonomy":"product_tag","embeddable":true,"href":"https:\/\/mamaglobalhealing.com\/en\/wp-json\/wp\/v2\/product_tag?post=3597"}],"curies":[{"name":"wp","href":"https:\/\/api.w.org\/{rel}","templated":true}]}}