{"id":3606,"date":"2022-05-18T18:36:30","date_gmt":"2022-05-18T18:36:30","guid":{"rendered":"https:\/\/mamaglobalhealing.com\/?post_type=product&#038;p=3606"},"modified":"2022-11-17T11:11:48","modified_gmt":"2022-11-17T11:11:48","slug":"firedance-naked-pl-eng-marta-ziolek","status":"publish","type":"product","link":"https:\/\/mamaglobalhealing.com\/en\/product\/firedance-naked-pl-eng-marta-ziolek\/","title":{"rendered":"FIREDANCE &#8211; naked PL \/ ENG | Marta Zi\u00f3\u0142ek"},"content":{"rendered":"","protected":false},"excerpt":{"rendered":"<p dir=\"ltr\"><strong>Menado, zbrojna w kij,<\/strong><br \/>\n<strong>Z w\u0119\u017c\u00f3w sobie warkocz wij!<\/strong><br \/>\n<strong>Swawolne chwyciwszy pr\u0119ty,<\/strong><br \/>\n<strong>\u015awi\u0119\u0107cie obyczaj \u015bwi\u0119ty,<\/strong><br \/>\n<strong>A wnet, za wami w \u015blad,<\/strong><br \/>\n<strong>Ruszy si\u0119 ca\u0142y \u015bwiat,<\/strong><br \/>\n<strong>W tan si\u0119 on pu\u015bci, w tan!<\/strong><\/p>\n<p dir=\"ltr\">FIREDANCE jest zaproszeniem do alchemicznej praktyki cia\u0142a, celebracji ognia ta\u0144ca w kobiecym kr\u0119gu. Ta\u0144ca jako sztuki uzdrawiania. Ta\u0144ca jako praktyki dla wolno\u015bci, kt\u00f3ra pozwala na spalanie tego, co potrzebuje spalenia i rodzenia tego co wyp\u0142ywa z trzewi, zmys\u0142owej mocy.<br \/>\nFIREDANCE w tej edycji jest zaproszeniem do praktyki nago.<\/p>\n<p dir=\"ltr\"><strong><span id=\"[0,6]\" class=\"word\">Menado<\/span>, <span id=\"[8,13]\" class=\"word\">armed<\/span> <span id=\"[14,18]\" class=\"word\">with<\/span> <span id=\"[19,20]\" class=\"word\">a<\/span> <span id=\"[21,26]\" class=\"word\">stick<\/span>,<\/strong><br \/>\n<strong><span id=\"[28,32]\" class=\"word\">Pull<\/span> <span id=\"[33,34]\" class=\"word\">a<\/span> b<span id=\"[36,40]\" class=\"word\">raid<\/span> <span id=\"[41,44]\" class=\"word\">out<\/span> <span id=\"[45,47]\" class=\"word\">of<\/span> <span id=\"[48,51]\" class=\"word\">the<\/span> <span id=\"[52,58]\" class=\"word\">snakes<\/span>!<\/strong><br \/>\n<strong><span id=\"[60,67]\" class=\"word\">Swafrei<\/span> <span id=\"[68,75]\" class=\"word\">grabbed<\/span> <span id=\"[76,79]\" class=\"word\">the<\/span> <span id=\"[80,86]\" class=\"word\">sticks<\/span>,<\/strong><br \/>\n<strong><span id=\"[88,97]\" class=\"word\">Celebrate<\/span> <span id=\"[98,101]\" class=\"word\">the<\/span> <span id=\"[102,106]\" class=\"word\">holy<\/span> <span id=\"[107,113]\" class=\"word\">custom<\/span>,<\/strong><br \/>\n<strong><span id=\"[115,118]\" class=\"word\">And<\/span> <span id=\"[119,123]\" class=\"word\">soon<\/span>, <span id=\"[125,131]\" class=\"word\">follow<\/span> <span id=\"[132,134]\" class=\"word\">yo<\/span>u <span id=\"[136,138]\" class=\"word\">on<\/span> <span id=\"[139,142]\" class=\"word\">the<\/span> <span id=\"[143,148]\" class=\"word\">trail<\/span>,<\/strong><br \/>\n<strong><span id=\"[150,153]\" class=\"word\">The<\/span> <span id=\"[154,159]\" class=\"word\">whole<\/span> <span id=\"[160,165]\" class=\"word\">world<\/span> <span id=\"[166,170]\" class=\"word\">will<\/span> <span id=\"[171,175]\" class=\"word\">move<\/span>,<\/strong><br \/>\n<strong><span id=\"[177,179]\" class=\"word\">In<\/span> <span id=\"[180,183]\" class=\"word\">tan<\/span> <span id=\"[184,186]\" class=\"word\">he<\/span> <span id=\"[187,191]\" class=\"word\">goes<\/span>, <span id=\"[193,195]\" class=\"word\">in<\/span> <span id=\"[196,199]\" class=\"word\">tan<\/span>!<\/strong><\/p>\n<p dir=\"ltr\"><span id=\"[0,9]\" class=\"word\">FIREDANCE<\/span> <span id=\"[10,12]\" class=\"word\">is<\/span> <span id=\"[13,15]\" class=\"word\">an<\/span> <span id=\"[16,26]\" class=\"word\">invitation<\/span> <span id=\"[27,29]\" class=\"word\">to<\/span> <span id=\"[30,33]\" class=\"word\">the<\/span> <span id=\"[34,44]\" class=\"word\">alchemical<\/span> <span id=\"[45,53]\" class=\"word\">practice<\/span> <span id=\"[54,56]\" class=\"word\">of<\/span> <span id=\"[57,60]\" class=\"word\">the<\/span> b<span id=\"[62,65]\" class=\"word\">ody<\/span>, <span id=\"[67,69]\" class=\"word\">to<\/span> <span id=\"[70,73]\" class=\"word\">the<\/span> <span id=\"[74,85]\" class=\"word\">celebration<\/span> <span id=\"[86,88]\" class=\"word\">of<\/span> <span id=\"[89,92]\" class=\"word\">the<\/span> <span id=\"[93,98]\" class=\"word\">dance<\/span> <span id=\"[99,101]\" class=\"word\">of<\/span> <span id=\"[102,106]\" class=\"word\">fire<\/span> <span id=\"[107,109]\" class=\"word\">in<\/span> <span id=\"[110,113]\" class=\"word\">the<\/span> <span id=\"[114,120]\" class=\"word\">female<\/span> <span id=\"[121,127]\" class=\"word\">circle<\/span>. <span id=\"[129,134]\" class=\"word\">Dance<\/span> <span id=\"[135,137]\" class=\"word\">as<\/span> <span id=\"[138,139]\" class=\"word\">a<\/span> <span id=\"[140,147]\" class=\"word\">healing<\/span> <span id=\"[148,151]\" class=\"word\">art<\/span>. <span id=\"[153,158]\" class=\"word\">Dance<\/span> <span id=\"[159,161]\" class=\"word\">as<\/span> <span id=\"[162,163]\" class=\"word\">a<\/span> <span id=\"[164,172]\" class=\"word\">practice<\/span> <span id=\"[173,176]\" class=\"word\">for<\/span> <span id=\"[177,184]\" class=\"word\">freedom<\/span> <span id=\"[185,189]\" class=\"word\">that<\/span> <span id=\"[190,196]\" class=\"word\">allows<\/span> <span id=\"[197,199]\" class=\"word\">us<\/span> <span id=\"[200,202]\" class=\"word\">to<\/span> bu<span id=\"[205,207]\" class=\"word\">rn<\/span> <span id=\"[208,212]\" class=\"word\">what<\/span> <span id=\"[213,218]\" class=\"word\">needs<\/span> <span id=\"[219,221]\" class=\"word\">to<\/span> <span id=\"[222,224]\" class=\"word\">be<\/span> bu<span id=\"[227,230]\" class=\"word\">rnt<\/span>, <span id=\"[232,235]\" class=\"word\">and<\/span> <span id=\"[236,238]\" class=\"word\">to<\/span> <span id=\"[239,243]\" class=\"word\">give<\/span> b<span id=\"[245,249]\" class=\"word\">irth<\/span> <span id=\"[250,252]\" class=\"word\">to<\/span> <span id=\"[253,257]\" class=\"word\">what<\/span> <span id=\"[258,263]\" class=\"word\">comes<\/span> <span id=\"[264,268]\" class=\"word\">from<\/span> <span id=\"[269,272]\" class=\"word\">the<\/span> <span id=\"[273,283]\" class=\"word\">intestines<\/span>, <span id=\"[285,292]\" class=\"word\">sensual<\/span> <span id=\"[293,298]\" class=\"word\">power<\/span>.<br \/>\n<span id=\"[301,310]\" class=\"word\">FIREDANCE<\/span> <span id=\"[311,313]\" class=\"word\">in<\/span> <span id=\"[314,318]\" class=\"word\">this<\/span> <span id=\"[319,324]\" class=\"word\">issue<\/span> <span id=\"[325,327]\" class=\"word\">is<\/span> <span id=\"[328,330]\" class=\"word\">an<\/span> <span id=\"[331,341]\" class=\"word\">invitation<\/span> <span id=\"[342,344]\" class=\"word\">to<\/span> <span id=\"[345,353]\" class=\"word\">practice<\/span> <span id=\"[354,358]\" class=\"word\">nude<\/span>.<\/p>\n<p><b>Prowadz\u0105ca:<\/b><span style=\"font-weight: 400;\"> Marta Zi\u00f3\u0142ek<\/span><\/p>\n<p><b>Czas trwania: <\/b>2h<\/p>\n<p><b>Data i godzina:<\/b> niedziela | sunday 12:30 &#8211; 14:30<\/p>\n<p><b>Miejsce:<\/b> <a href=\"https:\/\/mamaglobalhealing.com\/en\/mama-line-up\/house-of-love\/\">House of Love<\/a><\/p>\n<p><b>Liczba os\u00f3b:<\/b> 30<\/p>\n<p><b>Dla Kogo: <\/b>for everyone 18+<\/p>\n<p><b>Bobasy:<\/b> without kids<\/p>\n<p><strong>Nago\u015b\u0107:<\/strong> say yes for nudity \ud83d\ude42<\/p>\n<p><strong>J\u0119zyk | Language:<\/strong> PL\/ENG<\/p>","protected":false},"featured_media":3607,"template":"","meta":{"_et_pb_use_builder":"","_et_pb_old_content":"","_et_gb_content_width":""},"product_brand":[],"product_cat":[34,43],"product_tag":[],"class_list":{"0":"post-3606","1":"product","2":"type-product","3":"status-publish","4":"has-post-thumbnail","6":"product_cat-mama-work","7":"product_cat-niedziela","9":"first","10":"instock","11":"virtual","12":"taxable","13":"product-type-simple"},"yoast_head":"<!-- This site is optimized with the Yoast SEO plugin v25.1 - https:\/\/yoast.com\/wordpress\/plugins\/seo\/ -->\n<title>FIREDANCE - naked PL \/ ENG | Marta Zi\u00f3\u0142ek - Mama Global Healing<\/title>\n<meta name=\"description\" content=\"FIREDANCE jest zaproszeniem do alchemicznej praktyki cia\u0142a, celebracji ognia ta\u0144ca w kobiecym kr\u0119gu. Ta\u0144ca jako sztuki uzdrawiania.\" \/>\n<meta name=\"robots\" content=\"index, follow, max-snippet:-1, max-image-preview:large, max-video-preview:-1\" \/>\n<link rel=\"canonical\" href=\"http:\/\/mamaglobalhealing.com\/en\/product\/firedance-naked-pl-eng-marta-ziolek\/\" \/>\n<meta property=\"og:locale\" content=\"en_GB\" \/>\n<meta property=\"og:type\" content=\"article\" \/>\n<meta property=\"og:title\" content=\"FIREDANCE - naked PL \/ ENG | Marta Zi\u00f3\u0142ek - Mama Global Healing\" \/>\n<meta property=\"og:description\" content=\"FIREDANCE jest zaproszeniem do alchemicznej praktyki cia\u0142a, celebracji ognia ta\u0144ca w kobiecym kr\u0119gu. Ta\u0144ca jako sztuki uzdrawiania.\" \/>\n<meta property=\"og:url\" content=\"http:\/\/mamaglobalhealing.com\/en\/product\/firedance-naked-pl-eng-marta-ziolek\/\" \/>\n<meta property=\"og:site_name\" content=\"Mama Global Healing\" \/>\n<meta property=\"article:modified_time\" content=\"2022-11-17T11:11:48+00:00\" \/>\n<meta property=\"og:image\" content=\"http:\/\/mamaglobalhealing.com\/wp-content\/uploads\/2022\/05\/IMG_1135-1-1.jpeg\" \/>\n\t<meta property=\"og:image:width\" content=\"2048\" \/>\n\t<meta property=\"og:image:height\" content=\"1363\" \/>\n\t<meta property=\"og:image:type\" content=\"image\/jpeg\" \/>\n<meta name=\"twitter:card\" content=\"summary_large_image\" \/>\n<script type=\"application\/ld+json\" class=\"yoast-schema-graph\">{\"@context\":\"https:\/\/schema.org\",\"@graph\":[{\"@type\":\"WebPage\",\"@id\":\"http:\/\/mamaglobalhealing.com\/produkt\/firedance-naked-pl-eng-marta-ziolek\/\",\"url\":\"http:\/\/mamaglobalhealing.com\/produkt\/firedance-naked-pl-eng-marta-ziolek\/\",\"name\":\"FIREDANCE - naked PL \/ ENG | Marta Zi\u00f3\u0142ek - Mama Global Healing\",\"isPartOf\":{\"@id\":\"https:\/\/mamaglobalhealing.com\/#website\"},\"primaryImageOfPage\":{\"@id\":\"http:\/\/mamaglobalhealing.com\/produkt\/firedance-naked-pl-eng-marta-ziolek\/#primaryimage\"},\"image\":{\"@id\":\"http:\/\/mamaglobalhealing.com\/produkt\/firedance-naked-pl-eng-marta-ziolek\/#primaryimage\"},\"thumbnailUrl\":\"https:\/\/mamaglobalhealing.com\/wp-content\/uploads\/2022\/05\/IMG_1135-1-1.jpeg\",\"datePublished\":\"2022-05-18T18:36:30+00:00\",\"dateModified\":\"2022-11-17T11:11:48+00:00\",\"description\":\"FIREDANCE jest zaproszeniem do alchemicznej praktyki cia\u0142a, celebracji ognia ta\u0144ca w kobiecym kr\u0119gu. Ta\u0144ca jako sztuki uzdrawiania.\",\"breadcrumb\":{\"@id\":\"http:\/\/mamaglobalhealing.com\/produkt\/firedance-naked-pl-eng-marta-ziolek\/#breadcrumb\"},\"inLanguage\":\"en-GB\",\"potentialAction\":[{\"@type\":\"ReadAction\",\"target\":[\"http:\/\/mamaglobalhealing.com\/produkt\/firedance-naked-pl-eng-marta-ziolek\/\"]}]},{\"@type\":\"ImageObject\",\"inLanguage\":\"en-GB\",\"@id\":\"http:\/\/mamaglobalhealing.com\/produkt\/firedance-naked-pl-eng-marta-ziolek\/#primaryimage\",\"url\":\"https:\/\/mamaglobalhealing.com\/wp-content\/uploads\/2022\/05\/IMG_1135-1-1.jpeg\",\"contentUrl\":\"https:\/\/mamaglobalhealing.com\/wp-content\/uploads\/2022\/05\/IMG_1135-1-1.jpeg\",\"width\":2048,\"height\":1363},{\"@type\":\"BreadcrumbList\",\"@id\":\"http:\/\/mamaglobalhealing.com\/produkt\/firedance-naked-pl-eng-marta-ziolek\/#breadcrumb\",\"itemListElement\":[{\"@type\":\"ListItem\",\"position\":1,\"name\":\"Strona g\u0142\u00f3wna\",\"item\":\"https:\/\/mamaglobalhealing.com\/\"},{\"@type\":\"ListItem\",\"position\":2,\"name\":\"Sklep\",\"item\":\"https:\/\/mamaglobalhealing.com\/sklep\/\"},{\"@type\":\"ListItem\",\"position\":3,\"name\":\"FIREDANCE &#8211; naked PL \/ ENG | Marta Zi\u00f3\u0142ek\"}]},{\"@type\":\"WebSite\",\"@id\":\"https:\/\/mamaglobalhealing.com\/#website\",\"url\":\"https:\/\/mamaglobalhealing.com\/\",\"name\":\"Mama Global Healing\",\"description\":\"Kolejna witryna WordPress\",\"potentialAction\":[{\"@type\":\"SearchAction\",\"target\":{\"@type\":\"EntryPoint\",\"urlTemplate\":\"https:\/\/mamaglobalhealing.com\/?s={search_term_string}\"},\"query-input\":{\"@type\":\"PropertyValueSpecification\",\"valueRequired\":true,\"valueName\":\"search_term_string\"}}],\"inLanguage\":\"en-GB\"}]}<\/script>\n<!-- \/ Yoast SEO plugin. -->","yoast_head_json":{"title":"FIREDANCE - naked PL \/ ENG | Marta Zi\u00f3\u0142ek - Mama Global Healing","description":"FIREDANCE jest zaproszeniem do alchemicznej praktyki cia\u0142a, celebracji ognia ta\u0144ca w kobiecym kr\u0119gu. Ta\u0144ca jako sztuki uzdrawiania.","robots":{"index":"index","follow":"follow","max-snippet":"max-snippet:-1","max-image-preview":"max-image-preview:large","max-video-preview":"max-video-preview:-1"},"canonical":"http:\/\/mamaglobalhealing.com\/en\/product\/firedance-naked-pl-eng-marta-ziolek\/","og_locale":"en_GB","og_type":"article","og_title":"FIREDANCE - naked PL \/ ENG | Marta Zi\u00f3\u0142ek - Mama Global Healing","og_description":"FIREDANCE jest zaproszeniem do alchemicznej praktyki cia\u0142a, celebracji ognia ta\u0144ca w kobiecym kr\u0119gu. Ta\u0144ca jako sztuki uzdrawiania.","og_url":"http:\/\/mamaglobalhealing.com\/en\/product\/firedance-naked-pl-eng-marta-ziolek\/","og_site_name":"Mama Global Healing","article_modified_time":"2022-11-17T11:11:48+00:00","og_image":[{"width":2048,"height":1363,"url":"http:\/\/mamaglobalhealing.com\/wp-content\/uploads\/2022\/05\/IMG_1135-1-1.jpeg","type":"image\/jpeg"}],"twitter_card":"summary_large_image","schema":{"@context":"https:\/\/schema.org","@graph":[{"@type":"WebPage","@id":"http:\/\/mamaglobalhealing.com\/produkt\/firedance-naked-pl-eng-marta-ziolek\/","url":"http:\/\/mamaglobalhealing.com\/produkt\/firedance-naked-pl-eng-marta-ziolek\/","name":"FIREDANCE - naked PL \/ ENG | Marta Zi\u00f3\u0142ek - Mama Global Healing","isPartOf":{"@id":"https:\/\/mamaglobalhealing.com\/#website"},"primaryImageOfPage":{"@id":"http:\/\/mamaglobalhealing.com\/produkt\/firedance-naked-pl-eng-marta-ziolek\/#primaryimage"},"image":{"@id":"http:\/\/mamaglobalhealing.com\/produkt\/firedance-naked-pl-eng-marta-ziolek\/#primaryimage"},"thumbnailUrl":"https:\/\/mamaglobalhealing.com\/wp-content\/uploads\/2022\/05\/IMG_1135-1-1.jpeg","datePublished":"2022-05-18T18:36:30+00:00","dateModified":"2022-11-17T11:11:48+00:00","description":"FIREDANCE jest zaproszeniem do alchemicznej praktyki cia\u0142a, celebracji ognia ta\u0144ca w kobiecym kr\u0119gu. Ta\u0144ca jako sztuki uzdrawiania.","breadcrumb":{"@id":"http:\/\/mamaglobalhealing.com\/produkt\/firedance-naked-pl-eng-marta-ziolek\/#breadcrumb"},"inLanguage":"en-GB","potentialAction":[{"@type":"ReadAction","target":["http:\/\/mamaglobalhealing.com\/produkt\/firedance-naked-pl-eng-marta-ziolek\/"]}]},{"@type":"ImageObject","inLanguage":"en-GB","@id":"http:\/\/mamaglobalhealing.com\/produkt\/firedance-naked-pl-eng-marta-ziolek\/#primaryimage","url":"https:\/\/mamaglobalhealing.com\/wp-content\/uploads\/2022\/05\/IMG_1135-1-1.jpeg","contentUrl":"https:\/\/mamaglobalhealing.com\/wp-content\/uploads\/2022\/05\/IMG_1135-1-1.jpeg","width":2048,"height":1363},{"@type":"BreadcrumbList","@id":"http:\/\/mamaglobalhealing.com\/produkt\/firedance-naked-pl-eng-marta-ziolek\/#breadcrumb","itemListElement":[{"@type":"ListItem","position":1,"name":"Strona g\u0142\u00f3wna","item":"https:\/\/mamaglobalhealing.com\/"},{"@type":"ListItem","position":2,"name":"Sklep","item":"https:\/\/mamaglobalhealing.com\/sklep\/"},{"@type":"ListItem","position":3,"name":"FIREDANCE &#8211; naked PL \/ ENG | Marta Zi\u00f3\u0142ek"}]},{"@type":"WebSite","@id":"https:\/\/mamaglobalhealing.com\/#website","url":"https:\/\/mamaglobalhealing.com\/","name":"Mama Global Healing","description":"Kolejna witryna WordPress","potentialAction":[{"@type":"SearchAction","target":{"@type":"EntryPoint","urlTemplate":"https:\/\/mamaglobalhealing.com\/?s={search_term_string}"},"query-input":{"@type":"PropertyValueSpecification","valueRequired":true,"valueName":"search_term_string"}}],"inLanguage":"en-GB"}]}},"_links":{"self":[{"href":"https:\/\/mamaglobalhealing.com\/en\/wp-json\/wp\/v2\/product\/3606","targetHints":{"allow":["GET"]}}],"collection":[{"href":"https:\/\/mamaglobalhealing.com\/en\/wp-json\/wp\/v2\/product"}],"about":[{"href":"https:\/\/mamaglobalhealing.com\/en\/wp-json\/wp\/v2\/types\/product"}],"wp:featuredmedia":[{"embeddable":true,"href":"https:\/\/mamaglobalhealing.com\/en\/wp-json\/wp\/v2\/media\/3607"}],"wp:attachment":[{"href":"https:\/\/mamaglobalhealing.com\/en\/wp-json\/wp\/v2\/media?parent=3606"}],"wp:term":[{"taxonomy":"product_brand","embeddable":true,"href":"https:\/\/mamaglobalhealing.com\/en\/wp-json\/wp\/v2\/product_brand?post=3606"},{"taxonomy":"product_cat","embeddable":true,"href":"https:\/\/mamaglobalhealing.com\/en\/wp-json\/wp\/v2\/product_cat?post=3606"},{"taxonomy":"product_tag","embeddable":true,"href":"https:\/\/mamaglobalhealing.com\/en\/wp-json\/wp\/v2\/product_tag?post=3606"}],"curies":[{"name":"wp","href":"https:\/\/api.w.org\/{rel}","templated":true}]}}