{"id":3610,"date":"2022-05-18T18:46:31","date_gmt":"2022-05-18T18:46:31","guid":{"rendered":"https:\/\/mamaglobalhealing.com\/?post_type=product&#038;p=3610"},"modified":"2022-06-03T12:02:25","modified_gmt":"2022-06-03T12:02:25","slug":"mama-przedsiebiorczyni-mikrobiznesy-i-sila-lokalnej-spolecznosci-ola-kozera","status":"publish","type":"product","link":"https:\/\/mamaglobalhealing.com\/en\/product\/mama-przedsiebiorczyni-mikrobiznesy-i-sila-lokalnej-spolecznosci-ola-kozera\/","title":{"rendered":"Mama przedsi\u0119biorczyni, mikrobiznesy i si\u0142a lokalnej spo\u0142eczno\u015bci | Ola Kozera | WIOSKI.CO"},"content":{"rendered":"","protected":false},"excerpt":{"rendered":"<p>Mama &#8211; przedsi\u0119biorczyni | Mikrobiznesy i si\u0142a lokalnej spo\u0142eczno\u015bci<\/p>\n<p><strong>Prowadz\u0105ca:<\/strong> Ola Kozera | WIOSKI.CO<\/p>\n<p><strong>Liczba os\u00f3b:<\/strong> bo<\/p>\n<p dir=\"ltr\"><strong>Miejsce: <\/strong><a href=\"https:\/\/mamaglobalhealing.com\/en\/mama-line-up\/baby-tipi\/\">Baby Tipi<\/a><\/p>\n<p dir=\"ltr\"><strong>Data i godzina: <\/strong>sobota 16:00 &#8211; 17:00<\/p>\n<p dir=\"ltr\"><strong>Dla kogo:\u00a0<\/strong>Wszyscy<\/p>\n<p dir=\"ltr\"><strong>Bobasy:<\/strong> tak<\/p>\n<p dir=\"ltr\"><strong>J\u0119zyk: <\/strong>PL<\/p>","protected":false},"featured_media":2953,"template":"","meta":{"_et_pb_use_builder":"","_et_pb_old_content":"","_et_gb_content_width":""},"product_brand":[],"product_cat":[35,46],"product_tag":[],"class_list":{"0":"post-3610","1":"product","2":"type-product","3":"status-publish","4":"has-post-thumbnail","6":"product_cat-mama-open","7":"product_cat-sobota-open","9":"first","10":"instock","11":"virtual","12":"taxable","13":"product-type-simple"},"yoast_head":"<!-- This site is optimized with the Yoast SEO plugin v25.1 - https:\/\/yoast.com\/wordpress\/plugins\/seo\/ -->\n<title>Mama przedsi\u0119biorczyni, mikrobiznesy i si\u0142a lokalnej spo\u0142eczno\u015bci | Ola Kozera | WIOSKI.CO - Mama Global Healing<\/title>\n<meta name=\"robots\" content=\"index, follow, max-snippet:-1, max-image-preview:large, max-video-preview:-1\" \/>\n<link rel=\"canonical\" href=\"http:\/\/mamaglobalhealing.com\/en\/product\/mama-przedsiebiorczyni-mikrobiznesy-i-sila-lokalnej-spolecznosci-ola-kozera\/\" \/>\n<meta property=\"og:locale\" content=\"en_GB\" \/>\n<meta property=\"og:type\" content=\"article\" \/>\n<meta property=\"og:title\" content=\"Mama przedsi\u0119biorczyni, mikrobiznesy i si\u0142a lokalnej spo\u0142eczno\u015bci | Ola Kozera | WIOSKI.CO - Mama Global Healing\" \/>\n<meta property=\"og:description\" content=\"Mama - przedsi\u0119biorczyni | Mikrobiznesy i si\u0142a lokalnej spo\u0142eczno\u015bci  Prowadz\u0105ca: Ola Kozera | WIOSKI.CO  Liczba os\u00f3b: bo Miejsce: Baby Tipi Data i godzina: sobota 16:00 - 17:00 Dla kogo:\u00a0Wszyscy Bobasy: tak J\u0119zyk: PL\" \/>\n<meta property=\"og:url\" content=\"http:\/\/mamaglobalhealing.com\/en\/product\/mama-przedsiebiorczyni-mikrobiznesy-i-sila-lokalnej-spolecznosci-ola-kozera\/\" \/>\n<meta property=\"og:site_name\" content=\"Mama Global Healing\" \/>\n<meta property=\"article:modified_time\" content=\"2022-06-03T12:02:25+00:00\" \/>\n<meta property=\"og:image\" content=\"http:\/\/mamaglobalhealing.com\/wp-content\/uploads\/2022\/04\/8-1.png\" \/>\n\t<meta property=\"og:image:width\" content=\"1080\" \/>\n\t<meta property=\"og:image:height\" content=\"1080\" \/>\n\t<meta property=\"og:image:type\" content=\"image\/png\" \/>\n<meta name=\"twitter:card\" content=\"summary_large_image\" \/>\n<script type=\"application\/ld+json\" class=\"yoast-schema-graph\">{\"@context\":\"https:\/\/schema.org\",\"@graph\":[{\"@type\":\"WebPage\",\"@id\":\"http:\/\/mamaglobalhealing.com\/produkt\/mama-przedsiebiorczyni-mikrobiznesy-i-sila-lokalnej-spolecznosci-ola-kozera\/\",\"url\":\"http:\/\/mamaglobalhealing.com\/produkt\/mama-przedsiebiorczyni-mikrobiznesy-i-sila-lokalnej-spolecznosci-ola-kozera\/\",\"name\":\"Mama przedsi\u0119biorczyni, mikrobiznesy i si\u0142a lokalnej spo\u0142eczno\u015bci | Ola Kozera | WIOSKI.CO - Mama Global Healing\",\"isPartOf\":{\"@id\":\"https:\/\/mamaglobalhealing.com\/#website\"},\"primaryImageOfPage\":{\"@id\":\"http:\/\/mamaglobalhealing.com\/produkt\/mama-przedsiebiorczyni-mikrobiznesy-i-sila-lokalnej-spolecznosci-ola-kozera\/#primaryimage\"},\"image\":{\"@id\":\"http:\/\/mamaglobalhealing.com\/produkt\/mama-przedsiebiorczyni-mikrobiznesy-i-sila-lokalnej-spolecznosci-ola-kozera\/#primaryimage\"},\"thumbnailUrl\":\"https:\/\/mamaglobalhealing.com\/wp-content\/uploads\/2022\/04\/8-1.png\",\"datePublished\":\"2022-05-18T18:46:31+00:00\",\"dateModified\":\"2022-06-03T12:02:25+00:00\",\"breadcrumb\":{\"@id\":\"http:\/\/mamaglobalhealing.com\/produkt\/mama-przedsiebiorczyni-mikrobiznesy-i-sila-lokalnej-spolecznosci-ola-kozera\/#breadcrumb\"},\"inLanguage\":\"en-GB\",\"potentialAction\":[{\"@type\":\"ReadAction\",\"target\":[\"http:\/\/mamaglobalhealing.com\/produkt\/mama-przedsiebiorczyni-mikrobiznesy-i-sila-lokalnej-spolecznosci-ola-kozera\/\"]}]},{\"@type\":\"ImageObject\",\"inLanguage\":\"en-GB\",\"@id\":\"http:\/\/mamaglobalhealing.com\/produkt\/mama-przedsiebiorczyni-mikrobiznesy-i-sila-lokalnej-spolecznosci-ola-kozera\/#primaryimage\",\"url\":\"https:\/\/mamaglobalhealing.com\/wp-content\/uploads\/2022\/04\/8-1.png\",\"contentUrl\":\"https:\/\/mamaglobalhealing.com\/wp-content\/uploads\/2022\/04\/8-1.png\",\"width\":1080,\"height\":1080},{\"@type\":\"BreadcrumbList\",\"@id\":\"http:\/\/mamaglobalhealing.com\/produkt\/mama-przedsiebiorczyni-mikrobiznesy-i-sila-lokalnej-spolecznosci-ola-kozera\/#breadcrumb\",\"itemListElement\":[{\"@type\":\"ListItem\",\"position\":1,\"name\":\"Strona g\u0142\u00f3wna\",\"item\":\"https:\/\/mamaglobalhealing.com\/\"},{\"@type\":\"ListItem\",\"position\":2,\"name\":\"Sklep\",\"item\":\"https:\/\/mamaglobalhealing.com\/sklep\/\"},{\"@type\":\"ListItem\",\"position\":3,\"name\":\"Mama przedsi\u0119biorczyni, mikrobiznesy i&nbsp;si\u0142a lokalnej spo\u0142eczno\u015bci | Ola Kozera | WIOSKI.CO\"}]},{\"@type\":\"WebSite\",\"@id\":\"https:\/\/mamaglobalhealing.com\/#website\",\"url\":\"https:\/\/mamaglobalhealing.com\/\",\"name\":\"Mama Global Healing\",\"description\":\"Kolejna witryna WordPress\",\"potentialAction\":[{\"@type\":\"SearchAction\",\"target\":{\"@type\":\"EntryPoint\",\"urlTemplate\":\"https:\/\/mamaglobalhealing.com\/?s={search_term_string}\"},\"query-input\":{\"@type\":\"PropertyValueSpecification\",\"valueRequired\":true,\"valueName\":\"search_term_string\"}}],\"inLanguage\":\"en-GB\"}]}<\/script>\n<!-- \/ Yoast SEO plugin. -->","yoast_head_json":{"title":"Mama przedsi\u0119biorczyni, mikrobiznesy i si\u0142a lokalnej spo\u0142eczno\u015bci | Ola Kozera | WIOSKI.CO - Mama Global Healing","robots":{"index":"index","follow":"follow","max-snippet":"max-snippet:-1","max-image-preview":"max-image-preview:large","max-video-preview":"max-video-preview:-1"},"canonical":"http:\/\/mamaglobalhealing.com\/en\/product\/mama-przedsiebiorczyni-mikrobiznesy-i-sila-lokalnej-spolecznosci-ola-kozera\/","og_locale":"en_GB","og_type":"article","og_title":"Mama przedsi\u0119biorczyni, mikrobiznesy i si\u0142a lokalnej spo\u0142eczno\u015bci | Ola Kozera | WIOSKI.CO - Mama Global Healing","og_description":"Mama - przedsi\u0119biorczyni | Mikrobiznesy i si\u0142a lokalnej spo\u0142eczno\u015bci  Prowadz\u0105ca: Ola Kozera | WIOSKI.CO  Liczba os\u00f3b: bo Miejsce: Baby Tipi Data i godzina: sobota 16:00 - 17:00 Dla kogo:\u00a0Wszyscy Bobasy: tak J\u0119zyk: PL","og_url":"http:\/\/mamaglobalhealing.com\/en\/product\/mama-przedsiebiorczyni-mikrobiznesy-i-sila-lokalnej-spolecznosci-ola-kozera\/","og_site_name":"Mama Global Healing","article_modified_time":"2022-06-03T12:02:25+00:00","og_image":[{"width":1080,"height":1080,"url":"http:\/\/mamaglobalhealing.com\/wp-content\/uploads\/2022\/04\/8-1.png","type":"image\/png"}],"twitter_card":"summary_large_image","schema":{"@context":"https:\/\/schema.org","@graph":[{"@type":"WebPage","@id":"http:\/\/mamaglobalhealing.com\/produkt\/mama-przedsiebiorczyni-mikrobiznesy-i-sila-lokalnej-spolecznosci-ola-kozera\/","url":"http:\/\/mamaglobalhealing.com\/produkt\/mama-przedsiebiorczyni-mikrobiznesy-i-sila-lokalnej-spolecznosci-ola-kozera\/","name":"Mama przedsi\u0119biorczyni, mikrobiznesy i si\u0142a lokalnej spo\u0142eczno\u015bci | Ola Kozera | WIOSKI.CO - Mama Global Healing","isPartOf":{"@id":"https:\/\/mamaglobalhealing.com\/#website"},"primaryImageOfPage":{"@id":"http:\/\/mamaglobalhealing.com\/produkt\/mama-przedsiebiorczyni-mikrobiznesy-i-sila-lokalnej-spolecznosci-ola-kozera\/#primaryimage"},"image":{"@id":"http:\/\/mamaglobalhealing.com\/produkt\/mama-przedsiebiorczyni-mikrobiznesy-i-sila-lokalnej-spolecznosci-ola-kozera\/#primaryimage"},"thumbnailUrl":"https:\/\/mamaglobalhealing.com\/wp-content\/uploads\/2022\/04\/8-1.png","datePublished":"2022-05-18T18:46:31+00:00","dateModified":"2022-06-03T12:02:25+00:00","breadcrumb":{"@id":"http:\/\/mamaglobalhealing.com\/produkt\/mama-przedsiebiorczyni-mikrobiznesy-i-sila-lokalnej-spolecznosci-ola-kozera\/#breadcrumb"},"inLanguage":"en-GB","potentialAction":[{"@type":"ReadAction","target":["http:\/\/mamaglobalhealing.com\/produkt\/mama-przedsiebiorczyni-mikrobiznesy-i-sila-lokalnej-spolecznosci-ola-kozera\/"]}]},{"@type":"ImageObject","inLanguage":"en-GB","@id":"http:\/\/mamaglobalhealing.com\/produkt\/mama-przedsiebiorczyni-mikrobiznesy-i-sila-lokalnej-spolecznosci-ola-kozera\/#primaryimage","url":"https:\/\/mamaglobalhealing.com\/wp-content\/uploads\/2022\/04\/8-1.png","contentUrl":"https:\/\/mamaglobalhealing.com\/wp-content\/uploads\/2022\/04\/8-1.png","width":1080,"height":1080},{"@type":"BreadcrumbList","@id":"http:\/\/mamaglobalhealing.com\/produkt\/mama-przedsiebiorczyni-mikrobiznesy-i-sila-lokalnej-spolecznosci-ola-kozera\/#breadcrumb","itemListElement":[{"@type":"ListItem","position":1,"name":"Strona g\u0142\u00f3wna","item":"https:\/\/mamaglobalhealing.com\/"},{"@type":"ListItem","position":2,"name":"Sklep","item":"https:\/\/mamaglobalhealing.com\/sklep\/"},{"@type":"ListItem","position":3,"name":"Mama przedsi\u0119biorczyni, mikrobiznesy i&nbsp;si\u0142a lokalnej spo\u0142eczno\u015bci | Ola Kozera | WIOSKI.CO"}]},{"@type":"WebSite","@id":"https:\/\/mamaglobalhealing.com\/#website","url":"https:\/\/mamaglobalhealing.com\/","name":"Mama Global Healing","description":"Kolejna witryna WordPress","potentialAction":[{"@type":"SearchAction","target":{"@type":"EntryPoint","urlTemplate":"https:\/\/mamaglobalhealing.com\/?s={search_term_string}"},"query-input":{"@type":"PropertyValueSpecification","valueRequired":true,"valueName":"search_term_string"}}],"inLanguage":"en-GB"}]}},"_links":{"self":[{"href":"https:\/\/mamaglobalhealing.com\/en\/wp-json\/wp\/v2\/product\/3610","targetHints":{"allow":["GET"]}}],"collection":[{"href":"https:\/\/mamaglobalhealing.com\/en\/wp-json\/wp\/v2\/product"}],"about":[{"href":"https:\/\/mamaglobalhealing.com\/en\/wp-json\/wp\/v2\/types\/product"}],"wp:featuredmedia":[{"embeddable":true,"href":"https:\/\/mamaglobalhealing.com\/en\/wp-json\/wp\/v2\/media\/2953"}],"wp:attachment":[{"href":"https:\/\/mamaglobalhealing.com\/en\/wp-json\/wp\/v2\/media?parent=3610"}],"wp:term":[{"taxonomy":"product_brand","embeddable":true,"href":"https:\/\/mamaglobalhealing.com\/en\/wp-json\/wp\/v2\/product_brand?post=3610"},{"taxonomy":"product_cat","embeddable":true,"href":"https:\/\/mamaglobalhealing.com\/en\/wp-json\/wp\/v2\/product_cat?post=3610"},{"taxonomy":"product_tag","embeddable":true,"href":"https:\/\/mamaglobalhealing.com\/en\/wp-json\/wp\/v2\/product_tag?post=3610"}],"curies":[{"name":"wp","href":"https:\/\/api.w.org\/{rel}","templated":true}]}}