{"id":3614,"date":"2022-05-18T18:50:09","date_gmt":"2022-05-18T18:50:09","guid":{"rendered":"https:\/\/mamaglobalhealing.com\/?post_type=product&#038;p=3614"},"modified":"2022-05-24T12:24:37","modified_gmt":"2022-05-24T12:24:37","slug":"playfight-men-vs-women","status":"publish","type":"product","link":"https:\/\/mamaglobalhealing.com\/en\/product\/playfight-men-vs-women\/","title":{"rendered":"PlayFight Men &#038; Women PL\/ENG | Olga Odnowina"},"content":{"rendered":"","protected":false},"excerpt":{"rendered":"<p><span style=\"font-weight: 400;\">PlayFight (PF) to forma ruchowej \u201ezabawy na powa\u017cnie\u201d, w kt\u00f3rej szukamy r\u00f3wnowagi mi\u0119dzy elementem \u201cwalki\u201d i \u201czabawy\u201d. Struktur\u0105 wspieraj\u0105c\u0105 przep\u0142yw energii i daj\u0105c\u0105 bezpieczne ramy dla sesji PF jest kr\u0105g w po\u0142\u0105czeniu z fizyczn\u0105 gr\u0105\/zapasami. Otwarcie dzielmy si\u0119 tu odczuciami, wyra\u017camy nasze granice i docenienie partnerowi i sobie. PlayFight daje doros\u0142ym mo\u017cliwo\u015b\u0107 dotarcia do przyrodzonej witalno\u015bci. Tworzy bezpieczn\u0105 i kreatywn\u0105 formu\u0142\u0119 dla ekspresji emocji w relacji, w szczeg\u00f3lno\u015bci energii gniewu i rado\u015bci, kt\u00f3re s\u0105 podstawowymi \u017cyciowymi energiami. Ten Kr\u0105g Playfight, do kt\u00f3rego zapraszamy Was na MAMIE b\u0119dzie dedykowany relacjom mi\u0119dzy kobietami i m\u0119\u017cczyznami, budowaniu ich i podtrzymywaniu w zgodnie ze sob\u0105 i innymi.<\/span><\/p>\n<p><strong>Prowadz\u0105ca:<\/strong> Olga Odnowina<\/p>\n<p><strong>Czas trwania:<\/strong> 2h<\/p>\n<p><strong>Liczba os\u00f3b:<\/strong> 20<\/p>\n<p dir=\"ltr\"><strong>Miejsce: <\/strong><a href=\"https:\/\/mamaglobalhealing.com\/en\/mama-line-up\/tent-de-vito\/\">White Tent<\/a><\/p>\n<p dir=\"ltr\"><strong>Data i godzina: <\/strong>niedziela 12:00 &#8211; 14:00<\/p>\n<p dir=\"ltr\"><strong>Dla kogo: <\/strong>Kobiety i M\u0119\u017cczy\u017ani<\/p>\n<p dir=\"ltr\"><strong>Bobasy: <\/strong>nie<\/p>\n<p dir=\"ltr\"><strong>J\u0119zyk: <\/strong>PL<\/p>","protected":false},"featured_media":3613,"template":"","meta":{"_et_pb_use_builder":"","_et_pb_old_content":"","_et_gb_content_width":""},"product_brand":[],"product_cat":[35,47],"product_tag":[],"class_list":{"0":"post-3614","1":"product","2":"type-product","3":"status-publish","4":"has-post-thumbnail","6":"product_cat-mama-open","7":"product_cat-niedziela-open","9":"first","10":"instock","11":"virtual","12":"taxable","13":"product-type-simple"},"yoast_head":"<!-- This site is optimized with the Yoast SEO plugin v25.1 - https:\/\/yoast.com\/wordpress\/plugins\/seo\/ -->\n<title>PlayFight Men &amp; Women PL\/ENG | Olga Odnowina - Mama Global Healing<\/title>\n<meta name=\"robots\" content=\"index, follow, max-snippet:-1, max-image-preview:large, max-video-preview:-1\" \/>\n<link rel=\"canonical\" href=\"http:\/\/mamaglobalhealing.com\/en\/product\/playfight-men-vs-women\/\" \/>\n<meta property=\"og:locale\" content=\"en_GB\" \/>\n<meta property=\"og:type\" content=\"article\" \/>\n<meta property=\"og:title\" content=\"PlayFight Men vs Women | Olga Odnowina &amp; Marcin Szot\" \/>\n<meta property=\"og:description\" content=\"PlayFight (PF) to forma ruchowej \u201ezabawy na powa\u017cnie\u201d, w kt\u00f3rej szukamy r\u00f3wnowagi mi\u0119dzy elementem \u201cwalki\u201d i \u201czabawy\u201d. Struktur\u0105 wspieraj\u0105c\u0105 przep\u0142yw energii i daj\u0105c\u0105 bezpieczne ramy dla sesji PF jest kr\u0105g w po\u0142\u0105czeniu z fizyczn\u0105 gr\u0105\/zapasami. Otwarcie dzielmy si\u0119 tu odczuciami, wyra\u017camy nasze granice i docenienie partnerowi i sobie. PlayFight daje doros\u0142ym mo\u017cliwo\u015b\u0107 dotarcia do przyrodzonej witalno\u015bci. Tworzy bezpieczn\u0105 i kreatywn\u0105 formu\u0142\u0119 dla ekspresji emocji w relacji, w szczeg\u00f3lno\u015bci energii gniewu i rado\u015bci, kt\u00f3re s\u0105 podstawowymi \u017cyciowymi energiami. Ten Kr\u0105g Playfight, do kt\u00f3rego zapraszamy Was na MAMIE b\u0119dzie dedykowany relacjom mi\u0119dzy kobietami i m\u0119\u017cczyznami, budowaniu ich i podtrzymywaniu w zgodnie ze sob\u0105 i innymi.  Prowadz\u0105ca: Olga Odnowina  Czas trwania: 2h  Liczba os\u00f3b: 20 Miejsce: White Tent Data i godzina: niedziela 12:00 - 14:00 Dla kogo: Kobiety i M\u0119\u017cczy\u017ani Bobasy: nie J\u0119zyk: PL\" \/>\n<meta property=\"og:url\" content=\"http:\/\/mamaglobalhealing.com\/en\/product\/playfight-men-vs-women\/\" \/>\n<meta property=\"og:site_name\" content=\"Mama Global Healing\" \/>\n<meta property=\"article:modified_time\" content=\"2022-05-24T12:24:37+00:00\" \/>\n<meta property=\"og:image\" content=\"http:\/\/mamaglobalhealing.com\/wp-content\/uploads\/2022\/04\/IMG_3443-scaled.jpg\" \/>\n\t<meta property=\"og:image:width\" content=\"2560\" \/>\n\t<meta property=\"og:image:height\" content=\"1707\" \/>\n\t<meta property=\"og:image:type\" content=\"image\/jpeg\" \/>\n<meta name=\"twitter:card\" content=\"summary_large_image\" \/>\n<script type=\"application\/ld+json\" class=\"yoast-schema-graph\">{\"@context\":\"https:\/\/schema.org\",\"@graph\":[{\"@type\":\"WebPage\",\"@id\":\"http:\/\/mamaglobalhealing.com\/produkt\/playfight-men-vs-women\/\",\"url\":\"http:\/\/mamaglobalhealing.com\/produkt\/playfight-men-vs-women\/\",\"name\":\"PlayFight Men & Women PL\/ENG | Olga Odnowina - Mama Global Healing\",\"isPartOf\":{\"@id\":\"https:\/\/mamaglobalhealing.com\/#website\"},\"primaryImageOfPage\":{\"@id\":\"http:\/\/mamaglobalhealing.com\/produkt\/playfight-men-vs-women\/#primaryimage\"},\"image\":{\"@id\":\"http:\/\/mamaglobalhealing.com\/produkt\/playfight-men-vs-women\/#primaryimage\"},\"thumbnailUrl\":\"https:\/\/mamaglobalhealing.com\/wp-content\/uploads\/2022\/05\/IMG_3443-scaled.jpg\",\"datePublished\":\"2022-05-18T18:50:09+00:00\",\"dateModified\":\"2022-05-24T12:24:37+00:00\",\"breadcrumb\":{\"@id\":\"http:\/\/mamaglobalhealing.com\/produkt\/playfight-men-vs-women\/#breadcrumb\"},\"inLanguage\":\"en-GB\",\"potentialAction\":[{\"@type\":\"ReadAction\",\"target\":[\"http:\/\/mamaglobalhealing.com\/produkt\/playfight-men-vs-women\/\"]}]},{\"@type\":\"ImageObject\",\"inLanguage\":\"en-GB\",\"@id\":\"http:\/\/mamaglobalhealing.com\/produkt\/playfight-men-vs-women\/#primaryimage\",\"url\":\"https:\/\/mamaglobalhealing.com\/wp-content\/uploads\/2022\/05\/IMG_3443-scaled.jpg\",\"contentUrl\":\"https:\/\/mamaglobalhealing.com\/wp-content\/uploads\/2022\/05\/IMG_3443-scaled.jpg\",\"width\":2560,\"height\":1707},{\"@type\":\"BreadcrumbList\",\"@id\":\"http:\/\/mamaglobalhealing.com\/produkt\/playfight-men-vs-women\/#breadcrumb\",\"itemListElement\":[{\"@type\":\"ListItem\",\"position\":1,\"name\":\"Strona g\u0142\u00f3wna\",\"item\":\"https:\/\/mamaglobalhealing.com\/\"},{\"@type\":\"ListItem\",\"position\":2,\"name\":\"Sklep\",\"item\":\"https:\/\/mamaglobalhealing.com\/sklep\/\"},{\"@type\":\"ListItem\",\"position\":3,\"name\":\"PlayFight Men &#038; Women PL\/ENG | Olga Odnowina\"}]},{\"@type\":\"WebSite\",\"@id\":\"https:\/\/mamaglobalhealing.com\/#website\",\"url\":\"https:\/\/mamaglobalhealing.com\/\",\"name\":\"Mama Global Healing\",\"description\":\"Kolejna witryna WordPress\",\"potentialAction\":[{\"@type\":\"SearchAction\",\"target\":{\"@type\":\"EntryPoint\",\"urlTemplate\":\"https:\/\/mamaglobalhealing.com\/?s={search_term_string}\"},\"query-input\":{\"@type\":\"PropertyValueSpecification\",\"valueRequired\":true,\"valueName\":\"search_term_string\"}}],\"inLanguage\":\"en-GB\"}]}<\/script>\n<!-- \/ Yoast SEO plugin. -->","yoast_head_json":{"title":"PlayFight Men & Women PL\/ENG | Olga Odnowina - Mama Global Healing","robots":{"index":"index","follow":"follow","max-snippet":"max-snippet:-1","max-image-preview":"max-image-preview:large","max-video-preview":"max-video-preview:-1"},"canonical":"http:\/\/mamaglobalhealing.com\/en\/product\/playfight-men-vs-women\/","og_locale":"en_GB","og_type":"article","og_title":"PlayFight Men vs Women | Olga Odnowina & Marcin Szot","og_description":"PlayFight (PF) to forma ruchowej \u201ezabawy na powa\u017cnie\u201d, w kt\u00f3rej szukamy r\u00f3wnowagi mi\u0119dzy elementem \u201cwalki\u201d i \u201czabawy\u201d. Struktur\u0105 wspieraj\u0105c\u0105 przep\u0142yw energii i daj\u0105c\u0105 bezpieczne ramy dla sesji PF jest kr\u0105g w po\u0142\u0105czeniu z fizyczn\u0105 gr\u0105\/zapasami. Otwarcie dzielmy si\u0119 tu odczuciami, wyra\u017camy nasze granice i docenienie partnerowi i sobie. PlayFight daje doros\u0142ym mo\u017cliwo\u015b\u0107 dotarcia do przyrodzonej witalno\u015bci. Tworzy bezpieczn\u0105 i kreatywn\u0105 formu\u0142\u0119 dla ekspresji emocji w relacji, w szczeg\u00f3lno\u015bci energii gniewu i rado\u015bci, kt\u00f3re s\u0105 podstawowymi \u017cyciowymi energiami. Ten Kr\u0105g Playfight, do kt\u00f3rego zapraszamy Was na MAMIE b\u0119dzie dedykowany relacjom mi\u0119dzy kobietami i m\u0119\u017cczyznami, budowaniu ich i podtrzymywaniu w zgodnie ze sob\u0105 i innymi.  Prowadz\u0105ca: Olga Odnowina  Czas trwania: 2h  Liczba os\u00f3b: 20 Miejsce: White Tent Data i godzina: niedziela 12:00 - 14:00 Dla kogo: Kobiety i M\u0119\u017cczy\u017ani Bobasy: nie J\u0119zyk: PL","og_url":"http:\/\/mamaglobalhealing.com\/en\/product\/playfight-men-vs-women\/","og_site_name":"Mama Global Healing","article_modified_time":"2022-05-24T12:24:37+00:00","og_image":[{"width":2560,"height":1707,"url":"http:\/\/mamaglobalhealing.com\/wp-content\/uploads\/2022\/04\/IMG_3443-scaled.jpg","type":"image\/jpeg"}],"twitter_card":"summary_large_image","schema":{"@context":"https:\/\/schema.org","@graph":[{"@type":"WebPage","@id":"http:\/\/mamaglobalhealing.com\/produkt\/playfight-men-vs-women\/","url":"http:\/\/mamaglobalhealing.com\/produkt\/playfight-men-vs-women\/","name":"PlayFight Men & Women PL\/ENG | Olga Odnowina - Mama Global Healing","isPartOf":{"@id":"https:\/\/mamaglobalhealing.com\/#website"},"primaryImageOfPage":{"@id":"http:\/\/mamaglobalhealing.com\/produkt\/playfight-men-vs-women\/#primaryimage"},"image":{"@id":"http:\/\/mamaglobalhealing.com\/produkt\/playfight-men-vs-women\/#primaryimage"},"thumbnailUrl":"https:\/\/mamaglobalhealing.com\/wp-content\/uploads\/2022\/05\/IMG_3443-scaled.jpg","datePublished":"2022-05-18T18:50:09+00:00","dateModified":"2022-05-24T12:24:37+00:00","breadcrumb":{"@id":"http:\/\/mamaglobalhealing.com\/produkt\/playfight-men-vs-women\/#breadcrumb"},"inLanguage":"en-GB","potentialAction":[{"@type":"ReadAction","target":["http:\/\/mamaglobalhealing.com\/produkt\/playfight-men-vs-women\/"]}]},{"@type":"ImageObject","inLanguage":"en-GB","@id":"http:\/\/mamaglobalhealing.com\/produkt\/playfight-men-vs-women\/#primaryimage","url":"https:\/\/mamaglobalhealing.com\/wp-content\/uploads\/2022\/05\/IMG_3443-scaled.jpg","contentUrl":"https:\/\/mamaglobalhealing.com\/wp-content\/uploads\/2022\/05\/IMG_3443-scaled.jpg","width":2560,"height":1707},{"@type":"BreadcrumbList","@id":"http:\/\/mamaglobalhealing.com\/produkt\/playfight-men-vs-women\/#breadcrumb","itemListElement":[{"@type":"ListItem","position":1,"name":"Strona g\u0142\u00f3wna","item":"https:\/\/mamaglobalhealing.com\/"},{"@type":"ListItem","position":2,"name":"Sklep","item":"https:\/\/mamaglobalhealing.com\/sklep\/"},{"@type":"ListItem","position":3,"name":"PlayFight Men &#038; Women PL\/ENG | Olga Odnowina"}]},{"@type":"WebSite","@id":"https:\/\/mamaglobalhealing.com\/#website","url":"https:\/\/mamaglobalhealing.com\/","name":"Mama Global Healing","description":"Kolejna witryna WordPress","potentialAction":[{"@type":"SearchAction","target":{"@type":"EntryPoint","urlTemplate":"https:\/\/mamaglobalhealing.com\/?s={search_term_string}"},"query-input":{"@type":"PropertyValueSpecification","valueRequired":true,"valueName":"search_term_string"}}],"inLanguage":"en-GB"}]}},"_links":{"self":[{"href":"https:\/\/mamaglobalhealing.com\/en\/wp-json\/wp\/v2\/product\/3614","targetHints":{"allow":["GET"]}}],"collection":[{"href":"https:\/\/mamaglobalhealing.com\/en\/wp-json\/wp\/v2\/product"}],"about":[{"href":"https:\/\/mamaglobalhealing.com\/en\/wp-json\/wp\/v2\/types\/product"}],"wp:featuredmedia":[{"embeddable":true,"href":"https:\/\/mamaglobalhealing.com\/en\/wp-json\/wp\/v2\/media\/3613"}],"wp:attachment":[{"href":"https:\/\/mamaglobalhealing.com\/en\/wp-json\/wp\/v2\/media?parent=3614"}],"wp:term":[{"taxonomy":"product_brand","embeddable":true,"href":"https:\/\/mamaglobalhealing.com\/en\/wp-json\/wp\/v2\/product_brand?post=3614"},{"taxonomy":"product_cat","embeddable":true,"href":"https:\/\/mamaglobalhealing.com\/en\/wp-json\/wp\/v2\/product_cat?post=3614"},{"taxonomy":"product_tag","embeddable":true,"href":"https:\/\/mamaglobalhealing.com\/en\/wp-json\/wp\/v2\/product_tag?post=3614"}],"curies":[{"name":"wp","href":"https:\/\/api.w.org\/{rel}","templated":true}]}}