{"id":3617,"date":"2022-05-18T18:55:40","date_gmt":"2022-05-18T18:55:40","guid":{"rendered":"https:\/\/mamaglobalhealing.com\/?post_type=product&#038;p=3617"},"modified":"2022-05-24T12:28:35","modified_gmt":"2022-05-24T12:28:35","slug":"spotkanie-z-ksiazka-voca-ilnicka","status":"publish","type":"product","link":"https:\/\/mamaglobalhealing.com\/en\/product\/spotkanie-z-ksiazka-voca-ilnicka\/","title":{"rendered":"Poza dziewic\u0105 i dziwk\u0105. Pe\u0142nia kobiecej seksualno\u015bci | Spotkanie z ksi\u0105\u017ck\u0105 | Voca Ilnicka"},"content":{"rendered":"","protected":false},"excerpt":{"rendered":"<p><b>Poza dziewic\u0105 i dziwk\u0105. Pe\u0142nia kobiecej seksualno\u015bci<\/b><\/p>\n<p><span style=\"font-weight: 400;\">Jak zosta\u0142y\u015bmy (seksualnie) sformatowane?<br \/>\n<\/span><span style=\"font-weight: 400;\">Jeste\u015bmy seksualne same w sobie, czy potrzebujemy &#8222;poca\u0142unku ksi\u0119cia&#8221;?<br \/>\n<\/span><span style=\"font-weight: 400;\">Czego potrzebujemy, aby rozkwitn\u0105\u0107 w swojej pe\u0142ni?<\/span><\/p>\n<p><span style=\"font-weight: 400;\">Rozmowy o kobiecej seksualno\u015bci wok\u00f3\u0142 ksi\u0105\u017cki &#8222;Uniesienie sp\u00f3dnicy. Seksualne do\u015bwiadczenia i kobieca moc&#8221;.<\/span><\/p>\n<p><b>Prowadz\u0105ca:<\/b><span style=\"font-weight: 400;\"> Voca Ilnicka<\/span><\/p>\n<p><b>Czas trwania: <\/b>2h<\/p>\n<p><b>Data i godzina:<\/b> sobota 12:00 -13:30<\/p>\n<p><b>Miejsce:<\/b> <a href=\"https:\/\/mamaglobalhealing.com\/en\/mama-line-up\/central-chakra\/\">Central Chakra<\/a><\/p>\n<p><b>Ilo\u015b\u0107 os\u00f3b:<\/b> bo<\/p>\n<p><b>Dla Kogo: <\/b>Wszyscy<\/p>\n<p><b>Bobasy:<\/b> tak<\/p>\n<p><strong>J\u0119zyk:<\/strong> PL<\/p>","protected":false},"featured_media":2973,"template":"","meta":{"_et_pb_use_builder":"","_et_pb_old_content":"","_et_gb_content_width":""},"product_brand":[],"product_cat":[35,46],"product_tag":[],"class_list":{"0":"post-3617","1":"product","2":"type-product","3":"status-publish","4":"has-post-thumbnail","6":"product_cat-mama-open","7":"product_cat-sobota-open","9":"first","10":"instock","11":"virtual","12":"taxable","13":"product-type-simple"},"yoast_head":"<!-- This site is optimized with the Yoast SEO plugin v25.1 - https:\/\/yoast.com\/wordpress\/plugins\/seo\/ -->\n<title>Poza dziewic\u0105 i dziwk\u0105. Pe\u0142nia kobiecej seksualno\u015bci | Spotkanie z ksi\u0105\u017ck\u0105 | Voca Ilnicka - Mama Global Healing<\/title>\n<meta name=\"description\" content=\"Voca Ilnicka | Rozmowy o kobiecej seksualno\u015bci wok\u00f3\u0142 ksi\u0105\u017cki &quot;Uniesienie sp\u00f3dnicy. Seksualne do\u015bwiadczenia i kobieca moc&quot; | sobota 12:00\" \/>\n<meta name=\"robots\" content=\"index, follow, max-snippet:-1, max-image-preview:large, max-video-preview:-1\" \/>\n<link rel=\"canonical\" href=\"http:\/\/mamaglobalhealing.com\/en\/product\/spotkanie-z-ksiazka-voca-ilnicka\/\" \/>\n<meta property=\"og:locale\" content=\"en_GB\" \/>\n<meta property=\"og:type\" content=\"article\" \/>\n<meta property=\"og:title\" content=\"Poza dziewic\u0105 i dziwk\u0105. Pe\u0142nia kobiecej seksualno\u015bci | Spotkanie z ksi\u0105\u017ck\u0105 | Voca Ilnicka - Mama Global Healing\" \/>\n<meta property=\"og:description\" content=\"Voca Ilnicka | Rozmowy o kobiecej seksualno\u015bci wok\u00f3\u0142 ksi\u0105\u017cki &quot;Uniesienie sp\u00f3dnicy. Seksualne do\u015bwiadczenia i kobieca moc&quot; | sobota 12:00\" \/>\n<meta property=\"og:url\" content=\"http:\/\/mamaglobalhealing.com\/en\/product\/spotkanie-z-ksiazka-voca-ilnicka\/\" \/>\n<meta property=\"og:site_name\" content=\"Mama Global Healing\" \/>\n<meta property=\"article:modified_time\" content=\"2022-05-24T12:28:35+00:00\" \/>\n<meta property=\"og:image\" content=\"http:\/\/mamaglobalhealing.com\/wp-content\/uploads\/2022\/05\/potret-Voca-2M-scaled.jpg\" \/>\n\t<meta property=\"og:image:width\" content=\"1707\" \/>\n\t<meta property=\"og:image:height\" content=\"2560\" \/>\n\t<meta property=\"og:image:type\" content=\"image\/jpeg\" \/>\n<meta name=\"twitter:card\" content=\"summary_large_image\" \/>\n<script type=\"application\/ld+json\" class=\"yoast-schema-graph\">{\"@context\":\"https:\/\/schema.org\",\"@graph\":[{\"@type\":\"WebPage\",\"@id\":\"http:\/\/mamaglobalhealing.com\/produkt\/spotkanie-z-ksiazka-voca-ilnicka\/\",\"url\":\"http:\/\/mamaglobalhealing.com\/produkt\/spotkanie-z-ksiazka-voca-ilnicka\/\",\"name\":\"Poza dziewic\u0105 i dziwk\u0105. Pe\u0142nia kobiecej seksualno\u015bci | Spotkanie z ksi\u0105\u017ck\u0105 | Voca Ilnicka - Mama Global Healing\",\"isPartOf\":{\"@id\":\"https:\/\/mamaglobalhealing.com\/#website\"},\"primaryImageOfPage\":{\"@id\":\"http:\/\/mamaglobalhealing.com\/produkt\/spotkanie-z-ksiazka-voca-ilnicka\/#primaryimage\"},\"image\":{\"@id\":\"http:\/\/mamaglobalhealing.com\/produkt\/spotkanie-z-ksiazka-voca-ilnicka\/#primaryimage\"},\"thumbnailUrl\":\"https:\/\/mamaglobalhealing.com\/wp-content\/uploads\/2022\/05\/potret-Voca-2M-scaled.jpg\",\"datePublished\":\"2022-05-18T18:55:40+00:00\",\"dateModified\":\"2022-05-24T12:28:35+00:00\",\"description\":\"Voca Ilnicka | Rozmowy o kobiecej seksualno\u015bci wok\u00f3\u0142 ksi\u0105\u017cki \\\"Uniesienie sp\u00f3dnicy. Seksualne do\u015bwiadczenia i kobieca moc\\\" | sobota 12:00\",\"breadcrumb\":{\"@id\":\"http:\/\/mamaglobalhealing.com\/produkt\/spotkanie-z-ksiazka-voca-ilnicka\/#breadcrumb\"},\"inLanguage\":\"en-GB\",\"potentialAction\":[{\"@type\":\"ReadAction\",\"target\":[\"http:\/\/mamaglobalhealing.com\/produkt\/spotkanie-z-ksiazka-voca-ilnicka\/\"]}]},{\"@type\":\"ImageObject\",\"inLanguage\":\"en-GB\",\"@id\":\"http:\/\/mamaglobalhealing.com\/produkt\/spotkanie-z-ksiazka-voca-ilnicka\/#primaryimage\",\"url\":\"https:\/\/mamaglobalhealing.com\/wp-content\/uploads\/2022\/05\/potret-Voca-2M-scaled.jpg\",\"contentUrl\":\"https:\/\/mamaglobalhealing.com\/wp-content\/uploads\/2022\/05\/potret-Voca-2M-scaled.jpg\",\"width\":1707,\"height\":2560},{\"@type\":\"BreadcrumbList\",\"@id\":\"http:\/\/mamaglobalhealing.com\/produkt\/spotkanie-z-ksiazka-voca-ilnicka\/#breadcrumb\",\"itemListElement\":[{\"@type\":\"ListItem\",\"position\":1,\"name\":\"Strona g\u0142\u00f3wna\",\"item\":\"https:\/\/mamaglobalhealing.com\/\"},{\"@type\":\"ListItem\",\"position\":2,\"name\":\"Sklep\",\"item\":\"https:\/\/mamaglobalhealing.com\/sklep\/\"},{\"@type\":\"ListItem\",\"position\":3,\"name\":\"Poza dziewic\u0105 i&nbsp;dziwk\u0105. Pe\u0142nia kobiecej seksualno\u015bci | Spotkanie z&nbsp;ksi\u0105\u017ck\u0105 | Voca Ilnicka\"}]},{\"@type\":\"WebSite\",\"@id\":\"https:\/\/mamaglobalhealing.com\/#website\",\"url\":\"https:\/\/mamaglobalhealing.com\/\",\"name\":\"Mama Global Healing\",\"description\":\"Kolejna witryna WordPress\",\"potentialAction\":[{\"@type\":\"SearchAction\",\"target\":{\"@type\":\"EntryPoint\",\"urlTemplate\":\"https:\/\/mamaglobalhealing.com\/?s={search_term_string}\"},\"query-input\":{\"@type\":\"PropertyValueSpecification\",\"valueRequired\":true,\"valueName\":\"search_term_string\"}}],\"inLanguage\":\"en-GB\"}]}<\/script>\n<!-- \/ Yoast SEO plugin. -->","yoast_head_json":{"title":"Poza dziewic\u0105 i dziwk\u0105. Pe\u0142nia kobiecej seksualno\u015bci | Spotkanie z ksi\u0105\u017ck\u0105 | Voca Ilnicka - Mama Global Healing","description":"Voca Ilnicka | Rozmowy o kobiecej seksualno\u015bci wok\u00f3\u0142 ksi\u0105\u017cki \"Uniesienie sp\u00f3dnicy. Seksualne do\u015bwiadczenia i kobieca moc\" | sobota 12:00","robots":{"index":"index","follow":"follow","max-snippet":"max-snippet:-1","max-image-preview":"max-image-preview:large","max-video-preview":"max-video-preview:-1"},"canonical":"http:\/\/mamaglobalhealing.com\/en\/product\/spotkanie-z-ksiazka-voca-ilnicka\/","og_locale":"en_GB","og_type":"article","og_title":"Poza dziewic\u0105 i dziwk\u0105. Pe\u0142nia kobiecej seksualno\u015bci | Spotkanie z ksi\u0105\u017ck\u0105 | Voca Ilnicka - Mama Global Healing","og_description":"Voca Ilnicka | Rozmowy o kobiecej seksualno\u015bci wok\u00f3\u0142 ksi\u0105\u017cki \"Uniesienie sp\u00f3dnicy. Seksualne do\u015bwiadczenia i kobieca moc\" | sobota 12:00","og_url":"http:\/\/mamaglobalhealing.com\/en\/product\/spotkanie-z-ksiazka-voca-ilnicka\/","og_site_name":"Mama Global Healing","article_modified_time":"2022-05-24T12:28:35+00:00","og_image":[{"width":1707,"height":2560,"url":"http:\/\/mamaglobalhealing.com\/wp-content\/uploads\/2022\/05\/potret-Voca-2M-scaled.jpg","type":"image\/jpeg"}],"twitter_card":"summary_large_image","schema":{"@context":"https:\/\/schema.org","@graph":[{"@type":"WebPage","@id":"http:\/\/mamaglobalhealing.com\/produkt\/spotkanie-z-ksiazka-voca-ilnicka\/","url":"http:\/\/mamaglobalhealing.com\/produkt\/spotkanie-z-ksiazka-voca-ilnicka\/","name":"Poza dziewic\u0105 i dziwk\u0105. Pe\u0142nia kobiecej seksualno\u015bci | Spotkanie z ksi\u0105\u017ck\u0105 | Voca Ilnicka - Mama Global Healing","isPartOf":{"@id":"https:\/\/mamaglobalhealing.com\/#website"},"primaryImageOfPage":{"@id":"http:\/\/mamaglobalhealing.com\/produkt\/spotkanie-z-ksiazka-voca-ilnicka\/#primaryimage"},"image":{"@id":"http:\/\/mamaglobalhealing.com\/produkt\/spotkanie-z-ksiazka-voca-ilnicka\/#primaryimage"},"thumbnailUrl":"https:\/\/mamaglobalhealing.com\/wp-content\/uploads\/2022\/05\/potret-Voca-2M-scaled.jpg","datePublished":"2022-05-18T18:55:40+00:00","dateModified":"2022-05-24T12:28:35+00:00","description":"Voca Ilnicka | Rozmowy o kobiecej seksualno\u015bci wok\u00f3\u0142 ksi\u0105\u017cki \"Uniesienie sp\u00f3dnicy. Seksualne do\u015bwiadczenia i kobieca moc\" | sobota 12:00","breadcrumb":{"@id":"http:\/\/mamaglobalhealing.com\/produkt\/spotkanie-z-ksiazka-voca-ilnicka\/#breadcrumb"},"inLanguage":"en-GB","potentialAction":[{"@type":"ReadAction","target":["http:\/\/mamaglobalhealing.com\/produkt\/spotkanie-z-ksiazka-voca-ilnicka\/"]}]},{"@type":"ImageObject","inLanguage":"en-GB","@id":"http:\/\/mamaglobalhealing.com\/produkt\/spotkanie-z-ksiazka-voca-ilnicka\/#primaryimage","url":"https:\/\/mamaglobalhealing.com\/wp-content\/uploads\/2022\/05\/potret-Voca-2M-scaled.jpg","contentUrl":"https:\/\/mamaglobalhealing.com\/wp-content\/uploads\/2022\/05\/potret-Voca-2M-scaled.jpg","width":1707,"height":2560},{"@type":"BreadcrumbList","@id":"http:\/\/mamaglobalhealing.com\/produkt\/spotkanie-z-ksiazka-voca-ilnicka\/#breadcrumb","itemListElement":[{"@type":"ListItem","position":1,"name":"Strona g\u0142\u00f3wna","item":"https:\/\/mamaglobalhealing.com\/"},{"@type":"ListItem","position":2,"name":"Sklep","item":"https:\/\/mamaglobalhealing.com\/sklep\/"},{"@type":"ListItem","position":3,"name":"Poza dziewic\u0105 i&nbsp;dziwk\u0105. Pe\u0142nia kobiecej seksualno\u015bci | Spotkanie z&nbsp;ksi\u0105\u017ck\u0105 | Voca Ilnicka"}]},{"@type":"WebSite","@id":"https:\/\/mamaglobalhealing.com\/#website","url":"https:\/\/mamaglobalhealing.com\/","name":"Mama Global Healing","description":"Kolejna witryna WordPress","potentialAction":[{"@type":"SearchAction","target":{"@type":"EntryPoint","urlTemplate":"https:\/\/mamaglobalhealing.com\/?s={search_term_string}"},"query-input":{"@type":"PropertyValueSpecification","valueRequired":true,"valueName":"search_term_string"}}],"inLanguage":"en-GB"}]}},"_links":{"self":[{"href":"https:\/\/mamaglobalhealing.com\/en\/wp-json\/wp\/v2\/product\/3617","targetHints":{"allow":["GET"]}}],"collection":[{"href":"https:\/\/mamaglobalhealing.com\/en\/wp-json\/wp\/v2\/product"}],"about":[{"href":"https:\/\/mamaglobalhealing.com\/en\/wp-json\/wp\/v2\/types\/product"}],"wp:featuredmedia":[{"embeddable":true,"href":"https:\/\/mamaglobalhealing.com\/en\/wp-json\/wp\/v2\/media\/2973"}],"wp:attachment":[{"href":"https:\/\/mamaglobalhealing.com\/en\/wp-json\/wp\/v2\/media?parent=3617"}],"wp:term":[{"taxonomy":"product_brand","embeddable":true,"href":"https:\/\/mamaglobalhealing.com\/en\/wp-json\/wp\/v2\/product_brand?post=3617"},{"taxonomy":"product_cat","embeddable":true,"href":"https:\/\/mamaglobalhealing.com\/en\/wp-json\/wp\/v2\/product_cat?post=3617"},{"taxonomy":"product_tag","embeddable":true,"href":"https:\/\/mamaglobalhealing.com\/en\/wp-json\/wp\/v2\/product_tag?post=3617"}],"curies":[{"name":"wp","href":"https:\/\/api.w.org\/{rel}","templated":true}]}}