{"id":3618,"date":"2022-05-18T18:57:30","date_gmt":"2022-05-18T18:57:30","guid":{"rendered":"https:\/\/mamaglobalhealing.com\/?post_type=product&#038;p=3618"},"modified":"2022-06-12T10:50:15","modified_gmt":"2022-06-12T10:50:15","slug":"wyniesienie-zlotej-joni","status":"publish","type":"product","link":"https:\/\/mamaglobalhealing.com\/en\/product\/wyniesienie-zlotej-joni\/","title":{"rendered":"Wyniesienie Z\u0142otej Joni &#8211; Golden Yoni Elevation | perfo &#038; ritual"},"content":{"rendered":"","protected":false},"excerpt":{"rendered":"<p dir=\"ltr\"><em><strong>PROCESJA RUSZA W CZWARTEK ok 18:00 &#8211; dok\u0142adne info o miejscu zbi\u00f3rki otrzymasz na wej\u015bciu na festiwal !\u00a0 <\/strong><\/em><em><strong>Je\u015bli chcesz aktywnie do\u0142\u0105czy\u0107 &#8211; napisz na biuromamaglobal@gmail.com\u00a0<\/strong><\/em><\/p>\n<p dir=\"ltr\"><strong>Ziarno d\u0142ugo le\u017ca\u0142o, a\u017c ca\u0142e pop\u0119ka\u0142o i sw\u00f3j owoc wyda\u0142o.<\/strong><\/p>\n<p dir=\"ltr\">Z\u0142ota Joni, Wilgotna Pani schowana w krakowskich piwnicach ju\u017c nied\u0142ugo po raz kolejny poczuje na sobie promienie s\u0142o\u0144ca i ciep\u0142o naszych serc. Idea Wyniesienia jest prosta i jest ni\u0105 ujawnienie mocy seksualno\u015bci. Kobiece \u0141ono \u0142\u0105czy w sobie ogromn\u0105 si\u0142\u0119 i wielk\u0105 delikatno\u015b\u0107. Jest bram\u0105 \u017cycia, miejscem mocy, siedliskiem rozkoszy. Zabawmy si\u0119 na jej cze\u015b\u0107 &#8211; cze\u015b\u0107 Joni, cze\u015b\u0107 Cipki!<\/p>\n<p dir=\"ltr\">Pierwsza Procesja Wilgotnej Pani odby\u0142a si\u0119 jako performance rze\u017abiarki-waginistki, profesory Iwony Demko w ramach jej dzia\u0142a\u0144 ukazuj\u0105cych kobiec\u0105 seksualno\u015b\u0107 w pozytywnym \u015bwietle. By\u0142o to w 2014 r. przy Galerii Sztuki Wsp\u00f3\u0142czesnej w Por\u0119bach Kupie\u0144skich.<\/p>\n<p dir=\"ltr\">Teraz, po 8. latach, podczas kt\u00f3rych wiele m\u0105drych i odwa\u017cnych os\u00f3b pracowa\u0142o ze swoim cieniem, aby uzdrawia\u0107 seksualno\u015b\u0107, nadchodzi czas wielkiej celebracji, zabawy i rado\u015bci! B\u0119dzie to uhonorowanie naszej kolektywnej pracy w\u0142o\u017conej w przywracanie godnego miejsca Joni i ludzkiej seksualno\u015bci w og\u00f3le. G\u0142\u0119boko wierzymy, \u017ce dzi\u0119ki takim rytua\u0142om leczymy o wiele wi\u0119cej, ni\u017c tylko siebie i sw\u00f3j stosunek do cia\u0142a.<\/p>\n<p dir=\"ltr\">Wyniesienie Z\u0142otej Joni to kolorowy poch\u00f3d, performance i uzdrawiaj\u0105ca praktyka duchowa dla wszystkich os\u00f3b, kt\u00f3re chc\u0105 tworzy\u0107 Now\u0105 Opowie\u015b\u0107.<\/p>","protected":false},"featured_media":3620,"template":"","meta":{"_et_pb_use_builder":"off","_et_pb_old_content":"<p dir=\"ltr\">Ziarno d\u0142ugo le\u017ca\u0142o, a\u017c ca\u0142e pop\u0119ka\u0142o i sw\u00f3j owoc wyda\u0142o.<\/p>\r\n<p dir=\"ltr\">Z\u0142ota Joni, Wilgotna Pani schowana w krakowskich piwnicach ju\u017c nied\u0142ugo po raz kolejny poczuje na sobie promienie s\u0142o\u0144ca i ciep\u0142o naszych serc. Idea Wyniesienia jest prosta i jest ni\u0105 ujawnienie mocy seksualno\u015bci. Kobiece \u0141ono \u0142\u0105czy w sobie ogromn\u0105 si\u0142\u0119 i wielk\u0105 delikatno\u015b\u0107. Jest bram\u0105 \u017cycia, miejscem mocy, siedliskiem rozkoszy. Zabawmy si\u0119 na jej cze\u015b\u0107 - cze\u015b\u0107 Joni, cze\u015b\u0107 Cipki!<\/p>\r\n<p dir=\"ltr\">Pierwsza Procesja Wilgotnej Pani odby\u0142a si\u0119 jako performance rze\u017abiarki-waginistki, profesory Iwony Demko w ramach jej dzia\u0142a\u0144 ukazuj\u0105cych kobiec\u0105 seksualno\u015b\u0107 w pozytywnym \u015bwietle. By\u0142o to w 2014 r. przy Galerii Sztuki Wsp\u00f3\u0142czesnej w Por\u0119bach Kupie\u0144skich.<\/p>\r\n<p dir=\"ltr\">Teraz, po 8. latach, podczas kt\u00f3rych wiele m\u0105drych i odwa\u017cnych os\u00f3b pracowa\u0142o z swoim cieniem, aby uzdrawia\u0107 seksualno\u015b\u0107, nadchodzi czas wielkiej celebracji, zabawy i rado\u015bci! B\u0119dzie to uhonorowanie naszej kolektywnej pracy w\u0142o\u017conej w przywracanie godnego miejsca Joni i ludzkiej seksualno\u015bci w og\u00f3le. G\u0142\u0119boko wierzymy, \u017ce dzi\u0119ki takim rytua\u0142om leczymy o wiele wi\u0119cej ni\u017c tylko siebie i sw\u00f3j stosunek do cia\u0142a.<\/p>\r\n<p dir=\"ltr\">\u00a0Wyniesienie Z\u0142otej Joni to kolorowy poch\u00f3d, performance i uzdrawiaj\u0105ca praktyka duchowa dla wszystkich os\u00f3b, kt\u00f3re chc\u0105 tworzy\u0107 Now\u0105 Opowie\u015b\u0107.<\/p>\r\n\u00a0\r\n<p dir=\"ltr\">#przebieg<\/p>\r\n<p dir=\"ltr\">Przebieg wydarzenia Wyniesienie Z\u0142otej Joni<\/p>\r\n<p dir=\"ltr\">Wyniesienie jest podzielone na trzy symboliczne etapy w\u0119dr\u00f3wki \u017cycia. Ka\u017cdemu z nich patronuje archetyp jednej z trzech bogi\u0144: bia\u0142a bogini, czerwona bogini lub czarna bogini.<\/p>\r\n<p dir=\"ltr\">Zapraszamy wszystkich do aktywnego uczestnictwa!<\/p>\r\n<p dir=\"ltr\">Podczas Wyniesienia mo\u017cesz:<\/p>\r\n\r\n<ul>\r\n \t<li>\r\n<p dir=\"ltr\" role=\"presentation\">sypa\u0107 kwiaty\/p\u0142atki kwiat\u00f3w z koszyczka (wi\u0119c potrzebujesz przywie\u017a\u0107 na Mama Global Healing koszyczek wcze\u015bniej wype\u0142niony p\u0142atkami kwiat\u00f3w, gdy\u017c na terenie, na kt\u00f3rym b\u0119dziemy bardzo trudno o zebranie jakikolwiek kwiat\u00f3w),<\/p>\r\n<\/li>\r\n \t<li>\r\n<p dir=\"ltr\" role=\"presentation\">swoim strojem podkre\u015bli\u0107 aspekt wybranej bogini (wi\u0119c ubierz si\u0119 na bia\u0142o, czarno albo czerwono),<\/p>\r\n<\/li>\r\n \t<li>\r\n<p dir=\"ltr\" role=\"presentation\">nie\u015b\u0107 wraz z innymi nosid\u0142o, na kt\u00f3rym zostanie umieszczona Z\u0142ota Joni,<\/p>\r\n<\/li>\r\n \t<li>\r\n<p dir=\"ltr\" role=\"presentation\">trzyma\u0107 wst\u0105\u017cki zdobi\u0105ce nosid\u0142o,<\/p>\r\n<\/li>\r\n \t<li>\r\n<p dir=\"ltr\" role=\"presentation\">bra\u0107 czynny udzia\u0142 w pierwszym, drugim lub trzecim etapie Wyniesienia (bia\u0142y - medytacja ziarna, czerwony - spiralny poch\u00f3d, czarny - \u015bmier\u0107 i odrodzenie)<\/p>\r\n<\/li>\r\n \t<li>\r\n<p dir=\"ltr\" role=\"presentation\">i\u015b\u0107 w naszym pochodzie.<\/p>\r\n<\/li>\r\n<\/ul>\r\n<p dir=\"ltr\">Kt\u00f3ry\u015b z tych pomys\u0142\u00f3w przyci\u0105ga Ci\u0119 najbardziej? Zg\u0142o\u015b si\u0119 do organizatorek do konkretnej roli, wype\u0142niaj\u0105c ankiet\u0119. A mo\u017ce masz wachlarze kuglarskie - koniecznie daj zna\u0107 w ankiecie, bo chcemy ich u\u017cy\u0107 podczas Wyniesienia.<\/p>","_et_gb_content_width":""},"product_brand":[],"product_cat":[44,36],"product_tag":[],"class_list":{"0":"post-3618","1":"product","2":"type-product","3":"status-publish","4":"has-post-thumbnail","6":"product_cat-czwartek-open","7":"product_cat-wystawa","9":"first","10":"instock","11":"virtual","12":"taxable","13":"product-type-simple"},"yoast_head":"<!-- This site is optimized with the Yoast SEO plugin v25.1 - https:\/\/yoast.com\/wordpress\/plugins\/seo\/ -->\n<title>Wyniesienie Z\u0142otej Joni - Golden Yoni Elevation | perfo &amp; ritual - Mama Global Healing<\/title>\n<meta name=\"robots\" content=\"index, follow, max-snippet:-1, max-image-preview:large, max-video-preview:-1\" \/>\n<link rel=\"canonical\" href=\"http:\/\/mamaglobalhealing.com\/en\/product\/wyniesienie-zlotej-joni\/\" \/>\n<meta property=\"og:locale\" content=\"en_GB\" \/>\n<meta property=\"og:type\" content=\"article\" \/>\n<meta property=\"og:title\" content=\"Wyniesienie Z\u0142otej Joni - Golden Yoni Elevation | perfo &amp; ritual - Mama Global Healing\" \/>\n<meta property=\"og:description\" content=\"PROCESJA RUSZA W CZWARTEK ok 18:00 - dok\u0142adne info o miejscu zbi\u00f3rki otrzymasz na wej\u015bciu na festiwal !\u00a0 Je\u015bli chcesz aktywnie do\u0142\u0105czy\u0107 - napisz na biuromamaglobal@gmail.com\u00a0 Ziarno d\u0142ugo le\u017ca\u0142o, a\u017c ca\u0142e pop\u0119ka\u0142o i sw\u00f3j owoc wyda\u0142o. Z\u0142ota Joni, Wilgotna Pani schowana w krakowskich piwnicach ju\u017c nied\u0142ugo po raz kolejny poczuje na sobie promienie s\u0142o\u0144ca i ciep\u0142o naszych serc. Idea Wyniesienia jest prosta i jest ni\u0105 ujawnienie mocy seksualno\u015bci. Kobiece \u0141ono \u0142\u0105czy w sobie ogromn\u0105 si\u0142\u0119 i wielk\u0105 delikatno\u015b\u0107. Jest bram\u0105 \u017cycia, miejscem mocy, siedliskiem rozkoszy. Zabawmy si\u0119 na jej cze\u015b\u0107 - cze\u015b\u0107 Joni, cze\u015b\u0107 Cipki! Pierwsza Procesja Wilgotnej Pani odby\u0142a si\u0119 jako performance rze\u017abiarki-waginistki, profesory Iwony Demko w ramach jej dzia\u0142a\u0144 ukazuj\u0105cych kobiec\u0105 seksualno\u015b\u0107 w pozytywnym \u015bwietle. By\u0142o to w 2014 r. przy Galerii Sztuki Wsp\u00f3\u0142czesnej w Por\u0119bach Kupie\u0144skich. Teraz, po 8. latach, podczas kt\u00f3rych wiele m\u0105drych i odwa\u017cnych os\u00f3b pracowa\u0142o ze swoim cieniem, aby uzdrawia\u0107 seksualno\u015b\u0107, nadchodzi czas wielkiej celebracji, zabawy i rado\u015bci! B\u0119dzie to uhonorowanie naszej kolektywnej pracy w\u0142o\u017conej w przywracanie godnego miejsca Joni i ludzkiej seksualno\u015bci w og\u00f3le. G\u0142\u0119boko wierzymy, \u017ce dzi\u0119ki takim rytua\u0142om leczymy o wiele wi\u0119cej, ni\u017c tylko siebie i sw\u00f3j stosunek do cia\u0142a. Wyniesienie Z\u0142otej Joni to kolorowy poch\u00f3d, performance i uzdrawiaj\u0105ca praktyka duchowa dla wszystkich os\u00f3b, kt\u00f3re chc\u0105 tworzy\u0107 Now\u0105 Opowie\u015b\u0107.\" \/>\n<meta property=\"og:url\" content=\"http:\/\/mamaglobalhealing.com\/en\/product\/wyniesienie-zlotej-joni\/\" \/>\n<meta property=\"og:site_name\" content=\"Mama Global Healing\" \/>\n<meta property=\"article:modified_time\" content=\"2022-06-12T10:50:15+00:00\" \/>\n<meta property=\"og:image\" content=\"http:\/\/mamaglobalhealing.com\/wp-content\/uploads\/2022\/05\/DSC3061-scaled.jpg\" \/>\n\t<meta property=\"og:image:width\" content=\"2560\" \/>\n\t<meta property=\"og:image:height\" content=\"1696\" \/>\n\t<meta property=\"og:image:type\" content=\"image\/jpeg\" \/>\n<meta name=\"twitter:card\" content=\"summary_large_image\" \/>\n<script type=\"application\/ld+json\" class=\"yoast-schema-graph\">{\"@context\":\"https:\/\/schema.org\",\"@graph\":[{\"@type\":\"WebPage\",\"@id\":\"http:\/\/mamaglobalhealing.com\/produkt\/wyniesienie-zlotej-joni\/\",\"url\":\"http:\/\/mamaglobalhealing.com\/produkt\/wyniesienie-zlotej-joni\/\",\"name\":\"Wyniesienie Z\u0142otej Joni - Golden Yoni Elevation | perfo & ritual - Mama Global Healing\",\"isPartOf\":{\"@id\":\"https:\/\/mamaglobalhealing.com\/#website\"},\"primaryImageOfPage\":{\"@id\":\"http:\/\/mamaglobalhealing.com\/produkt\/wyniesienie-zlotej-joni\/#primaryimage\"},\"image\":{\"@id\":\"http:\/\/mamaglobalhealing.com\/produkt\/wyniesienie-zlotej-joni\/#primaryimage\"},\"thumbnailUrl\":\"https:\/\/mamaglobalhealing.com\/wp-content\/uploads\/2022\/05\/DSC3061-scaled.jpg\",\"datePublished\":\"2022-05-18T18:57:30+00:00\",\"dateModified\":\"2022-06-12T10:50:15+00:00\",\"breadcrumb\":{\"@id\":\"http:\/\/mamaglobalhealing.com\/produkt\/wyniesienie-zlotej-joni\/#breadcrumb\"},\"inLanguage\":\"en-GB\",\"potentialAction\":[{\"@type\":\"ReadAction\",\"target\":[\"http:\/\/mamaglobalhealing.com\/produkt\/wyniesienie-zlotej-joni\/\"]}]},{\"@type\":\"ImageObject\",\"inLanguage\":\"en-GB\",\"@id\":\"http:\/\/mamaglobalhealing.com\/produkt\/wyniesienie-zlotej-joni\/#primaryimage\",\"url\":\"https:\/\/mamaglobalhealing.com\/wp-content\/uploads\/2022\/05\/DSC3061-scaled.jpg\",\"contentUrl\":\"https:\/\/mamaglobalhealing.com\/wp-content\/uploads\/2022\/05\/DSC3061-scaled.jpg\",\"width\":2560,\"height\":1696},{\"@type\":\"BreadcrumbList\",\"@id\":\"http:\/\/mamaglobalhealing.com\/produkt\/wyniesienie-zlotej-joni\/#breadcrumb\",\"itemListElement\":[{\"@type\":\"ListItem\",\"position\":1,\"name\":\"Strona g\u0142\u00f3wna\",\"item\":\"https:\/\/mamaglobalhealing.com\/\"},{\"@type\":\"ListItem\",\"position\":2,\"name\":\"Sklep\",\"item\":\"https:\/\/mamaglobalhealing.com\/sklep\/\"},{\"@type\":\"ListItem\",\"position\":3,\"name\":\"Wyniesienie Z\u0142otej Joni &#8211; Golden Yoni Elevation | perfo &#038; ritual\"}]},{\"@type\":\"WebSite\",\"@id\":\"https:\/\/mamaglobalhealing.com\/#website\",\"url\":\"https:\/\/mamaglobalhealing.com\/\",\"name\":\"Mama Global Healing\",\"description\":\"Kolejna witryna WordPress\",\"potentialAction\":[{\"@type\":\"SearchAction\",\"target\":{\"@type\":\"EntryPoint\",\"urlTemplate\":\"https:\/\/mamaglobalhealing.com\/?s={search_term_string}\"},\"query-input\":{\"@type\":\"PropertyValueSpecification\",\"valueRequired\":true,\"valueName\":\"search_term_string\"}}],\"inLanguage\":\"en-GB\"}]}<\/script>\n<!-- \/ Yoast SEO plugin. -->","yoast_head_json":{"title":"Wyniesienie Z\u0142otej Joni - Golden Yoni Elevation | perfo & ritual - Mama Global Healing","robots":{"index":"index","follow":"follow","max-snippet":"max-snippet:-1","max-image-preview":"max-image-preview:large","max-video-preview":"max-video-preview:-1"},"canonical":"http:\/\/mamaglobalhealing.com\/en\/product\/wyniesienie-zlotej-joni\/","og_locale":"en_GB","og_type":"article","og_title":"Wyniesienie Z\u0142otej Joni - Golden Yoni Elevation | perfo & ritual - Mama Global Healing","og_description":"PROCESJA RUSZA W CZWARTEK ok 18:00 - dok\u0142adne info o miejscu zbi\u00f3rki otrzymasz na wej\u015bciu na festiwal !\u00a0 Je\u015bli chcesz aktywnie do\u0142\u0105czy\u0107 - napisz na biuromamaglobal@gmail.com\u00a0 Ziarno d\u0142ugo le\u017ca\u0142o, a\u017c ca\u0142e pop\u0119ka\u0142o i sw\u00f3j owoc wyda\u0142o. Z\u0142ota Joni, Wilgotna Pani schowana w krakowskich piwnicach ju\u017c nied\u0142ugo po raz kolejny poczuje na sobie promienie s\u0142o\u0144ca i ciep\u0142o naszych serc. Idea Wyniesienia jest prosta i jest ni\u0105 ujawnienie mocy seksualno\u015bci. Kobiece \u0141ono \u0142\u0105czy w sobie ogromn\u0105 si\u0142\u0119 i wielk\u0105 delikatno\u015b\u0107. Jest bram\u0105 \u017cycia, miejscem mocy, siedliskiem rozkoszy. Zabawmy si\u0119 na jej cze\u015b\u0107 - cze\u015b\u0107 Joni, cze\u015b\u0107 Cipki! Pierwsza Procesja Wilgotnej Pani odby\u0142a si\u0119 jako performance rze\u017abiarki-waginistki, profesory Iwony Demko w ramach jej dzia\u0142a\u0144 ukazuj\u0105cych kobiec\u0105 seksualno\u015b\u0107 w pozytywnym \u015bwietle. By\u0142o to w 2014 r. przy Galerii Sztuki Wsp\u00f3\u0142czesnej w Por\u0119bach Kupie\u0144skich. Teraz, po 8. latach, podczas kt\u00f3rych wiele m\u0105drych i odwa\u017cnych os\u00f3b pracowa\u0142o ze swoim cieniem, aby uzdrawia\u0107 seksualno\u015b\u0107, nadchodzi czas wielkiej celebracji, zabawy i rado\u015bci! B\u0119dzie to uhonorowanie naszej kolektywnej pracy w\u0142o\u017conej w przywracanie godnego miejsca Joni i ludzkiej seksualno\u015bci w og\u00f3le. G\u0142\u0119boko wierzymy, \u017ce dzi\u0119ki takim rytua\u0142om leczymy o wiele wi\u0119cej, ni\u017c tylko siebie i sw\u00f3j stosunek do cia\u0142a. Wyniesienie Z\u0142otej Joni to kolorowy poch\u00f3d, performance i uzdrawiaj\u0105ca praktyka duchowa dla wszystkich os\u00f3b, kt\u00f3re chc\u0105 tworzy\u0107 Now\u0105 Opowie\u015b\u0107.","og_url":"http:\/\/mamaglobalhealing.com\/en\/product\/wyniesienie-zlotej-joni\/","og_site_name":"Mama Global Healing","article_modified_time":"2022-06-12T10:50:15+00:00","og_image":[{"width":2560,"height":1696,"url":"http:\/\/mamaglobalhealing.com\/wp-content\/uploads\/2022\/05\/DSC3061-scaled.jpg","type":"image\/jpeg"}],"twitter_card":"summary_large_image","schema":{"@context":"https:\/\/schema.org","@graph":[{"@type":"WebPage","@id":"http:\/\/mamaglobalhealing.com\/produkt\/wyniesienie-zlotej-joni\/","url":"http:\/\/mamaglobalhealing.com\/produkt\/wyniesienie-zlotej-joni\/","name":"Wyniesienie Z\u0142otej Joni - Golden Yoni Elevation | perfo & ritual - Mama Global Healing","isPartOf":{"@id":"https:\/\/mamaglobalhealing.com\/#website"},"primaryImageOfPage":{"@id":"http:\/\/mamaglobalhealing.com\/produkt\/wyniesienie-zlotej-joni\/#primaryimage"},"image":{"@id":"http:\/\/mamaglobalhealing.com\/produkt\/wyniesienie-zlotej-joni\/#primaryimage"},"thumbnailUrl":"https:\/\/mamaglobalhealing.com\/wp-content\/uploads\/2022\/05\/DSC3061-scaled.jpg","datePublished":"2022-05-18T18:57:30+00:00","dateModified":"2022-06-12T10:50:15+00:00","breadcrumb":{"@id":"http:\/\/mamaglobalhealing.com\/produkt\/wyniesienie-zlotej-joni\/#breadcrumb"},"inLanguage":"en-GB","potentialAction":[{"@type":"ReadAction","target":["http:\/\/mamaglobalhealing.com\/produkt\/wyniesienie-zlotej-joni\/"]}]},{"@type":"ImageObject","inLanguage":"en-GB","@id":"http:\/\/mamaglobalhealing.com\/produkt\/wyniesienie-zlotej-joni\/#primaryimage","url":"https:\/\/mamaglobalhealing.com\/wp-content\/uploads\/2022\/05\/DSC3061-scaled.jpg","contentUrl":"https:\/\/mamaglobalhealing.com\/wp-content\/uploads\/2022\/05\/DSC3061-scaled.jpg","width":2560,"height":1696},{"@type":"BreadcrumbList","@id":"http:\/\/mamaglobalhealing.com\/produkt\/wyniesienie-zlotej-joni\/#breadcrumb","itemListElement":[{"@type":"ListItem","position":1,"name":"Strona g\u0142\u00f3wna","item":"https:\/\/mamaglobalhealing.com\/"},{"@type":"ListItem","position":2,"name":"Sklep","item":"https:\/\/mamaglobalhealing.com\/sklep\/"},{"@type":"ListItem","position":3,"name":"Wyniesienie Z\u0142otej Joni &#8211; Golden Yoni Elevation | perfo &#038; ritual"}]},{"@type":"WebSite","@id":"https:\/\/mamaglobalhealing.com\/#website","url":"https:\/\/mamaglobalhealing.com\/","name":"Mama Global Healing","description":"Kolejna witryna WordPress","potentialAction":[{"@type":"SearchAction","target":{"@type":"EntryPoint","urlTemplate":"https:\/\/mamaglobalhealing.com\/?s={search_term_string}"},"query-input":{"@type":"PropertyValueSpecification","valueRequired":true,"valueName":"search_term_string"}}],"inLanguage":"en-GB"}]}},"_links":{"self":[{"href":"https:\/\/mamaglobalhealing.com\/en\/wp-json\/wp\/v2\/product\/3618","targetHints":{"allow":["GET"]}}],"collection":[{"href":"https:\/\/mamaglobalhealing.com\/en\/wp-json\/wp\/v2\/product"}],"about":[{"href":"https:\/\/mamaglobalhealing.com\/en\/wp-json\/wp\/v2\/types\/product"}],"wp:featuredmedia":[{"embeddable":true,"href":"https:\/\/mamaglobalhealing.com\/en\/wp-json\/wp\/v2\/media\/3620"}],"wp:attachment":[{"href":"https:\/\/mamaglobalhealing.com\/en\/wp-json\/wp\/v2\/media?parent=3618"}],"wp:term":[{"taxonomy":"product_brand","embeddable":true,"href":"https:\/\/mamaglobalhealing.com\/en\/wp-json\/wp\/v2\/product_brand?post=3618"},{"taxonomy":"product_cat","embeddable":true,"href":"https:\/\/mamaglobalhealing.com\/en\/wp-json\/wp\/v2\/product_cat?post=3618"},{"taxonomy":"product_tag","embeddable":true,"href":"https:\/\/mamaglobalhealing.com\/en\/wp-json\/wp\/v2\/product_tag?post=3618"}],"curies":[{"name":"wp","href":"https:\/\/api.w.org\/{rel}","templated":true}]}}