{"id":4105,"date":"2022-06-07T08:37:13","date_gmt":"2022-06-07T08:37:13","guid":{"rendered":"https:\/\/mamaglobalhealing.com\/?post_type=product&#038;p=4105"},"modified":"2022-06-21T18:05:43","modified_gmt":"2022-06-21T18:05:43","slug":"crystal-healing-concert","status":"publish","type":"product","link":"https:\/\/mamaglobalhealing.com\/en\/product\/crystal-healing-concert\/","title":{"rendered":"Crystal Healing Concert | Ina Kubas"},"content":{"rendered":"","protected":false},"excerpt":{"rendered":"<div>Healing soundbath seion &#8211; ritual in an heart opening 432 Hz Vibration \ud83d\ude42<\/div>\n<div><\/div>\n<div>Wszystko co nas otacza, jak i my sami, to kompozycja materii (Yin) i energii (Yang). D\u017awi\u0119k, jako fala niematerialna dociera do ka\u017cdej przestrzeni wewn\u0105trzatomowej w nas i wok\u00f3\u0142 nas. I w ten spos\u00f3b wp\u0142ywa na przemian\u0119 Yin-Yang. D\u017awi\u0119ki natury, \u015bpiew, dobre s\u0142owa, muzyka instrument\u00f3w archaicznych i akustycznych w naturalnym stroju 432 Hz s\u0105 wibracjami wprowadzaj\u0105cymi przestrze\u0144 w stan harmonii &#8211; spokoju, zdrowia i mi\u0142o\u015bci &#8211; naszego naturalnego stanu bycia. Pozwalaj\u0105 do\u015bwiadcza\u0107 prawdziwej Istoty nas samych.<\/div>\n<div><\/div>\n<div>Zapraszam Was na Ceremoni\u0119 D\u017awi\u0119ku Po\u0142\u0105czenia z Sercem przy wibracjach:<\/div>\n<div><img loading=\"lazy\" decoding=\"async\" class=\"CToWUd\" src=\"https:\/\/ci3.googleusercontent.com\/proxy\/msVRyVL3ZDQwiWFXNa5lT8-D1JCtiloQ0OpZX9jalCdNcTVE0ZTyYOpZ9Nl833LEIfW8_sGLMi9fLqSa-L0V8QrytSziWJrJQD6UMhRFmWq63vJ2P9o=s0-d-e1-ft#https:\/\/static.xx.fbcdn.net\/images\/emoji.php\/v9\/t7b\/1.5\/16\/2728.png\" alt=\"\u2728\" width=\"16\" height=\"16\" \/>\u00a0mis kryszta\u0142owych<br \/>\n<img loading=\"lazy\" decoding=\"async\" class=\"CToWUd\" src=\"https:\/\/ci3.googleusercontent.com\/proxy\/msVRyVL3ZDQwiWFXNa5lT8-D1JCtiloQ0OpZX9jalCdNcTVE0ZTyYOpZ9Nl833LEIfW8_sGLMi9fLqSa-L0V8QrytSziWJrJQD6UMhRFmWq63vJ2P9o=s0-d-e1-ft#https:\/\/static.xx.fbcdn.net\/images\/emoji.php\/v9\/t7b\/1.5\/16\/2728.png\" alt=\"\u2728\" width=\"16\" height=\"16\" \/>\u00a0harfy kryszta\u0142owej<br \/>\n<img loading=\"lazy\" decoding=\"async\" class=\"CToWUd\" src=\"https:\/\/ci3.googleusercontent.com\/proxy\/msVRyVL3ZDQwiWFXNa5lT8-D1JCtiloQ0OpZX9jalCdNcTVE0ZTyYOpZ9Nl833LEIfW8_sGLMi9fLqSa-L0V8QrytSziWJrJQD6UMhRFmWq63vJ2P9o=s0-d-e1-ft#https:\/\/static.xx.fbcdn.net\/images\/emoji.php\/v9\/t7b\/1.5\/16\/2728.png\" alt=\"\u2728\" width=\"16\" height=\"16\" \/>\u00a0gongu<br \/>\n<img loading=\"lazy\" decoding=\"async\" class=\"CToWUd\" src=\"https:\/\/ci3.googleusercontent.com\/proxy\/msVRyVL3ZDQwiWFXNa5lT8-D1JCtiloQ0OpZX9jalCdNcTVE0ZTyYOpZ9Nl833LEIfW8_sGLMi9fLqSa-L0V8QrytSziWJrJQD6UMhRFmWq63vJ2P9o=s0-d-e1-ft#https:\/\/static.xx.fbcdn.net\/images\/emoji.php\/v9\/t7b\/1.5\/16\/2728.png\" alt=\"\u2728\" width=\"16\" height=\"16\" \/>\u00a0mojego g\u0142osu<br \/>\n<img loading=\"lazy\" decoding=\"async\" class=\"CToWUd\" src=\"https:\/\/ci3.googleusercontent.com\/proxy\/msVRyVL3ZDQwiWFXNa5lT8-D1JCtiloQ0OpZX9jalCdNcTVE0ZTyYOpZ9Nl833LEIfW8_sGLMi9fLqSa-L0V8QrytSziWJrJQD6UMhRFmWq63vJ2P9o=s0-d-e1-ft#https:\/\/static.xx.fbcdn.net\/images\/emoji.php\/v9\/t7b\/1.5\/16\/2728.png\" alt=\"\u2728\" width=\"16\" height=\"16\" \/>\u00a0gitaliny<br \/>\n<img loading=\"lazy\" decoding=\"async\" class=\"CToWUd\" src=\"https:\/\/ci3.googleusercontent.com\/proxy\/msVRyVL3ZDQwiWFXNa5lT8-D1JCtiloQ0OpZX9jalCdNcTVE0ZTyYOpZ9Nl833LEIfW8_sGLMi9fLqSa-L0V8QrytSziWJrJQD6UMhRFmWq63vJ2P9o=s0-d-e1-ft#https:\/\/static.xx.fbcdn.net\/images\/emoji.php\/v9\/t7b\/1.5\/16\/2728.png\" alt=\"\u2728\" width=\"16\" height=\"16\" \/>\u00a0b\u0119bna szama\u0144skiego<br \/>\n&#8230;oraz innych instrument\u00f3w w stroju 432 Hz.<\/div>\n<p dir=\"ltr\"><strong>Nastr\u00f3j koncert\u00f3w jest por\u00f3wnywany przez uczestnik\u00f3w do aury boskiej\u00a0 <img loading=\"lazy\" decoding=\"async\" class=\"CToWUd\" src=\"https:\/\/ci6.googleusercontent.com\/proxy\/fngQoLec3xbxIPwSn9CnAtXjlpBrdmV-XQn5pNWuU95oJ7M3mD4EZDwEGU6oCd1dOuqkAQ4zXJsqFefvR_r1Dk-YCi18Ok5YkjSllY4TabuogZyBeFEU=s0-d-e1-ft#https:\/\/static.xx.fbcdn.net\/images\/emoji.php\/v9\/t1e\/1.5\/16\/1f90d.png\" alt=\"\ud83e\udd0d\" width=\"16\" height=\"16\" \/><\/strong><br \/>\nCeremonia odb\u0119dzie si\u0119 w energii wysoko wibracyjnych d\u017awi\u0119k\u00f3w, dzi\u0119ki kt\u00f3rym Twoje emocje zostan\u0105 ukojone, a cia\u0142o zrelaksowane. Podczas ceremonii nawi\u0105\u017cesz intymn\u0105 relacj\u0119 ze swoim Sercem. Dzi\u0119ki tym procesom zintegruj\u0105 si\u0119\u00a0<img loading=\"lazy\" decoding=\"async\" class=\"CToWUd\" src=\"https:\/\/ci3.googleusercontent.com\/proxy\/msVRyVL3ZDQwiWFXNa5lT8-D1JCtiloQ0OpZX9jalCdNcTVE0ZTyYOpZ9Nl833LEIfW8_sGLMi9fLqSa-L0V8QrytSziWJrJQD6UMhRFmWq63vJ2P9o=s0-d-e1-ft#https:\/\/static.xx.fbcdn.net\/images\/emoji.php\/v9\/t7b\/1.5\/16\/2728.png\" alt=\"\u2728\" width=\"16\" height=\"16\" \/>\u00a0Cia\u0142o\u00a0<img loading=\"lazy\" decoding=\"async\" class=\"CToWUd\" src=\"https:\/\/ci3.googleusercontent.com\/proxy\/msVRyVL3ZDQwiWFXNa5lT8-D1JCtiloQ0OpZX9jalCdNcTVE0ZTyYOpZ9Nl833LEIfW8_sGLMi9fLqSa-L0V8QrytSziWJrJQD6UMhRFmWq63vJ2P9o=s0-d-e1-ft#https:\/\/static.xx.fbcdn.net\/images\/emoji.php\/v9\/t7b\/1.5\/16\/2728.png\" alt=\"\u2728\" width=\"16\" height=\"16\" \/>\u00a0Umys\u0142\u00a0<img loading=\"lazy\" decoding=\"async\" class=\"CToWUd\" src=\"https:\/\/ci3.googleusercontent.com\/proxy\/msVRyVL3ZDQwiWFXNa5lT8-D1JCtiloQ0OpZX9jalCdNcTVE0ZTyYOpZ9Nl833LEIfW8_sGLMi9fLqSa-L0V8QrytSziWJrJQD6UMhRFmWq63vJ2P9o=s0-d-e1-ft#https:\/\/static.xx.fbcdn.net\/images\/emoji.php\/v9\/t7b\/1.5\/16\/2728.png\" alt=\"\u2728\" width=\"16\" height=\"16\" \/>\u00a0Dusza\u00a0<img loading=\"lazy\" decoding=\"async\" class=\"CToWUd\" src=\"https:\/\/ci3.googleusercontent.com\/proxy\/msVRyVL3ZDQwiWFXNa5lT8-D1JCtiloQ0OpZX9jalCdNcTVE0ZTyYOpZ9Nl833LEIfW8_sGLMi9fLqSa-L0V8QrytSziWJrJQD6UMhRFmWq63vJ2P9o=s0-d-e1-ft#https:\/\/static.xx.fbcdn.net\/images\/emoji.php\/v9\/t7b\/1.5\/16\/2728.png\" alt=\"\u2728\" width=\"16\" height=\"16\" \/> i dostroj\u0105 do wibracji 432 Hz &#8211; wibracji uzdrawiaj\u0105cej mi\u0142o\u015bci. Do\u015bwiadczysz stanu spokoju, pi\u0119kna, wzruszenia, natchnienia, mistycznych podr\u00f3\u017cy w Twoim wewn\u0119trznym \u015bwiecie&#8230;\u00a0\u00a0Proces zostanie poprowadzony w bezpiecznej przestrzeni energetycznej. Dla w\u0142asnego komfortu prosz\u0119 zabierz ze sob\u0105 ulubiony koc i butelk\u0119 wody. Z pewno\u015bci\u0105 nabierze ona nowych uzdrawiaj\u0105cych jako\u015bci&#8230;<\/p>\n<p dir=\"ltr\"><strong>Data i godzina<\/strong>: czwartek | thursday 20:30 &#8211; 22:00<\/p>\n<p dir=\"ltr\"><strong>Miejsce:<\/strong> <a href=\"https:\/\/mamaglobalhealing.com\/en\/mama-line-up\/white-tent\/\">White Tent <\/a><\/p>\n<p dir=\"ltr\"><strong>Prowadz\u0105ca:<\/strong> Ina Kubas<\/p>\n<p dir=\"ltr\"><strong>Dla Kogo:<\/strong> Wszyscy | Everyone<\/p>\n<p dir=\"ltr\"><strong>Bobasy:<\/strong> tak | kids friendly<\/p>","protected":false},"featured_media":4108,"template":"","meta":{"_et_pb_use_builder":"off","_et_pb_old_content":"<p dir=\"ltr\">Ziarno d\u0142ugo le\u017ca\u0142o, a\u017c ca\u0142e pop\u0119ka\u0142o i sw\u00f3j owoc wyda\u0142o.<\/p>\r\n<p dir=\"ltr\">Z\u0142ota Joni, Wilgotna Pani schowana w krakowskich piwnicach ju\u017c nied\u0142ugo po raz kolejny poczuje na sobie promienie s\u0142o\u0144ca i ciep\u0142o naszych serc. Idea Wyniesienia jest prosta i jest ni\u0105 ujawnienie mocy seksualno\u015bci. Kobiece \u0141ono \u0142\u0105czy w sobie ogromn\u0105 si\u0142\u0119 i wielk\u0105 delikatno\u015b\u0107. Jest bram\u0105 \u017cycia, miejscem mocy, siedliskiem rozkoszy. Zabawmy si\u0119 na jej cze\u015b\u0107 - cze\u015b\u0107 Joni, cze\u015b\u0107 Cipki!<\/p>\r\n<p dir=\"ltr\">Pierwsza Procesja Wilgotnej Pani odby\u0142a si\u0119 jako performance rze\u017abiarki-waginistki, profesory Iwony Demko w ramach jej dzia\u0142a\u0144 ukazuj\u0105cych kobiec\u0105 seksualno\u015b\u0107 w pozytywnym \u015bwietle. By\u0142o to w 2014 r. przy Galerii Sztuki Wsp\u00f3\u0142czesnej w Por\u0119bach Kupie\u0144skich.<\/p>\r\n<p dir=\"ltr\">Teraz, po 8. latach, podczas kt\u00f3rych wiele m\u0105drych i odwa\u017cnych os\u00f3b pracowa\u0142o z swoim cieniem, aby uzdrawia\u0107 seksualno\u015b\u0107, nadchodzi czas wielkiej celebracji, zabawy i rado\u015bci! B\u0119dzie to uhonorowanie naszej kolektywnej pracy w\u0142o\u017conej w przywracanie godnego miejsca Joni i ludzkiej seksualno\u015bci w og\u00f3le. G\u0142\u0119boko wierzymy, \u017ce dzi\u0119ki takim rytua\u0142om leczymy o wiele wi\u0119cej ni\u017c tylko siebie i sw\u00f3j stosunek do cia\u0142a.<\/p>\r\n<p dir=\"ltr\">\u00a0Wyniesienie Z\u0142otej Joni to kolorowy poch\u00f3d, performance i uzdrawiaj\u0105ca praktyka duchowa dla wszystkich os\u00f3b, kt\u00f3re chc\u0105 tworzy\u0107 Now\u0105 Opowie\u015b\u0107.<\/p>\r\n\u00a0\r\n<p dir=\"ltr\">#przebieg<\/p>\r\n<p dir=\"ltr\">Przebieg wydarzenia Wyniesienie Z\u0142otej Joni<\/p>\r\n<p dir=\"ltr\">Wyniesienie jest podzielone na trzy symboliczne etapy w\u0119dr\u00f3wki \u017cycia. Ka\u017cdemu z nich patronuje archetyp jednej z trzech bogi\u0144: bia\u0142a bogini, czerwona bogini lub czarna bogini.<\/p>\r\n<p dir=\"ltr\">Zapraszamy wszystkich do aktywnego uczestnictwa!<\/p>\r\n<p dir=\"ltr\">Podczas Wyniesienia mo\u017cesz:<\/p>\r\n\r\n<ul>\r\n \t<li>\r\n<p dir=\"ltr\" role=\"presentation\">sypa\u0107 kwiaty\/p\u0142atki kwiat\u00f3w z koszyczka (wi\u0119c potrzebujesz przywie\u017a\u0107 na Mama Global Healing koszyczek wcze\u015bniej wype\u0142niony p\u0142atkami kwiat\u00f3w, gdy\u017c na terenie, na kt\u00f3rym b\u0119dziemy bardzo trudno o zebranie jakikolwiek kwiat\u00f3w),<\/p>\r\n<\/li>\r\n \t<li>\r\n<p dir=\"ltr\" role=\"presentation\">swoim strojem podkre\u015bli\u0107 aspekt wybranej bogini (wi\u0119c ubierz si\u0119 na bia\u0142o, czarno albo czerwono),<\/p>\r\n<\/li>\r\n \t<li>\r\n<p dir=\"ltr\" role=\"presentation\">nie\u015b\u0107 wraz z innymi nosid\u0142o, na kt\u00f3rym zostanie umieszczona Z\u0142ota Joni,<\/p>\r\n<\/li>\r\n \t<li>\r\n<p dir=\"ltr\" role=\"presentation\">trzyma\u0107 wst\u0105\u017cki zdobi\u0105ce nosid\u0142o,<\/p>\r\n<\/li>\r\n \t<li>\r\n<p dir=\"ltr\" role=\"presentation\">bra\u0107 czynny udzia\u0142 w pierwszym, drugim lub trzecim etapie Wyniesienia (bia\u0142y - medytacja ziarna, czerwony - spiralny poch\u00f3d, czarny - \u015bmier\u0107 i odrodzenie)<\/p>\r\n<\/li>\r\n \t<li>\r\n<p dir=\"ltr\" role=\"presentation\">i\u015b\u0107 w naszym pochodzie.<\/p>\r\n<\/li>\r\n<\/ul>\r\n<p dir=\"ltr\">Kt\u00f3ry\u015b z tych pomys\u0142\u00f3w przyci\u0105ga Ci\u0119 najbardziej? Zg\u0142o\u015b si\u0119 do organizatorek do konkretnej roli, wype\u0142niaj\u0105c ankiet\u0119. A mo\u017ce masz wachlarze kuglarskie - koniecznie daj zna\u0107 w ankiecie, bo chcemy ich u\u017cy\u0107 podczas Wyniesienia.<\/p>","_et_gb_content_width":""},"product_brand":[],"product_cat":[44,35],"product_tag":[],"class_list":{"0":"post-4105","1":"product","2":"type-product","3":"status-publish","4":"has-post-thumbnail","6":"product_cat-czwartek-open","7":"product_cat-mama-open","9":"first","10":"instock","11":"virtual","12":"taxable","13":"product-type-simple"},"yoast_head":"<!-- This site is optimized with the Yoast SEO plugin v25.1 - https:\/\/yoast.com\/wordpress\/plugins\/seo\/ -->\n<title>Crystal Healing Concert | Ina Kubas - Mama Global Healing<\/title>\n<meta name=\"robots\" content=\"index, follow, max-snippet:-1, max-image-preview:large, max-video-preview:-1\" \/>\n<link rel=\"canonical\" href=\"http:\/\/mamaglobalhealing.com\/en\/product\/crystal-healing-concert\/\" \/>\n<meta property=\"og:locale\" content=\"en_GB\" \/>\n<meta property=\"og:type\" content=\"article\" \/>\n<meta property=\"og:title\" content=\"Crystal Healing Concert | Ina Kubas - Mama Global Healing\" \/>\n<meta property=\"og:description\" content=\"Healing soundbath seion - ritual in an heart opening 432 Hz Vibration :)  Wszystko co nas otacza, jak i my sami, to kompozycja materii (Yin) i energii (Yang). D\u017awi\u0119k, jako fala niematerialna dociera do ka\u017cdej przestrzeni wewn\u0105trzatomowej w nas i wok\u00f3\u0142 nas. I w ten spos\u00f3b wp\u0142ywa na przemian\u0119 Yin-Yang. D\u017awi\u0119ki natury, \u015bpiew, dobre s\u0142owa, muzyka instrument\u00f3w archaicznych i akustycznych w naturalnym stroju 432 Hz s\u0105 wibracjami wprowadzaj\u0105cymi przestrze\u0144 w stan harmonii - spokoju, zdrowia i mi\u0142o\u015bci - naszego naturalnego stanu bycia. Pozwalaj\u0105 do\u015bwiadcza\u0107 prawdziwej Istoty nas samych.  Zapraszam Was na Ceremoni\u0119 D\u017awi\u0119ku Po\u0142\u0105czenia z Sercem przy wibracjach: \u00a0mis kryszta\u0142owych \u00a0harfy kryszta\u0142owej \u00a0gongu \u00a0mojego g\u0142osu \u00a0gitaliny \u00a0b\u0119bna szama\u0144skiego ...oraz innych instrument\u00f3w w stroju 432 Hz. Nastr\u00f3j koncert\u00f3w jest por\u00f3wnywany przez uczestnik\u00f3w do aury boskiej\u00a0  Ceremonia odb\u0119dzie si\u0119 w energii wysoko wibracyjnych d\u017awi\u0119k\u00f3w, dzi\u0119ki kt\u00f3rym Twoje emocje zostan\u0105 ukojone, a cia\u0142o zrelaksowane. Podczas ceremonii nawi\u0105\u017cesz intymn\u0105 relacj\u0119 ze swoim Sercem. Dzi\u0119ki tym procesom zintegruj\u0105 si\u0119\u00a0\u00a0Cia\u0142o\u00a0\u00a0Umys\u0142\u00a0\u00a0Dusza\u00a0 i dostroj\u0105 do wibracji 432 Hz - wibracji uzdrawiaj\u0105cej mi\u0142o\u015bci. Do\u015bwiadczysz stanu spokoju, pi\u0119kna, wzruszenia, natchnienia, mistycznych podr\u00f3\u017cy w Twoim wewn\u0119trznym \u015bwiecie...\u00a0\u00a0Proces zostanie poprowadzony w bezpiecznej przestrzeni energetycznej. Dla w\u0142asnego komfortu prosz\u0119 zabierz ze sob\u0105 ulubiony koc i butelk\u0119 wody. Z pewno\u015bci\u0105 nabierze ona nowych uzdrawiaj\u0105cych jako\u015bci... Data i godzina: czwartek | thursday 20:30 - 22:00 Miejsce: White Tent  Prowadz\u0105ca: Ina Kubas Dla Kogo: Wszyscy | Everyone Bobasy: tak | kids friendly\" \/>\n<meta property=\"og:url\" content=\"http:\/\/mamaglobalhealing.com\/en\/product\/crystal-healing-concert\/\" \/>\n<meta property=\"og:site_name\" content=\"Mama Global Healing\" \/>\n<meta property=\"article:modified_time\" content=\"2022-06-21T18:05:43+00:00\" \/>\n<meta property=\"og:image\" content=\"http:\/\/mamaglobalhealing.com\/wp-content\/uploads\/2022\/06\/2021_INA_fot.DHull_2N5A8058-scaled.jpg\" \/>\n\t<meta property=\"og:image:width\" content=\"2560\" \/>\n\t<meta property=\"og:image:height\" content=\"1707\" \/>\n\t<meta property=\"og:image:type\" content=\"image\/jpeg\" \/>\n<meta name=\"twitter:card\" content=\"summary_large_image\" \/>\n<script type=\"application\/ld+json\" class=\"yoast-schema-graph\">{\"@context\":\"https:\/\/schema.org\",\"@graph\":[{\"@type\":\"WebPage\",\"@id\":\"http:\/\/mamaglobalhealing.com\/produkt\/crystal-healing-concert\/\",\"url\":\"http:\/\/mamaglobalhealing.com\/produkt\/crystal-healing-concert\/\",\"name\":\"Crystal Healing Concert | Ina Kubas - Mama Global Healing\",\"isPartOf\":{\"@id\":\"https:\/\/mamaglobalhealing.com\/#website\"},\"primaryImageOfPage\":{\"@id\":\"http:\/\/mamaglobalhealing.com\/produkt\/crystal-healing-concert\/#primaryimage\"},\"image\":{\"@id\":\"http:\/\/mamaglobalhealing.com\/produkt\/crystal-healing-concert\/#primaryimage\"},\"thumbnailUrl\":\"https:\/\/mamaglobalhealing.com\/wp-content\/uploads\/2022\/06\/2021_INA_fot.DHull_2N5A8058-scaled.jpg\",\"datePublished\":\"2022-06-07T08:37:13+00:00\",\"dateModified\":\"2022-06-21T18:05:43+00:00\",\"breadcrumb\":{\"@id\":\"http:\/\/mamaglobalhealing.com\/produkt\/crystal-healing-concert\/#breadcrumb\"},\"inLanguage\":\"en-GB\",\"potentialAction\":[{\"@type\":\"ReadAction\",\"target\":[\"http:\/\/mamaglobalhealing.com\/produkt\/crystal-healing-concert\/\"]}]},{\"@type\":\"ImageObject\",\"inLanguage\":\"en-GB\",\"@id\":\"http:\/\/mamaglobalhealing.com\/produkt\/crystal-healing-concert\/#primaryimage\",\"url\":\"https:\/\/mamaglobalhealing.com\/wp-content\/uploads\/2022\/06\/2021_INA_fot.DHull_2N5A8058-scaled.jpg\",\"contentUrl\":\"https:\/\/mamaglobalhealing.com\/wp-content\/uploads\/2022\/06\/2021_INA_fot.DHull_2N5A8058-scaled.jpg\",\"width\":2560,\"height\":1707},{\"@type\":\"BreadcrumbList\",\"@id\":\"http:\/\/mamaglobalhealing.com\/produkt\/crystal-healing-concert\/#breadcrumb\",\"itemListElement\":[{\"@type\":\"ListItem\",\"position\":1,\"name\":\"Strona g\u0142\u00f3wna\",\"item\":\"https:\/\/mamaglobalhealing.com\/\"},{\"@type\":\"ListItem\",\"position\":2,\"name\":\"Sklep\",\"item\":\"https:\/\/mamaglobalhealing.com\/sklep\/\"},{\"@type\":\"ListItem\",\"position\":3,\"name\":\"Crystal Healing Concert | Ina Kubas\"}]},{\"@type\":\"WebSite\",\"@id\":\"https:\/\/mamaglobalhealing.com\/#website\",\"url\":\"https:\/\/mamaglobalhealing.com\/\",\"name\":\"Mama Global Healing\",\"description\":\"Kolejna witryna WordPress\",\"potentialAction\":[{\"@type\":\"SearchAction\",\"target\":{\"@type\":\"EntryPoint\",\"urlTemplate\":\"https:\/\/mamaglobalhealing.com\/?s={search_term_string}\"},\"query-input\":{\"@type\":\"PropertyValueSpecification\",\"valueRequired\":true,\"valueName\":\"search_term_string\"}}],\"inLanguage\":\"en-GB\"}]}<\/script>\n<!-- \/ Yoast SEO plugin. -->","yoast_head_json":{"title":"Crystal Healing Concert | Ina Kubas - Mama Global Healing","robots":{"index":"index","follow":"follow","max-snippet":"max-snippet:-1","max-image-preview":"max-image-preview:large","max-video-preview":"max-video-preview:-1"},"canonical":"http:\/\/mamaglobalhealing.com\/en\/product\/crystal-healing-concert\/","og_locale":"en_GB","og_type":"article","og_title":"Crystal Healing Concert | Ina Kubas - Mama Global Healing","og_description":"Healing soundbath seion - ritual in an heart opening 432 Hz Vibration :)  Wszystko co nas otacza, jak i my sami, to kompozycja materii (Yin) i energii (Yang). D\u017awi\u0119k, jako fala niematerialna dociera do ka\u017cdej przestrzeni wewn\u0105trzatomowej w nas i wok\u00f3\u0142 nas. I w ten spos\u00f3b wp\u0142ywa na przemian\u0119 Yin-Yang. D\u017awi\u0119ki natury, \u015bpiew, dobre s\u0142owa, muzyka instrument\u00f3w archaicznych i akustycznych w naturalnym stroju 432 Hz s\u0105 wibracjami wprowadzaj\u0105cymi przestrze\u0144 w stan harmonii - spokoju, zdrowia i mi\u0142o\u015bci - naszego naturalnego stanu bycia. Pozwalaj\u0105 do\u015bwiadcza\u0107 prawdziwej Istoty nas samych.  Zapraszam Was na Ceremoni\u0119 D\u017awi\u0119ku Po\u0142\u0105czenia z Sercem przy wibracjach: \u00a0mis kryszta\u0142owych \u00a0harfy kryszta\u0142owej \u00a0gongu \u00a0mojego g\u0142osu \u00a0gitaliny \u00a0b\u0119bna szama\u0144skiego ...oraz innych instrument\u00f3w w stroju 432 Hz. Nastr\u00f3j koncert\u00f3w jest por\u00f3wnywany przez uczestnik\u00f3w do aury boskiej\u00a0  Ceremonia odb\u0119dzie si\u0119 w energii wysoko wibracyjnych d\u017awi\u0119k\u00f3w, dzi\u0119ki kt\u00f3rym Twoje emocje zostan\u0105 ukojone, a cia\u0142o zrelaksowane. Podczas ceremonii nawi\u0105\u017cesz intymn\u0105 relacj\u0119 ze swoim Sercem. Dzi\u0119ki tym procesom zintegruj\u0105 si\u0119\u00a0\u00a0Cia\u0142o\u00a0\u00a0Umys\u0142\u00a0\u00a0Dusza\u00a0 i dostroj\u0105 do wibracji 432 Hz - wibracji uzdrawiaj\u0105cej mi\u0142o\u015bci. Do\u015bwiadczysz stanu spokoju, pi\u0119kna, wzruszenia, natchnienia, mistycznych podr\u00f3\u017cy w Twoim wewn\u0119trznym \u015bwiecie...\u00a0\u00a0Proces zostanie poprowadzony w bezpiecznej przestrzeni energetycznej. Dla w\u0142asnego komfortu prosz\u0119 zabierz ze sob\u0105 ulubiony koc i butelk\u0119 wody. Z pewno\u015bci\u0105 nabierze ona nowych uzdrawiaj\u0105cych jako\u015bci... Data i godzina: czwartek | thursday 20:30 - 22:00 Miejsce: White Tent  Prowadz\u0105ca: Ina Kubas Dla Kogo: Wszyscy | Everyone Bobasy: tak | kids friendly","og_url":"http:\/\/mamaglobalhealing.com\/en\/product\/crystal-healing-concert\/","og_site_name":"Mama Global Healing","article_modified_time":"2022-06-21T18:05:43+00:00","og_image":[{"width":2560,"height":1707,"url":"http:\/\/mamaglobalhealing.com\/wp-content\/uploads\/2022\/06\/2021_INA_fot.DHull_2N5A8058-scaled.jpg","type":"image\/jpeg"}],"twitter_card":"summary_large_image","schema":{"@context":"https:\/\/schema.org","@graph":[{"@type":"WebPage","@id":"http:\/\/mamaglobalhealing.com\/produkt\/crystal-healing-concert\/","url":"http:\/\/mamaglobalhealing.com\/produkt\/crystal-healing-concert\/","name":"Crystal Healing Concert | Ina Kubas - Mama Global Healing","isPartOf":{"@id":"https:\/\/mamaglobalhealing.com\/#website"},"primaryImageOfPage":{"@id":"http:\/\/mamaglobalhealing.com\/produkt\/crystal-healing-concert\/#primaryimage"},"image":{"@id":"http:\/\/mamaglobalhealing.com\/produkt\/crystal-healing-concert\/#primaryimage"},"thumbnailUrl":"https:\/\/mamaglobalhealing.com\/wp-content\/uploads\/2022\/06\/2021_INA_fot.DHull_2N5A8058-scaled.jpg","datePublished":"2022-06-07T08:37:13+00:00","dateModified":"2022-06-21T18:05:43+00:00","breadcrumb":{"@id":"http:\/\/mamaglobalhealing.com\/produkt\/crystal-healing-concert\/#breadcrumb"},"inLanguage":"en-GB","potentialAction":[{"@type":"ReadAction","target":["http:\/\/mamaglobalhealing.com\/produkt\/crystal-healing-concert\/"]}]},{"@type":"ImageObject","inLanguage":"en-GB","@id":"http:\/\/mamaglobalhealing.com\/produkt\/crystal-healing-concert\/#primaryimage","url":"https:\/\/mamaglobalhealing.com\/wp-content\/uploads\/2022\/06\/2021_INA_fot.DHull_2N5A8058-scaled.jpg","contentUrl":"https:\/\/mamaglobalhealing.com\/wp-content\/uploads\/2022\/06\/2021_INA_fot.DHull_2N5A8058-scaled.jpg","width":2560,"height":1707},{"@type":"BreadcrumbList","@id":"http:\/\/mamaglobalhealing.com\/produkt\/crystal-healing-concert\/#breadcrumb","itemListElement":[{"@type":"ListItem","position":1,"name":"Strona g\u0142\u00f3wna","item":"https:\/\/mamaglobalhealing.com\/"},{"@type":"ListItem","position":2,"name":"Sklep","item":"https:\/\/mamaglobalhealing.com\/sklep\/"},{"@type":"ListItem","position":3,"name":"Crystal Healing Concert | Ina Kubas"}]},{"@type":"WebSite","@id":"https:\/\/mamaglobalhealing.com\/#website","url":"https:\/\/mamaglobalhealing.com\/","name":"Mama Global Healing","description":"Kolejna witryna WordPress","potentialAction":[{"@type":"SearchAction","target":{"@type":"EntryPoint","urlTemplate":"https:\/\/mamaglobalhealing.com\/?s={search_term_string}"},"query-input":{"@type":"PropertyValueSpecification","valueRequired":true,"valueName":"search_term_string"}}],"inLanguage":"en-GB"}]}},"_links":{"self":[{"href":"https:\/\/mamaglobalhealing.com\/en\/wp-json\/wp\/v2\/product\/4105","targetHints":{"allow":["GET"]}}],"collection":[{"href":"https:\/\/mamaglobalhealing.com\/en\/wp-json\/wp\/v2\/product"}],"about":[{"href":"https:\/\/mamaglobalhealing.com\/en\/wp-json\/wp\/v2\/types\/product"}],"wp:featuredmedia":[{"embeddable":true,"href":"https:\/\/mamaglobalhealing.com\/en\/wp-json\/wp\/v2\/media\/4108"}],"wp:attachment":[{"href":"https:\/\/mamaglobalhealing.com\/en\/wp-json\/wp\/v2\/media?parent=4105"}],"wp:term":[{"taxonomy":"product_brand","embeddable":true,"href":"https:\/\/mamaglobalhealing.com\/en\/wp-json\/wp\/v2\/product_brand?post=4105"},{"taxonomy":"product_cat","embeddable":true,"href":"https:\/\/mamaglobalhealing.com\/en\/wp-json\/wp\/v2\/product_cat?post=4105"},{"taxonomy":"product_tag","embeddable":true,"href":"https:\/\/mamaglobalhealing.com\/en\/wp-json\/wp\/v2\/product_tag?post=4105"}],"curies":[{"name":"wp","href":"https:\/\/api.w.org\/{rel}","templated":true}]}}