{"id":4227,"date":"2022-06-12T11:24:50","date_gmt":"2022-06-12T11:24:50","guid":{"rendered":"https:\/\/mamaglobalhealing.com\/?post_type=product&#038;p=4227"},"modified":"2022-06-12T12:16:17","modified_gmt":"2022-06-12T12:16:17","slug":"alchemia-slowa","status":"publish","type":"product","link":"https:\/\/mamaglobalhealing.com\/en\/product\/alchemia-slowa\/","title":{"rendered":"Alchemia S\u0142owa | Anna Sikorska"},"content":{"rendered":"","protected":false},"excerpt":{"rendered":"<p>Na pocz\u0105tku by\u0142o s\u0142owo, czyli jak\u0105 opowie\u015b\u0107 tkamy w czasach globalnego kryzysu, to eksperymentalna formu\u0142a wyk\u0142adu po\u0142\u0105czonego z trans- opowie\u015bci\u0105. Punktem wyj\u015bcia do stworzenia tego wydarzenia s\u0105 s\u0142owa Lawrence\u2019a Buell\u2019a: &#8222;Kryzys ekologiczny to przede wszystkim kryzys wyobra\u017ani&#8221;. W oparciu o nie, w pierwszej cz\u0119\u015bci opowiem o sztuce opowie\u015bci towarzysz\u0105cej ludziom od zarania dziej\u00f3w, w drugiej cz\u0119\u015bci zaprosz\u0119 uczestniczki i uczestnik\u00f3w do podr\u00f3\u017cy w g\u0142\u0105b swojej wyobra\u017ani, na spotkanie swojego s\u0142owa\/obrazu teraz.<\/p>\n<p><b>Prowadz\u0105ca:<\/b><span style=\"font-weight: 400;\"> Anna Sikorska<\/span><\/p>\n<p><b>Czas trwania: <\/b>1h<\/p>\n<p><b>Data i godzina: <\/b>pi\u0105tek 18:00 &#8211; 19:00<\/p>\n<p><b>Miejsce: <a href=\"https:\/\/mamaglobalhealing.com\/en\/mama-line-up\/tent-de-vito\/\">Tent de VITO<\/a><\/b><\/p>\n<p><b>Liczba os\u00f3b: <\/b>15<\/p>\n<p><b>Dla Kogo: <\/b>Wszyscy<\/p>\n<p><b>Bobasy:<\/b><span style=\"font-weight: 400;\"> tak<\/span><\/p>\n<p><strong>J\u0119zyk:<\/strong> PL \/ ENG<\/p>","protected":false},"featured_media":3309,"template":"","meta":{"_et_pb_use_builder":"","_et_pb_old_content":"","_et_gb_content_width":""},"product_brand":[],"product_cat":[35,45],"product_tag":[],"class_list":{"0":"post-4227","1":"product","2":"type-product","3":"status-publish","4":"has-post-thumbnail","6":"product_cat-mama-open","7":"product_cat-piatek-open","9":"first","10":"instock","11":"virtual","12":"taxable","13":"product-type-simple"},"yoast_head":"<!-- This site is optimized with the Yoast SEO plugin v25.1 - https:\/\/yoast.com\/wordpress\/plugins\/seo\/ -->\n<title>Alchemia S\u0142owa | Anna Sikorska - Mama Global Healing<\/title>\n<meta name=\"robots\" content=\"index, follow, max-snippet:-1, max-image-preview:large, max-video-preview:-1\" \/>\n<link rel=\"canonical\" href=\"http:\/\/mamaglobalhealing.com\/en\/product\/alchemia-slowa\/\" \/>\n<meta property=\"og:locale\" content=\"en_GB\" \/>\n<meta property=\"og:type\" content=\"article\" \/>\n<meta property=\"og:title\" content=\"Alchemia S\u0142owa | Anna Sikorska - Mama Global Healing\" \/>\n<meta property=\"og:description\" content=\"Na pocz\u0105tku by\u0142o s\u0142owo, czyli jak\u0105 opowie\u015b\u0107 tkamy w czasach globalnego kryzysu, to eksperymentalna formu\u0142a wyk\u0142adu po\u0142\u0105czonego z trans- opowie\u015bci\u0105. Punktem wyj\u015bcia do stworzenia tego wydarzenia s\u0105 s\u0142owa Lawrence\u2019a Buell\u2019a: &quot;Kryzys ekologiczny to przede wszystkim kryzys wyobra\u017ani&quot;. W oparciu o nie, w pierwszej cz\u0119\u015bci opowiem o sztuce opowie\u015bci towarzysz\u0105cej ludziom od zarania dziej\u00f3w, w drugiej cz\u0119\u015bci zaprosz\u0119 uczestniczki i uczestnik\u00f3w do podr\u00f3\u017cy w g\u0142\u0105b swojej wyobra\u017ani, na spotkanie swojego s\u0142owa\/obrazu teraz.  Prowadz\u0105ca: Anna Sikorska  Czas trwania: 1h  Data i godzina: pi\u0105tek 18:00 - 19:00  Miejsce: Tent de VITO  Liczba os\u00f3b: 15  Dla Kogo: Wszyscy  Bobasy: tak  J\u0119zyk: PL \/ ENG\" \/>\n<meta property=\"og:url\" content=\"http:\/\/mamaglobalhealing.com\/en\/product\/alchemia-slowa\/\" \/>\n<meta property=\"og:site_name\" content=\"Mama Global Healing\" \/>\n<meta property=\"article:modified_time\" content=\"2022-06-12T12:16:17+00:00\" \/>\n<meta property=\"og:image\" content=\"http:\/\/mamaglobalhealing.com\/wp-content\/uploads\/2022\/04\/image_6483441-8.jpg\" \/>\n\t<meta property=\"og:image:width\" content=\"800\" \/>\n\t<meta property=\"og:image:height\" content=\"1200\" \/>\n\t<meta property=\"og:image:type\" content=\"image\/jpeg\" \/>\n<meta name=\"twitter:card\" content=\"summary_large_image\" \/>\n<script type=\"application\/ld+json\" class=\"yoast-schema-graph\">{\"@context\":\"https:\/\/schema.org\",\"@graph\":[{\"@type\":\"WebPage\",\"@id\":\"http:\/\/mamaglobalhealing.com\/produkt\/alchemia-slowa\/\",\"url\":\"http:\/\/mamaglobalhealing.com\/produkt\/alchemia-slowa\/\",\"name\":\"Alchemia S\u0142owa | Anna Sikorska - Mama Global Healing\",\"isPartOf\":{\"@id\":\"https:\/\/mamaglobalhealing.com\/#website\"},\"primaryImageOfPage\":{\"@id\":\"http:\/\/mamaglobalhealing.com\/produkt\/alchemia-slowa\/#primaryimage\"},\"image\":{\"@id\":\"http:\/\/mamaglobalhealing.com\/produkt\/alchemia-slowa\/#primaryimage\"},\"thumbnailUrl\":\"https:\/\/mamaglobalhealing.com\/wp-content\/uploads\/2022\/04\/image_6483441-8.jpg\",\"datePublished\":\"2022-06-12T11:24:50+00:00\",\"dateModified\":\"2022-06-12T12:16:17+00:00\",\"breadcrumb\":{\"@id\":\"http:\/\/mamaglobalhealing.com\/produkt\/alchemia-slowa\/#breadcrumb\"},\"inLanguage\":\"en-GB\",\"potentialAction\":[{\"@type\":\"ReadAction\",\"target\":[\"http:\/\/mamaglobalhealing.com\/produkt\/alchemia-slowa\/\"]}]},{\"@type\":\"ImageObject\",\"inLanguage\":\"en-GB\",\"@id\":\"http:\/\/mamaglobalhealing.com\/produkt\/alchemia-slowa\/#primaryimage\",\"url\":\"https:\/\/mamaglobalhealing.com\/wp-content\/uploads\/2022\/04\/image_6483441-8.jpg\",\"contentUrl\":\"https:\/\/mamaglobalhealing.com\/wp-content\/uploads\/2022\/04\/image_6483441-8.jpg\",\"width\":800,\"height\":1200},{\"@type\":\"BreadcrumbList\",\"@id\":\"http:\/\/mamaglobalhealing.com\/produkt\/alchemia-slowa\/#breadcrumb\",\"itemListElement\":[{\"@type\":\"ListItem\",\"position\":1,\"name\":\"Strona g\u0142\u00f3wna\",\"item\":\"https:\/\/mamaglobalhealing.com\/\"},{\"@type\":\"ListItem\",\"position\":2,\"name\":\"Sklep\",\"item\":\"https:\/\/mamaglobalhealing.com\/sklep\/\"},{\"@type\":\"ListItem\",\"position\":3,\"name\":\"Alchemia S\u0142owa | Anna Sikorska\"}]},{\"@type\":\"WebSite\",\"@id\":\"https:\/\/mamaglobalhealing.com\/#website\",\"url\":\"https:\/\/mamaglobalhealing.com\/\",\"name\":\"Mama Global Healing\",\"description\":\"Kolejna witryna WordPress\",\"potentialAction\":[{\"@type\":\"SearchAction\",\"target\":{\"@type\":\"EntryPoint\",\"urlTemplate\":\"https:\/\/mamaglobalhealing.com\/?s={search_term_string}\"},\"query-input\":{\"@type\":\"PropertyValueSpecification\",\"valueRequired\":true,\"valueName\":\"search_term_string\"}}],\"inLanguage\":\"en-GB\"}]}<\/script>\n<!-- \/ Yoast SEO plugin. -->","yoast_head_json":{"title":"Alchemia S\u0142owa | Anna Sikorska - Mama Global Healing","robots":{"index":"index","follow":"follow","max-snippet":"max-snippet:-1","max-image-preview":"max-image-preview:large","max-video-preview":"max-video-preview:-1"},"canonical":"http:\/\/mamaglobalhealing.com\/en\/product\/alchemia-slowa\/","og_locale":"en_GB","og_type":"article","og_title":"Alchemia S\u0142owa | Anna Sikorska - Mama Global Healing","og_description":"Na pocz\u0105tku by\u0142o s\u0142owo, czyli jak\u0105 opowie\u015b\u0107 tkamy w czasach globalnego kryzysu, to eksperymentalna formu\u0142a wyk\u0142adu po\u0142\u0105czonego z trans- opowie\u015bci\u0105. Punktem wyj\u015bcia do stworzenia tego wydarzenia s\u0105 s\u0142owa Lawrence\u2019a Buell\u2019a: \"Kryzys ekologiczny to przede wszystkim kryzys wyobra\u017ani\". W oparciu o nie, w pierwszej cz\u0119\u015bci opowiem o sztuce opowie\u015bci towarzysz\u0105cej ludziom od zarania dziej\u00f3w, w drugiej cz\u0119\u015bci zaprosz\u0119 uczestniczki i uczestnik\u00f3w do podr\u00f3\u017cy w g\u0142\u0105b swojej wyobra\u017ani, na spotkanie swojego s\u0142owa\/obrazu teraz.  Prowadz\u0105ca: Anna Sikorska  Czas trwania: 1h  Data i godzina: pi\u0105tek 18:00 - 19:00  Miejsce: Tent de VITO  Liczba os\u00f3b: 15  Dla Kogo: Wszyscy  Bobasy: tak  J\u0119zyk: PL \/ ENG","og_url":"http:\/\/mamaglobalhealing.com\/en\/product\/alchemia-slowa\/","og_site_name":"Mama Global Healing","article_modified_time":"2022-06-12T12:16:17+00:00","og_image":[{"width":800,"height":1200,"url":"http:\/\/mamaglobalhealing.com\/wp-content\/uploads\/2022\/04\/image_6483441-8.jpg","type":"image\/jpeg"}],"twitter_card":"summary_large_image","schema":{"@context":"https:\/\/schema.org","@graph":[{"@type":"WebPage","@id":"http:\/\/mamaglobalhealing.com\/produkt\/alchemia-slowa\/","url":"http:\/\/mamaglobalhealing.com\/produkt\/alchemia-slowa\/","name":"Alchemia S\u0142owa | Anna Sikorska - Mama Global Healing","isPartOf":{"@id":"https:\/\/mamaglobalhealing.com\/#website"},"primaryImageOfPage":{"@id":"http:\/\/mamaglobalhealing.com\/produkt\/alchemia-slowa\/#primaryimage"},"image":{"@id":"http:\/\/mamaglobalhealing.com\/produkt\/alchemia-slowa\/#primaryimage"},"thumbnailUrl":"https:\/\/mamaglobalhealing.com\/wp-content\/uploads\/2022\/04\/image_6483441-8.jpg","datePublished":"2022-06-12T11:24:50+00:00","dateModified":"2022-06-12T12:16:17+00:00","breadcrumb":{"@id":"http:\/\/mamaglobalhealing.com\/produkt\/alchemia-slowa\/#breadcrumb"},"inLanguage":"en-GB","potentialAction":[{"@type":"ReadAction","target":["http:\/\/mamaglobalhealing.com\/produkt\/alchemia-slowa\/"]}]},{"@type":"ImageObject","inLanguage":"en-GB","@id":"http:\/\/mamaglobalhealing.com\/produkt\/alchemia-slowa\/#primaryimage","url":"https:\/\/mamaglobalhealing.com\/wp-content\/uploads\/2022\/04\/image_6483441-8.jpg","contentUrl":"https:\/\/mamaglobalhealing.com\/wp-content\/uploads\/2022\/04\/image_6483441-8.jpg","width":800,"height":1200},{"@type":"BreadcrumbList","@id":"http:\/\/mamaglobalhealing.com\/produkt\/alchemia-slowa\/#breadcrumb","itemListElement":[{"@type":"ListItem","position":1,"name":"Strona g\u0142\u00f3wna","item":"https:\/\/mamaglobalhealing.com\/"},{"@type":"ListItem","position":2,"name":"Sklep","item":"https:\/\/mamaglobalhealing.com\/sklep\/"},{"@type":"ListItem","position":3,"name":"Alchemia S\u0142owa | Anna Sikorska"}]},{"@type":"WebSite","@id":"https:\/\/mamaglobalhealing.com\/#website","url":"https:\/\/mamaglobalhealing.com\/","name":"Mama Global Healing","description":"Kolejna witryna WordPress","potentialAction":[{"@type":"SearchAction","target":{"@type":"EntryPoint","urlTemplate":"https:\/\/mamaglobalhealing.com\/?s={search_term_string}"},"query-input":{"@type":"PropertyValueSpecification","valueRequired":true,"valueName":"search_term_string"}}],"inLanguage":"en-GB"}]}},"_links":{"self":[{"href":"https:\/\/mamaglobalhealing.com\/en\/wp-json\/wp\/v2\/product\/4227","targetHints":{"allow":["GET"]}}],"collection":[{"href":"https:\/\/mamaglobalhealing.com\/en\/wp-json\/wp\/v2\/product"}],"about":[{"href":"https:\/\/mamaglobalhealing.com\/en\/wp-json\/wp\/v2\/types\/product"}],"wp:featuredmedia":[{"embeddable":true,"href":"https:\/\/mamaglobalhealing.com\/en\/wp-json\/wp\/v2\/media\/3309"}],"wp:attachment":[{"href":"https:\/\/mamaglobalhealing.com\/en\/wp-json\/wp\/v2\/media?parent=4227"}],"wp:term":[{"taxonomy":"product_brand","embeddable":true,"href":"https:\/\/mamaglobalhealing.com\/en\/wp-json\/wp\/v2\/product_brand?post=4227"},{"taxonomy":"product_cat","embeddable":true,"href":"https:\/\/mamaglobalhealing.com\/en\/wp-json\/wp\/v2\/product_cat?post=4227"},{"taxonomy":"product_tag","embeddable":true,"href":"https:\/\/mamaglobalhealing.com\/en\/wp-json\/wp\/v2\/product_tag?post=4227"}],"curies":[{"name":"wp","href":"https:\/\/api.w.org\/{rel}","templated":true}]}}